{"id":63574,"date":"2025-07-07T11:39:26","date_gmt":"2025-07-07T09:39:26","guid":{"rendered":"https:\/\/www-stg.stelorder.com\/inteligencia-artificial\/"},"modified":"2025-07-07T11:39:34","modified_gmt":"2025-07-07T09:39:34","slug":"inteligencia-artificial","status":"publish","type":"page","link":"https:\/\/www-stg.stelorder.com\/mexico\/inteligencia-artificial\/","title":{"rendered":"Inteligencia Artificial"},"content":{"rendered":"<div class=\"gb-container gb-container-260e75c9\">\n<div class=\"gb-container gb-container-1f6518f4\">\n<div class=\"gb-container gb-container-eade8f7e\">\n\n<figure class=\"gb-block-image gb-block-image-2433f971\"><img decoding=\"async\" width=\"53\" height=\"78\" class=\"gb-image gb-image-2433f971\" src=\"https:\/\/www-stg.stelorder.com\/wp-content\/uploads\/2025\/04\/simbolo-Asistente.svg\" alt=\"\" title=\"simbolo-Asistente\"><\/figure>\n\n\n\n<p class=\"gb-headline gb-headline-65570d1c gb-headline-text\">STEL Assistant<\/p>\n\n\n\n<h1 class=\"gb-headline gb-headline-96546856 gb-headline-text\">Inteligencia Artificial de <mark class=\"gb-highlight\">STEL Order <\/mark> <\/h1>\n\n\n\n<p class=\"gb-headline gb-headline-62c779f0 gb-headline-text\">Crea facturas, presupuestos, clientes y eventos con s\u00f3lo pedirlo. Llega la IA que har\u00e1 tu negocio y tu vida, a\u00fan m\u00e1s f\u00e1cil. <\/p>\n\n\n<div class=\"gb-button-wrapper gb-button-wrapper-62553c37\">\n\n<a class=\"gb-button gb-button-318cd016 gb-button-text\" href=\"#formulario\" target=\"_blank\" rel=\"noopener noreferrer\">Solicita Acceso<\/a>\n\n<\/div>\n<\/div>\n\n<div class=\"gb-container gb-container-7d598a69\" style=\"background-image: url(https:\/\/www-stg.stelorder.com\/wp-content\/uploads\/2024\/12\/bg-ia.svg);\">\n\n\n\n\n<\/div>\n\n<div class=\"gb-container gb-container-6b6c0d0e\">\n\n\n\n\n<\/div>\n<\/div>\n<\/div><div class=\"gb-container gb-container-cf494ec9\">\n<div class=\"gb-container gb-container-fc45ade3\">\n<div class=\"gb-container gb-container-ca574936\">\n\n<figure class=\"gb-block-image gb-block-image-8e0e802f\"><img decoding=\"async\" width=\"256\" height=\"77\" class=\"gb-image gb-image-8e0e802f\" src=\"https:\/\/www-stg.stelorder.com\/wp-content\/uploads\/2025\/04\/Logo-STEL-Assistant-negativo.svg\" alt=\"\" title=\"Logo STEL Assistant - negativo\"><\/figure>\n\n\n\n<div class=\"gb-headline gb-headline-c638b29f gb-headline-text\">Hace m\u00e1s de 10 a\u00f1os creamos la mejor forma de hacer una factura. <strong>Ahora lo hemos vuelto a hacer.<\/strong><\/div>\n\n\n\n<a class=\"gb-button gb-button-3acc74cd gb-button-text\" href=\"#formulario\">Solicita Acceso<\/a>\n\n<\/div>\n\n<div class=\"gb-container gb-container-27a45d6f\">\n\n<figure class=\"gb-block-image gb-block-image-98978a13\"><img decoding=\"async\" width=\"1386\" height=\"746\" class=\"gb-image gb-image-98978a13\" src=\"https:\/\/www-stg.stelorder.com\/wp-content\/uploads\/2024\/12\/ia-banner.png\" alt=\"\" title=\"ia-banner\" srcset=\"https:\/\/www-stg.stelorder.com\/wp-content\/uploads\/2024\/12\/ia-banner.png 1386w, https:\/\/www-stg.stelorder.com\/wp-content\/uploads\/2024\/12\/ia-banner-300x161.png 300w, https:\/\/www-stg.stelorder.com\/wp-content\/uploads\/2024\/12\/ia-banner-1024x551.png 1024w, https:\/\/www-stg.stelorder.com\/wp-content\/uploads\/2024\/12\/ia-banner-768x413.png 768w\" sizes=\"(max-width: 1386px) 100vw, 1386px\" \/><\/figure>\n\n\n\n<figure class=\"gb-block-image gb-block-image-f9d57819\"><img decoding=\"async\" width=\"599\" height=\"1093\" class=\"gb-image gb-image-f9d57819\" src=\"https:\/\/www-stg.stelorder.com\/wp-content\/uploads\/2024\/12\/ia-banner-mobile.png\" alt=\"\" title=\"ia - banner - mobile\" srcset=\"https:\/\/www-stg.stelorder.com\/wp-content\/uploads\/2024\/12\/ia-banner-mobile.png 599w, https:\/\/www-stg.stelorder.com\/wp-content\/uploads\/2024\/12\/ia-banner-mobile-164x300.png 164w, https:\/\/www-stg.stelorder.com\/wp-content\/uploads\/2024\/12\/ia-banner-mobile-561x1024.png 561w\" sizes=\"(max-width: 599px) 100vw, 599px\" \/><\/figure>\n\n<\/div>\n<\/div>\n<\/div><div class=\"gb-container gb-container-d55dec49\">\n\n<div class=\"gb-headline gb-headline-d12b2570 gb-headline-text\">Asi funciona STEL Assistant<\/div>\n\n\n\n<div class=\"gb-headline gb-headline-983197ea gb-headline-text\">En este v\u00eddeo te mostramos paso a paso c\u00f3mo STEL Assistant crea y env\u00eda una factura con s\u00f3lo pedirlo y en segundos.<\/div>\n\n\n<div class=\"gb-container gb-container-e3c495c1\">\n\n<figure class=\"wp-block-embed is-type-video is-provider-vimeo wp-block-embed-vimeo wp-embed-aspect-16-9 wp-has-aspect-ratio\"><div class=\"wp-block-embed__wrapper\">\n<iframe title=\"IA_AnaVidal02\" src=\"https:\/\/player.vimeo.com\/video\/1038107945?dnt=1&amp;app_id=122963\" width=\"1200\" height=\"675\" frameborder=\"0\" allow=\"autoplay; fullscreen; picture-in-picture; clipboard-write; encrypted-media; web-share\"><\/iframe>\n<\/div><\/figure>\n\n<\/div>\n<\/div><div class=\"gb-container gb-container-3b3e424a\">\n<div class=\"gb-container gb-container-ce2d712b\">\n<div class=\"gb-container gb-container-1a59e038\">\n<div class=\"gb-container gb-container-dbcb8ade\">\n\n<h2 class=\"gb-headline gb-headline-9038b5ec gb-headline-text\">Pide a tu STEL Assistant que haga presupuestos o facturas por ti<\/h2>\n\n\n\n<p class=\"gb-headline gb-headline-f9c63724 gb-headline-text\">Tan sencillo como enviar un audio. Manda un mensaje de voz a tu STEL Assistant, d\u00e1ndole informaci\u00f3n sobre la tarea que deseas realizar en tu STEL Order, y STEL Assistant lo har\u00e1 por ti  <\/p>\n\n<\/div>\n\n<div class=\"gb-container gb-container-1470010a\">\n<div class=\"gb-container gb-container-b5d7f073\">\n<div class=\"gb-button-wrapper gb-button-wrapper-bc4574c6\">\n\n<a class=\"gb-button gb-button-709b7851 gb-button-text smooth-scroll\" href=\"#formulario\" target=\"_blank\" rel=\"noopener noreferrer\">Ap\u00fantate a la lista de espera<\/a>\n\n<\/div>\n<\/div>\n<\/div>\n<\/div>\n\n<div class=\"gb-container gb-container-d8bb86c3\">\n\n<figure class=\"gb-block-image gb-block-image-ae309194\"><img decoding=\"async\" width=\"1340\" height=\"1482\" class=\"gb-image gb-image-ae309194\" src=\"https:\/\/www-stg.stelorder.com\/wp-content\/uploads\/2024\/12\/ia-pedir-ia.png\" alt=\"\" title=\"ia-pedir ia\" srcset=\"https:\/\/www-stg.stelorder.com\/wp-content\/uploads\/2024\/12\/ia-pedir-ia.png 1340w, https:\/\/www-stg.stelorder.com\/wp-content\/uploads\/2024\/12\/ia-pedir-ia-271x300.png 271w, https:\/\/www-stg.stelorder.com\/wp-content\/uploads\/2024\/12\/ia-pedir-ia-926x1024.png 926w, https:\/\/www-stg.stelorder.com\/wp-content\/uploads\/2024\/12\/ia-pedir-ia-768x849.png 768w\" sizes=\"(max-width: 1340px) 100vw, 1340px\" \/><\/figure>\n\n<\/div>\n\n<div class=\"gb-container gb-container-51888806\">\n\n<figure class=\"gb-block-image gb-block-image-1cb36e80\"><img decoding=\"async\" width=\"656\" height=\"1093\" class=\"gb-image gb-image-1cb36e80\" src=\"https:\/\/www-stg.stelorder.com\/wp-content\/uploads\/2024\/12\/ilu-ia-pedir-mobile.png\" alt=\"\" title=\"ilu-ia-pedir-mobile\"><\/figure>\n\n<\/div>\n<\/div>\n<\/div><div class=\"gb-container gb-container-9ee8ff32\">\n<div class=\"gb-container gb-container-73d7a6ec\">\n<div class=\"gb-container gb-container-314e3b03\">\n\n<figure class=\"gb-block-image gb-block-image-6ea9fdd7\"><img decoding=\"async\" width=\"1110\" height=\"1121\" class=\"gb-image gb-image-6ea9fdd7\" src=\"https:\/\/www-stg.stelorder.com\/wp-content\/uploads\/2024\/12\/ilustracion-documentos-creados-ia-deskx2.png\" alt=\"\" title=\"ilustracion-documentos-creados-ia - deskx2\"><\/figure>\n\n\n\n<figure class=\"gb-block-image gb-block-image-6068ff1e\"><img decoding=\"async\" width=\"656\" height=\"969\" class=\"gb-image gb-image-6068ff1e\" src=\"https:\/\/www-stg.stelorder.com\/wp-content\/uploads\/2024\/12\/ilustracion-documentos-creados-ia-mv.png\" alt=\"\" title=\"ilustracion-documentos-creados-ia - mv\" srcset=\"https:\/\/www-stg.stelorder.com\/wp-content\/uploads\/2024\/12\/ilustracion-documentos-creados-ia-mv.png 656w, https:\/\/www-stg.stelorder.com\/wp-content\/uploads\/2024\/12\/ilustracion-documentos-creados-ia-mv-203x300.png 203w\" sizes=\"(max-width: 656px) 100vw, 656px\" \/><\/figure>\n\n<\/div>\n\n<div class=\"gb-container gb-container-f6400213\">\n<div class=\"gb-container gb-container-ffa3fceb\">\n\n<h2 class=\"gb-headline gb-headline-4588d80a gb-headline-text\">\u00a1Dicho y hecho!<\/h2>\n\n\n\n<p class=\"gb-headline gb-headline-b6203199 gb-headline-text\">T\u00fa pide, y deja que STEL Assistant trabaje por ti. Nuestra inteligencia artificial puede crear cualquier tipo de documento comercial, registrar eventos en el calendario y guardar nuevos clientes o productos, entre otras tareas. <br><br>Resuelve los quehaceres de tu d\u00eda a d\u00eda, cada vez de forma m\u00e1s sencilla y eficiente.<\/p>\n\n<\/div>\n\n<div class=\"gb-container gb-container-3bcc56a7\">\n<div class=\"gb-container gb-container-23e77ddd\">\n<div class=\"gb-button-wrapper gb-button-wrapper-146cdb24\">\n\n<a class=\"gb-button gb-button-606f2de2 gb-button-text smooth-scroll\" href=\"#formulario\" target=\"_blank\" rel=\"noopener noreferrer\">Ap\u00fantate a la lista de espera<\/a>\n\n<\/div>\n<\/div>\n<\/div>\n<\/div>\n<\/div>\n<\/div><div class=\"gb-container gb-container-e449e91c\">\n<div class=\"gb-container gb-container-b23296b1\">\n<div class=\"gb-container gb-container-6d7c72c0\">\n<div class=\"gb-container gb-container-fc4a3178\">\n\n<h2 class=\"gb-headline gb-headline-3054ce25 gb-headline-text\">Puedes preguntar al Profesor cualquier tipo de duda<\/h2>\n\n\n\n<p class=\"gb-headline gb-headline-888f1820 gb-headline-text\">Si tienes alguna duda o consulta, simplemente enuncia la palabra \u201cProfesor\u201d, haz tu pregunta y STEL Assistant resuelve tu duda.<\/p>\n\n<\/div>\n\n<div class=\"gb-container gb-container-2a568de6\">\n<div class=\"gb-container gb-container-539c5ca1\">\n<div class=\"gb-button-wrapper gb-button-wrapper-ad609947\">\n\n<a class=\"gb-button gb-button-ad739e56 gb-button-text smooth-scroll\" href=\"#formulario\" target=\"_blank\" rel=\"noopener noreferrer\">Ap\u00fantate a la lista de espera<\/a>\n\n<\/div>\n<\/div>\n<\/div>\n<\/div>\n\n<div class=\"gb-container gb-container-5b6bc514\">\n\n<figure class=\"gb-block-image gb-block-image-15a69b76\"><img decoding=\"async\" width=\"1570\" height=\"1019\" class=\"gb-image gb-image-15a69b76\" src=\"https:\/\/www-stg.stelorder.com\/wp-content\/uploads\/2024\/12\/ilustracion-ai-profesor-deskx2.png\" alt=\"\" title=\"ilustracion ai profesor - deskx2\" srcset=\"https:\/\/www-stg.stelorder.com\/wp-content\/uploads\/2024\/12\/ilustracion-ai-profesor-deskx2.png 1570w, https:\/\/www-stg.stelorder.com\/wp-content\/uploads\/2024\/12\/ilustracion-ai-profesor-deskx2-300x195.png 300w, https:\/\/www-stg.stelorder.com\/wp-content\/uploads\/2024\/12\/ilustracion-ai-profesor-deskx2-1024x665.png 1024w, https:\/\/www-stg.stelorder.com\/wp-content\/uploads\/2024\/12\/ilustracion-ai-profesor-deskx2-768x498.png 768w, https:\/\/www-stg.stelorder.com\/wp-content\/uploads\/2024\/12\/ilustracion-ai-profesor-deskx2-1536x997.png 1536w\" sizes=\"(max-width: 1570px) 100vw, 1570px\" \/><\/figure>\n\n\n\n<figure class=\"gb-block-image gb-block-image-bb00d454\"><img decoding=\"async\" width=\"656\" height=\"1079\" class=\"gb-image gb-image-bb00d454\" src=\"https:\/\/www-stg.stelorder.com\/wp-content\/uploads\/2024\/12\/ilustracion-ai-profesor-mv.png\" alt=\"\" title=\"ilustracion ai profesor - mv\" srcset=\"https:\/\/www-stg.stelorder.com\/wp-content\/uploads\/2024\/12\/ilustracion-ai-profesor-mv.png 656w, https:\/\/www-stg.stelorder.com\/wp-content\/uploads\/2024\/12\/ilustracion-ai-profesor-mv-182x300.png 182w, https:\/\/www-stg.stelorder.com\/wp-content\/uploads\/2024\/12\/ilustracion-ai-profesor-mv-623x1024.png 623w\" sizes=\"(max-width: 656px) 100vw, 656px\" \/><\/figure>\n\n<\/div>\n<\/div>\n<\/div><div class=\"gb-container gb-container-c3b74585\" id=\"formulario\">\n<div class=\"gb-container gb-container-865816c2\">\n<div class=\"gb-container gb-container-450dc3fe\">\n<div class=\"gb-container gb-container-25ec0dbf\">\n\n<h2 class=\"gb-headline gb-headline-cdcaadbe gb-headline-text\">Solicita acceso a STEL Assistant<\/h2>\n\n\n\n<p class=\"gb-headline gb-headline-7f4b266e gb-headline-text\">Prueba nuestra inteligencia artificial y optimiza todos tus procesos. Ap\u00fantate a nuestra lista de espera y s\u00e9 de los primeros en probarla. <\/p>\n\n<\/div>\n<\/div>\n\n<div class=\"gb-container gb-container-aa5f233d\">\n<p class=\"wpcf7-contact-form-not-found\"><strong>Error:<\/strong> Contact form not found.<\/p>\n\n<\/div>\n<\/div>\n<\/div><div class=\"gb-container gb-container-ced785d7\" id=\"faq\">\n<div class=\"gb-container gb-container-2e06f3cb\">\n\n<h2 class=\"gb-headline gb-headline-e3bc5a03 gb-headline-text\">Preguntas frecuentes<\/h2>\n\n\n<div class=\"gb-container gb-container-cf7c09fc gb-accordion\">\n<div class=\"gb-container gb-container-f3578176 gb-accordion__item gb-accordion__item-open\" data-transition=\"slide\">\n\n<button class=\"gb-button gb-button-44b42c35 gb-accordion__toggle gb-block-is-current\" id=\"gb-accordion-toggle-44b42c35\"><span class=\"gb-icon\">       <\/span><span class=\"gb-button-text\">\u00bfQu\u00e9 tipo de tareas puede hacer STEL Assisant?<\/span><\/button>\n\n\n<div id=\"gb-accordion-content-1f8a86d4\" class=\"gb-accordion__content\"><div class=\"gb-container gb-container-1f8a86d4\">\n\n<p>La Inteligencia Artificial de STEL Order puede ayudarte a crear cualquier tipo de documento comercial, desde un albar\u00e1n, a un presupuesto o factura. Adem\u00e1s, te permite guardar nuevos eventos en el calendario o crear nuevos clientes o productos. Tambi\u00e9n puedes registrar incidencias y asignarlas a un t\u00e9cnico con s\u00f3lo nombrarlo. Si tienes dos t\u00e9cnicos en la empresa con el mismo nombre, STEL IA te preguntar\u00e1 a qui\u00e9n deseas asignarla.    <\/p>\n\n\n\n<p>Por \u00faltimo, \u2018Profesor\u2019 te ayuda a resolver dudas y consultas sobre el propio software, explic\u00e1ndote paso a paso qu\u00e9 debes hacer y ofreci\u00e9ndote informaci\u00f3n documentada<\/p>\n\n<\/div><\/div>\n<\/div>\n\n<div class=\"gb-container gb-container-d2e735f3 gb-accordion__item\" data-transition=\"slide\">\n\n<button class=\"gb-button gb-button-45ba2667 gb-accordion__toggle\" id=\"gb-accordion-toggle-45ba2667\"><span class=\"gb-icon\">       <\/span><span class=\"gb-button-text\">\u00bfNecesito saber el DNI de mi cliente para hacer una factura o un presupuesto?<\/span><\/button>\n\n\n<div id=\"gb-accordion-content-0a73729c\" class=\"gb-accordion__content\"><div class=\"gb-container gb-container-0a73729c\">\n\n<p>Depende de si ese cliente est\u00e1 previamente registrado en tu STEL Order. S\u00f3lo se necesita saber el DNI de un cliente en el caso de que se quiera crear una factura para un nuevo cliente que no est\u00e1 registrado en tu STEL Order. Para el resto de documentos no es necesario mencionar el NIF.   <\/p>\n\n\n\n<p>Por otro lado, si el cliente ya est\u00e1 registrado en tu STEL Order, bastar\u00e1 con mencionar su nombre para que STEL Assistant rellene por ti datos como el NIF en la factura o la direcci\u00f3n.<\/p>\n\n<\/div><\/div>\n<\/div>\n\n<div class=\"gb-container gb-container-d76f03c6 gb-accordion__item\" data-transition=\"slide\">\n\n<button class=\"gb-button gb-button-9d6170b0 gb-accordion__toggle\" id=\"gb-accordion-toggle-9d6170b0\"><span class=\"gb-icon\">       <\/span><span class=\"gb-button-text\">\u00bfQu\u00e9 tipo de consultas le puedo hacer a Profesor?<\/span><\/button>\n\n\n<div id=\"gb-accordion-content-b8c83575\" class=\"gb-accordion__content\"><div class=\"gb-container gb-container-b8c83575\">\n\n<p>El &#8216;Profesor&#8217; obtiene su conocimiento del Centro de ayuda y te ofrece art\u00edculos que te pueden resultar \u00fatiles para resolver tus consultas sobre el software. Por tanto, puedes preguntar dudas t\u00e9cnicas sobre c\u00f3mo configurar o gestionar tareas a trav\u00e9s del software. Por ejemplo, puedes consultarle: \u201c\u00bfC\u00f3mo puedo registrar una factura de abono de mi proveedor?\u201d o \u201c\u00bfC\u00f3mo configuro Connect?\u201d.   <\/p>\n\n\n\n<p>As\u00ed mismo, le puedes pedir informaci\u00f3n sobre algunos asuntos legales relacionados con el software, como facturaci\u00f3n electr\u00f3nica, t\u00e9rminos legales, seguridad\u2026<\/p>\n\n<\/div><\/div>\n<\/div>\n\n<div class=\"gb-container gb-container-a0a7454d gb-accordion__item\" data-transition=\"slide\">\n\n<button class=\"gb-button gb-button-55aacc31 gb-accordion__toggle\" id=\"gb-accordion-toggle-55aacc31\"><span class=\"gb-icon\">       <\/span><span class=\"gb-button-text\">\u00bfSTEL Assistant me responder\u00e1 a trav\u00e9s de texto o voz?<\/span><\/button>\n\n\n<div id=\"gb-accordion-content-868558aa\" class=\"gb-accordion__content\"><div class=\"gb-container gb-container-868558aa\">\n\n<p>Aunque STEL Assistant est\u00e1 capacitada para hablarte a trav\u00e9s de audio, la IA responder\u00e1 principalmente en texto, para que tengas un acceso a la informaci\u00f3n m\u00e1s sencillo, directo y consultable, para que puedas volver a la informaci\u00f3n siempre que lo necesitas. Adem\u00e1s, vas a tener acceso a un hist\u00f3rico donde quedar\u00e1n registradas anteriores consultas. <\/p>\n\n<\/div><\/div>\n<\/div>\n\n<div class=\"gb-container gb-container-eeaeab99 gb-accordion__item\" data-transition=\"slide\">\n\n<button class=\"gb-button gb-button-14ed4841 gb-accordion__toggle\" id=\"gb-accordion-toggle-14ed4841\"><span class=\"gb-icon\">       <\/span><span class=\"gb-button-text\">\u00bfPuedo crear incidencias?<\/span><\/button>\n\n\n<div id=\"gb-accordion-content-e092d9c1\" class=\"gb-accordion__content\"><div class=\"gb-container gb-container-e092d9c1\">\n\n<p>S\u00ed, al igual que puedes crear facturas o presupuestos, puedes pedirle a tu STEL Assistant que genere incidencias y los asigne a t\u00e9cnicos.<\/p>\n\n<\/div><\/div>\n<\/div>\n<\/div>\n<\/div>\n<\/div>","protected":false},"excerpt":{"rendered":"<p>STEL Assistant Inteligencia Artificial de STEL Order Crea facturas, presupuestos, clientes y eventos con s\u00f3lo pedirlo. Llega la IA que har\u00e1 tu negocio y tu &#8230; <a title=\"Inteligencia Artificial\" class=\"read-more\" href=\"https:\/\/www-stg.stelorder.com\/mexico\/inteligencia-artificial\/\" aria-label=\"Read more about Inteligencia Artificial\">Leer<\/a><\/p>\n","protected":false},"author":4,"featured_media":72692,"parent":0,"menu_order":0,"comment_status":"closed","ping_status":"closed","template":"","meta":{"_acf_changed":false,"inline_featured_image":false,"footnotes":""},"class_list":{"0":"post-63574","1":"page","2":"type-page","3":"status-publish","4":"has-post-thumbnail","6":"no-featured-image-padding"},"acf":[],"_links":{"self":[{"href":"https:\/\/www-stg.stelorder.com\/mexico\/wp-json\/wp\/v2\/pages\/63574","targetHints":{"allow":["GET"]}}],"collection":[{"href":"https:\/\/www-stg.stelorder.com\/mexico\/wp-json\/wp\/v2\/pages"}],"about":[{"href":"https:\/\/www-stg.stelorder.com\/mexico\/wp-json\/wp\/v2\/types\/page"}],"author":[{"embeddable":true,"href":"https:\/\/www-stg.stelorder.com\/mexico\/wp-json\/wp\/v2\/users\/4"}],"replies":[{"embeddable":true,"href":"https:\/\/www-stg.stelorder.com\/mexico\/wp-json\/wp\/v2\/comments?post=63574"}],"version-history":[{"count":0,"href":"https:\/\/www-stg.stelorder.com\/mexico\/wp-json\/wp\/v2\/pages\/63574\/revisions"}],"wp:featuredmedia":[{"embeddable":true,"href":"https:\/\/www-stg.stelorder.com\/mexico\/wp-json\/wp\/v2\/media\/72692"}],"wp:attachment":[{"href":"https:\/\/www-stg.stelorder.com\/mexico\/wp-json\/wp\/v2\/media?parent=63574"}],"curies":[{"name":"wp","href":"https:\/\/api.w.org\/{rel}","templated":true}]}}