{"id":36556,"date":"2023-11-30T15:29:35","date_gmt":"2023-11-30T14:29:35","guid":{"rendered":"https:\/\/www-stg.stelorder.com\/erp\/gps\/"},"modified":"2024-01-23T13:46:40","modified_gmt":"2024-01-23T12:46:40","slug":"gps","status":"publish","type":"page","link":"https:\/\/www-stg.stelorder.com\/mexico\/erp\/gps\/","title":{"rendered":"GPS"},"content":{"rendered":"<div class=\"gb-container gb-container-f25fd381\" id=\"hero\">\n<div class=\"gb-container gb-container-a484aece\">\n<div class=\"gb-container gb-container-84d3d45a\">\n\n<figure class=\"gb-block-image gb-block-image-f9ffba17\"><img decoding=\"async\" width=\"95\" height=\"95\" class=\"gb-image gb-image-f9ffba17\" src=\"https:\/\/www-stg.stelorder.com\/wp-content\/uploads\/2023\/11\/icono-GPS.svg\" alt=\"\" title=\"icono-GPS\"><\/figure>\n\n\n\n<h1 class=\"gb-headline gb-headline-67de83cf gb-headline-text cl-h2\">GPS<\/h1>\n\n\n\n<p class=\"gb-headline gb-headline-67096691 gb-headline-text cl-h10\">Ayuda a tus empleados a gestionar mejor las rutas y tiempos de trabajo, mejorando su rendimiento<\/p>\n\n\n<div class=\"gb-button-wrapper gb-button-wrapper-62553c37\">\n\n<a class=\"gb-button gb-button-318cd016 gb-button-text cl-btn-try\" href=\"#formulario\">Pru\u00e9balo GRATIS<\/a>\n\n<\/div>\n<\/div>\n\n<div class=\"gb-container gb-container-bcf540ae\">\n\n<figure class=\"gb-block-image gb-block-image-8a44a335\"><img decoding=\"async\" width=\"1087\" height=\"866\" class=\"gb-image gb-image-8a44a335\" src=\"https:\/\/www-stg.stelorder.com\/wp-content\/uploads\/2023\/11\/ilustracion-gps-1.png\" alt=\"\" title=\"ilustracion gps (1)\" srcset=\"https:\/\/www-stg.stelorder.com\/wp-content\/uploads\/2023\/11\/ilustracion-gps-1.png 1087w, https:\/\/www-stg.stelorder.com\/wp-content\/uploads\/2023\/11\/ilustracion-gps-1-300x239.png 300w, https:\/\/www-stg.stelorder.com\/wp-content\/uploads\/2023\/11\/ilustracion-gps-1-1024x816.png 1024w, https:\/\/www-stg.stelorder.com\/wp-content\/uploads\/2023\/11\/ilustracion-gps-1-768x612.png 768w, https:\/\/www-stg.stelorder.com\/wp-content\/uploads\/2023\/11\/ilustracion-gps-1-150x120.png 150w\" sizes=\"(max-width: 1087px) 100vw, 1087px\" \/><\/figure>\n\n<\/div>\n<\/div>\n<\/div><div class=\"gb-container gb-container-8ef4d746\">\n<div class=\"gb-container gb-container-a197d714\">\n<div class=\"gb-container gb-container-34bb824b\">\n<div class=\"gb-container gb-container-b6f95a23\">\n\n<p class=\"gb-headline gb-headline-d4b33e0f cl-h6\"><span class=\"gb-icon\"><svg xmlns=\"http:\/\/www.w3.org\/2000\/svg\" fill=\"none\" viewbox=\"0 0 26 25\" height=\"25\" width=\"26\"> <path fill=\"#FD893A\" d=\"M20.5384 7.3036C21.1068 7.85073 21.1241 8.75509 20.577 9.32354L11.9832 18.2521C11.7139 18.5319 11.3423 18.69 10.954 18.69C10.5656 18.69 10.194 18.5319 9.9247 18.2521L6.01845 14.1937C5.47132 13.6252 5.4886 12.7209 6.05704 12.1737C6.62549 11.6266 7.52985 11.6439 8.07698 12.2123L10.954 15.2014L18.5184 7.3422C19.0656 6.77375 19.9699 6.75647 20.5384 7.3036Z\" clip-rule=\"evenodd\" fill-rule=\"evenodd\"><\/path> <\/svg><\/span><span class=\"gb-headline-text\">Geolocaliza y registra las rutas<\/span><\/p>\n\n\n\n<p class=\"gb-headline gb-headline-998a8617 gb-headline-text\">Registra el lugar y el instante en que tus empleados generan incidencias, visitas o documentos mientras est\u00e1n fuera de la oficina.<\/p>\n\n<\/div>\n\n<div class=\"gb-container gb-container-0869e7bc\">\n\n<p class=\"gb-headline gb-headline-e3860730 cl-h6\"><span class=\"gb-icon\"><svg xmlns=\"http:\/\/www.w3.org\/2000\/svg\" fill=\"none\" viewbox=\"0 0 26 25\" height=\"25\" width=\"26\"> <path fill=\"#FD893A\" d=\"M20.5384 7.3036C21.1068 7.85073 21.1241 8.75509 20.577 9.32354L11.9832 18.2521C11.7139 18.5319 11.3423 18.69 10.954 18.69C10.5656 18.69 10.194 18.5319 9.9247 18.2521L6.01845 14.1937C5.47132 13.6252 5.4886 12.7209 6.05704 12.1737C6.62549 11.6266 7.52985 11.6439 8.07698 12.2123L10.954 15.2014L18.5184 7.3422C19.0656 6.77375 19.9699 6.75647 20.5384 7.3036Z\" clip-rule=\"evenodd\" fill-rule=\"evenodd\"><\/path> <\/svg><\/span><span class=\"gb-headline-text\">Ubicaciones en tiempo real<\/span><\/p>\n\n\n\n<p class=\"gb-headline gb-headline-ce8f1c99 gb-headline-text\">Optimiza la gesti\u00f3n de tu equipo al localizar empleados cercanos a las rutas, ahorrando tiempo en la coordinaci\u00f3n de comerciales o t\u00e9cnicos.<\/p>\n\n<\/div>\n\n<div class=\"gb-container gb-container-84a0aa4a\">\n\n<p class=\"gb-headline gb-headline-80c5d69e cl-h6\"><span class=\"gb-icon\"><svg xmlns=\"http:\/\/www.w3.org\/2000\/svg\" fill=\"none\" viewbox=\"0 0 26 25\" height=\"25\" width=\"26\"> <path fill=\"#FD893A\" d=\"M20.5384 7.3036C21.1068 7.85073 21.1241 8.75509 20.577 9.32354L11.9832 18.2521C11.7139 18.5319 11.3423 18.69 10.954 18.69C10.5656 18.69 10.194 18.5319 9.9247 18.2521L6.01845 14.1937C5.47132 13.6252 5.4886 12.7209 6.05704 12.1737C6.62549 11.6266 7.52985 11.6439 8.07698 12.2123L10.954 15.2014L18.5184 7.3422C19.0656 6.77375 19.9699 6.75647 20.5384 7.3036Z\" clip-rule=\"evenodd\" fill-rule=\"evenodd\"><\/path> <\/svg><\/span><span class=\"gb-headline-text\">Soporte Premium<\/span><\/p>\n\n\n\n<p class=\"gb-headline gb-headline-b34247bb gb-headline-text\">Siempre cuentas con un equipo de profesionales para ayudarte por tel\u00e9fono, chat o correo electr\u00f3nico.<\/p>\n\n<\/div>\n<\/div>\n<\/div>\n\n<div class=\"gb-container gb-container-7c1361cb\" id=\"descubre-stel-order\">\n\n<p class=\"gb-headline gb-headline-87b35939 gb-headline-text\">Descubre STEL Order en 2 minutos<\/p>\n\n\n\n<figure class=\"wp-block-image size-full\"><a data-fslightbox=\"\" href=\"https:\/\/www.youtube.com\/watch?v=EPFCxPMBGP8?autoplay=1&amp;rel=0&amp;autohide=1&amp;showinfo=0\" rel=\"nofollow noopener\" target=\"_blank\"><img decoding=\"async\" width=\"1000\" height=\"562\" src=\"https:\/\/www-stg.stelorder.com\/wp-content\/uploads\/2023\/11\/video-descubre-stel-order-2.png\" alt=\"\" class=\"wp-image-36021\" srcset=\"https:\/\/www-stg.stelorder.com\/wp-content\/uploads\/2023\/11\/video-descubre-stel-order-2.png 1000w, https:\/\/www-stg.stelorder.com\/wp-content\/uploads\/2023\/11\/video-descubre-stel-order-2-300x169.png 300w, https:\/\/www-stg.stelorder.com\/wp-content\/uploads\/2023\/11\/video-descubre-stel-order-2-768x432.png 768w, https:\/\/www-stg.stelorder.com\/wp-content\/uploads\/2023\/11\/video-descubre-stel-order-2-150x84.png 150w\" sizes=\"(max-width: 1000px) 100vw, 1000px\" \/><\/a><\/figure>\n\n\n<div class=\"gb-button-wrapper gb-button-wrapper-62553c37\">\n\n<span class=\"gb-button gb-button-318cd016 gb-button-text cl-btn-try\" target=\"_blank\" rel=\"noopener noreferrer\">Pru\u00e9balo GRATIS<\/span>\n\n<\/div>\n<\/div>\n\n<div class=\"gb-container gb-container-ed5d9368\" id=\"soporte-premium\">\n<div class=\"gb-container gb-container-b38a6104\">\n\n<p class=\"gb-headline gb-headline-84d34082 gb-headline-text cl-h3\">\u00bfQu\u00e9 significa Soporte Premium?<\/p>\n\n\n\n<p class=\"gb-headline gb-headline-302b06c3 gb-headline-text\">Una gran experiencia antes, durante y despu\u00e9s de la compra<\/p>\n\n<\/div>\n\n<div class=\"gb-container gb-container-2e4cb917\">\n<div class=\"gb-container gb-container-18ab87e1\">\n\n<figure class=\"gb-block-image gb-block-image-e60fd998\"><img decoding=\"async\" width=\"1176\" height=\"877\" class=\"gb-image gb-image-e60fd998\" src=\"https:\/\/www-stg.stelorder.com\/wp-content\/uploads\/2023\/11\/soporte-premium-ayuda.png\" alt=\"\" title=\"soporte premium - ayuda\" srcset=\"https:\/\/www-stg.stelorder.com\/wp-content\/uploads\/2023\/11\/soporte-premium-ayuda.png 1176w, https:\/\/www-stg.stelorder.com\/wp-content\/uploads\/2023\/11\/soporte-premium-ayuda-300x224.png 300w, https:\/\/www-stg.stelorder.com\/wp-content\/uploads\/2023\/11\/soporte-premium-ayuda-1024x764.png 1024w, https:\/\/www-stg.stelorder.com\/wp-content\/uploads\/2023\/11\/soporte-premium-ayuda-768x573.png 768w, https:\/\/www-stg.stelorder.com\/wp-content\/uploads\/2023\/11\/soporte-premium-ayuda-150x112.png 150w\" sizes=\"(max-width: 1176px) 100vw, 1176px\" \/><\/figure>\n\n<\/div>\n\n<div class=\"gb-container gb-container-69b27a8f\">\n<div class=\"gb-container gb-container-f500ffed\">\n\n<p class=\"gb-headline gb-headline-3a0d4ffc gb-headline-text cl-h4\">Mar\u00eda Jos\u00e9 Blasco<\/p>\n\n\n\n<figure class=\"gb-block-image gb-block-image-7b232810\"><img decoding=\"async\" width=\"176\" height=\"29\" class=\"gb-image gb-image-7b232810\" src=\"https:\/\/www-stg.stelorder.com\/wp-content\/uploads\/2023\/05\/Estrellas-5.svg\" alt=\"\" title=\"Estrellas-5\"\/><\/figure>\n\n\n\n<p class=\"gb-headline gb-headline-dec0984c gb-headline-text\">&#8220;El soporte t\u00e9cnico es muy eficiente, muy atentos y muy resolutivos. Una ayuda inestimable. Recomendable 100%&#8221;<\/p>\n\n\n\n<p class=\"gb-headline gb-headline-017495df gb-headline-text\">Con m\u00e1s de 1625 rese\u00f1as reales en <em><strong>Google Play<\/strong><\/em> y <em><strong>App Store<\/strong><\/em><\/p>\n\n<\/div>\n\n<div class=\"gb-container gb-container-ad94cac9\">\n<div class=\"gb-container gb-container-55d31d53\">\n\n<p class=\"gb-headline gb-headline-18fc3569\"><span class=\"gb-icon\"><svg xmlns=\"http:\/\/www.w3.org\/2000\/svg\" fill=\"none\" viewBox=\"0 0 35 35\" height=\"35\" width=\"35\"> <rect fill=\"#39B29B\" rx=\"7\" height=\"35\" width=\"35\"><\/rect> <path fill=\"white\" d=\"M28.0536 10.2257C28.8495 10.9916 28.8736 12.2577 28.1077 13.0536L16.0764 25.5536C15.6994 25.9453 15.1791 26.1666 14.6354 26.1666C14.0918 26.1666 13.5715 25.9453 13.1945 25.5536L7.72572 19.8717C6.95973 19.0759 6.98392 17.8098 7.77975 17.0438C8.57558 16.2779 9.84168 16.302 10.6077 17.0979L14.6354 21.2826L25.2257 10.2797C25.9917 9.48386 27.2578 9.45967 28.0536 10.2257Z\" clip-rule=\"evenodd\" fill-rule=\"evenodd\"><\/path> <\/svg><\/span><span class=\"gb-headline-text\">Equipo de profesionales<\/span><\/p>\n\n\n\n<p class=\"gb-headline gb-headline-7fc071fc\"><span class=\"gb-icon\"><svg xmlns=\"http:\/\/www.w3.org\/2000\/svg\" fill=\"none\" viewBox=\"0 0 35 35\" height=\"35\" width=\"35\"> <rect fill=\"#39B29B\" rx=\"7\" height=\"35\" width=\"35\"><\/rect> <path fill=\"white\" d=\"M28.0536 10.2257C28.8495 10.9916 28.8736 12.2577 28.1077 13.0536L16.0764 25.5536C15.6994 25.9453 15.1791 26.1666 14.6354 26.1666C14.0918 26.1666 13.5715 25.9453 13.1945 25.5536L7.72572 19.8717C6.95973 19.0759 6.98392 17.8098 7.77975 17.0438C8.57558 16.2779 9.84168 16.302 10.6077 17.0979L14.6354 21.2826L25.2257 10.2797C25.9917 9.48386 27.2578 9.45967 28.0536 10.2257Z\" clip-rule=\"evenodd\" fill-rule=\"evenodd\"><\/path> <\/svg><\/span><span class=\"gb-headline-text\">Chat con personales reales<\/span><\/p>\n\n\n\n<p class=\"gb-headline gb-headline-630951de\"><span class=\"gb-icon\"><svg xmlns=\"http:\/\/www.w3.org\/2000\/svg\" fill=\"none\" viewBox=\"0 0 35 35\" height=\"35\" width=\"35\"> <rect fill=\"#39B29B\" rx=\"7\" height=\"35\" width=\"35\"><\/rect> <path fill=\"white\" d=\"M28.0536 10.2257C28.8495 10.9916 28.8736 12.2577 28.1077 13.0536L16.0764 25.5536C15.6994 25.9453 15.1791 26.1666 14.6354 26.1666C14.0918 26.1666 13.5715 25.9453 13.1945 25.5536L7.72572 19.8717C6.95973 19.0759 6.98392 17.8098 7.77975 17.0438C8.57558 16.2779 9.84168 16.302 10.6077 17.0979L14.6354 21.2826L25.2257 10.2797C25.9917 9.48386 27.2578 9.45967 28.0536 10.2257Z\" clip-rule=\"evenodd\" fill-rule=\"evenodd\"><\/path> <\/svg><\/span><span class=\"gb-headline-text\">Resoluci\u00f3n de tickets 7 d\u00edas a la semana<\/span><\/p>\n\n<\/div>\n\n<div class=\"gb-container gb-container-2ab1745d\">\n\n<p class=\"gb-headline gb-headline-6c24cfda\"><span class=\"gb-icon\"><svg xmlns=\"http:\/\/www.w3.org\/2000\/svg\" fill=\"none\" viewBox=\"0 0 35 35\" height=\"35\" width=\"35\"> <rect fill=\"#39B29B\" rx=\"7\" height=\"35\" width=\"35\"><\/rect> <path fill=\"white\" d=\"M28.0536 10.2257C28.8495 10.9916 28.8736 12.2577 28.1077 13.0536L16.0764 25.5536C15.6994 25.9453 15.1791 26.1666 14.6354 26.1666C14.0918 26.1666 13.5715 25.9453 13.1945 25.5536L7.72572 19.8717C6.95973 19.0759 6.98392 17.8098 7.77975 17.0438C8.57558 16.2779 9.84168 16.302 10.6077 17.0979L14.6354 21.2826L25.2257 10.2797C25.9917 9.48386 27.2578 9.45967 28.0536 10.2257Z\" clip-rule=\"evenodd\" fill-rule=\"evenodd\"><\/path> <\/svg><\/span><span class=\"gb-headline-text\">Soporte telef\u00f3nico<\/span><\/p>\n\n\n\n<p class=\"gb-headline gb-headline-fe51d2be\"><span class=\"gb-icon\"><svg xmlns=\"http:\/\/www.w3.org\/2000\/svg\" fill=\"none\" viewBox=\"0 0 35 35\" height=\"35\" width=\"35\"> <rect fill=\"#39B29B\" rx=\"7\" height=\"35\" width=\"35\"><\/rect> <path fill=\"white\" d=\"M28.0536 10.2257C28.8495 10.9916 28.8736 12.2577 28.1077 13.0536L16.0764 25.5536C15.6994 25.9453 15.1791 26.1666 14.6354 26.1666C14.0918 26.1666 13.5715 25.9453 13.1945 25.5536L7.72572 19.8717C6.95973 19.0759 6.98392 17.8098 7.77975 17.0438C8.57558 16.2779 9.84168 16.302 10.6077 17.0979L14.6354 21.2826L25.2257 10.2797C25.9917 9.48386 27.2578 9.45967 28.0536 10.2257Z\" clip-rule=\"evenodd\" fill-rule=\"evenodd\"><\/path> <\/svg><\/span><span class=\"gb-headline-text\">Experiencia personalizada<\/span><\/p>\n\n<\/div>\n<\/div>\n<\/div>\n<\/div>\n\n<div class=\"gb-container gb-container-b38a6104\">\n\n<p class=\"gb-headline gb-headline-302b06c3 gb-headline-text cl-h10\">\u00bfNecesitas m\u00e1s informaci\u00f3n sobre STEL Order?<\/p>\n\n\n\n<a class=\"gb-button gb-button-8443bc8a gb-button-text\" href=\"https:\/\/www-stg.stelorder.com\/solicitar-demostracion\/\">SOLICITA UNA DEMO<\/a>\n\n<\/div>\n<\/div>\n\n<div class=\"gb-container gb-container-ced785d7\" id=\"faqs\">\n<div class=\"gb-container gb-container-2e06f3cb\">\n\n<h2 class=\"gb-headline gb-headline-e3bc5a03 gb-headline-text\">Preguntas frecuentes sobre GPS<\/h2>\n\n\n<div class=\"gb-container gb-container-cf7c09fc gb-accordion\">\n<div class=\"gb-container gb-container-f3578176 gb-accordion__item gb-accordion__item-open\" data-transition=\"slide\">\n\n<button class=\"gb-button gb-button-44b42c35 gb-accordion__toggle gb-block-is-current\"><span class=\"gb-icon\"><svg width=\"33\" height=\"33\" viewBox=\"0 0 33 33\" fill=\"none\" xmlns=\"http:\/\/www.w3.org\/2000\/svg\" class=\"gb-accordion__icon\"> <path fill-rule=\"evenodd\" clip-rule=\"evenodd\" d=\"M16.5 1C25.0604 1 32 7.93959 32 16.5C32 25.0604 25.0604 32 16.5 32C7.93959 32 1 25.0604 1 16.5C1 7.93959 7.93959 1 16.5 1ZM16.5 0C25.6127 0 33 7.3873 33 16.5C33 25.6127 25.6127 33 16.5 33C7.3873 33 0 25.6127 0 16.5C0 7.3873 7.3873 0 16.5 0Z\" fill=\"#FD893A\"><\/path> <rect x=\"10\" y=\"15.5\" width=\"13\" height=\"2\" rx=\"1\" fill=\"#2E2E2E\"><\/rect> <rect x=\"17.5\" y=\"10\" width=\"13\" height=\"2\" rx=\"1\" transform=\"rotate(90 17.5 10)\" fill=\"#2E2E2E\"><\/rect> <\/svg> <svg width=\"33\" height=\"33\" viewBox=\"0 0 33 33\" fill=\"none\" xmlns=\"http:\/\/www.w3.org\/2000\/svg\" class=\"gb-accordion__icon-open\"> <path fill-rule=\"evenodd\" clip-rule=\"evenodd\" d=\"M16.5 1C25.0604 1 32 7.93959 32 16.5C32 25.0604 25.0604 32 16.5 32C7.93959 32 1 25.0604 1 16.5C1 7.93959 7.93959 1 16.5 1ZM16.5 0C25.6127 0 33 7.3873 33 16.5C33 25.6127 25.6127 33 16.5 33C7.3873 33 0 25.6127 0 16.5C0 7.3873 7.3873 0 16.5 0Z\" fill=\"#FD893A\"><\/path> <path d=\"M10 17C10 16.4477 10.4477 16 11 16H22C22.5523 16 23 16.4477 23 17V17C23 17.5523 22.5523 18 22 18H11C10.4477 18 10 17.5523 10 17V17Z\" fill=\"#3D3D3D\"><\/path> <\/svg><\/span><span class=\"gb-button-text\">\u00bfC\u00f3mo puedo aprovechar la funci\u00f3n GPS en STEL Order para mi negocio?<\/span><\/button>\n\n\n<div class=\"gb-accordion__content\"><div class=\"gb-container gb-container-1f8a86d4\">\n\n<p>El GPS de STEL Order permite geolocalizar y registrar las rutas y trabajos realizados por tus empleados durante su jornada laboral, lo que facilita la gesti\u00f3n de su desempe\u00f1o y la optimizaci\u00f3n de las rutas comerciales.<\/p>\n\n<\/div><\/div>\n<\/div>\n\n<div class=\"gb-container gb-container-d2e735f3 gb-accordion__item\" data-transition=\"slide\">\n\n<button class=\"gb-button gb-button-45ba2667 gb-accordion__toggle\"><span class=\"gb-icon\"><svg width=\"33\" height=\"33\" viewBox=\"0 0 33 33\" fill=\"none\" xmlns=\"http:\/\/www.w3.org\/2000\/svg\" class=\"gb-accordion__icon\"> <path fill-rule=\"evenodd\" clip-rule=\"evenodd\" d=\"M16.5 1C25.0604 1 32 7.93959 32 16.5C32 25.0604 25.0604 32 16.5 32C7.93959 32 1 25.0604 1 16.5C1 7.93959 7.93959 1 16.5 1ZM16.5 0C25.6127 0 33 7.3873 33 16.5C33 25.6127 25.6127 33 16.5 33C7.3873 33 0 25.6127 0 16.5C0 7.3873 7.3873 0 16.5 0Z\" fill=\"#FD893A\"><\/path> <rect x=\"10\" y=\"15.5\" width=\"13\" height=\"2\" rx=\"1\" fill=\"#2E2E2E\"><\/rect> <rect x=\"17.5\" y=\"10\" width=\"13\" height=\"2\" rx=\"1\" transform=\"rotate(90 17.5 10)\" fill=\"#2E2E2E\"><\/rect> <\/svg> <svg width=\"33\" height=\"33\" viewBox=\"0 0 33 33\" fill=\"none\" xmlns=\"http:\/\/www.w3.org\/2000\/svg\" class=\"gb-accordion__icon-open\"> <path fill-rule=\"evenodd\" clip-rule=\"evenodd\" d=\"M16.5 1C25.0604 1 32 7.93959 32 16.5C32 25.0604 25.0604 32 16.5 32C7.93959 32 1 25.0604 1 16.5C1 7.93959 7.93959 1 16.5 1ZM16.5 0C25.6127 0 33 7.3873 33 16.5C33 25.6127 25.6127 33 16.5 33C7.3873 33 0 25.6127 0 16.5C0 7.3873 7.3873 0 16.5 0Z\" fill=\"#FD893A\"><\/path> <path d=\"M10 17C10 16.4477 10.4477 16 11 16H22C22.5523 16 23 16.4477 23 17V17C23 17.5523 22.5523 18 22 18H11C10.4477 18 10 17.5523 10 17V17Z\" fill=\"#3D3D3D\"><\/path> <\/svg><\/span><span class=\"gb-button-text\">\u00bfQu\u00e9 permisos necesitan los dispositivos para el correcto funcionamiento del GPS en STEL Order?<\/span><\/button>\n\n\n<div class=\"gb-accordion__content\"><div class=\"gb-container gb-container-0a73729c\">\n\n<p>Para que el GPS funcione adecuadamente, debes otorgar los permisos de ubicaci\u00f3n en el dispositivo y permitir que la aplicaci\u00f3n trabaje en segundo plano.<\/p>\n\n<\/div><\/div>\n<\/div>\n\n<div class=\"gb-container gb-container-8e3fbc21 gb-accordion__item\" data-transition=\"slide\">\n\n<button class=\"gb-button gb-button-0546d305 gb-accordion__toggle\"><span class=\"gb-icon\"><svg width=\"33\" height=\"33\" viewBox=\"0 0 33 33\" fill=\"none\" xmlns=\"http:\/\/www.w3.org\/2000\/svg\" class=\"gb-accordion__icon\"> <path fill-rule=\"evenodd\" clip-rule=\"evenodd\" d=\"M16.5 1C25.0604 1 32 7.93959 32 16.5C32 25.0604 25.0604 32 16.5 32C7.93959 32 1 25.0604 1 16.5C1 7.93959 7.93959 1 16.5 1ZM16.5 0C25.6127 0 33 7.3873 33 16.5C33 25.6127 25.6127 33 16.5 33C7.3873 33 0 25.6127 0 16.5C0 7.3873 7.3873 0 16.5 0Z\" fill=\"#FD893A\"><\/path> <rect x=\"10\" y=\"15.5\" width=\"13\" height=\"2\" rx=\"1\" fill=\"#2E2E2E\"><\/rect> <rect x=\"17.5\" y=\"10\" width=\"13\" height=\"2\" rx=\"1\" transform=\"rotate(90 17.5 10)\" fill=\"#2E2E2E\"><\/rect> <\/svg> <svg width=\"33\" height=\"33\" viewBox=\"0 0 33 33\" fill=\"none\" xmlns=\"http:\/\/www.w3.org\/2000\/svg\" class=\"gb-accordion__icon-open\"> <path fill-rule=\"evenodd\" clip-rule=\"evenodd\" d=\"M16.5 1C25.0604 1 32 7.93959 32 16.5C32 25.0604 25.0604 32 16.5 32C7.93959 32 1 25.0604 1 16.5C1 7.93959 7.93959 1 16.5 1ZM16.5 0C25.6127 0 33 7.3873 33 16.5C33 25.6127 25.6127 33 16.5 33C7.3873 33 0 25.6127 0 16.5C0 7.3873 7.3873 0 16.5 0Z\" fill=\"#FD893A\"><\/path> <path d=\"M10 17C10 16.4477 10.4477 16 11 16H22C22.5523 16 23 16.4477 23 17V17C23 17.5523 22.5523 18 22 18H11C10.4477 18 10 17.5523 10 17V17Z\" fill=\"#3D3D3D\"><\/path> <\/svg><\/span><span class=\"gb-button-text\">\u00bfPuedo ver la ruta GPS que realiza mi empleado?<\/span><\/button>\n\n\n<div class=\"gb-accordion__content\"><div class=\"gb-container gb-container-c520e35f\">\n\n<p>Si, puedes visualizar la ruta que tu empleado ha seguido durante su jornada de trabajo y conocer su ubicaci\u00f3n en tiempo real.<\/p>\n\n<\/div><\/div>\n<\/div>\n<\/div>\n<\/div>\n<\/div>\n<\/div>","protected":false},"excerpt":{"rendered":"<p>GPS Ayuda a tus empleados a gestionar mejor las rutas y tiempos de trabajo, mejorando su rendimiento Geolocaliza y registra las rutas Registra el lugar &#8230; <a title=\"GPS\" class=\"read-more\" href=\"https:\/\/www-stg.stelorder.com\/mexico\/erp\/gps\/\" aria-label=\"Read more about GPS\">Leer<\/a><\/p>\n","protected":false},"author":4,"featured_media":27976,"parent":1267,"menu_order":0,"comment_status":"closed","ping_status":"closed","template":"","meta":{"_acf_changed":false,"inline_featured_image":false,"footnotes":""},"class_list":{"0":"post-36556","1":"page","2":"type-page","3":"status-publish","4":"has-post-thumbnail","6":"no-featured-image-padding"},"acf":[],"_links":{"self":[{"href":"https:\/\/www-stg.stelorder.com\/mexico\/wp-json\/wp\/v2\/pages\/36556","targetHints":{"allow":["GET"]}}],"collection":[{"href":"https:\/\/www-stg.stelorder.com\/mexico\/wp-json\/wp\/v2\/pages"}],"about":[{"href":"https:\/\/www-stg.stelorder.com\/mexico\/wp-json\/wp\/v2\/types\/page"}],"author":[{"embeddable":true,"href":"https:\/\/www-stg.stelorder.com\/mexico\/wp-json\/wp\/v2\/users\/4"}],"replies":[{"embeddable":true,"href":"https:\/\/www-stg.stelorder.com\/mexico\/wp-json\/wp\/v2\/comments?post=36556"}],"version-history":[{"count":0,"href":"https:\/\/www-stg.stelorder.com\/mexico\/wp-json\/wp\/v2\/pages\/36556\/revisions"}],"up":[{"embeddable":true,"href":"https:\/\/www-stg.stelorder.com\/mexico\/wp-json\/wp\/v2\/pages\/1267"}],"wp:featuredmedia":[{"embeddable":true,"href":"https:\/\/www-stg.stelorder.com\/mexico\/wp-json\/wp\/v2\/media\/27976"}],"wp:attachment":[{"href":"https:\/\/www-stg.stelorder.com\/mexico\/wp-json\/wp\/v2\/media?parent=36556"}],"curies":[{"name":"wp","href":"https:\/\/api.w.org\/{rel}","templated":true}]}}