{"id":36418,"date":"2023-11-30T11:18:41","date_gmt":"2023-11-30T10:18:41","guid":{"rendered":"https:\/\/www-stg.stelorder.com\/facturacion-electronica\/"},"modified":"2023-11-30T11:27:17","modified_gmt":"2023-11-30T10:27:17","slug":"facturacion-electronica","status":"publish","type":"page","link":"https:\/\/www-stg.stelorder.com\/mexico\/facturacion-electronica\/","title":{"rendered":"Facturaci\u00f3n electr\u00f3nica CFDI"},"content":{"rendered":"<div class=\"gb-container gb-container-ad804a4d\" id=\"hero\">\n<div class=\"gb-container gb-container-ab20f2e8\">\n<div class=\"gb-container gb-container-37542486\">\n<div class=\"gb-container gb-container-bd897e68\">\n\n<h1 class=\"gb-headline gb-headline-87990957 gb-headline-text cl-bottom-1rem\">Software de facturaci\u00f3n electr\u00f3nica<\/h1>\n\n\n\n<p class=\"gb-headline gb-headline-830fa81e gb-headline-text cl-h2 cl-bottom-1rem\">Factura electr\u00f3nicamente con el mejor programa de gesti\u00f3n <\/p>\n\n\n\n<p class=\"gb-headline gb-headline-f6030618 gb-headline-text cl-h10\">Ahorra tiempos y automatiza el 90% de la facturaci\u00f3n electr\u00f3nica CFDI de tu empresa con STEL Order<\/p>\n\n\n<div class=\"gb-button-wrapper gb-button-wrapper-cea3e33b\">\n\n<span class=\"gb-button gb-button-834c9b40 gb-button-text cl-btn-try cl-btn-try-green\"><strong>Empieza ahora<\/strong><\/span>\n\n<\/div>\n<\/div>\n\n<div class=\"gb-container gb-container-58a3fb72\">\n\n<figure class=\"gb-block-image gb-block-image-4582970b\"><img decoding=\"async\" width=\"691\" height=\"391\" class=\"gb-image gb-image-4582970b\" src=\"https:\/\/www-stg.stelorder.com\/wp-content\/uploads\/2023\/06\/hero-facturacion-electronica.png\" alt=\"\" title=\"hero-facturacion-electronica\" srcset=\"https:\/\/www-stg.stelorder.com\/wp-content\/uploads\/2023\/06\/hero-facturacion-electronica.png 691w, https:\/\/www-stg.stelorder.com\/wp-content\/uploads\/2023\/06\/hero-facturacion-electronica-300x170.png 300w\" sizes=\"(max-width: 691px) 100vw, 691px\" \/><\/figure>\n\n<\/div>\n<\/div>\n<\/div>\n<\/div>\n\n<div class=\"gb-container gb-container-7da84afe\">\n<div class=\"gb-container gb-container-cb32a7f5\">\n\n<figure class=\"gb-block-image gb-block-image-58d8f78a\"><img decoding=\"async\" width=\"176\" height=\"29\" class=\"gb-image gb-image-58d8f78a\" src=\"https:\/\/www-stg.stelorder.com\/wp-content\/uploads\/2023\/05\/Estrellas-5.svg\" alt=\"\" title=\"Estrellas-5\"\/><\/figure>\n\n\n\n<h2 class=\"gb-headline gb-headline-e3aa639c gb-headline-text\">El software de facturaci\u00f3n mejor valorado<\/h2>\n\n\n<div class=\"gb-container gb-container-5b3c439f\">\n<div class=\"gb-container gb-container-55b6487e\">\n\n<p class=\"gb-headline gb-headline-d28d10e5 gb-headline-text\">Nuestros clientes nos valoran <strong class=\"cl-orange\" style=\"font-size:120%\">4.8\/5<\/strong>, con m\u00e1s de 2000 rese\u00f1as reales en<\/p>\n\n\n<div class=\"gb-container gb-container-9c3c8105\">\n\n<figure class=\"gb-block-image gb-block-image-04c81972\"><a href=\"https:\/\/play.google.com\/store\/apps\/details?id=com.stel.order&#038;hl=mx&#038;gl=MX\" target=\"_blank\" rel=\"noopener noreferrer nofollow\"><img decoding=\"async\" width=\"157\" height=\"46\" class=\"gb-image gb-image-04c81972\" src=\"https:\/\/www-stg.stelorder.com\/wp-content\/uploads\/2023\/12\/disponible-en-Google-Play-2.svg\" alt=\"\" title=\"disponible en Google Play-2\"\/><\/a><\/figure>\n\n\n\n<figure class=\"gb-block-image gb-block-image-5dfd914e\"><a href=\"https:\/\/apps.apple.com\/mx\/app\/stel-order-pro-erp-facturas\/id6444916227\" rel=\"nofollow noopener\" target=\"_blank\"><img decoding=\"async\" class=\"gb-image gb-image-5dfd914e\" src=\"https:\/\/www-stg.stelorder.com\/wp-content\/uploads\/2024\/01\/consiguelo-app-store-esp-n-1.svg\" alt=\"\" title=\"consiguelo-app-store-esp-n\"><\/a><\/figure>\n\n<\/div>\n<\/div>\n<\/div>\n<\/div>\n\n<div class=\"gb-container gb-container-0264e1f6\">\n<div class=\"gb-container gb-container-ec91115c\">\n\n<figure class=\"gb-block-image gb-block-image-7840caf7\"><img decoding=\"async\" width=\"555\" height=\"385\" class=\"gb-image gb-image-7840caf7\" src=\"https:\/\/www-stg.stelorder.com\/wp-content\/uploads\/2023\/06\/ilustracion-ley-crea.png\" alt=\"\" title=\"ilustracion-ley-crea\" srcset=\"https:\/\/www-stg.stelorder.com\/wp-content\/uploads\/2023\/06\/ilustracion-ley-crea.png 555w, https:\/\/www-stg.stelorder.com\/wp-content\/uploads\/2023\/06\/ilustracion-ley-crea-300x208.png 300w\" sizes=\"(max-width: 555px) 100vw, 555px\" \/><\/figure>\n\n<\/div>\n\n<div class=\"gb-container gb-container-c4048ff3\">\n\n<h2 class=\"gb-headline gb-headline-1710c401 gb-headline-text cl-h3\">Servicio de facturaci\u00f3n CFDI versi\u00f3n 4.0<\/h2>\n\n\n\n<p class=\"gb-headline gb-headline-6fccacb4 gb-headline-text cl-h10\">A partir del 1 de abril de 2023, la versi\u00f3n 4.0 es la \u00fanica oficialmente reconocida y v\u00e1lida. Las personas f\u00edsicas y morales, como contribuyentes, deben emitir facturas electr\u00f3nicas por todas sus actividades comerciales, ingresos recibidos o en casos donde se apliquen retenciones fiscales.<\/p>\n\n\n\n<p class=\"gb-headline gb-headline-18fc3569 cl-h10\"><span class=\"gb-icon\"><svg xmlns=\"http:\/\/www.w3.org\/2000\/svg\" fill=\"none\" viewBox=\"0 0 35 35\" height=\"35\" width=\"35\"> <rect fill=\"#39B29B\" rx=\"7\" height=\"35\" width=\"35\"><\/rect> <path fill=\"white\" d=\"M28.0536 10.2257C28.8495 10.9916 28.8736 12.2577 28.1077 13.0536L16.0764 25.5536C15.6994 25.9453 15.1791 26.1666 14.6354 26.1666C14.0918 26.1666 13.5715 25.9453 13.1945 25.5536L7.72572 19.8717C6.95973 19.0759 6.98392 17.8098 7.77975 17.0438C8.57558 16.2779 9.84168 16.302 10.6077 17.0979L14.6354 21.2826L25.2257 10.2797C25.9917 9.48386 27.2578 9.45967 28.0536 10.2257Z\" clip-rule=\"evenodd\" fill-rule=\"evenodd\"><\/path> <\/svg><\/span><span class=\"gb-headline-text\">Certificado digital integrado<\/span><\/p>\n\n\n\n<p class=\"gb-headline gb-headline-e635e437 cl-h10\"><span class=\"gb-icon\"><svg xmlns=\"http:\/\/www.w3.org\/2000\/svg\" fill=\"none\" viewBox=\"0 0 35 35\" height=\"35\" width=\"35\"> <rect fill=\"#39B29B\" rx=\"7\" height=\"35\" width=\"35\"><\/rect> <path fill=\"white\" d=\"M28.0536 10.2257C28.8495 10.9916 28.8736 12.2577 28.1077 13.0536L16.0764 25.5536C15.6994 25.9453 15.1791 26.1666 14.6354 26.1666C14.0918 26.1666 13.5715 25.9453 13.1945 25.5536L7.72572 19.8717C6.95973 19.0759 6.98392 17.8098 7.77975 17.0438C8.57558 16.2779 9.84168 16.302 10.6077 17.0979L14.6354 21.2826L25.2257 10.2797C25.9917 9.48386 27.2578 9.45967 28.0536 10.2257Z\" clip-rule=\"evenodd\" fill-rule=\"evenodd\"><\/path> <\/svg><\/span><span class=\"gb-headline-text\">Recepci\u00f3n de facturas electr\u00f3nicas<\/span><\/p>\n\n<\/div>\n<\/div>\n\n<div class=\"gb-container gb-container-a7e6bf56\">\n<div class=\"gb-container gb-container-f78fc618\">\n\n<h2 class=\"gb-headline gb-headline-ed406ea9 gb-headline-text cl-h3\">Expertos en facturaci\u00f3n electr\u00f3nica<\/h2>\n\n\n\n<p class=\"gb-headline gb-headline-e5188eda gb-headline-text cl-h10\">Tenemos experiencia en este campo. Ya hemos adaptado la facturaci\u00f3n electr\u00f3nica del Gobierno de M\u00e9xico bajo las especificaciones del SAT y emitir CFDIs, las del Gobierno Chileno para emitir DTEs y en \u00faltima instancia las del Pa\u00eds Vasco con TicketBAI.<\/p>\n\n\n\n<p class=\"gb-headline gb-headline-8ea9ccc7 cl-h10\"><span class=\"gb-icon\"><svg xmlns=\"http:\/\/www.w3.org\/2000\/svg\" fill=\"none\" viewBox=\"0 0 35 35\" height=\"35\" width=\"35\"> <rect fill=\"#39B29B\" rx=\"7\" height=\"35\" width=\"35\"><\/rect> <path fill=\"white\" d=\"M28.0536 10.2257C28.8495 10.9916 28.8736 12.2577 28.1077 13.0536L16.0764 25.5536C15.6994 25.9453 15.1791 26.1666 14.6354 26.1666C14.0918 26.1666 13.5715 25.9453 13.1945 25.5536L7.72572 19.8717C6.95973 19.0759 6.98392 17.8098 7.77975 17.0438C8.57558 16.2779 9.84168 16.302 10.6077 17.0979L14.6354 21.2826L25.2257 10.2797C25.9917 9.48386 27.2578 9.45967 28.0536 10.2257Z\" clip-rule=\"evenodd\" fill-rule=\"evenodd\"><\/path> <\/svg><\/span><span class=\"gb-headline-text\">CFDI (M\u00e9xico)<\/span><\/p>\n\n\n\n<p class=\"gb-headline gb-headline-15edefb8 cl-h10\"><span class=\"gb-icon\"><svg xmlns=\"http:\/\/www.w3.org\/2000\/svg\" fill=\"none\" viewBox=\"0 0 35 35\" height=\"35\" width=\"35\"> <rect fill=\"#39B29B\" rx=\"7\" height=\"35\" width=\"35\"><\/rect> <path fill=\"white\" d=\"M28.0536 10.2257C28.8495 10.9916 28.8736 12.2577 28.1077 13.0536L16.0764 25.5536C15.6994 25.9453 15.1791 26.1666 14.6354 26.1666C14.0918 26.1666 13.5715 25.9453 13.1945 25.5536L7.72572 19.8717C6.95973 19.0759 6.98392 17.8098 7.77975 17.0438C8.57558 16.2779 9.84168 16.302 10.6077 17.0979L14.6354 21.2826L25.2257 10.2797C25.9917 9.48386 27.2578 9.45967 28.0536 10.2257Z\" clip-rule=\"evenodd\" fill-rule=\"evenodd\"><\/path> <\/svg><\/span><span class=\"gb-headline-text\">DTE (Chile)<\/span><\/p>\n\n\n\n<p class=\"gb-headline gb-headline-9ef43b24 cl-h10\"><span class=\"gb-icon\"><svg xmlns=\"http:\/\/www.w3.org\/2000\/svg\" fill=\"none\" viewBox=\"0 0 35 35\" height=\"35\" width=\"35\"> <rect fill=\"#39B29B\" rx=\"7\" height=\"35\" width=\"35\"><\/rect> <path fill=\"white\" d=\"M28.0536 10.2257C28.8495 10.9916 28.8736 12.2577 28.1077 13.0536L16.0764 25.5536C15.6994 25.9453 15.1791 26.1666 14.6354 26.1666C14.0918 26.1666 13.5715 25.9453 13.1945 25.5536L7.72572 19.8717C6.95973 19.0759 6.98392 17.8098 7.77975 17.0438C8.57558 16.2779 9.84168 16.302 10.6077 17.0979L14.6354 21.2826L25.2257 10.2797C25.9917 9.48386 27.2578 9.45967 28.0536 10.2257Z\" clip-rule=\"evenodd\" fill-rule=\"evenodd\"><\/path> <\/svg><\/span><span class=\"gb-headline-text\">TicketBAI (Pa\u00eds Vasco). <\/span><\/p>\n\n<\/div>\n\n<div class=\"gb-container gb-container-905e2478\">\n\n<figure class=\"gb-block-image gb-block-image-58f7544b\"><img decoding=\"async\" width=\"555\" height=\"384\" class=\"gb-image gb-image-58f7544b\" src=\"https:\/\/www-stg.stelorder.com\/wp-content\/uploads\/2023\/06\/ilustracion-expertos-facturacion.png\" alt=\"\" title=\"ilustracion-expertos-facturacion\" srcset=\"https:\/\/www-stg.stelorder.com\/wp-content\/uploads\/2023\/06\/ilustracion-expertos-facturacion.png 555w, https:\/\/www-stg.stelorder.com\/wp-content\/uploads\/2023\/06\/ilustracion-expertos-facturacion-300x208.png 300w\" sizes=\"(max-width: 555px) 100vw, 555px\" \/><\/figure>\n\n<\/div>\n<\/div>\n\n<div class=\"gb-container gb-container-a1f30d8e\">\n<div class=\"gb-container gb-container-87bae032\">\n\n<figure class=\"gb-block-image gb-block-image-c81bab64\"><img decoding=\"async\" width=\"555\" height=\"384\" class=\"gb-image gb-image-c81bab64\" src=\"https:\/\/www-stg.stelorder.com\/wp-content\/uploads\/2023\/06\/ilustracion-facturas-electronicas-erp.png\" alt=\"\" title=\"ilustracion-facturas-electronicas-erp\" srcset=\"https:\/\/www-stg.stelorder.com\/wp-content\/uploads\/2023\/06\/ilustracion-facturas-electronicas-erp.png 555w, https:\/\/www-stg.stelorder.com\/wp-content\/uploads\/2023\/06\/ilustracion-facturas-electronicas-erp-300x208.png 300w\" sizes=\"(max-width: 555px) 100vw, 555px\" \/><\/figure>\n\n<\/div>\n\n<div class=\"gb-container gb-container-48cacf2c\">\n\n<h2 class=\"gb-headline gb-headline-b0f7f174 gb-headline-text cl-h3\">Mucho m\u00e1s que facturas electr\u00f3nicas,<br>un ERP.<\/h2>\n\n\n\n<p class=\"gb-headline gb-headline-4a9c3af4 gb-headline-text cl-h10\">Adem\u00e1s de hacer facturas CFDI de forma f\u00e1cil y de cumplir con los requerimientos legales, STEL Order es el programa de gesti\u00f3n empresarial mejor valorado. Gestiona todos los aspectos de tu negocio desde la versi\u00f3n web o app.<\/p>\n\n\n<div class=\"gb-button-wrapper gb-button-wrapper-cb949440\">\n\n<span class=\"gb-button gb-button-41e4bdb6 gb-button-text cl-btn-try cl-btn-try-green\"><strong>Empieza ahora<\/strong><\/span>\n\n<\/div>\n<\/div>\n<\/div>\n\n<div class=\"gb-container gb-container-604f19b2\">\n\n<p class=\"gb-headline gb-headline-69f03c91 gb-headline-text\">\u00daltimos art\u00edculos publicados sobre Facturaci\u00f3n electr\u00f3nica-&gt;<\/p>\n\n\n\n<div class=\"wp-block-query is-layout-constrained wp-container-core-query-is-layout-586f749a wp-block-query-is-layout-constrained\"><\/div>\n\n<\/div>\n\n<div class=\"gb-container gb-container-ced785d7\" id=\"faqs\">\n<div class=\"gb-container gb-container-2e06f3cb\">\n\n<h2 class=\"gb-headline gb-headline-e3bc5a03 gb-headline-text\">Preguntas frecuentes sobre factura electr\u00f3nica CFDI<\/h2>\n\n\n<div class=\"gb-container gb-container-cf7c09fc gb-accordion\">\n<div class=\"gb-container gb-container-f3578176 gb-accordion__item gb-accordion__item-open\" data-transition=\"slide\">\n\n<button class=\"gb-button gb-button-44b42c35 gb-accordion__toggle gb-block-is-current\"><span class=\"gb-button-text\">\u00bfQu\u00e9 es una factura electr\u00f3nica CFDI?<\/span><span class=\"gb-icon\"><svg xmlns=\"http:\/\/www.w3.org\/2000\/svg\" viewBox=\"0 0 448 512\" width=\"1em\" height=\"1em\" ariahidden=\"true\" role=\"img\" class=\"gb-accordion__icon\"><path d=\"M416 208H272V64c0-17.67-14.33-32-32-32h-32c-17.67 0-32 14.33-32 32v144H32c-17.67 0-32 14.33-32 32v32c0 17.67 14.33 32 32 32h144v144c0 17.67 14.33 32 32 32h32c17.67 0 32-14.33 32-32V304h144c17.67 0 32-14.33 32-32v-32c0-17.67-14.33-32-32-32z\" fill=\"currentColor\"><\/path><\/svg><svg xmlns=\"http:\/\/www.w3.org\/2000\/svg\" viewBox=\"0 0 448 512\" width=\"1em\" height=\"1em\" ariahidden=\"true\" role=\"img\" class=\"gb-accordion__icon-open\"><path d=\"M416 208H32c-17.67 0-32 14.33-32 32v32c0 17.67 14.33 32 32 32h384c17.67 0 32-14.33 32-32v-32c0-17.67-14.33-32-32-32z\" fill=\"currentColor\"><\/path><\/svg><\/span><\/button>\n\n\n<div class=\"gb-accordion__content\"><div class=\"gb-container gb-container-1f8a86d4\">\n\n<p>Una factura electr\u00f3nica CFDI (Comprobante Fiscal Digital por Internet) en M\u00e9xico es un documento digital que sirve como comprobante fiscal de las operaciones comerciales. Este documento electr\u00f3nico tiene validez legal y fiscal, y se utiliza para registrar ventas, servicios prestados, y otros tipos de transacciones. El CFDI incluye informaci\u00f3n detallada sobre el emisor, el receptor, los conceptos de la operaci\u00f3n, los impuestos aplicables, y otros datos relevantes. Se emite a trav\u00e9s de sistemas autorizados por el Servicio de Administraci\u00f3n Tributaria (SAT) y es parte esencial del sistema tributario mexicano para garantizar la transparencia y el correcto registro de las transacciones comerciales.<\/p>\n\n<\/div><\/div>\n<\/div>\n\n<div class=\"gb-container gb-container-d2e735f3 gb-accordion__item\" data-transition=\"slide\">\n\n<button class=\"gb-button gb-button-45ba2667 gb-accordion__toggle\"><span class=\"gb-button-text\">\u00bfEs necesario especificar el per\u00edodo al que corresponden las facturas globales al emitirlas?<\/span><span class=\"gb-icon\"><svg xmlns=\"http:\/\/www.w3.org\/2000\/svg\" viewBox=\"0 0 448 512\" width=\"1em\" height=\"1em\" ariahidden=\"true\" role=\"img\" class=\"gb-accordion__icon\"><path d=\"M416 208H272V64c0-17.67-14.33-32-32-32h-32c-17.67 0-32 14.33-32 32v144H32c-17.67 0-32 14.33-32 32v32c0 17.67 14.33 32 32 32h144v144c0 17.67 14.33 32 32 32h32c17.67 0 32-14.33 32-32V304h144c17.67 0 32-14.33 32-32v-32c0-17.67-14.33-32-32-32z\" fill=\"currentColor\"><\/path><\/svg><svg xmlns=\"http:\/\/www.w3.org\/2000\/svg\" viewBox=\"0 0 448 512\" width=\"1em\" height=\"1em\" ariahidden=\"true\" role=\"img\" class=\"gb-accordion__icon-open\"><path d=\"M416 208H32c-17.67 0-32 14.33-32 32v32c0 17.67 14.33 32 32 32h384c17.67 0 32-14.33 32-32v-32c0-17.67-14.33-32-32-32z\" fill=\"currentColor\"><\/path><\/svg><\/span><\/button>\n\n\n<div class=\"gb-accordion__content\"><div class=\"gb-container gb-container-0a73729c\">\n\n<p>S\u00ed, es esencial. Al momento de emitir facturas globales, se debe incluir informaci\u00f3n detallada sobre la periodicidad de las mismas. Esto implica se\u00f1alar claramente el mes o los meses, as\u00ed como el a\u00f1o al que corresponden dichas facturas, para cumplir con los requisitos fiscales y de registro adecuados.<\/p>\n\n<\/div><\/div>\n<\/div>\n\n<div class=\"gb-container gb-container-8e3fbc21 gb-accordion__item\" data-transition=\"slide\">\n\n<button class=\"gb-button gb-button-0546d305 gb-accordion__toggle\"><span class=\"gb-button-text\">\u00bfCu\u00e1les son los beneficios de usar facturas electr\u00f3nicas?<\/span><span class=\"gb-icon\"><svg xmlns=\"http:\/\/www.w3.org\/2000\/svg\" viewBox=\"0 0 448 512\" width=\"1em\" height=\"1em\" ariahidden=\"true\" role=\"img\" class=\"gb-accordion__icon\"><path d=\"M416 208H272V64c0-17.67-14.33-32-32-32h-32c-17.67 0-32 14.33-32 32v144H32c-17.67 0-32 14.33-32 32v32c0 17.67 14.33 32 32 32h144v144c0 17.67 14.33 32 32 32h32c17.67 0 32-14.33 32-32V304h144c17.67 0 32-14.33 32-32v-32c0-17.67-14.33-32-32-32z\" fill=\"currentColor\"><\/path><\/svg><svg xmlns=\"http:\/\/www.w3.org\/2000\/svg\" viewBox=\"0 0 448 512\" width=\"1em\" height=\"1em\" ariahidden=\"true\" role=\"img\" class=\"gb-accordion__icon-open\"><path d=\"M416 208H32c-17.67 0-32 14.33-32 32v32c0 17.67 14.33 32 32 32h384c17.67 0 32-14.33 32-32v-32c0-17.67-14.33-32-32-32z\" fill=\"currentColor\"><\/path><\/svg><\/span><\/button>\n\n\n<div class=\"gb-accordion__content\"><div class=\"gb-container gb-container-c520e35f\">\n\n<p>Usar facturas electr\u00f3nicas es r\u00e1pido y f\u00e1cil. Puedes enviarlas y revisar su estado en l\u00ednea, lo que ahorra tiempo y dinero en desplazamientos y papel. Adem\u00e1s, es bueno para el medio ambiente.<\/p>\n\n<\/div><\/div>\n<\/div>\n\n<div class=\"gb-container gb-container-678633c6 gb-accordion__item\" data-transition=\"slide\">\n\n<button class=\"gb-button gb-button-3016dd47 gb-accordion__toggle\"><span class=\"gb-button-text\">\u00bfEs posible recibir facturas si desconozco mi r\u00e9gimen fiscal?<\/span><span class=\"gb-icon\"><svg xmlns=\"http:\/\/www.w3.org\/2000\/svg\" viewBox=\"0 0 448 512\" width=\"1em\" height=\"1em\" ariahidden=\"true\" role=\"img\" class=\"gb-accordion__icon\"><path d=\"M416 208H272V64c0-17.67-14.33-32-32-32h-32c-17.67 0-32 14.33-32 32v144H32c-17.67 0-32 14.33-32 32v32c0 17.67 14.33 32 32 32h144v144c0 17.67 14.33 32 32 32h32c17.67 0 32-14.33 32-32V304h144c17.67 0 32-14.33 32-32v-32c0-17.67-14.33-32-32-32z\" fill=\"currentColor\"><\/path><\/svg><svg xmlns=\"http:\/\/www.w3.org\/2000\/svg\" viewBox=\"0 0 448 512\" width=\"1em\" height=\"1em\" ariahidden=\"true\" role=\"img\" class=\"gb-accordion__icon-open\"><path d=\"M416 208H32c-17.67 0-32 14.33-32 32v32c0 17.67 14.33 32 32 32h384c17.67 0 32-14.33 32-32v-32c0-17.67-14.33-32-32-32z\" fill=\"currentColor\"><\/path><\/svg><\/span><\/button>\n\n\n<div class=\"gb-accordion__content\"><div class=\"gb-container gb-container-4cd5354a\">\n\n<p>No, la emisi\u00f3n de facturas electr\u00f3nicas requiere que el receptor proporcione su r\u00e9gimen fiscal, ya que es un dato obligatorio para su elaboraci\u00f3n.<\/p>\n\n<\/div><\/div>\n<\/div>\n\n<div class=\"gb-container gb-container-4826c4a2 gb-accordion__item\" data-transition=\"slide\">\n\n<button class=\"gb-button gb-button-bbe495ea gb-accordion__toggle\"><span class=\"gb-button-text\">\u00bfQu\u00e9 caracter\u00edsticas espec\u00edficas ofrece el software de facturaci\u00f3n electr\u00f3nica CFDI de STEL Order?<\/span><span class=\"gb-icon\"><svg xmlns=\"http:\/\/www.w3.org\/2000\/svg\" viewBox=\"0 0 448 512\" width=\"1em\" height=\"1em\" ariahidden=\"true\" role=\"img\" class=\"gb-accordion__icon\"><path d=\"M416 208H272V64c0-17.67-14.33-32-32-32h-32c-17.67 0-32 14.33-32 32v144H32c-17.67 0-32 14.33-32 32v32c0 17.67 14.33 32 32 32h144v144c0 17.67 14.33 32 32 32h32c17.67 0 32-14.33 32-32V304h144c17.67 0 32-14.33 32-32v-32c0-17.67-14.33-32-32-32z\" fill=\"currentColor\"><\/path><\/svg><svg xmlns=\"http:\/\/www.w3.org\/2000\/svg\" viewBox=\"0 0 448 512\" width=\"1em\" height=\"1em\" ariahidden=\"true\" role=\"img\" class=\"gb-accordion__icon-open\"><path d=\"M416 208H32c-17.67 0-32 14.33-32 32v32c0 17.67 14.33 32 32 32h384c17.67 0 32-14.33 32-32v-32c0-17.67-14.33-32-32-32z\" fill=\"currentColor\"><\/path><\/svg><\/span><\/button>\n\n\n<div class=\"gb-accordion__content\"><div class=\"gb-container gb-container-8e1ad38c\">\n\n<p>STEL Order ofrece automatizaci\u00f3n de la facturaci\u00f3n electr\u00f3nica, un certificado digital integrado, y la capacidad de recibir facturas electr\u00f3nicas. Adem\u00e1s, est\u00e1 adaptado a las normativas de facturaci\u00f3n electr\u00f3nica de varios pa\u00edses.<\/p>\n\n<\/div><\/div>\n<\/div>\n\n<div class=\"gb-container gb-container-e17f85e6 gb-accordion__item\" data-transition=\"slide\">\n\n<button class=\"gb-button gb-button-ab45a242 gb-accordion__toggle\"><span class=\"gb-button-text\">\u00bfQu\u00e9 informaci\u00f3n b\u00e1sica necesito del cliente para poder emitir una factura?<\/span><span class=\"gb-icon\"><svg xmlns=\"http:\/\/www.w3.org\/2000\/svg\" viewBox=\"0 0 448 512\" width=\"1em\" height=\"1em\" ariahidden=\"true\" role=\"img\" class=\"gb-accordion__icon\"><path d=\"M416 208H272V64c0-17.67-14.33-32-32-32h-32c-17.67 0-32 14.33-32 32v144H32c-17.67 0-32 14.33-32 32v32c0 17.67 14.33 32 32 32h144v144c0 17.67 14.33 32 32 32h32c17.67 0 32-14.33 32-32V304h144c17.67 0 32-14.33 32-32v-32c0-17.67-14.33-32-32-32z\" fill=\"currentColor\"><\/path><\/svg><svg xmlns=\"http:\/\/www.w3.org\/2000\/svg\" viewBox=\"0 0 448 512\" width=\"1em\" height=\"1em\" ariahidden=\"true\" role=\"img\" class=\"gb-accordion__icon-open\"><path d=\"M416 208H32c-17.67 0-32 14.33-32 32v32c0 17.67 14.33 32 32 32h384c17.67 0 32-14.33 32-32v-32c0-17.67-14.33-32-32-32z\" fill=\"currentColor\"><\/path><\/svg><\/span><\/button>\n\n\n<div class=\"gb-accordion__content\"><div class=\"gb-container gb-container-b9bae128\">\n\n<p>Para la emisi\u00f3n de una factura, es esencial contar con la siguiente informaci\u00f3n b\u00e1sica del cliente: su RFC, nombre o denominaci\u00f3n social, r\u00e9gimen fiscal, y el c\u00f3digo postal correspondiente a su domicilio fiscal.<\/p>\n\n<\/div><\/div>\n<\/div>\n\n<div class=\"gb-container gb-container-42f3deb8 gb-accordion__item\" data-transition=\"slide\">\n\n<button class=\"gb-button gb-button-0dfd005b gb-accordion__toggle\"><span class=\"gb-button-text\">\u00bfQu\u00e9 experiencia tiene STEL Order en facturaci\u00f3n electr\u00f3nica?<\/span><span class=\"gb-icon\"><svg xmlns=\"http:\/\/www.w3.org\/2000\/svg\" viewBox=\"0 0 448 512\" width=\"1em\" height=\"1em\" ariahidden=\"true\" role=\"img\" class=\"gb-accordion__icon\"><path d=\"M416 208H272V64c0-17.67-14.33-32-32-32h-32c-17.67 0-32 14.33-32 32v144H32c-17.67 0-32 14.33-32 32v32c0 17.67 14.33 32 32 32h144v144c0 17.67 14.33 32 32 32h32c17.67 0 32-14.33 32-32V304h144c17.67 0 32-14.33 32-32v-32c0-17.67-14.33-32-32-32z\" fill=\"currentColor\"><\/path><\/svg><svg xmlns=\"http:\/\/www.w3.org\/2000\/svg\" viewBox=\"0 0 448 512\" width=\"1em\" height=\"1em\" ariahidden=\"true\" role=\"img\" class=\"gb-accordion__icon-open\"><path d=\"M416 208H32c-17.67 0-32 14.33-32 32v32c0 17.67 14.33 32 32 32h384c17.67 0 32-14.33 32-32v-32c0-17.67-14.33-32-32-32z\" fill=\"currentColor\"><\/path><\/svg><\/span><\/button>\n\n\n<div class=\"gb-accordion__content\"><div class=\"gb-container gb-container-a215bf7a\">\n\n<p>STEL Order tiene experiencia en adaptar su software a las especificaciones de facturaci\u00f3n electr\u00f3nica de gobiernos como M\u00e9xico (CFDI), Chile (DTE) y el Pa\u00eds Vasco (TicketBAI).<\/p>\n\n<\/div><\/div>\n<\/div>\n<\/div>\n<\/div>\n<\/div>\n<\/div>","protected":false},"excerpt":{"rendered":"<p>Software de facturaci\u00f3n electr\u00f3nica Factura electr\u00f3nicamente con el mejor programa de gesti\u00f3n Ahorra tiempos y automatiza el 90% de la facturaci\u00f3n electr\u00f3nica CFDI de tu &#8230; <a title=\"Facturaci\u00f3n electr\u00f3nica CFDI\" class=\"read-more\" href=\"https:\/\/www-stg.stelorder.com\/mexico\/facturacion-electronica\/\" aria-label=\"Read more about Facturaci\u00f3n electr\u00f3nica CFDI\">Leer<\/a><\/p>\n","protected":false},"author":4,"featured_media":27976,"parent":0,"menu_order":0,"comment_status":"closed","ping_status":"closed","template":"","meta":{"_acf_changed":false,"inline_featured_image":false,"footnotes":""},"class_list":{"0":"post-36418","1":"page","2":"type-page","3":"status-publish","4":"has-post-thumbnail","6":"no-featured-image-padding"},"acf":[],"_links":{"self":[{"href":"https:\/\/www-stg.stelorder.com\/mexico\/wp-json\/wp\/v2\/pages\/36418","targetHints":{"allow":["GET"]}}],"collection":[{"href":"https:\/\/www-stg.stelorder.com\/mexico\/wp-json\/wp\/v2\/pages"}],"about":[{"href":"https:\/\/www-stg.stelorder.com\/mexico\/wp-json\/wp\/v2\/types\/page"}],"author":[{"embeddable":true,"href":"https:\/\/www-stg.stelorder.com\/mexico\/wp-json\/wp\/v2\/users\/4"}],"replies":[{"embeddable":true,"href":"https:\/\/www-stg.stelorder.com\/mexico\/wp-json\/wp\/v2\/comments?post=36418"}],"version-history":[{"count":0,"href":"https:\/\/www-stg.stelorder.com\/mexico\/wp-json\/wp\/v2\/pages\/36418\/revisions"}],"wp:featuredmedia":[{"embeddable":true,"href":"https:\/\/www-stg.stelorder.com\/mexico\/wp-json\/wp\/v2\/media\/27976"}],"wp:attachment":[{"href":"https:\/\/www-stg.stelorder.com\/mexico\/wp-json\/wp\/v2\/media?parent=36418"}],"curies":[{"name":"wp","href":"https:\/\/api.w.org\/{rel}","templated":true}]}}