{"id":19969,"date":"2022-05-26T16:36:48","date_gmt":"2022-05-26T14:36:48","guid":{"rendered":"https:\/\/www-stg.stelorder.com\/politica-cookies\/"},"modified":"2022-05-26T16:43:26","modified_gmt":"2022-05-26T14:43:26","slug":"politica-cookies","status":"publish","type":"page","link":"https:\/\/www-stg.stelorder.com\/mexico\/politica-cookies\/","title":{"rendered":"Pol\u00edtica de Cookies"},"content":{"rendered":"\n<h2 class=\"gb-headline gb-headline-99cfee47 gb-headline-text\">Pol\u00edtica de Cookies<\/h2>\n\n<h4 class=\"wp-block-heading\"><strong>A- \u00bfQU\u00c9 SON LAS COOKIES?<\/strong><\/h4>\n\n<p>La mayor\u00eda de la informaci\u00f3n que recopilamos desde nuestros sitios web es informaci\u00f3n an\u00f3nima. Las cookies, al igual que otros sistemas similares, son una herramienta de almacenamiento y recuperaci\u00f3n de datos empleada por los servidores web para almacenar y recuperar informaci\u00f3n relacionada con los usuarios.<\/p>\n\n<p>No son m\u00e1s que peque\u00f1os ficheros de datos que el navegador almacena, en ocasiones, en tu disco duro y que contienen informaci\u00f3n acerca de lo realizado por la p\u00e1gina, que podr\u00e1 ser utilizada para la prestaci\u00f3n de los servicios concretos, para servir publicidad o como base para el desarrollo de mejoras o nuevos productos y servicios, en ocasiones gratuitos.<\/p>\n\n<h4 class=\"wp-block-heading\"><strong>B- \u00bfPARA QU\u00c9 SON LAS COOKIES?<\/strong><\/h4>\n\n<p>En STEL SOLUTIONS empleamos esta herramienta para conocer con qu\u00e9 frecuencia los usuarios utilizan nuestros servicios y cu\u00e1les se usan m\u00e1s y cu\u00e1les menos, a fin de mejorar la navegaci\u00f3n de nuestra p\u00e1gina web de acuerdo con los patrones estad\u00edsticos de comportamiento de nuestros usuarios.<\/p>\n\n<p>Esta informaci\u00f3n se utiliza \u00fanicamente de forma interna, con el objetivo de incrementar nuestra comprensi\u00f3n del comportamiento de los usuarios en la web, siendo una herramienta muy importante para nosotros a fin de mejorar la calidad nuestros servicios y contenidos.<\/p>\n\n<h3 class=\"wp-block-heading\"><strong>C- COOKIES PROPIAS,<\/strong><\/h3>\n\n<p>Las cookies propias que utilizamos tienen que finalidad conocer el PARTNER (en su caso) del que proviene el USUARIO DE PRUEBA o CLIENTE de STEL Order; conocer el pa\u00eds del que proviene un USUARIO DE PRUEBA al momento de registrarse, a fin de precargarle los datos relativos a su pa\u00eds de procedencia; y conocer a trav\u00e9s de qu\u00e9 campa\u00f1a en medios digitales (en su caso) proviene USUARIO DE PRUEBA o CLIENTE de STEL Order.<\/p>\n\n<p>En ning\u00fan caso, el uso de dichas cookies supone obtenci\u00f3n de informaci\u00f3n de car\u00e1cter personal.<\/p>\n\n<h4 class=\"wp-block-heading\"><strong>D- COOKIES DE TERCEROS,<\/strong><\/h4>\n\n<p>Las cookies de terceros que utilizamos son las de Google Analytics, un servicio anal\u00edtico de web prestado por Google, Inc., una compa\u00f1\u00eda de Delaware cuya oficina principal est\u00e1 en 1600 Amphitheatre Parkway, Mountain View (California), CA 94043, Estados Unidos (\u201cGoogle\u201d). La informaci\u00f3n que genera la cookie acerca de tu uso del website (incluyendo tu direcci\u00f3n IP) ser\u00e1 directamente transmitida y archivada por Google en los servidores de Estados Unidos. Google Inc, cuenta con las medidas de seguridad y protecci\u00f3n adecuadas a las exigencias de la Uni\u00f3n Europea, al cumplir el Acuerdo Marco del Escudo de Privacidad EEUU &#8211; Uni\u00f3n Europea (puedes consultarlo aqu\u00ed: <\/p>\n\n<p><a href=\"https:\/\/www.privacyshield.gov\/participant?id=a2zt000000001L5AAI\" rel=\"nofollow noopener\" target=\"_blank\">https:\/\/www.privacyshield.gov\/participant?id=a2zt000000001L5AAI<\/a><\/p>\n\n<p>Google usar\u00e1 esta informaci\u00f3n por cuenta nuestra con el prop\u00f3sito de seguir la pista de tu uso del www.stelorder.com, recopilando informes de la actividad y prestando otros servicios relacionados con la actividad de www.stelorder.com y el uso de Internet. Google podr\u00e1 transmitir dicha informaci\u00f3n a terceros cuando as\u00ed se lo requiera la legislaci\u00f3n, o cuando dichos terceros procesen la informaci\u00f3n por cuenta de Google, si bien no asociar\u00e1 tu direcci\u00f3n IP con ning\u00fan otro dato del que disponga Google.<\/p>\n\n<h4 class=\"wp-block-heading\"><strong>E- CONSENTIMIENTO Y REVOCACI\u00d3N DEL MISMO.<\/strong><\/h4>\n\n<p>Al utilizar www.stelorder.com consientes el tratamiento de tu informaci\u00f3n por Google en la forma y para los fines aqu\u00ed indicados. Como usuario puedes configurar tu navegador para aceptar o rechazar por defecto todas las cookies o para recibir un aviso en pantalla de la recepci\u00f3n de cada cookie y decidir en ese momento su implantaci\u00f3n o no en su disco duro.<\/p>\n\n<p>Para ello te sugerimos consultar la secci\u00f3n de ayuda de tu navegador y conocer c\u00f3mo variar la configuraci\u00f3n. Podr\u00e1s navegar por nuestro portal aunque configures tu navegador para rechazar todas las cookies o rechaces expresamente las cookies del STEL SOLUTIONS, S.L., aunque no podr\u00e1s disfrutar de las funcionalidades del portal que requieran su instalaci\u00f3n. En cualquier caso, podr\u00e1s eliminar las cookies implantadas en tu disco duro en cualquier momento, siguiendo el procedimiento que tenga establecido tu navegador.<\/p>\n\n<h4 class=\"wp-block-heading\"><strong>F- ACEPTACI\u00d3N DE LA POL\u00cdTICA DE PRIVACIDAD Y COOKIES.<\/strong><\/h4>\n\n<p>Con independencia de tu opci\u00f3n en cuanto al uso de cookies, la aceptaci\u00f3n de la presente pol\u00edtica de privacidad implica que has sido informado de una forma clara y completa sobre el uso de dispositivos de almacenamiento y recuperaci\u00f3n de datos (cookies) as\u00ed como que el STEL SOLUTIONS, S.L. dispone del consentimiento del usuario para el uso de las mismas tal y como establece el art\u00edculo 22 de la Ley 34\/2002, de 11 de julio, de Servicios de la Sociedad de la Informaci\u00f3n y Comercio Electr\u00f3nico (LSSI-CE).<\/p>\n\n<p><\/p>\n","protected":false},"excerpt":{"rendered":"<p>Pol\u00edtica de Cookies A- \u00bfQU\u00c9 SON LAS COOKIES? La mayor\u00eda de la informaci\u00f3n que recopilamos desde nuestros sitios web es informaci\u00f3n an\u00f3nima. Las cookies, al &#8230; <a title=\"Pol\u00edtica de Cookies\" class=\"read-more\" href=\"https:\/\/www-stg.stelorder.com\/mexico\/politica-cookies\/\" aria-label=\"Read more about Pol\u00edtica de Cookies\">Leer<\/a><\/p>\n","protected":false},"author":4,"featured_media":11661,"parent":0,"menu_order":0,"comment_status":"closed","ping_status":"closed","template":"","meta":{"_acf_changed":false,"inline_featured_image":false,"footnotes":""},"class_list":{"0":"post-19969","1":"page","2":"type-page","3":"status-publish","4":"has-post-thumbnail","6":"no-featured-image-padding"},"acf":[],"_links":{"self":[{"href":"https:\/\/www-stg.stelorder.com\/mexico\/wp-json\/wp\/v2\/pages\/19969","targetHints":{"allow":["GET"]}}],"collection":[{"href":"https:\/\/www-stg.stelorder.com\/mexico\/wp-json\/wp\/v2\/pages"}],"about":[{"href":"https:\/\/www-stg.stelorder.com\/mexico\/wp-json\/wp\/v2\/types\/page"}],"author":[{"embeddable":true,"href":"https:\/\/www-stg.stelorder.com\/mexico\/wp-json\/wp\/v2\/users\/4"}],"replies":[{"embeddable":true,"href":"https:\/\/www-stg.stelorder.com\/mexico\/wp-json\/wp\/v2\/comments?post=19969"}],"version-history":[{"count":0,"href":"https:\/\/www-stg.stelorder.com\/mexico\/wp-json\/wp\/v2\/pages\/19969\/revisions"}],"wp:featuredmedia":[{"embeddable":true,"href":"https:\/\/www-stg.stelorder.com\/mexico\/wp-json\/wp\/v2\/media\/11661"}],"wp:attachment":[{"href":"https:\/\/www-stg.stelorder.com\/mexico\/wp-json\/wp\/v2\/media?parent=19969"}],"curies":[{"name":"wp","href":"https:\/\/api.w.org\/{rel}","templated":true}]}}