{"id":1512,"date":"2021-08-16T17:32:05","date_gmt":"2021-08-16T15:32:05","guid":{"rendered":"https:\/\/www-stg.stelorder.com\/erp\/pagos-online\/"},"modified":"2022-02-02T13:22:36","modified_gmt":"2022-02-02T12:22:36","slug":"pagos-online","status":"publish","type":"page","link":"https:\/\/www-stg.stelorder.com\/mexico\/erp\/pagos-online\/","title":{"rendered":"Pagos online"},"content":{"rendered":"<div class=\"gb-container gb-container-531f8a5b\"><div class=\"gb-inside-container\">\n<div class=\"gb-grid-wrapper gb-grid-wrapper-8efc654a\">\n<div class=\"gb-grid-column gb-grid-column-96c0c339\"><div class=\"gb-container gb-container-96c0c339\"><div class=\"gb-inside-container\">\n\n<h1 class=\"gb-headline gb-headline-a2c33d53 gb-headline-text\"><strong>Pagos online<\/strong><\/h1>\n\n\n\n<p>Cobra una factura CFDI con tu celular o tableta a un cliente tras prestar un servicio o entregar una mercanc\u00eda.<\/p>\n\n\n\n<p>Con STEL Order podr\u00e1s hacerlo de forma f\u00e1cil y segura gracias a su integraci\u00f3n con Paypal y Stripe.<\/p>\n\n\n<div class=\"gb-button-wrapper gb-button-wrapper-da59c35d\">\n\n<span class=\"gb-button gb-button-5b8ce442 gb-button-text cl-btn-try\">Pru\u00e9balo GRATIS<\/span>\n\n<\/div>\n<\/div><\/div><\/div>\n\n<div class=\"gb-grid-column gb-grid-column-b96027ad\"><div class=\"gb-container gb-container-b96027ad\"><div class=\"gb-inside-container\">\n\n<figure class=\"wp-block-image size-full\"><img decoding=\"async\" width=\"548\" height=\"546\" src=\"https:\/\/www-stg.stelorder.com\/wp-content\/uploads\/2021\/08\/pagos-online.png\" alt=\"\" class=\"wp-image-887\" srcset=\"https:\/\/www-stg.stelorder.com\/wp-content\/uploads\/2021\/08\/pagos-online.png 548w, https:\/\/www-stg.stelorder.com\/wp-content\/uploads\/2021\/08\/pagos-online-300x300.png 300w, https:\/\/www-stg.stelorder.com\/wp-content\/uploads\/2021\/08\/pagos-online-150x150.png 150w\" sizes=\"(max-width: 548px) 100vw, 548px\" \/><\/figure>\n<\/div><\/div><\/div>\n<\/div>\n<\/div><div class=\"gb-shapes\"><div class=\"gb-shape gb-shape-1\"><svg xmlns=\"http:\/\/www.w3.org\/2000\/svg\" viewBox=\"0 0 1200 211.2\" preserveAspectRatio=\"none\"><path d=\"M600 188.4C321.1 188.4 84.3 109.5 0 0v211.2h1200V0c-84.3 109.5-321.1 188.4-600 188.4z\"\/><\/svg><\/div><\/div><\/div>\n<h2 class=\"gb-headline gb-headline-eb4e31d2 gb-headline-text cl-h3\">\u00bfQu\u00e9 puedes hacer con Pagos online?<\/h2>\n<div class=\"gb-container gb-container-0b4c2f16 cl-mobile-reverse\"><div class=\"gb-inside-container\">\n<div class=\"gb-grid-wrapper gb-grid-wrapper-acb91086\">\n<div class=\"gb-grid-column gb-grid-column-11aeb631\"><div class=\"gb-container gb-container-11aeb631\"><div class=\"gb-inside-container\">\n\n<figure class=\"wp-block-image size-full\"><img decoding=\"async\" src=\"https:\/\/www-stg.stelorder.com\/wp-content\/uploads\/2021\/08\/cobros-instanta&#x301;neos.png\" alt=\"\" class=\"wp-image-878\"\/><\/figure>\n<\/div><\/div><\/div>\n\n<div class=\"gb-grid-column gb-grid-column-340ab181\"><div class=\"gb-container gb-container-340ab181\"><div class=\"gb-inside-container\">\n\n<h3 class=\"gb-headline gb-headline-2215f192 gb-headline-text cl-h6\"><strong>Cobros instant\u00e1neos<\/strong><\/h3>\n\n\n\n<p><strong>Cobra m\u00e1s r\u00e1pido las facturas<\/strong>CFDI y realiza los cobros de una forma f\u00e1cil, r\u00e1pida y segura.<\/p>\n\n\n\n<p>selecciona por defecto que documentos quieres que se paguen mediante los pagos online y d\u00f3nde quieres que aparezca el bot\u00f3n de pagar dentro de tus documentos o de tus emails.<\/p>\n\n<\/div><\/div><\/div>\n<\/div>\n<\/div><\/div><div class=\"gb-container gb-container-c6dcf370 cl-block-try-free cl-padding-normal\"><div class=\"gb-inside-container\">\n<div class=\"gb-grid-wrapper gb-grid-wrapper-70f51658 cl-gest-basico-avanzado\">\n<div class=\"gb-grid-column gb-grid-column-fed539a8\"><div class=\"gb-container gb-container-fed539a8\"><div class=\"gb-inside-container\">\n\n<p class=\"gb-headline gb-headline-16054b35 gb-headline-text cl-h3\">Simplifica la gesti\u00f3n de tu negocio con <span class=\"cl-orange\">STEL Order<\/span><\/p>\n\n\n\n<p class=\"cl-h11 has-stel-pure-white-color has-text-color\">Si no te encanta gestionar tu empresa con STEL Order te devolvemos tu dinero<\/p>\n\n\n<div class=\"gb-button-wrapper gb-button-wrapper-6baf7aa8\">\n\n<span class=\"gb-button gb-button-b237c663 gb-button-text cl-mobile-center cl-btn-try cl-btn-basica-completa\">Pru\u00e9balo Gratis<\/span>\n\n<\/div>\n<\/div><\/div><\/div>\n\n<div class=\"gb-grid-column gb-grid-column-57052cff\"><div class=\"gb-container gb-container-57052cff cl-block-try-buttons\"><div class=\"gb-inside-container\">\n\n<figure class=\"wp-block-image aligncenter size-full\"><img decoding=\"async\" width=\"587\" height=\"192\" src=\"https:\/\/www-stg.stelorder.com\/wp-content\/uploads\/2022\/05\/simple-completa.png\" alt=\"\" class=\"wp-image-19164\" srcset=\"https:\/\/www-stg.stelorder.com\/wp-content\/uploads\/2022\/05\/simple-completa.png 587w, https:\/\/www-stg.stelorder.com\/wp-content\/uploads\/2022\/05\/simple-completa-300x98.png 300w, https:\/\/www-stg.stelorder.com\/wp-content\/uploads\/2022\/05\/simple-completa-150x49.png 150w\" sizes=\"(max-width: 587px) 100vw, 587px\" \/><\/figure>\n\n<\/div><\/div><\/div>\n<\/div>\n<\/div><\/div><div class=\"gb-container gb-container-a7554848\"><div class=\"gb-inside-container\">\n\n<div class=\"wpcf7 no-js\" id=\"wpcf7-f422-o1\" lang=\"es-ES\" dir=\"ltr\" data-wpcf7-id=\"422\">\n<div class=\"screen-reader-response\"><p role=\"status\" aria-live=\"polite\" aria-atomic=\"true\"><\/p> <ul><\/ul><\/div>\n<form action=\"\/mexico\/wp-json\/wp\/v2\/pages\/1512\/#wpcf7-f422-o1\" method=\"post\" class=\"wpcf7-form init\" aria-label=\"Formulario de contacto\" novalidate=\"novalidate\" data-status=\"init\">\n<fieldset class=\"hidden-fields-container\"><input type=\"hidden\" name=\"_wpcf7\" value=\"422\" \/><input type=\"hidden\" name=\"_wpcf7_version\" value=\"6.1.5\" \/><input type=\"hidden\" name=\"_wpcf7_locale\" value=\"es_ES\" \/><input type=\"hidden\" name=\"_wpcf7_unit_tag\" value=\"wpcf7-f422-o1\" \/><input type=\"hidden\" name=\"_wpcf7_container_post\" value=\"0\" \/><input type=\"hidden\" name=\"_wpcf7_posted_data_hash\" value=\"\" \/><input type=\"hidden\" name=\"_wpcf7dtx_version\" value=\"5.0.5\" \/>\n<\/fieldset>\n<div class=\"wpcf7-turnstile cf-turnstile\" data-sitekey=\"0x4AAAAAACrqrOw4fzjPUf6L\" data-response-field-name=\"_wpcf7_turnstile_response\"><\/div>\n\n<div class=\"cl-cf7-demo\">\n\t<p class=\"cl-h5\">Solicita una <span class=\"cl-orange\">demostraci\u00f3n<\/span> de STEL Order\n\t<\/p>\n\t<p class=\"cl-text-cf7-bold\">Un experto en ERP te escuchar\u00e1, resolver\u00e1 tus dudas,<br \/>\ny te mostrar\u00e1 como aplicarlo a tu negocio\n\t<\/p>\n\t<p><label> <span class=\"cl-cf7-label\">Nombre<\/span><br \/>\n<span class=\"wpcf7-form-control-wrap\" data-name=\"nombre-contacto\"><input size=\"40\" maxlength=\"400\" class=\"wpcf7-form-control wpcf7-text wpcf7-validates-as-required\" aria-required=\"true\" aria-invalid=\"false\" placeholder=\"Nombre\" value=\"\" type=\"text\" name=\"nombre-contacto\" \/><\/span> <\/label>\n\t<\/p>\n\t<p><span id=\"wpcf7-69d45d792c415-wrapper\" class=\"wpcf7-form-control-wrap website-url-567-wrap\" style=\"display:none !important; visibility:hidden !important;\"><input type=\"hidden\" name=\"website-url-567-time-start\" value=\"1775525241\"><input type=\"hidden\" name=\"website-url-567-time-check\" value=\"4\"><label for=\"wpcf7-69d45d792c415-field\" class=\"hp-message\">Por favor, deja este campo vac\u00edo.<\/label><input id=\"wpcf7-69d45d792c415-field\"  placeholder=\"Url sitio web\"  class=\"wpcf7-form-control wpcf7-text\" type=\"text\" name=\"website-url-567\" value=\"\" size=\"40\" tabindex=\"-1\" autocomplete=\"new-password\" \/><\/span>\n\t<\/p>\n\t<p><label> <span class=\"cl-cf7-label\">Tel\u00e9fono<\/span><br \/>\n<span class=\"wpcf7-form-control-wrap\" data-name=\"tel-contacto\"><input size=\"40\" maxlength=\"400\" class=\"wpcf7-form-control wpcf7-tel wpcf7-text wpcf7-validates-as-tel\" aria-invalid=\"false\" placeholder=\"Tel\u00e9fono\" value=\"\" type=\"tel\" name=\"tel-contacto\" \/><\/span> <\/label>\n\t<\/p>\n\t<p><label> <span class=\"cl-cf7-label\">Email<\/span><br \/>\n<span class=\"wpcf7-form-control-wrap\" data-name=\"email-contacto\"><input size=\"40\" maxlength=\"400\" class=\"wpcf7-form-control wpcf7-email wpcf7-validates-as-required wpcf7-text wpcf7-validates-as-email\" aria-required=\"true\" aria-invalid=\"false\" placeholder=\"Email\" value=\"\" type=\"email\" name=\"email-contacto\" \/><\/span> <\/label>\n\t<\/p>\n\t<p><span class=\"wpcf7-form-control-wrap\" data-name=\"acceptance-159\"><span class=\"wpcf7-form-control wpcf7-acceptance\"><span class=\"wpcf7-list-item\"><label><input type=\"checkbox\" name=\"acceptance-159\" value=\"1\" aria-invalid=\"false\" \/><span class=\"wpcf7-list-item-label\">He le\u00eddo y acepto la <a href=\"\/politica-de-privacidad-stel-order\/\">pol\u00edtica de privacidad<\/a><\/span><\/label><\/span><\/span><\/span>\n\t<\/p>\n\t<p><input class=\"wpcf7-form-control wpcf7-submit has-spinner\" type=\"submit\" value=\"Enviar\" \/>\n\t<\/p>\n<\/div><div class=\"wpcf7-response-output\" aria-hidden=\"true\"><\/div>\n<\/form>\n<\/div>\n\n\n<\/div><\/div>","protected":false},"excerpt":{"rendered":"<p>\u00bfQu\u00e9 puedes hacer con Pagos online?<\/p>\n","protected":false},"author":3,"featured_media":11661,"parent":1267,"menu_order":0,"comment_status":"closed","ping_status":"closed","template":"","meta":{"_acf_changed":false,"inline_featured_image":false,"footnotes":""},"class_list":{"0":"post-1512","1":"page","2":"type-page","3":"status-publish","4":"has-post-thumbnail","6":"no-featured-image-padding"},"acf":[],"_links":{"self":[{"href":"https:\/\/www-stg.stelorder.com\/mexico\/wp-json\/wp\/v2\/pages\/1512","targetHints":{"allow":["GET"]}}],"collection":[{"href":"https:\/\/www-stg.stelorder.com\/mexico\/wp-json\/wp\/v2\/pages"}],"about":[{"href":"https:\/\/www-stg.stelorder.com\/mexico\/wp-json\/wp\/v2\/types\/page"}],"author":[{"embeddable":true,"href":"https:\/\/www-stg.stelorder.com\/mexico\/wp-json\/wp\/v2\/users\/3"}],"replies":[{"embeddable":true,"href":"https:\/\/www-stg.stelorder.com\/mexico\/wp-json\/wp\/v2\/comments?post=1512"}],"version-history":[{"count":0,"href":"https:\/\/www-stg.stelorder.com\/mexico\/wp-json\/wp\/v2\/pages\/1512\/revisions"}],"up":[{"embeddable":true,"href":"https:\/\/www-stg.stelorder.com\/mexico\/wp-json\/wp\/v2\/pages\/1267"}],"wp:featuredmedia":[{"embeddable":true,"href":"https:\/\/www-stg.stelorder.com\/mexico\/wp-json\/wp\/v2\/media\/11661"}],"wp:attachment":[{"href":"https:\/\/www-stg.stelorder.com\/mexico\/wp-json\/wp\/v2\/media?parent=1512"}],"curies":[{"name":"wp","href":"https:\/\/api.w.org\/{rel}","templated":true}]}}