{"id":1446,"date":"2021-08-16T11:28:59","date_gmt":"2021-08-16T09:28:59","guid":{"rendered":"https:\/\/www-stg.stelorder.com\/terminos-de-uso-del-programa-de-partners\/"},"modified":"2021-10-13T02:24:51","modified_gmt":"2021-10-13T00:24:51","slug":"terminos-de-uso-del-programa-de-partners","status":"publish","type":"page","link":"https:\/\/www-stg.stelorder.com\/mexico\/terminos-de-uso-del-programa-de-partners\/","title":{"rendered":"T\u00e9rminos del Programa de Partners"},"content":{"rendered":"<h2 style=\"text-align: justify;\"><span style=\"font-size: 16px;\"><strong>OBJETO<\/strong><\/span><\/h2>\n<p style=\"text-align: justify;\">El Partner se obliga a promocionar y prescribir el Software STEL Order en los t\u00e9rminos y condiciones previstos en el presente documento. El presente documento no implica ninguna exclusividad para las partes contratantes. El Partner no podr\u00e1 ser considerado, en ning\u00fan caso, como representante de STEL y no podr\u00e1 actuar ni comprometerse en su nombre. El Partner actuar\u00e1 en todo momento en su nombre y por cuenta propia.<\/p>\n<p>&nbsp;<\/p>\n<h2 style=\"text-align: justify;\"><span style=\"font-size: 16px;\"><strong>T\u00c9RMINOS Y CONDICIONES GENERALES Y ESPEC\u00cdFICOS DE PRESTACI\u00d3N DE LOS SERVICIOS<\/strong><\/span><\/h2>\n<p style=\"text-align: justify;\">El Partner guardar\u00e1 confidencialidad sobre la informaci\u00f3n que le facilite STEL en o para la ejecuci\u00f3n de sus labores o que por su propia naturaleza deba ser tratada como tal.<\/p>\n<p style=\"text-align: justify;\">STEL responder\u00e1 de la calidad del servicio STEL Order con la diligencia exigible a una empresa especializada en el desarrollo y comercializaci\u00f3n de software.<\/p>\n<p style=\"text-align: justify;\">El Partner responder\u00e1 de los da\u00f1os y perjuicios que se deriven para STEL y de las reclamaciones que pueda realizar un tercero, y que tengan su causa directa en errores del Partner, o de su personal, que deriven de la falta de diligencia.<\/p>\n<p style=\"text-align: justify;\">STEL ser\u00e1 responsable de la asistencia t\u00e9cnica y el Partner de la asistencia comercial enfocada a la venta tanto a usuarios finales, como a otros distribuidores o revendedores.<\/p>\n<p style=\"text-align: justify;\">El Partner deber\u00e1 formar a sus empleados o vendedores para realizar una adecuada demostraci\u00f3n y explicar las ventajas de STEL Order.<\/p>\n<p style=\"text-align: justify;\">La contrataci\u00f3n del servicio STEL Order se realizar\u00e1n directamente por parte del cliente a trav\u00e9s de la propia aplicaci\u00f3n web accesible desde stelorder.com.<\/p>\n<p style=\"text-align: justify;\">STEL proporciona los medios t\u00e9cnicos necesarios que permitan identificar un\u00edvocamente a los clientes que hayan contratado STEL Order a trav\u00e9s del Partner, a trav\u00e9s de su apartado web personal de Partner accesible desde stelorder.com\/authorized-partner.<\/p>\n<p style=\"text-align: justify;\">La identificaci\u00f3n del Partner y el pago del servicio por parte del cliente referido, devengar\u00e1 una comisi\u00f3n para el Partner del 15 % del volumen de negocio neto generado por sus clientes referidos, y relativo a toda la facturaci\u00f3n recurrente realizada a dichos clientes, durante un m\u00e1ximo de 3 a\u00f1os. <span>El pago de estas comisiones se liquidar\u00e1, tras la emisi\u00f3n de una factura a STEL por parte del Partner, dentro del periodo comprendido entre el d\u00eda de recepci\u00f3n de la factura y los 2 meses naturales posteriores a la fecha de recepci\u00f3n de la misma<\/span>. Cuando el Partner disponga de 100 clientes referidos activos, entonces devengar\u00e1 una comisi\u00f3n del 20 %&nbsp;del volumen de negocio neto generado por sus clientes referidos.<\/p>\n<p style=\"text-align: justify;\">El Partner podr\u00e1 utilizar la marca, nombre comercial y logotipos de STEL Order solamente para la promoci\u00f3n y publicidad de servicio www.stelorder.com, conforme a la Ley de marcas 17\/2001 de 7 de enero. El Partner no tiene ning\u00fan derecho sobre las marcas, nombres comerciales, ni los logotipos. Y preservar\u00e1 en todo momento los derechos del STEL sobre los mismos.<\/p>\n<p style=\"text-align: justify;\"><strong>DURACI\u00d3N DE LA RELACI\u00d3N<\/strong><\/p>\n<p style=\"text-align: justify;\">El per\u00edodo de duraci\u00f3n de la relaci\u00f3n entre las partes ser\u00e1 de un (1) a\u00f1o con renovaci\u00f3n autom\u00e1tica por periodos de igual duraci\u00f3n desde el momento de su provisi\u00f3n. Ambas partes podr\u00e1n dar por resulta la siguiente relaci\u00f3n, bastando para ello una comunicaci\u00f3n escrita cursada con una anticipaci\u00f3n de por lo menos 15 d\u00edas.<\/p>\n<p style=\"text-align: justify;\">La comisi\u00f3n para el Partner solo se devengar\u00e1 mientras dure la relaci\u00f3n.<\/p>\n<p><span>El Partner tendr\u00e1 derecho de alcance a nivel global, sin limitaciones geogr\u00e1ficas.&nbsp;<\/span><\/p>\n<p><span><\/span><\/p>\n<h2 style=\"text-align: justify;\"><span style=\"font-size: 16px;\"><strong>R\u00c9GIMEN JUR\u00cdDICO<\/strong><\/span><\/h2>\n<p style=\"text-align: justify;\">Para la resoluci\u00f3n de todas las controversias o cuestiones relacionadas con la siguiente relaci\u00f3n, ser\u00e1 de aplicaci\u00f3n directa la legislaci\u00f3n espa\u00f1ola, espec\u00edficamente el C\u00f3digo Civil, el C\u00f3digo de Comercio y dem\u00e1s legislaci\u00f3n vigente aplicable a las relaciones comerciales internacionales entre empresas, renunciando expresamente a cualquier otro tipo de legislaci\u00f3n aplicable.<\/p>\n<p style=\"text-align: justify;\">Del mismo modo, las partes se someten a la ley de arbitraje espa\u00f1ola y a intentar la resoluci\u00f3n de toda cuesti\u00f3n litigiosa en primer lugar de mutuo acuerdo mediante negociaci\u00f3n. No obstante, las partes se someten expresamente, renunciando a cualquier otro foro competente, a los Tribunales de Murcia.<\/p>\n","protected":false},"excerpt":{"rendered":"<p>OBJETO El Partner se obliga a promocionar y prescribir el Software STEL Order en los t\u00e9rminos y condiciones previstos en el presente documento. El presente &#8230; <a title=\"T\u00e9rminos del Programa de Partners\" class=\"read-more\" href=\"https:\/\/www-stg.stelorder.com\/mexico\/terminos-de-uso-del-programa-de-partners\/\" aria-label=\"Read more about T\u00e9rminos del Programa de Partners\">Leer<\/a><\/p>\n","protected":false},"author":4,"featured_media":11661,"parent":0,"menu_order":0,"comment_status":"closed","ping_status":"closed","template":"","meta":{"_acf_changed":false,"inline_featured_image":false,"footnotes":""},"class_list":{"0":"post-1446","1":"page","2":"type-page","3":"status-publish","4":"has-post-thumbnail","6":"no-featured-image-padding"},"acf":[],"_links":{"self":[{"href":"https:\/\/www-stg.stelorder.com\/mexico\/wp-json\/wp\/v2\/pages\/1446","targetHints":{"allow":["GET"]}}],"collection":[{"href":"https:\/\/www-stg.stelorder.com\/mexico\/wp-json\/wp\/v2\/pages"}],"about":[{"href":"https:\/\/www-stg.stelorder.com\/mexico\/wp-json\/wp\/v2\/types\/page"}],"author":[{"embeddable":true,"href":"https:\/\/www-stg.stelorder.com\/mexico\/wp-json\/wp\/v2\/users\/4"}],"replies":[{"embeddable":true,"href":"https:\/\/www-stg.stelorder.com\/mexico\/wp-json\/wp\/v2\/comments?post=1446"}],"version-history":[{"count":0,"href":"https:\/\/www-stg.stelorder.com\/mexico\/wp-json\/wp\/v2\/pages\/1446\/revisions"}],"wp:featuredmedia":[{"embeddable":true,"href":"https:\/\/www-stg.stelorder.com\/mexico\/wp-json\/wp\/v2\/media\/11661"}],"wp:attachment":[{"href":"https:\/\/www-stg.stelorder.com\/mexico\/wp-json\/wp\/v2\/media?parent=1446"}],"curies":[{"name":"wp","href":"https:\/\/api.w.org\/{rel}","templated":true}]}}