{"id":11466,"date":"2022-01-11T12:24:26","date_gmt":"2022-01-11T11:24:26","guid":{"rendered":"https:\/\/www-stg.stelorder.com\/desarrolladores\/"},"modified":"2024-01-23T16:38:23","modified_gmt":"2024-01-23T15:38:23","slug":"desarrolladores","status":"publish","type":"page","link":"https:\/\/www-stg.stelorder.com\/mexico\/desarrolladores\/","title":{"rendered":"Desarrolladores"},"content":{"rendered":"<div class=\"gb-container gb-container-aed350b1 cl-padding-hero\"><div class=\"gb-inside-container\">\n\n<h2 class=\"gb-headline gb-headline-3b6e6398 gb-headline-text\">Crea software que ayude a tus clientes o a miles de clientes de STEL Order<\/h2>\n\n\n<div class=\"gb-button-wrapper gb-button-wrapper-b7652c07\">\n\n<a class=\"gb-button gb-button-7c94aea3 gb-button-text\" href=\"#formtester\">\u00danete al programa de desarrolladores<\/a>\n\n<\/div>\n<\/div><\/div><div class=\"gb-container gb-container-ba25d095\"><div class=\"gb-inside-container\">\n\n<h2 class=\"gb-headline gb-headline-831a0e14 gb-headline-text cl-h5\">Un API REST que te va a encantar<\/h2>\n\n\n\n<p class=\"has-text-align-center\">Te proporcionamos una API REST robusta con muchas funcionalidades para ayudarte a conectar STEL Order con otros software. En la p\u00e1gina de documentaci\u00f3n puedes acceder a la informaci\u00f3n que necesitas y generar ejemplos de c\u00f3digo de forma interactiva.<\/p>\n\n\n\n<p class=\"has-text-align-center\">Puedes administrar tantos <em>API Keys<\/em> como necesites accediendo a tu cuenta en <strong>Configuraci\u00f3n &gt; Funcionalidades &gt; API<\/strong>.<\/p>\n\n\n<div class=\"gb-button-wrapper gb-button-wrapper-111fe7c5\">\n\n<a class=\"gb-button gb-button-2931b9c6 gb-button-text\" href=\"https:\/\/app.stelorder.com\/app\/indexapi.html\" rel=\"nofollow noopener\" target=\"_blank\">Documentaci\u00f3n de API STEL Order<\/a>\n\n<\/div>\n<\/div><\/div><div class=\"gb-container gb-container-d94f97c0\" id=\"formtester\"><div class=\"gb-inside-container\">\n\n<h3 class=\"gb-headline gb-headline-4990533f gb-headline-text\">Inscr\u00edbete en el programa de desarrolladores de STEL Order<\/h3>\n\n\n\n<div class=\"wpcf7 no-js\" id=\"wpcf7-f11166-o1\" lang=\"es-ES\" dir=\"ltr\" data-wpcf7-id=\"11166\">\n<div class=\"screen-reader-response\"><p role=\"status\" aria-live=\"polite\" aria-atomic=\"true\"><\/p> <ul><\/ul><\/div>\n<form action=\"\/mexico\/wp-json\/wp\/v2\/pages\/11466\/#wpcf7-f11166-o1\" method=\"post\" class=\"wpcf7-form init\" aria-label=\"Formulario de contacto\" novalidate=\"novalidate\" data-status=\"init\">\n<fieldset class=\"hidden-fields-container\"><input type=\"hidden\" name=\"_wpcf7\" value=\"11166\" \/><input type=\"hidden\" name=\"_wpcf7_version\" value=\"6.1.5\" \/><input type=\"hidden\" name=\"_wpcf7_locale\" value=\"es_ES\" \/><input type=\"hidden\" name=\"_wpcf7_unit_tag\" value=\"wpcf7-f11166-o1\" \/><input type=\"hidden\" name=\"_wpcf7_container_post\" value=\"0\" \/><input type=\"hidden\" name=\"_wpcf7_posted_data_hash\" value=\"\" \/><input type=\"hidden\" name=\"_wpcf7dtx_version\" value=\"5.0.5\" \/>\n<\/fieldset>\n<div class=\"wpcf7-turnstile cf-turnstile\" data-sitekey=\"0x4AAAAAACrqrOw4fzjPUf6L\" data-response-field-name=\"_wpcf7_turnstile_response\"><\/div>\n\n<div class=\"cl-cf7-general\">\n\t<div class=\"cl_cf7_2_col\">\n\t\t<p><label> <span class=\"cl-cf7-label\">Nombre<\/span><br \/>\n<span class=\"wpcf7-form-control-wrap\" data-name=\"input-nombre\"><input size=\"40\" maxlength=\"400\" class=\"wpcf7-form-control wpcf7-text wpcf7-validates-as-required contact-form-7-half-1\" id=\"cf7-input-nombre\" aria-required=\"true\" aria-invalid=\"false\" placeholder=\"Nombre\" value=\"\" type=\"text\" name=\"input-nombre\" \/><\/span><\/label><br \/>\n<label> <span class=\"cl-cf7-label\">Empresa<\/span><br \/>\n<span class=\"wpcf7-form-control-wrap\" data-name=\"input-nombreEmpresa\"><input size=\"40\" maxlength=\"400\" class=\"wpcf7-form-control wpcf7-text wpcf7-validates-as-required contact-form-7-input contact-form-7-half-2\" id=\"cf7-input-nombreEmpresa\" aria-required=\"true\" aria-invalid=\"false\" placeholder=\"Empresa\" value=\"\" type=\"text\" name=\"input-nombreEmpresa\" \/><\/span><\/label>\n\t\t<\/p>\n\t<\/div>\n\t<p><label> <span class=\"cl-cf7-label\">Tu email<\/span><br \/>\n<span class=\"wpcf7-form-control-wrap\" data-name=\"input-email\"><input size=\"40\" maxlength=\"400\" class=\"wpcf7-form-control wpcf7-email wpcf7-validates-as-required wpcf7-text wpcf7-validates-as-email contact-form-7-input contact-form-7\" id=\"cf7-input-email\" aria-required=\"true\" aria-invalid=\"false\" placeholder=\"Tu email\" value=\"\" type=\"email\" name=\"input-email\" \/><\/span><\/label>\n\t<\/p>\n\t<p><label> <span class=\"cl-cf7-label\">Email de STEL Order<\/span><br \/>\n<span class=\"wpcf7-form-control-wrap\" data-name=\"input-emailSTELOrder\"><input size=\"40\" maxlength=\"400\" class=\"wpcf7-form-control wpcf7-email wpcf7-validates-as-required wpcf7-text wpcf7-validates-as-email contact-form-7-input contact-form-7\" aria-required=\"true\" aria-invalid=\"false\" placeholder=\"Email de STEL Order\" value=\"\" type=\"email\" name=\"input-emailSTELOrder\" \/><\/span><\/label>\n\t<\/p>\n\t<p><span id=\"wpcf7-69dada5fd56be-wrapper\" class=\"wpcf7-form-control-wrap website-url-568-wrap\" style=\"display:none !important; visibility:hidden !important;\"><input type=\"hidden\" name=\"website-url-568-time-start\" value=\"1775950431\"><input type=\"hidden\" name=\"website-url-568-time-check\" value=\"4\"><label for=\"wpcf7-69dada5fd56be-field\" class=\"hp-message\">Por favor, deja este campo vac\u00edo.<\/label><input id=\"wpcf7-69dada5fd56be-field\"  placeholder=\"Url sitio web\"  class=\"wpcf7-form-control wpcf7-text\" type=\"text\" name=\"website-url-568\" value=\"\" size=\"40\" tabindex=\"-1\" autocomplete=\"new-password\" \/><\/span>\n\t<\/p>\n\t<p><label> <span class=\"cl-cf7-label\">Tel\u00e9fono<\/span><br \/>\n<span class=\"wpcf7-form-control-wrap\" data-name=\"input-telefono\"><input size=\"40\" maxlength=\"400\" class=\"wpcf7-form-control wpcf7-tel wpcf7-validates-as-required wpcf7-text wpcf7-validates-as-tel contact-form-7-input contact-form-7\" id=\"cf7-input-telefono\" aria-required=\"true\" aria-invalid=\"false\" placeholder=\"Tel\u00e9fono\" value=\"\" type=\"tel\" name=\"input-telefono\" \/><\/span><\/label>\n\t<\/p>\n\t<p><label> <span class=\"cl-cf7-label\">\u00bfQu\u00e9 define mejor tu inter\u00e9s?<\/span><br \/>\n<span class=\"wpcf7-form-control-wrap\" data-name=\"input-seccion\"><select class=\"wpcf7-form-control wpcf7-select wpcf7-validates-as-required contact-form-7-input\" aria-required=\"true\" aria-invalid=\"false\" name=\"input-seccion\"><option value=\"\u00bfQu\u00e9 define mejor tu inter\u00e9s?\">\u00bfQu\u00e9 define mejor tu inter\u00e9s?<\/option><option value=\"Desarrollar software para m\u00ed o para un cliente com\u00fan relacionado con E-commerce\">Desarrollar software para m\u00ed o para un cliente com\u00fan relacionado con E-commerce<\/option><option value=\"Desarrollar software para m\u00ed o para un cliente com\u00fan relacionado con Business Intelligence\">Desarrollar software para m\u00ed o para un cliente com\u00fan relacionado con Business Intelligence<\/option><option value=\"Desarrollar plugins de calidad que poder ofrecer a clientes de STEL Order\">Desarrollar plugins de calidad que poder ofrecer a clientes de STEL Order<\/option><\/select><\/span><\/label>\n\t<\/p>\n\t<p><label> <span class=\"cl-cf7-label\">Cu\u00e9ntanos m\u00e1s sobre lo que quieres desarrollar<\/span><br \/>\n<span class=\"wpcf7-form-control-wrap\" data-name=\"textarea-mensaje\"><textarea cols=\"40\" rows=\"10\" maxlength=\"2000\" class=\"wpcf7-form-control wpcf7-textarea wpcf7-validates-as-required contact-form-7-textarea\" id=\"cf7-input-mensaje\" aria-required=\"true\" aria-invalid=\"false\" placeholder=\"Cu\u00e9ntanos m\u00e1s sobre lo que quieres desarrollar...\" name=\"textarea-mensaje\"><\/textarea><\/span><\/label>\n\t<\/p>\n\t<p><span class=\"wpcf7-form-control-wrap\" data-name=\"acceptance-159\"><span class=\"wpcf7-form-control wpcf7-acceptance\"><span class=\"wpcf7-list-item\"><label><input type=\"checkbox\" name=\"acceptance-159\" value=\"1\" aria-invalid=\"false\" \/><span class=\"wpcf7-list-item-label\">He le\u00eddo y acepto la <a href=\"\/politica-de-privacidad-stel-order\/\">pol\u00edtica de privacidad<\/a><\/span><\/label><\/span><\/span><\/span>\n\t<\/p>\n\t<p><input class=\"wpcf7-form-control wpcf7-submit has-spinner\" type=\"submit\" value=\"Solicitar invitaci\u00f3n\" \/>\n\t<\/p>\n<\/div><div class=\"wpcf7-response-output\" aria-hidden=\"true\"><\/div>\n<\/form>\n<\/div>\n\n\n<\/div><\/div>\n<hr class=\"wp-block-separator has-text-color has-stel-orange-color has-css-opacity has-stel-orange-background-color has-background is-style-wide\"\/>\n<div class=\"gb-container gb-container-648d6677\" id=\"feedback\"><div class=\"gb-inside-container\">\n\n<h3 class=\"gb-headline gb-headline-c290066c gb-headline-text\">Agradecemos tu feedback<\/h3>\n\n\n\n<div class=\"wpcf7 no-js\" id=\"wpcf7-f11159-o2\" lang=\"es-ES\" dir=\"ltr\" data-wpcf7-id=\"11159\">\n<div class=\"screen-reader-response\"><p role=\"status\" aria-live=\"polite\" aria-atomic=\"true\"><\/p> <ul><\/ul><\/div>\n<form action=\"\/mexico\/wp-json\/wp\/v2\/pages\/11466\/#wpcf7-f11159-o2\" method=\"post\" class=\"wpcf7-form init\" aria-label=\"Formulario de contacto\" novalidate=\"novalidate\" data-status=\"init\">\n<fieldset class=\"hidden-fields-container\"><input type=\"hidden\" name=\"_wpcf7\" value=\"11159\" \/><input type=\"hidden\" name=\"_wpcf7_version\" value=\"6.1.5\" \/><input type=\"hidden\" name=\"_wpcf7_locale\" value=\"es_ES\" \/><input type=\"hidden\" name=\"_wpcf7_unit_tag\" value=\"wpcf7-f11159-o2\" \/><input type=\"hidden\" name=\"_wpcf7_container_post\" value=\"0\" \/><input type=\"hidden\" name=\"_wpcf7_posted_data_hash\" value=\"\" \/><input type=\"hidden\" name=\"_wpcf7dtx_version\" value=\"5.0.5\" \/>\n<\/fieldset>\n<div class=\"wpcf7-turnstile cf-turnstile\" data-sitekey=\"0x4AAAAAACrqrOw4fzjPUf6L\" data-response-field-name=\"_wpcf7_turnstile_response\"><\/div>\n\n<div class=\"cl-cf7-general\">\n\t<div class=\"cl_cf7_2_col\">\n\t\t<p><label> <span class=\"cl-cf7-label\">Nombre<\/span><br \/>\n<span class=\"wpcf7-form-control-wrap\" data-name=\"input-nombre\"><input size=\"40\" maxlength=\"400\" class=\"wpcf7-form-control wpcf7-text wpcf7-validates-as-required contact-form-7-half-1\" aria-required=\"true\" aria-invalid=\"false\" placeholder=\"Nombre\" value=\"\" type=\"text\" name=\"input-nombre\" \/><\/span><\/label><br \/>\n<label> <span class=\"cl-cf7-label\">Nombre empresa<\/span><br \/>\n<span class=\"wpcf7-form-control-wrap\" data-name=\"input-nombreempresa\"><input size=\"40\" maxlength=\"400\" class=\"wpcf7-form-control wpcf7-text wpcf7-validates-as-required contact-form-7-half-2\" id=\"cf7-input-nombreempresa\" aria-required=\"true\" aria-invalid=\"false\" placeholder=\"Nombre empresa\" value=\"\" type=\"text\" name=\"input-nombreempresa\" \/><\/span><\/label>\n\t\t<\/p>\n\t<\/div>\n\t<p><label> <span class=\"cl-cf7-label\">Email de acceso a STEL Order<\/span><br \/>\n<span class=\"wpcf7-form-control-wrap\" data-name=\"input-emailSTELOrder\"><input size=\"40\" maxlength=\"400\" class=\"wpcf7-form-control wpcf7-email wpcf7-validates-as-required wpcf7-text wpcf7-validates-as-email contact-form-7-input contact-form-7\" aria-required=\"true\" aria-invalid=\"false\" placeholder=\"Email de acceso a STEL Order\" value=\"\" type=\"email\" name=\"input-emailSTELOrder\" \/><\/span><\/label>\n\t<\/p>\n\t<p><span id=\"wpcf7-69dada600725e-wrapper\" class=\"wpcf7-form-control-wrap website-url-568-wrap\" style=\"display:none !important; visibility:hidden !important;\"><input type=\"hidden\" name=\"website-url-568-time-start\" value=\"1775950432\"><input type=\"hidden\" name=\"website-url-568-time-check\" value=\"4\"><label for=\"wpcf7-69dada600725e-field\" class=\"hp-message\">Por favor, deja este campo vac\u00edo.<\/label><input id=\"wpcf7-69dada600725e-field\"  placeholder=\"Url sitio web\"  class=\"wpcf7-form-control wpcf7-text\" type=\"text\" name=\"website-url-568\" value=\"\" size=\"40\" tabindex=\"-1\" autocomplete=\"new-password\" \/><\/span>\n\t<\/p>\n\t<p><label> <span class=\"cl-cf7-label\">\u00bfQu\u00e9 define mejor tu actividad?<\/span><br \/>\n<span class=\"wpcf7-form-control-wrap\" data-name=\"input-que\"><select class=\"wpcf7-form-control wpcf7-select wpcf7-validates-as-required contact-form-7-input\" aria-required=\"true\" aria-invalid=\"false\" name=\"input-que\"><option value=\"\u00bfQu\u00e9 define mejor tu actividad?\">\u00bfQu\u00e9 define mejor tu actividad?<\/option><option value=\"Servicios t\u00e9cnicos y mantenimientos\">Servicios t\u00e9cnicos y mantenimientos<\/option><option value=\"Fuerza comercial y distribuci\u00f3n\">Fuerza comercial y distribuci\u00f3n<\/option><option value=\"Inform\u00e1tica\">Inform\u00e1tica<\/option><option value=\"Servicios a empresas\">Servicios a empresas<\/option><option value=\"Otro sector\">Otro sector<\/option><\/select><\/span><\/label>\n\t<\/p>\n\t<p><label> <span class=\"cl-cf7-label\">\u00bfQu\u00e9 define mejor tu actividad?<\/span><br \/>\n<span class=\"wpcf7-form-control-wrap\" data-name=\"input-dispositivo\"><select class=\"wpcf7-form-control wpcf7-select wpcf7-validates-as-required contact-form-7-input\" aria-required=\"true\" aria-invalid=\"false\" name=\"input-dispositivo\"><option value=\"\u00bfC\u00f3mo nos conociste?\">\u00bfC\u00f3mo nos conociste?<\/option><option value=\"Buscando en Google\">Buscando en Google<\/option><option value=\"Buscando en Google Play\">Buscando en Google Play<\/option><option value=\"Buscando en AppStore\">Buscando en AppStore<\/option><option value=\"A trav\u00e9s de un partner STEL Order\">A trav\u00e9s de un partner STEL Order<\/option><option value=\"Alguien me recomend\u00f3 STEL Order\">Alguien me recomend\u00f3 STEL Order<\/option><\/select><\/span><\/label>\n\t<\/p>\n\t<p><label> <span class=\"cl-cf7-label\">\u00bfC\u00f3mo valorar\u00edas el software?<\/span><br \/>\n<span class=\"wpcf7-form-control-wrap\" data-name=\"input-val1\"><select class=\"wpcf7-form-control wpcf7-select wpcf7-validates-as-required contact-form-7-input\" aria-required=\"true\" aria-invalid=\"false\" name=\"input-val1\"><option value=\"\u00bfC\u00f3mo valorar\u00edas el software?\">\u00bfC\u00f3mo valorar\u00edas el software?<\/option><option value=\"1\">1<\/option><option value=\"2\">2<\/option><option value=\"3\">3<\/option><option value=\"4\">4<\/option><option value=\"5\">5<\/option><\/select><\/span><\/label>\n\t<\/p>\n\t<p><label> <span class=\"cl-cf7-label\">\u00bfC\u00f3mo valorar\u00edas el servicio de atenci\u00f3n al cliente?<\/span><br \/>\n<span class=\"wpcf7-form-control-wrap\" data-name=\"input-val2\"><select class=\"wpcf7-form-control wpcf7-select wpcf7-validates-as-required contact-form-7-input\" aria-required=\"true\" aria-invalid=\"false\" name=\"input-val2\"><option value=\"\u00bfC\u00f3mo valorar\u00edas el servicio de atenci\u00f3n al cliente?\">\u00bfC\u00f3mo valorar\u00edas el servicio de atenci\u00f3n al cliente?<\/option><option value=\"1\">1<\/option><option value=\"2\">2<\/option><option value=\"3\">3<\/option><option value=\"4\">4<\/option><option value=\"5\">5<\/option><\/select><\/span><\/label>\n\t<\/p>\n\t<p><label> <span class=\"cl-cf7-label\">\u00bfHas valorado la app de STEL Order en Google Play o Appstore?<\/span><br \/>\n<span class=\"wpcf7-form-control-wrap\" data-name=\"input-val3\"><select class=\"wpcf7-form-control wpcf7-select wpcf7-validates-as-required contact-form-7-input\" aria-required=\"true\" aria-invalid=\"false\" name=\"input-val3\"><option value=\"\u00bfHas valorado la app de STEL Order en Google Play o Appstore?\">\u00bfHas valorado la app de STEL Order en Google Play o Appstore?<\/option><option value=\"Si\">Si<\/option><option value=\"A\u00fan no\">A\u00fan no<\/option><\/select><\/span><\/label>\n\t<\/p>\n\t<p><label> <span class=\"cl-cf7-label\">\u00bfConoces el Comparte y gana?<\/span><br \/>\n<span class=\"wpcf7-form-control-wrap\" data-name=\"input-comparte\"><select class=\"wpcf7-form-control wpcf7-select wpcf7-validates-as-required contact-form-7-input\" aria-required=\"true\" aria-invalid=\"false\" name=\"input-comparte\"><option value=\"\u00bfConoces el Comparte y gana?\">\u00bfConoces el Comparte y gana?<\/option><option value=\"No\">No<\/option><option value=\"Si y lo uso\">Si y lo uso<\/option><option value=\"Si y no lo uso\">Si y no lo uso<\/option><\/select><\/span><\/label>\n\t<\/p>\n\t<p><label> <span class=\"cl-cf7-label\">\u00bfQu\u00e9 define mejor tu actividad?<\/span><br \/>\n<span class=\"wpcf7-form-control-wrap\" data-name=\"input-embajador\"><select class=\"wpcf7-form-control wpcf7-select wpcf7-validates-as-required contact-form-7-input\" aria-required=\"true\" aria-invalid=\"false\" name=\"input-embajador\"><option value=\"\u00bfNos quieres ayudar a distribuir STEL Order?\">\u00bfNos quieres ayudar a distribuir STEL Order?<\/option><option value=\"No\">No<\/option><option value=\"Si\">Si<\/option><\/select><\/span><\/label>\n\t<\/p>\n\t<p><span class=\"wpcf7-form-control-wrap\" data-name=\"acceptance-159\"><span class=\"wpcf7-form-control wpcf7-acceptance\"><span class=\"wpcf7-list-item\"><label><input type=\"checkbox\" name=\"acceptance-159\" value=\"1\" aria-invalid=\"false\" \/><span class=\"wpcf7-list-item-label\">He le\u00eddo y acepto la <a href=\"\/politica-de-privacidad-stel-order\/\">pol\u00edtica de privacidad<\/a><\/span><\/label><\/span><\/span><\/span>\n\t<\/p>\n\t<p><input class=\"wpcf7-form-control wpcf7-submit has-spinner\" type=\"submit\" value=\"Enviar\" \/>\n\t<\/p>\n<\/div><div class=\"wpcf7-response-output\" aria-hidden=\"true\"><\/div>\n<\/form>\n<\/div>\n\n\n<\/div><\/div><div class=\"gb-container gb-container-8cf77813 cl-padding-normal\"><div class=\"gb-inside-container\">\n\n<h3 class=\"gb-headline gb-headline-592db702 gb-headline-text\">Ay\u00fadanos a hacer STEL Order mejor<\/h3>\n\n\n<div class=\"gb-grid-wrapper gb-grid-wrapper-4c5ae73d\">\n<div class=\"gb-grid-column gb-grid-column-643e5867\"><div class=\"gb-container gb-container-643e5867\"><div class=\"gb-inside-container\">\n\n<p><strong><a href=\"https:\/\/www-stg.stelorder.com\/beta-shop\/\" data-type=\"page\" data-id=\"12947\">Beta STEL Shop<\/a><\/strong><\/p>\n\n<\/div><\/div><\/div>\n\n<div class=\"gb-grid-column gb-grid-column-0c42cd06\"><div class=\"gb-container gb-container-0c42cd06\"><div class=\"gb-inside-container\">\n\n<p class=\"has-text-align-center\"><a href=\"https:\/\/www-stg.stelorder.com\/mexico\/sugerencias\/\"><strong>Haznos llegar tus sugerencias con este formulario<\/strong><\/a><\/p>\n\n<\/div><\/div><\/div>\n<\/div>\n\n\n<p><\/p>\n\n<\/div><\/div>","protected":false},"excerpt":{"rendered":"<p>Crea software que ayude a tus clientes o a miles de clientes de STEL Order Un API REST que te va a encantar Te proporcionamos &#8230; <a title=\"Desarrolladores\" class=\"read-more\" href=\"https:\/\/www-stg.stelorder.com\/mexico\/desarrolladores\/\" aria-label=\"Read more about Desarrolladores\">Leer<\/a><\/p>\n","protected":false},"author":4,"featured_media":27976,"parent":0,"menu_order":0,"comment_status":"closed","ping_status":"closed","template":"","meta":{"_acf_changed":false,"inline_featured_image":false,"footnotes":""},"class_list":{"0":"post-11466","1":"page","2":"type-page","3":"status-publish","4":"has-post-thumbnail","6":"no-featured-image-padding"},"acf":[],"_links":{"self":[{"href":"https:\/\/www-stg.stelorder.com\/mexico\/wp-json\/wp\/v2\/pages\/11466","targetHints":{"allow":["GET"]}}],"collection":[{"href":"https:\/\/www-stg.stelorder.com\/mexico\/wp-json\/wp\/v2\/pages"}],"about":[{"href":"https:\/\/www-stg.stelorder.com\/mexico\/wp-json\/wp\/v2\/types\/page"}],"author":[{"embeddable":true,"href":"https:\/\/www-stg.stelorder.com\/mexico\/wp-json\/wp\/v2\/users\/4"}],"replies":[{"embeddable":true,"href":"https:\/\/www-stg.stelorder.com\/mexico\/wp-json\/wp\/v2\/comments?post=11466"}],"version-history":[{"count":0,"href":"https:\/\/www-stg.stelorder.com\/mexico\/wp-json\/wp\/v2\/pages\/11466\/revisions"}],"wp:featuredmedia":[{"embeddable":true,"href":"https:\/\/www-stg.stelorder.com\/mexico\/wp-json\/wp\/v2\/media\/27976"}],"wp:attachment":[{"href":"https:\/\/www-stg.stelorder.com\/mexico\/wp-json\/wp\/v2\/media?parent=11466"}],"curies":[{"name":"wp","href":"https:\/\/api.w.org\/{rel}","templated":true}]}}