{"id":69798,"date":"2025-12-17T15:01:55","date_gmt":"2025-12-17T14:01:55","guid":{"rendered":"https:\/\/www-stg.stelorder.com\/integrations\/shopify\/"},"modified":"2025-12-17T15:02:02","modified_gmt":"2025-12-17T14:02:02","slug":"shopify","status":"publish","type":"page","link":"https:\/\/www-stg.stelorder.com\/fr\/integrations\/shopify\/","title":{"rendered":"shopify"},"content":{"rendered":"\n<div class=\"gb-element-418b3018\">\n<div class=\"gb-element-b1524f8e\">\n<p class=\"gb-text Body500 gb-text-24b4dd8e\">Int\u00e9gration STEL Order \u00d7 Shopify<\/p>\n\n\n\n<img decoding=\"async\" width=\"135\" height=\"59\" class=\"gb-media-95143b7b\" alt=\"\" src=\"https:\/\/www-stg.stelorder.com\/wp-content\/uploads\/2025\/10\/Frame-19657.svg\" title=\"Frame 19657\">\n\n\n\n<h2 class=\"gb-text H1500 gb-text-1ffd32bd\">Connectez votre boutique Shopify et g\u00e9rez tout depuis un seul endroit.<\/h2>\n\n\n\n<p class=\"gb-text small400 gb-text-99fbb56e\">Automatisez la gestion des commandes et de la facturation afin de consacrer plus de temps au d\u00e9veloppement de votre activit\u00e9.<br> <br> <br><\/p>\n\n\n\n<div class=\"gb-element-9bf94dbc\">\n<a class=\"gb-button gb-button-8e23ed31 gb-button-text Body500\" href=\"#form\">Solicita acceso<\/a>\n<\/div>\n\n\n\n<img decoding=\"async\" width=\"1591\" height=\"796\" class=\"gb-media-71ca4c42\" alt=\"\" src=\"https:\/\/www-stg.stelorder.com\/wp-content\/uploads\/2025\/10\/Frame-19540.png\" title=\"Frame 19540\" srcset=\"https:\/\/www-stg.stelorder.com\/wp-content\/uploads\/2025\/10\/Frame-19540.png 1591w, https:\/\/www-stg.stelorder.com\/wp-content\/uploads\/2025\/10\/Frame-19540-300x150.png 300w, https:\/\/www-stg.stelorder.com\/wp-content\/uploads\/2025\/10\/Frame-19540-1024x512.png 1024w, https:\/\/www-stg.stelorder.com\/wp-content\/uploads\/2025\/10\/Frame-19540-768x384.png 768w, https:\/\/www-stg.stelorder.com\/wp-content\/uploads\/2025\/10\/Frame-19540-1536x768.png 1536w\" sizes=\"(max-width: 1591px) 100vw, 1591px\" \/>\n<\/div>\n<\/div>\n\n<div class=\"gb-element-9929c30d\">\n<div class=\"gb-element-84bcb2f3\">\n<div class=\"gb-element-eceff60b\">\n<p class=\"H2600 gb-text-7006b922\"><span class=\"gb-shape\">\n\n\n<\/span><span class=\"gb-text\">Automatisez votre facturation depuis Shopify.<\/span><\/p>\n\n\n\n<p class=\"gb-text Body400 gb-text-2df4fb37\">Respectez la r\u00e9glementation sans complications. <\/p>\n<\/div>\n\n\n\n<div class=\"gb-element-9345ea10\">\n<p class=\"H2600 gb-text-5cbec524\"><span class=\"gb-shape\">\n\n\n<\/span><span class=\"gb-text\">Cr\u00e9ez et g\u00e9rez tous vos documents commerciaux.<\/span><\/p>\n\n\n\n<p class=\"gb-text Body400 gb-text-666035cb\">Centralisez toute votre facturation en un seul endroit, simple, rapide et toujours accessible.<\/p>\n<\/div>\n<\/div>\n\n\n\n<div class=\"gb-element-40381be6\">\n<img decoding=\"async\" width=\"1070\" height=\"988\" class=\"gb-media-8db59b05\" alt=\"\" src=\"https:\/\/www-stg.stelorder.com\/wp-content\/uploads\/2025\/10\/Group-25.png\" title=\"Group 25\" srcset=\"https:\/\/www-stg.stelorder.com\/wp-content\/uploads\/2025\/10\/Group-25.png 1070w, https:\/\/www-stg.stelorder.com\/wp-content\/uploads\/2025\/10\/Group-25-300x277.png 300w, https:\/\/www-stg.stelorder.com\/wp-content\/uploads\/2025\/10\/Group-25-1024x946.png 1024w, https:\/\/www-stg.stelorder.com\/wp-content\/uploads\/2025\/10\/Group-25-768x709.png 768w\" sizes=\"(max-width: 1070px) 100vw, 1070px\" \/>\n<\/div>\n<\/div>\n\n<div class=\"gb-element-625e8229\">\n<div class=\"gb-element-1edf7d8d\">\n<p class=\"gb-text H2600 gb-text-aed4d13b\">Facturation professionnelle<\/p>\n\n\n\n<p class=\"gb-text Body400 gb-text-817d2ef3\">D\u00e9couvrez comment STEL Order simplifie la gestion de vos factures Shopify.<\/p>\n<\/div>\n\n\n\n<div class=\"gb-element-c3435e04\">\n<div class=\"gb-element-ec771d79\">\n<p class=\"H3500 gb-text-585278e5\"><span class=\"gb-shape\">\n\n\n\n<\/span><span class=\"gb-text\"><strong>Format structur\u00e9<\/strong><\/span><\/p>\n\n\n\n<p class=\"gb-text gb-text-1ae147e3\">Conformit\u00e9 automatique \u00e0 la r\u00e9glementation, sans modification de votre flux de travail.<\/p>\n<\/div>\n\n\n\n<div class=\"gb-element-2fb8be64\">\n<p class=\"H3500 gb-text-952f1dd2\"><span class=\"gb-shape\">\n\n\n\n\n\n\n<\/span><span class=\"gb-text\"><strong>Facile \u00e0 installer et \u00e0 configurer<\/strong><\/span><\/p>\n\n\n\n<p class=\"gb-text gb-text-e8523bd8\">Aucune comp\u00e9tence technique requise. En quelques clics, votre site web sera pr\u00eat \u00e0 \u00e9mettre des factures. <\/p>\n<\/div>\n\n\n\n<div class=\"gb-element-e276b77c\">\n<p class=\"H3500 gb-text-6af85524\"><span class=\"gb-shape\">\n\n\n\n\n<\/span><span class=\"gb-text\"><strong>Int\u00e9gration avec Shopify<\/strong><\/span><\/p>\n\n\n\n<p class=\"gb-text gb-text-42f20f18\">Int\u00e9grez-le facilement avec Shopify et automatisez l\u2019ensemble du processus.<\/p>\n<\/div>\n\n\n\n<div class=\"gb-element-4aead586\">\n<p class=\"H3500 gb-text-e8c38c06\"><span class=\"gb-shape\">\n\n\n\n\n\n<\/span><span class=\"gb-text\"><strong>Exportation multiple<\/strong><\/span><\/p>\n\n\n\n<p class=\"gb-text gb-text-60813283\">Exportez vos factures aux formats PDF et XML requis par les organismes publics et les entreprises.<\/p>\n<\/div>\n\n\n\n<div class=\"gb-element-1cc68aa1\">\n<p class=\"H3500 gb-text-79dcb034\"><span class=\"gb-shape\">\n\n\n\n\n\n\n\n\n\n<\/span><span class=\"gb-text\"><strong>Automatisation totale<\/strong><\/span><\/p>\n\n\n\n<p class=\"gb-text gb-text-87073e19\">Lors de l\u2019envoi d\u2019une facture vers STEL Order, le syst\u00e8me met \u00e0 jour en temps r\u00e9el les commandes, les factures, les clients et les produits.<\/p>\n<\/div>\n\n\n\n<div class=\"gb-element-35e2f53d\">\n<p class=\"H3500 gb-text-e31ce298\"><span class=\"gb-shape\">\n\n\n\n<\/span><span class=\"gb-text\"><strong>Conformit\u00e9 r\u00e9glementaire<\/strong><\/span><\/p>\n\n\n\n<p class=\"gb-text\">G\u00e9rez les registres de facturation conform\u00e9ment \u00e0 la r\u00e9glementation Verifactu ou hors Verifactu.<\/p>\n<\/div>\n<\/div>\n<\/div>\n\n<div class=\"gb-element-94fafde7\" id=\"form\">\n<div class=\"gb-element-051332c5\">\n<p class=\"gb-text H2600\">Demandez l\u2019acc\u00e8s pour participer au processus de d\u00e9veloppement.<\/p>\n\n\n\n<p class=\"gb-text Body500 gb-text-69ce17d6\">Remplissez le formulaire et aidez-nous au d\u00e9veloppement de l\u2019int\u00e9gration. Vous aurez acc\u00e8s aux premi\u00e8res versions b\u00eata. <\/p>\n<\/div>\n\n\n\n<div class=\"gb-element-8ab3a400\">\n<div class=\"wpcf7 no-js\" id=\"wpcf7-f69710-o1\" lang=\"fr-FR\" dir=\"ltr\" data-wpcf7-id=\"69710\">\n<div class=\"screen-reader-response\"><p role=\"status\" aria-live=\"polite\" aria-atomic=\"true\"><\/p> <ul><\/ul><\/div>\n<form action=\"\/fr\/wp-json\/wp\/v2\/pages\/69798\/#wpcf7-f69710-o1\" method=\"post\" class=\"wpcf7-form init\" aria-label=\"Formulaire de contact\" novalidate=\"novalidate\" data-status=\"init\">\n<fieldset class=\"hidden-fields-container\"><input type=\"hidden\" name=\"_wpcf7\" value=\"69710\" \/><input type=\"hidden\" name=\"_wpcf7_version\" value=\"6.1.5\" \/><input type=\"hidden\" name=\"_wpcf7_locale\" value=\"fr_FR\" \/><input type=\"hidden\" name=\"_wpcf7_unit_tag\" value=\"wpcf7-f69710-o1\" \/><input type=\"hidden\" name=\"_wpcf7_container_post\" value=\"0\" \/><input type=\"hidden\" name=\"_wpcf7_posted_data_hash\" value=\"\" \/><input type=\"hidden\" name=\"_wpcf7dtx_version\" value=\"5.0.5\" \/>\n<\/fieldset>\n<div class=\"wpcf7-turnstile cf-turnstile\" data-sitekey=\"0x4AAAAAACrqrOw4fzjPUf6L\" data-response-field-name=\"_wpcf7_turnstile_response\"><\/div>\n\n<div class=\"new-forms\">\n\t<p><label> <span class=\"newform-label\">Nom<\/span><br \/>\n<span class=\"wpcf7-form-control-wrap\" data-name=\"nombre-contacto\"><input size=\"40\" maxlength=\"400\" class=\"wpcf7-form-control wpcf7-text wpcf7-validates-as-required\" aria-required=\"true\" aria-invalid=\"false\" placeholder=\"Entrez votre nom\" value=\"\" type=\"text\" name=\"nombre-contacto\" \/><\/span><\/label>\n\t<\/p>\n\t<p><span id=\"wpcf7-69daf195ca6fe-wrapper\" class=\"wpcf7-form-control-wrap website-url-567-wrap\" style=\"display:none !important; visibility:hidden !important;\"><input type=\"hidden\" name=\"website-url-567-time-start\" value=\"1775956373\"><input type=\"hidden\" name=\"website-url-567-time-check\" value=\"4\"><label for=\"wpcf7-69daf195ca6fe-field\" class=\"hp-message\">Veuillez laisser ce champ vide.<\/label><input id=\"wpcf7-69daf195ca6fe-field\"  placeholder=\"Url sitio web\"  class=\"wpcf7-form-control wpcf7-text\" type=\"text\" name=\"website-url-567\" value=\"\" size=\"40\" tabindex=\"-1\" autocomplete=\"new-password\" \/><\/span>\n\t<\/p>\n\t<p><label> <span class=\"newform-label\">E-mail professionnel<\/span><br \/>\n<span class=\"wpcf7-form-control-wrap\" data-name=\"email-contacto\"><input size=\"40\" maxlength=\"400\" class=\"wpcf7-form-control wpcf7-email wpcf7-validates-as-required wpcf7-text wpcf7-validates-as-email\" aria-required=\"true\" aria-invalid=\"false\" placeholder=\"E-mail professionnel\" value=\"\" type=\"email\" name=\"email-contacto\" \/><\/span> <\/label>\n\t<\/p>\n\t<p><label> <span class=\"newform-label\">T\u00e9l\u00e9phone<\/span><br \/>\n<span class=\"wpcf7-form-control-wrap\" data-name=\"tel-844\"><input size=\"40\" maxlength=\"400\" class=\"wpcf7-form-control wpcf7-tel wpcf7-text wpcf7-validates-as-tel\" aria-invalid=\"false\" value=\"+33\" type=\"tel\" name=\"tel-844\" \/><\/span><br \/>\n<\/label>\n\t<\/p>\n\t<p><label><span class=\"newform-label\">\u00cates-vous client ?<\/span><br \/>\n<span class=\"wpcf7-form-control-wrap\" data-name=\"cliente\"><select class=\"wpcf7-form-control wpcf7-select\" aria-invalid=\"false\" name=\"cliente\"><option value=\"Oui \/ Non\">Oui \/ Non<\/option><option value=\"Oui\">Oui<\/option><option value=\"Non\">Non<\/option><\/select><\/span><\/label>\n\t<\/p>\n\t<div class=\"newform-acceptance\">\n\t\t<p><span class=\"wpcf7-form-control-wrap\" data-name=\"acceptance-775\"><span class=\"wpcf7-form-control wpcf7-acceptance\"><span class=\"wpcf7-list-item\"><label><input type=\"checkbox\" name=\"acceptance-775\" value=\"1\" aria-invalid=\"false\" \/><span class=\"wpcf7-list-item-label\">J'ai lu et j'accepte la<a href=\"\/politica-de-privacidad-stel-order\"> politique de confidentialit\u00e9<\/a><\/span><\/label><\/span><\/span><\/span>\n\t\t<\/p>\n\t<\/div>\n\t<p><input class=\"wpcf7-form-control wpcf7-submit has-spinner newform-send\" type=\"submit\" value=\"Envoyer\" \/>\n\t<\/p>\n<\/div><div class=\"wpcf7-response-output\" aria-hidden=\"true\"><\/div>\n<\/form>\n<\/div>\n\n<\/div>\n<\/div>\n","protected":false},"excerpt":{"rendered":"<p>Int\u00e9gration STEL Order \u00d7 Shopify Connectez votre boutique Shopify et g\u00e9rez tout depuis un seul endroit. Automatisez la gestion des commandes et de la facturation &#8230; <a title=\"shopify\" class=\"read-more\" href=\"https:\/\/www-stg.stelorder.com\/fr\/integrations\/shopify\/\" aria-label=\"Read more about shopify\">Leer<\/a><\/p>\n","protected":false},"author":20,"featured_media":27974,"parent":69734,"menu_order":0,"comment_status":"closed","ping_status":"closed","template":"","meta":{"_acf_changed":false,"inline_featured_image":false,"footnotes":""},"class_list":{"0":"post-69798","1":"page","2":"type-page","3":"status-publish","4":"has-post-thumbnail","6":"no-featured-image-padding"},"acf":[],"_links":{"self":[{"href":"https:\/\/www-stg.stelorder.com\/fr\/wp-json\/wp\/v2\/pages\/69798","targetHints":{"allow":["GET"]}}],"collection":[{"href":"https:\/\/www-stg.stelorder.com\/fr\/wp-json\/wp\/v2\/pages"}],"about":[{"href":"https:\/\/www-stg.stelorder.com\/fr\/wp-json\/wp\/v2\/types\/page"}],"author":[{"embeddable":true,"href":"https:\/\/www-stg.stelorder.com\/fr\/wp-json\/wp\/v2\/users\/20"}],"replies":[{"embeddable":true,"href":"https:\/\/www-stg.stelorder.com\/fr\/wp-json\/wp\/v2\/comments?post=69798"}],"version-history":[{"count":2,"href":"https:\/\/www-stg.stelorder.com\/fr\/wp-json\/wp\/v2\/pages\/69798\/revisions"}],"predecessor-version":[{"id":69800,"href":"https:\/\/www-stg.stelorder.com\/fr\/wp-json\/wp\/v2\/pages\/69798\/revisions\/69800"}],"up":[{"embeddable":true,"href":"https:\/\/www-stg.stelorder.com\/fr\/wp-json\/wp\/v2\/pages\/69734"}],"wp:featuredmedia":[{"embeddable":true,"href":"https:\/\/www-stg.stelorder.com\/fr\/wp-json\/wp\/v2\/media\/27974"}],"wp:attachment":[{"href":"https:\/\/www-stg.stelorder.com\/fr\/wp-json\/wp\/v2\/media?parent=69798"}],"curies":[{"name":"wp","href":"https:\/\/api.w.org\/{rel}","templated":true}]}}