{"id":69734,"date":"2025-12-17T11:46:22","date_gmt":"2025-12-17T10:46:22","guid":{"rendered":"https:\/\/www-stg.stelorder.com\/integrations\/"},"modified":"2025-12-17T16:07:22","modified_gmt":"2025-12-17T15:07:22","slug":"integrations","status":"publish","type":"page","link":"https:\/\/www-stg.stelorder.com\/fr\/integrations\/","title":{"rendered":"Int\u00e9grations"},"content":{"rendered":"\n<div class=\"gb-element-8c180c80\">\n<div class=\"gb-element-efbb5173\">\n<div>\n<img decoding=\"async\" width=\"196\" height=\"85\" src=\"https:\/\/www-stg.stelorder.com\/wp-content\/uploads\/2025\/10\/SO-X-INTEGRACIONES.svg\" alt=\"\">\n<\/div>\n\n\n\n<p class=\"gb-text H2500 gb-text-2d9102bb\">Connectez vos applications pr\u00e9f\u00e9r\u00e9es avec le meilleur logiciel de gestion et de facturation.<\/p>\n\n\n\n<p class=\"gb-text Small700 gb-text-8e44fba7\">Rendez votre vie et votre entreprise encore plus simples gr\u00e2ce \u00e0 ces int\u00e9grations.<\/p>\n<\/div>\n<\/div>\n\n<div class=\"gb-element-06a9e291\">\n<p class=\"gb-text H3500 gb-text-122bc3b6\">E-commerce<\/p>\n\n\n\n<div class=\"gb-element-ff5e1624\">\n<div class=\"gb-element-9ea6b0ff\">\n<div class=\"gb-element-89ec27c3\">\n<div>\n<img decoding=\"async\" width=\"46\" height=\"46\" class=\"gb-media-795826bc\" src=\"https:\/\/www-stg.stelorder.com\/wp-content\/uploads\/2025\/10\/Iconos-integraciones.svg\" alt=\"\">\n<\/div>\n\n\n\n<p class=\"gb-text Body500 gb-text-258efba2\">Shopify<\/p>\n<\/div>\n\n\n\n<p class=\"gb-text gb-text-0be99fd6\">Synchronisez automatiquement les commandes et les produits de votre boutique Shopify.<\/p>\n\n\n\n<div class=\"gb-element-486edd96\">\n<div class=\"gb-element-46fcfeca\"><div class=\"gb-button-wrapper gb-button-wrapper-33ba9d06\">\n\n<a class=\"gb-button gb-button-74c071a2 gb-button-text\" href=\"https:\/\/www-stg.stelorder.com\/fr\/integrations\/shopify\/\"><strong>Voir plus<\/strong><\/a>\n\n<\/div><\/div>\n<\/div>\n<\/div>\n\n\n\n<div class=\"gb-element-99bbea82\">\n<div class=\"gb-element-a71afd7b\">\n<div>\n<img decoding=\"async\" width=\"46\" height=\"46\" class=\"gb-media-976ecbaa\" src=\"https:\/\/www-stg.stelorder.com\/wp-content\/uploads\/2025\/10\/Iconos-integraciones-1.svg\" alt=\"\">\n<\/div>\n\n\n\n<p class=\"gb-text Body500 gb-text-69c3d4c5\">WooCommerce<\/p>\n<\/div>\n\n\n\n<p class=\"gb-text gb-text-3f56c9e0\">G\u00e9rez vos ventes sur WooCommerce avec plus de contr\u00f4le et d\u2019efficacit\u00e9.<\/p>\n\n\n\n<div class=\"gb-element-89aaee3c\">\n<div class=\"gb-element-a0498981\"><div class=\"gb-button-wrapper gb-button-wrapper-16ec94b3\">\n\n<a class=\"gb-button gb-button-7ad7ce1b gb-button-text\" href=\"https:\/\/www-stg.stelorder.com\/fr\/integrations\/woocommerce\/\"><strong>Voir plus<\/strong><\/a>\n\n<\/div><\/div>\n<\/div>\n<\/div>\n\n\n\n<div class=\"gb-element-da2591c5\">\n<div class=\"gb-element-0595c12b\">\n<div>\n<img decoding=\"async\" width=\"46\" height=\"46\" class=\"gb-media-2bea2b73\" src=\"https:\/\/www-stg.stelorder.com\/wp-content\/uploads\/2025\/10\/Iconos-integraciones-2.svg\" alt=\"\">\n<\/div>\n\n\n\n<p class=\"gb-text Body500 gb-text-245ea82b\">PrestaShop<\/p>\n<\/div>\n\n\n\n<p class=\"gb-text gb-text-aceefff0\">Connectez votre catalogue et vos commandes PrestaShop en un seul clic.<\/p>\n\n\n\n<div class=\"gb-element-901c2330\">\n<div class=\"gb-element-58760867\"><div class=\"gb-button-wrapper gb-button-wrapper-2828e223\">\n\n<span class=\"gb-button gb-button-07b620d1 gb-button-text\"><strong>Voir plus<\/strong><\/span>\n\n<\/div><\/div>\n<\/div>\n<\/div>\n\n\n\n<div class=\"gb-element-4fb657c7\">\n<div class=\"gb-element-63129513\">\n<div>\n<img decoding=\"async\" width=\"46\" height=\"46\" class=\"gb-media-13efdf67\" src=\"https:\/\/www-stg.stelorder.com\/wp-content\/uploads\/2025\/10\/Iconos-integraciones-3.svg\" alt=\"\">\n<\/div>\n\n\n\n<p class=\"gb-text Body500 gb-text-9b283cad\">PayPal<\/p>\n<\/div>\n\n\n\n<p class=\"gb-text gb-text-a2169591\">Recevez des paiements directement li\u00e9s \u00e0 vos factures.<\/p>\n\n\n\n<div class=\"gb-element-5b8de0bf\">\n<div class=\"gb-element-7b93b84d\"><div class=\"gb-button-wrapper gb-button-wrapper-5a3d2459\">\n\n<span class=\"gb-button gb-button-9baab9e6 gb-button-text\"><strong>Voir plus<\/strong><\/span>\n\n<\/div><\/div>\n<\/div>\n<\/div>\n\n\n\n<div class=\"gb-element-b52e86e0\">\n<div class=\"gb-element-fd35c335\">\n<div>\n<img decoding=\"async\" width=\"46\" height=\"46\" class=\"gb-media-8dd67358\" src=\"https:\/\/www-stg.stelorder.com\/wp-content\/uploads\/2025\/10\/Iconos-integraciones-4.svg\" alt=\"\">\n<\/div>\n\n\n\n<p class=\"gb-text Body500 gb-text-9d501251\">Stripe<\/p>\n<\/div>\n\n\n\n<p class=\"gb-text gb-text-d3df6339\">Automatisez les paiements avec Stripe et gardez le contr\u00f4le de vos revenus.<\/p>\n\n\n\n<div class=\"gb-element-da2b8819\">\n<div class=\"gb-element-4372d3b0\"><div class=\"gb-button-wrapper gb-button-wrapper-6f3ba9ca\">\n\n<span class=\"gb-button gb-button-5220bd5f gb-button-text\"><strong>Voir plus<\/strong><\/span>\n\n<\/div><\/div>\n<\/div>\n<\/div>\n\n\n\n<div class=\"gb-element-650a630e\" \/>\n\n\n\n<div class=\"gb-element-333cb5e2\" \/>\n<\/div>\n<\/div>\n\n<div class=\"gb-element-f6e190c3\">\n<p class=\"gb-text H3500 gb-text-da912fda\"><a href=\"https:\/\/www-stg.stelorder.com\/fr\/erp\/logiciel-de-comptabilite\/\">Logiciel comptable<\/a><\/p>\n\n\n\n<div class=\"gb-element-2c041c45\">\n<div class=\"gb-element-d1be736e\">\n<div class=\"gb-element-b7bb4d99\">\n<div>\n<img decoding=\"async\" width=\"46\" height=\"46\" class=\"gb-media-f3e77315\" src=\"https:\/\/www-stg.stelorder.com\/wp-content\/uploads\/2025\/10\/Iconos-integraciones-5.svg\" alt=\"\">\n<\/div>\n\n\n\n<p class=\"gb-text Body500 gb-text-9e95b9a4\">A3 Asesor<\/p>\n<\/div>\n\n\n\n<p class=\"gb-text gb-text-246677ac\">Connectez votre compte et exportez votre comptabilit\u00e9 sans erreurs.<\/p>\n\n\n\n<div class=\"gb-element-72f3fdbb\">\n<div class=\"gb-element-d8c28c46\">\n<a class=\"gb-text gb-text-213d2fb5\">Voir plus<\/a>\n<\/div>\n<\/div>\n<\/div>\n\n\n\n<div class=\"gb-element-a26f3e8f\">\n<div class=\"gb-element-417dd876\">\n<div>\n<img decoding=\"async\" width=\"46\" height=\"46\" class=\"gb-media-ef469de0\" src=\"https:\/\/www-stg.stelorder.com\/wp-content\/uploads\/2025\/10\/Iconos-integraciones-6.svg\" alt=\"\">\n<\/div>\n\n\n\n<p class=\"gb-text Body500 gb-text-7ac6a640\">Contasol<\/p>\n<\/div>\n\n\n\n<p class=\"gb-text gb-text-a5f07578\">Int\u00e9grez facilement et g\u00e9n\u00e9rez des fichiers pr\u00eats \u00e0 \u00eatre import\u00e9s.<\/p>\n\n\n\n<div class=\"gb-element-ee9f80ee\">\n<div class=\"gb-element-b258ef3a\">\n<a class=\"gb-text gb-text-79c2acd8\">Voir plus<\/a>\n<\/div>\n<\/div>\n<\/div>\n\n\n\n<div class=\"gb-element-4c647569\">\n<div class=\"gb-element-6a43bc1d\">\n<div>\n<img decoding=\"async\" width=\"46\" height=\"46\" class=\"gb-media-de94eac4\" src=\"https:\/\/www-stg.stelorder.com\/wp-content\/uploads\/2025\/10\/Iconos-integraciones-7.svg\" alt=\"\">\n<\/div>\n\n\n\n<p class=\"gb-text Body500 gb-text-c8adc222\">Aplifisa<\/p>\n<\/div>\n\n\n\n<p class=\"gb-text gb-text-af57c73e\">Exportez vos donn\u00e9es comptables compatibles avec Aplifisa.<\/p>\n\n\n\n<div class=\"gb-element-b97c2a40\">\n<div class=\"gb-element-7901660e\">\n<a class=\"gb-text gb-text-180855dc\">Voir plus<\/a>\n<\/div>\n<\/div>\n<\/div>\n\n\n\n<div class=\"gb-element-3ad687e9\">\n<div class=\"gb-element-b0b8b9c9\">\n<div>\n<img decoding=\"async\" width=\"46\" height=\"46\" class=\"gb-media-be694e2c\" src=\"https:\/\/www-stg.stelorder.com\/wp-content\/uploads\/2025\/10\/Iconos-integraciones-8.svg\" alt=\"\">\n<\/div>\n\n\n\n<p class=\"gb-text Body500 gb-text-c7743759\">ContaPlus y ContaPlus Flex<\/p>\n<\/div>\n\n\n\n<p class=\"gb-text gb-text-2349ee73\">Connectez et automatisez votre comptabilit\u00e9 sans complications.<\/p>\n\n\n\n<div class=\"gb-element-c6776a91\">\n<div class=\"gb-element-a72cd156\">\n<a class=\"gb-text gb-text-813a7c94\">Voir plus<\/a>\n<\/div>\n<\/div>\n<\/div>\n\n\n\n<div class=\"gb-element-1a862c96\">\n<div class=\"gb-element-d7fd53fe\">\n<div>\n<img decoding=\"async\" width=\"46\" height=\"46\" class=\"gb-media-0595b584\" src=\"https:\/\/www-stg.stelorder.com\/wp-content\/uploads\/2025\/10\/Iconos-integraciones-9.svg\" alt=\"\">\n<\/div>\n\n\n\n<p class=\"gb-text Body500 gb-text-ad8e95b0\">ClassicConta<\/p>\n<\/div>\n\n\n\n<p class=\"gb-text gb-text-9c7b0794\">Exportez instantan\u00e9ment votre comptabilit\u00e9 dans un format compatible.<\/p>\n\n\n\n<div class=\"gb-element-35b45b68\">\n<div class=\"gb-element-1ec1da43\">\n<a class=\"gb-text gb-text-edb8f74a\">Voir plus<\/a>\n<\/div>\n<\/div>\n<\/div>\n\n\n\n<div class=\"gb-element-0d408733\" \/>\n<\/div>\n<\/div>\n\n<div class=\"gb-element-cd164505\">\n<p class=\"gb-text H3500 gb-text-55aa9212\">Automatisations<\/p>\n\n\n\n<div class=\"gb-element-2a0ead1f\">\n<div class=\"gb-element-72379dc8\">\n<div class=\"gb-element-fa428a53\">\n<div>\n<img decoding=\"async\" width=\"46\" height=\"46\" class=\"gb-media-64efcb24\" src=\"https:\/\/www-stg.stelorder.com\/wp-content\/uploads\/2025\/10\/Iconos-integraciones-10.svg\" alt=\"\">\n<\/div>\n\n\n\n<p class=\"gb-text Body500 gb-text-edc407d2\">Zapier<\/p>\n<\/div>\n\n\n\n<p class=\"gb-text gb-text-23e7cd27\">Connectez STEL Order \u00e0 des milliers d\u2019applications sans programmation, gr\u00e2ce \u00e0 Zapier.<\/p>\n\n\n\n<div class=\"gb-element-d9fb7826\">\n<div class=\"gb-element-9d35c300\">\n<a class=\"gb-text gb-text-bbfc0964\">Voir plus<\/a>\n<\/div>\n<\/div>\n<\/div>\n\n\n\n<div class=\"gb-element-998139a8\">\n<div class=\"gb-element-20d45572\">\n<div>\n<img decoding=\"async\" width=\"46\" height=\"46\" class=\"gb-media-7aac5625\" src=\"https:\/\/www-stg.stelorder.com\/wp-content\/uploads\/2025\/10\/Iconos-integraciones-11.svg\" alt=\"\">\n<\/div>\n\n\n\n<p class=\"gb-text Body500 gb-text-9fc3c59f\">n8n<\/p>\n<\/div>\n\n\n\n<p class=\"gb-text gb-text-4b7a950d\">Automatisez des flux complexes et personnalis\u00e9s avec une flexibilit\u00e9 totale gr\u00e2ce \u00e0 n8n.<\/p>\n\n\n\n<div class=\"gb-element-4525ccc3\">\n<div class=\"gb-element-6c2fad6a\">\n<a class=\"gb-text gb-text-76d63b2b\">Voir plus<\/a>\n<\/div>\n<\/div>\n<\/div>\n\n\n\n<div class=\"gb-element-3d0b1a54\">\n<div class=\"gb-element-1532a360\">\n<div>\n<img decoding=\"async\" width=\"46\" height=\"46\" class=\"gb-media-a3505255\" src=\"https:\/\/www-stg.stelorder.com\/wp-content\/uploads\/2025\/10\/Iconos-integraciones-12.svg\" alt=\"\">\n<\/div>\n\n\n\n<p class=\"gb-text Body500 gb-text-89011b52\">Make<\/p>\n<\/div>\n\n\n\n<p class=\"gb-text gb-text-292c4e7f\">Concevez des int\u00e9grations visuelles et puissantes entre vos outils pr\u00e9f\u00e9r\u00e9s avec Make.<\/p>\n\n\n\n<div class=\"gb-element-c0fa2021\">\n<div class=\"gb-element-dfc64c44\">\n<a class=\"gb-text gb-text-3c3e26dc\">Voir plus<\/a>\n<\/div>\n<\/div>\n<\/div>\n\n\n\n<div class=\"gb-element-591c4bfa\" \/>\n<\/div>\n<\/div>\n\n<div class=\"gb-element-e1fb4f7b\">\n<div class=\"gb-element-455ea3bf\">\n<div>\n<img decoding=\"async\" width=\"240\" height=\"240\" class=\"gb-media-ca962f46\" src=\"https:\/\/www-stg.stelorder.com\/wp-content\/uploads\/2025\/10\/Frame-19661.png\" alt=\"\" srcset=\"https:\/\/www-stg.stelorder.com\/wp-content\/uploads\/2025\/10\/Frame-19661.png 240w, https:\/\/www-stg.stelorder.com\/wp-content\/uploads\/2025\/10\/Frame-19661-150x150.png 150w, https:\/\/www-stg.stelorder.com\/wp-content\/uploads\/2025\/10\/Frame-19661-120x120.png 120w\" sizes=\"(max-width: 240px) 100vw, 240px\" \/>\n<\/div>\n\n\n\n<div class=\"gb-element-723e05bb\">\n<p class=\"gb-text H1500 gb-text-a6a63e44\">\u00cates-vous d\u00e9veloppeur de logiciels ?<\/p>\n\n\n\n<p class=\"gb-text Body500 gb-text-7402bf34\">Rejoignez le programme de d\u00e9veloppeurs de STEL Order<\/p>\n<\/div>\n\n\n\n<div class=\"gb-element-9bf94dbc\">\n<a class=\"gb-button gb-button-8e23ed31 gb-button-text Body500\" href=\"https:\/\/www-stg.stelorder.com\/fr\/developpeurs\/\">Demander l\u2019acc\u00e8s<\/a>\n<\/div>\n<\/div>\n<\/div>\n","protected":false},"excerpt":{"rendered":"<p>Connectez vos applications pr\u00e9f\u00e9r\u00e9es avec le meilleur logiciel de gestion et de facturation. Rendez votre vie et votre entreprise encore plus simples gr\u00e2ce \u00e0 ces &#8230; <a title=\"Int\u00e9grations\" class=\"read-more\" href=\"https:\/\/www-stg.stelorder.com\/fr\/integrations\/\" aria-label=\"Read more about Int\u00e9grations\">Leer<\/a><\/p>\n","protected":false},"author":20,"featured_media":27974,"parent":0,"menu_order":0,"comment_status":"closed","ping_status":"closed","template":"","meta":{"_acf_changed":false,"inline_featured_image":false,"footnotes":""},"class_list":{"0":"post-69734","1":"page","2":"type-page","3":"status-publish","4":"has-post-thumbnail","6":"no-featured-image-padding"},"acf":[],"_links":{"self":[{"href":"https:\/\/www-stg.stelorder.com\/fr\/wp-json\/wp\/v2\/pages\/69734","targetHints":{"allow":["GET"]}}],"collection":[{"href":"https:\/\/www-stg.stelorder.com\/fr\/wp-json\/wp\/v2\/pages"}],"about":[{"href":"https:\/\/www-stg.stelorder.com\/fr\/wp-json\/wp\/v2\/types\/page"}],"author":[{"embeddable":true,"href":"https:\/\/www-stg.stelorder.com\/fr\/wp-json\/wp\/v2\/users\/20"}],"replies":[{"embeddable":true,"href":"https:\/\/www-stg.stelorder.com\/fr\/wp-json\/wp\/v2\/comments?post=69734"}],"version-history":[{"count":6,"href":"https:\/\/www-stg.stelorder.com\/fr\/wp-json\/wp\/v2\/pages\/69734\/revisions"}],"predecessor-version":[{"id":69801,"href":"https:\/\/www-stg.stelorder.com\/fr\/wp-json\/wp\/v2\/pages\/69734\/revisions\/69801"}],"wp:featuredmedia":[{"embeddable":true,"href":"https:\/\/www-stg.stelorder.com\/fr\/wp-json\/wp\/v2\/media\/27974"}],"wp:attachment":[{"href":"https:\/\/www-stg.stelorder.com\/fr\/wp-json\/wp\/v2\/media?parent=69734"}],"curies":[{"name":"wp","href":"https:\/\/api.w.org\/{rel}","templated":true}]}}