{"id":63611,"date":"2025-07-07T12:54:47","date_gmt":"2025-07-07T10:54:47","guid":{"rendered":"https:\/\/www-stg.stelorder.com\/intelligence-artificielle\/"},"modified":"2025-08-26T12:28:33","modified_gmt":"2025-08-26T10:28:33","slug":"intelligence-artificielle","status":"publish","type":"page","link":"https:\/\/www-stg.stelorder.com\/fr\/intelligence-artificielle\/","title":{"rendered":"Intelligence Artificielle"},"content":{"rendered":"<div class=\"gb-container gb-container-260e75c9\">\n<div class=\"gb-container gb-container-1f6518f4\">\n<div class=\"gb-container gb-container-eade8f7e\">\n\n<figure class=\"gb-block-image gb-block-image-2433f971\"><img decoding=\"async\" width=\"53\" height=\"78\" class=\"gb-image gb-image-2433f971\" src=\"https:\/\/www-stg.stelorder.com\/wp-content\/uploads\/2025\/04\/simbolo-Asistente.svg\" alt=\"\" title=\"simbolo-Asistente\"\/><\/figure>\n\n\n\n<p class=\"gb-headline gb-headline-65570d1c gb-headline-text\">STEL Assistant<\/p>\n\n\n\n<h1 class=\"gb-headline gb-headline-96546856 gb-headline-text\">Intelligence Artificielle de <mark class=\"gb-highlight\">STEL Order <\/mark> <\/h1>\n\n\n\n<p class=\"gb-headline gb-headline-62c779f0 gb-headline-text\">Cr\u00e9e des factures, des devis, des clients et des \u00e9v\u00e9nements sur simple demande. Voici l\u2019IA qui rendra ton entreprise et ta vie encore plus faciles. <\/p>\n\n\n<div class=\"gb-button-wrapper gb-button-wrapper-62553c37\">\n\n<a class=\"gb-button gb-button-318cd016 gb-button-text\" href=\"#formulario\" target=\"_blank\" rel=\"noopener noreferrer\">Demande l\u2019acc\u00e8s<\/a>\n\n<\/div>\n<\/div>\n\n<div class=\"gb-container gb-container-7d598a69\" style=\"background-image: url(https:\/\/www-stg.stelorder.com\/wp-content\/uploads\/2024\/12\/bg-ia.svg);\">\n\n<lottie-player src=\"https:\/\/www-stg.stelorder.com\/wp-content\/uploads\/2025\/07\/00-animacion-ia-desk-eng.json\" autoplay=\"\" loop=\"\"><\/lottie-player>\n<script src=\"https:\/\/unpkg.com\/@lottiefiles\/lottie-player@latest\/dist\/lottie-player.js\"><\/script>\n\n<\/div>\n\n<div class=\"gb-container gb-container-6b6c0d0e\">\n\n<lottie-player src=\"https:\/\/www-stg.stelorder.com\/wp-content\/uploads\/2025\/07\/00-animacion-ia-mv-desk.json autoplay=\"\" loop=\"\"><\/lottie-player>\n<script src=\"https:\/\/unpkg.com\/@lottiefiles\/lottie-player@latest\/dist\/lottie-player.js\"><\/script>\n\n<\/div>\n<\/div>\n<\/div>\n\n<div class=\"gb-container gb-container-cf494ec9\">\n<div class=\"gb-container gb-container-fc45ade3\">\n<div class=\"gb-container gb-container-ca574936\">\n\n<figure class=\"gb-block-image gb-block-image-8e0e802f\"><img decoding=\"async\" width=\"256\" height=\"77\" class=\"gb-image gb-image-8e0e802f\" src=\"https:\/\/www-stg.stelorder.com\/wp-content\/uploads\/2025\/04\/Logo-STEL-Assistant-negativo.svg\" alt=\"\" title=\"Logo STEL Assistant - negativo\"\/><\/figure>\n\n\n\n<div class=\"gb-headline gb-headline-c638b29f gb-headline-text\">Il y a plus de 10 ans, nous avons cr\u00e9\u00e9 la meilleure fa\u00e7on de faire une facture. <strong>Et maintenant, nous l\u2019avons refait.<\/strong><\/div>\n\n\n\n<a class=\"gb-button gb-button-3acc74cd gb-button-text\" href=\"#formulario\">Demande l\u2019acc\u00e8s<\/a>\n\n<\/div>\n\n<div class=\"gb-container gb-container-27a45d6f\">\n\n<figure class=\"gb-block-image gb-block-image-98978a13\"><img decoding=\"async\" class=\"gb-image gb-image-98978a13\" src=\"https:\/\/www-stg.stelorder.com\/wp-content\/uploads\/2025\/07\/ia-banner-fr-1.png\" alt=\"\" title=\"ia-banner\"\/><\/figure>\n\n\n\n<figure class=\"gb-block-image gb-block-image-f9d57819\"><img decoding=\"async\" class=\"gb-image gb-image-f9d57819\" src=\"https:\/\/www-stg.stelorder.com\/wp-content\/uploads\/2025\/07\/STEL-IA-fr.png\" alt=\"\" title=\"ia - banner - mobile\"\/><\/figure>\n\n<\/div>\n<\/div>\n<\/div>\n\n<div class=\"gb-container gb-container-d55dec49\">\n\n<div class=\"gb-headline gb-headline-d12b2570 gb-headline-text\">Voici comment fonctionne STEL Assistant<\/div>\n\n\n\n<div class=\"gb-headline gb-headline-983197ea gb-headline-text\">Dans cette vid\u00e9o, nous te montrons \u00e9tape par \u00e9tape comment STEL Assistant cr\u00e9e et envoie une facture sur simple demande et en quelques secondes.<\/div>\n\n\n<div class=\"gb-container gb-container-e3c495c1\">\n\n<figure class=\"wp-block-embed is-type-video is-provider-vimeo wp-block-embed-vimeo wp-embed-aspect-16-9 wp-has-aspect-ratio\"><div class=\"wp-block-embed__wrapper\">\n<iframe title=\"IA_AnaVidal02\" src=\"https:\/\/player.vimeo.com\/video\/1038107945?dnt=1&amp;app_id=122963\" width=\"1200\" height=\"675\" frameborder=\"0\" allow=\"autoplay; fullscreen; picture-in-picture; clipboard-write; encrypted-media; web-share\" referrerpolicy=\"strict-origin-when-cross-origin\"><\/iframe>\n<\/div><\/figure>\n\n<\/div>\n<\/div>\n\n<div class=\"gb-container gb-container-3b3e424a\">\n<div class=\"gb-container gb-container-ce2d712b\">\n<div class=\"gb-container gb-container-1a59e038\">\n<div class=\"gb-container gb-container-dbcb8ade\">\n\n<h2 class=\"gb-headline gb-headline-9038b5ec gb-headline-text\">Demande \u00e0 ton STEL Assistant de cr\u00e9er des devis ou des factures pour toi<\/h2>\n\n\n\n<p class=\"gb-headline gb-headline-f9c63724 gb-headline-text\">Aussi simple que d\u2019envoyer un message audio. Envoie un message vocal \u00e0 ton STEL Assistant en lui donnant les informations sur la t\u00e2che que tu souhaites r\u00e9aliser dans ton STEL Order, et STEL Assistant s\u2019en chargera pour toi.  <\/p>\n\n<\/div>\n\n<div class=\"gb-container gb-container-1470010a\">\n<div class=\"gb-container gb-container-b5d7f073\">\n<div class=\"gb-button-wrapper gb-button-wrapper-bc4574c6\">\n\n<a class=\"gb-button gb-button-709b7851 gb-button-text smooth-scroll\" href=\"#formulario\" target=\"_blank\" rel=\"noopener noreferrer\">Inscris-toi sur la liste d\u2019attente<\/a>\n\n<\/div>\n<\/div>\n<\/div>\n<\/div>\n\n<div class=\"gb-container gb-container-d8bb86c3\">\n\n<figure class=\"gb-block-image gb-block-image-ae309194\"><img decoding=\"async\" class=\"gb-image gb-image-ae309194\" src=\"https:\/\/www-stg.stelorder.com\/wp-content\/uploads\/2025\/07\/ia-pedir-ia-fr-1.png\" alt=\"\" title=\"ia-pedir ia\"\/><\/figure>\n\n<\/div>\n\n<div class=\"gb-container gb-container-51888806\">\n\n<figure class=\"gb-block-image gb-block-image-1cb36e80\"><img decoding=\"async\" class=\"gb-image gb-image-1cb36e80\" src=\"https:\/\/www-stg.stelorder.com\/wp-content\/uploads\/2025\/07\/ilustracion-mv-fr.png\" alt=\"\" title=\"ilu-ia-pedir-mobile\"\/><\/figure>\n\n<\/div>\n<\/div>\n<\/div>\n\n<div class=\"gb-container gb-container-9ee8ff32\">\n<div class=\"gb-container gb-container-73d7a6ec\">\n<div class=\"gb-container gb-container-314e3b03\">\n\n<figure class=\"gb-block-image gb-block-image-6ea9fdd7\"><img decoding=\"async\" class=\"gb-image gb-image-6ea9fdd7\" src=\"https:\/\/www-stg.stelorder.com\/wp-content\/uploads\/2025\/07\/ilustracion-documentos-creados-ia-deskx2-fr.png\" alt=\"\" title=\"ilustracion-documentos-creados-ia - deskx2\"\/><\/figure>\n\n\n\n<figure class=\"gb-block-image gb-block-image-6068ff1e\"><img decoding=\"async\" class=\"gb-image gb-image-6068ff1e\" src=\"https:\/\/www-stg.stelorder.com\/wp-content\/uploads\/2025\/07\/ilustracion-documentos-creados-ia-mv-fr.png\" alt=\"\" title=\"ilustracion-documentos-creados-ia - mv\"\/><\/figure>\n\n<\/div>\n\n<div class=\"gb-container gb-container-f6400213\">\n<div class=\"gb-container gb-container-ffa3fceb\">\n\n<h2 class=\"gb-headline gb-headline-4588d80a gb-headline-text\">Aussit\u00f4t dit, aussit\u00f4t fait !<\/h2>\n\n\n\n<p class=\"gb-headline gb-headline-b6203199 gb-headline-text\">Demande ce que tu veux, et laisse STEL Assistant travailler pour toi. Notre intelligence artificielle peut cr\u00e9er tout type de document commercial, enregistrer des \u00e9v\u00e9nements dans le calendrier et sauvegarder de nouveaux clients ou produits, entre autres t\u00e2ches. <br><br>Accomplis les t\u00e2ches de ton quotidien de fa\u00e7on toujours plus simple et efficace.<\/p>\n\n<\/div>\n\n<div class=\"gb-container gb-container-3bcc56a7\">\n<div class=\"gb-container gb-container-23e77ddd\">\n<div class=\"gb-button-wrapper gb-button-wrapper-146cdb24\">\n\n<a class=\"gb-button gb-button-606f2de2 gb-button-text smooth-scroll\" href=\"#formulario\" target=\"_blank\" rel=\"noopener noreferrer\">Inscris-toi sur la liste d\u2019attente<\/a>\n\n<\/div>\n<\/div>\n<\/div>\n<\/div>\n<\/div>\n<\/div>\n\n<div class=\"gb-container gb-container-e449e91c\">\n<div class=\"gb-container gb-container-b23296b1\">\n<div class=\"gb-container gb-container-6d7c72c0\">\n<div class=\"gb-container gb-container-fc4a3178\">\n\n<h2 class=\"gb-headline gb-headline-3054ce25 gb-headline-text\">Tu peux poser au Professeur toutes sortes de questions<\/h2>\n\n\n\n<p class=\"gb-headline gb-headline-888f1820 gb-headline-text\">Si tu as un doute ou une question, il te suffit de prononcer le mot \u201cProfesseur\u201d, de poser ta question, et STEL Assistant r\u00e9soudra ton probl\u00e8me.<\/p>\n\n<\/div>\n\n<div class=\"gb-container gb-container-2a568de6\">\n<div class=\"gb-container gb-container-539c5ca1\">\n<div class=\"gb-button-wrapper gb-button-wrapper-ad609947\">\n\n<a class=\"gb-button gb-button-ad739e56 gb-button-text smooth-scroll\" href=\"#formulario\" target=\"_blank\" rel=\"noopener noreferrer\">Inscris-toi sur la liste d\u2019attente<\/a>\n\n<\/div>\n<\/div>\n<\/div>\n<\/div>\n\n<div class=\"gb-container gb-container-5b6bc514\">\n\n<figure class=\"gb-block-image gb-block-image-15a69b76\"><img decoding=\"async\" class=\"gb-image gb-image-15a69b76\" src=\"https:\/\/www-stg.stelorder.com\/wp-content\/uploads\/2025\/07\/ilustracion-ai-profesor-deskx2-fr.png\" alt=\"\" title=\"ilustracion ai profesor - deskx2\"\/><\/figure>\n\n\n\n<figure class=\"gb-block-image gb-block-image-bb00d454\"><img decoding=\"async\" class=\"gb-image gb-image-bb00d454\" src=\"https:\/\/www-stg.stelorder.com\/wp-content\/uploads\/2025\/07\/ilustracion-ai-profesor-mv-fr.png\" alt=\"\" title=\"ilustracion ai profesor - mv\"\/><\/figure>\n\n<\/div>\n<\/div>\n<\/div>\n\n<div class=\"gb-container gb-container-c3b74585\" id=\"formulario\">\n<div class=\"gb-container gb-container-865816c2\">\n<div class=\"gb-container gb-container-450dc3fe\">\n<div class=\"gb-container gb-container-25ec0dbf\">\n\n<h2 class=\"gb-headline gb-headline-cdcaadbe gb-headline-text\">Demande l\u2019acc\u00e8s \u00e0 STEL Assistant<\/h2>\n\n\n\n<p class=\"gb-headline gb-headline-7f4b266e gb-headline-text\">Teste notre intelligence artificielle et optimise tous tes processus. Inscris-toi sur notre liste d\u2019attente et sois parmi les premiers \u00e0 l\u2019essayer. <\/p>\n\n<\/div>\n<\/div>\n\n<div class=\"gb-container gb-container-aa5f233d\">\n<p class=\"wpcf7-contact-form-not-found\"><strong>Erreur\u00a0:<\/strong> Formulaire de contact non trouv\u00e9\u00a0!<\/p>\n\n<\/div>\n<\/div>\n<\/div>\n\n<div class=\"gb-container gb-container-ced785d7\" id=\"faq\">\n<div class=\"gb-container gb-container-2e06f3cb\">\n\n<h2 class=\"gb-headline gb-headline-e3bc5a03 gb-headline-text\">Foire aux questions<\/h2>\n\n\n<div class=\"gb-container gb-container-cf7c09fc gb-accordion\">\n<div class=\"gb-container gb-container-f3578176 gb-accordion__item gb-accordion__item-open\" data-transition=\"slide\">\n\n<button class=\"gb-button gb-button-44b42c35 gb-accordion__toggle gb-block-is-current\" id=\"gb-accordion-toggle-44b42c35\"><span class=\"gb-icon\"><svg xmlns=\"http:\/\/www.w3.org\/2000\/svg\" class=\"gb-accordion__icon\" fill=\"none\" viewBox=\"0 0 33 33\" height=\"25\" width=\"24\"> <path fill=\"#FD893A\" d=\"M12 4.80713C12.5523 4.80713 13 5.25484 13 5.80713V11.8071H19C19.5523 11.8071 20 12.2548 20 12.8071C20 13.3594 19.5523 13.8071 19 13.8071H13V19.8071C13 20.3594 12.5523 20.8071 12 20.8071C11.4477 20.8071 11 20.3594 11 19.8071V13.8071H5C4.44772 13.8071 4 13.3594 4 12.8071C4 12.2548 4.44772 11.8071 5 11.8071H11V5.80713C11 5.25484 11.4477 4.80713 12 4.80713Z\" clip-rule=\"evenodd\" fill-rule=\"evenodd\"><\/path>  <\/svg>  <svg xmlns=\"http:\/\/www.w3.org\/2000\/svg\" class=\"gb-accordion__icon-open\" fill=\"none\" viewBox=\"0 0 33 33\" height=\"25\" width=\"24\">  <path fill=\"#FD893A\" d=\"M5.29289 6.10002C5.68342 5.7095 6.31658 5.7095 6.70711 6.10002L12 11.3929L17.2929 6.10002C17.6834 5.7095 18.3166 5.7095 18.7071 6.10002C19.0976 6.49055 19.0976 7.12371 18.7071 7.51424L13.4142 12.8071L18.7071 18.1C19.0976 18.4905 19.0976 19.1237 18.7071 19.5142C18.3166 19.9048 17.6834 19.9048 17.2929 19.5142L12 14.2213L6.70711 19.5142C6.31658 19.9048 5.68342 19.9048 5.29289 19.5142C4.90237 19.1237 4.90237 18.4905 5.29289 18.1L10.5858 12.8071L5.29289 7.51424C4.90237 7.12371 4.90237 6.49055 5.29289 6.10002Z\" clip-rule=\"evenodd\" fill-rule=\"evenodd\"><\/path><\/svg><\/span><span class=\"gb-button-text\">Quel type de t\u00e2ches STEL Assistant peut-il accomplir ?<\/span><\/button>\n\n\n<div id=\"gb-accordion-content-1f8a86d4\" class=\"gb-accordion__content\"><div class=\"gb-container gb-container-1f8a86d4\">\n\n<p>L\u2019Intelligence Artificielle de STEL Order peut t\u2019aider \u00e0 cr\u00e9er tout type de document commercial, qu\u2019il s\u2019agisse d\u2019un bon de livraison, d\u2019un devis ou d\u2019une facture. Elle te permet \u00e9galement d\u2019enregistrer de nouveaux \u00e9v\u00e9nements dans le calendrier ou de cr\u00e9er de nouveaux clients ou produits. Tu peux aussi enregistrer des interventions et les attribuer \u00e0 un technicien simplement en le nommant. Si tu as deux techniciens portant le m\u00eame nom dans ton entreprise, l\u2019IA de STEL te demandera \u00e0 qui tu souhaites l\u2019assigner.    <\/p>\n\n\n\n<p>Enfin, \u201cProfesseur\u201d t\u2019aide \u00e0 r\u00e9soudre tes questions et tes doutes sur le logiciel lui-m\u00eame, en t\u2019expliquant \u00e9tape par \u00e9tape ce que tu dois faire et en te fournissant des informations document\u00e9es.<\/p>\n\n<\/div><\/div>\n<\/div>\n\n<div class=\"gb-container gb-container-d2e735f3 gb-accordion__item\" data-transition=\"slide\">\n\n<button class=\"gb-button gb-button-45ba2667 gb-accordion__toggle\" id=\"gb-accordion-toggle-45ba2667\"><span class=\"gb-icon\"><svg xmlns=\"http:\/\/www.w3.org\/2000\/svg\" class=\"gb-accordion__icon\" fill=\"none\" viewBox=\"0 0 33 33\" height=\"25\" width=\"24\"> <path fill=\"#FD893A\" d=\"M12 4.80713C12.5523 4.80713 13 5.25484 13 5.80713V11.8071H19C19.5523 11.8071 20 12.2548 20 12.8071C20 13.3594 19.5523 13.8071 19 13.8071H13V19.8071C13 20.3594 12.5523 20.8071 12 20.8071C11.4477 20.8071 11 20.3594 11 19.8071V13.8071H5C4.44772 13.8071 4 13.3594 4 12.8071C4 12.2548 4.44772 11.8071 5 11.8071H11V5.80713C11 5.25484 11.4477 4.80713 12 4.80713Z\" clip-rule=\"evenodd\" fill-rule=\"evenodd\"><\/path>  <\/svg>  <svg xmlns=\"http:\/\/www.w3.org\/2000\/svg\" class=\"gb-accordion__icon-open\" fill=\"none\" viewBox=\"0 0 33 33\" height=\"25\" width=\"24\">  <path fill=\"#FD893A\" d=\"M5.29289 6.10002C5.68342 5.7095 6.31658 5.7095 6.70711 6.10002L12 11.3929L17.2929 6.10002C17.6834 5.7095 18.3166 5.7095 18.7071 6.10002C19.0976 6.49055 19.0976 7.12371 18.7071 7.51424L13.4142 12.8071L18.7071 18.1C19.0976 18.4905 19.0976 19.1237 18.7071 19.5142C18.3166 19.9048 17.6834 19.9048 17.2929 19.5142L12 14.2213L6.70711 19.5142C6.31658 19.9048 5.68342 19.9048 5.29289 19.5142C4.90237 19.1237 4.90237 18.4905 5.29289 18.1L10.5858 12.8071L5.29289 7.51424C4.90237 7.12371 4.90237 6.49055 5.29289 6.10002Z\" clip-rule=\"evenodd\" fill-rule=\"evenodd\"><\/path><\/svg><\/span><span class=\"gb-button-text\">Ai-je besoin de conna\u00eetre le num\u00e9ro de pi\u00e8ce d\u2019identit\u00e9 (DNI) de mon client pour \u00e9tablir une facture ou un devis ?<\/span><\/button>\n\n\n<div id=\"gb-accordion-content-0a73729c\" class=\"gb-accordion__content\"><div class=\"gb-container gb-container-0a73729c\">\n\n<p>Cela d\u00e9pend si ce client est d\u00e9j\u00e0 enregistr\u00e9 dans ton STEL Order. Il est seulement n\u00e9cessaire de conna\u00eetre le num\u00e9ro d\u2019identit\u00e9 (DNI) d\u2019un client si tu souhaites cr\u00e9er une facture pour un nouveau client qui n\u2019est pas encore enregistr\u00e9 dans ton STEL Order. Pour les autres documents, il n\u2019est pas n\u00e9cessaire de mentionner le NIF.   <\/p>\n\n\n\n<p>En revanche, si le client est d\u00e9j\u00e0 enregistr\u00e9 dans ton STEL Order, il te suffira de mentionner son nom pour que STEL Assistant renseigne pour toi des informations comme le NIF sur la facture ou l\u2019adresse.<\/p>\n\n<\/div><\/div>\n<\/div>\n\n<div class=\"gb-container gb-container-d76f03c6 gb-accordion__item\" data-transition=\"slide\">\n\n<button class=\"gb-button gb-button-9d6170b0 gb-accordion__toggle\" id=\"gb-accordion-toggle-9d6170b0\"><span class=\"gb-icon\"><svg xmlns=\"http:\/\/www.w3.org\/2000\/svg\" class=\"gb-accordion__icon\" fill=\"none\" viewBox=\"0 0 33 33\" height=\"25\" width=\"24\"> <path fill=\"#FD893A\" d=\"M12 4.80713C12.5523 4.80713 13 5.25484 13 5.80713V11.8071H19C19.5523 11.8071 20 12.2548 20 12.8071C20 13.3594 19.5523 13.8071 19 13.8071H13V19.8071C13 20.3594 12.5523 20.8071 12 20.8071C11.4477 20.8071 11 20.3594 11 19.8071V13.8071H5C4.44772 13.8071 4 13.3594 4 12.8071C4 12.2548 4.44772 11.8071 5 11.8071H11V5.80713C11 5.25484 11.4477 4.80713 12 4.80713Z\" clip-rule=\"evenodd\" fill-rule=\"evenodd\"><\/path>  <\/svg>  <svg xmlns=\"http:\/\/www.w3.org\/2000\/svg\" class=\"gb-accordion__icon-open\" fill=\"none\" viewBox=\"0 0 33 33\" height=\"25\" width=\"24\">  <path fill=\"#FD893A\" d=\"M5.29289 6.10002C5.68342 5.7095 6.31658 5.7095 6.70711 6.10002L12 11.3929L17.2929 6.10002C17.6834 5.7095 18.3166 5.7095 18.7071 6.10002C19.0976 6.49055 19.0976 7.12371 18.7071 7.51424L13.4142 12.8071L18.7071 18.1C19.0976 18.4905 19.0976 19.1237 18.7071 19.5142C18.3166 19.9048 17.6834 19.9048 17.2929 19.5142L12 14.2213L6.70711 19.5142C6.31658 19.9048 5.68342 19.9048 5.29289 19.5142C4.90237 19.1237 4.90237 18.4905 5.29289 18.1L10.5858 12.8071L5.29289 7.51424C4.90237 7.12371 4.90237 6.49055 5.29289 6.10002Z\" clip-rule=\"evenodd\" fill-rule=\"evenodd\"><\/path><\/svg><\/span><span class=\"gb-button-text\">Quel type de questions puis-je poser au Professeur ?<\/span><\/button>\n\n\n<div id=\"gb-accordion-content-b8c83575\" class=\"gb-accordion__content\"><div class=\"gb-container gb-container-b8c83575\">\n\n<p>Le \u201cProfesseur\u201d puise ses connaissances dans le Centre d\u2019aide et te propose des articles qui peuvent t\u2019\u00eatre utiles pour r\u00e9soudre tes questions sur le logiciel. Tu peux donc lui poser des questions techniques sur la mani\u00e8re de configurer ou de g\u00e9rer des t\u00e2ches via le logiciel. Par exemple, tu peux lui demander : \u00ab\u202fComment enregistrer une facture d\u2019avoir de mon fournisseur ?\u202f\u00bb ou \u00ab\u202fComment configurer Connect ?\u202f\u00bb.   <\/p>\n\n\n\n<p>De m\u00eame, tu peux lui demander des informations sur certains aspects juridiques li\u00e9s au logiciel, comme la facturation \u00e9lectronique, les mentions l\u00e9gales, la s\u00e9curit\u00e9, etc.<\/p>\n\n<\/div><\/div>\n<\/div>\n\n<div class=\"gb-container gb-container-a0a7454d gb-accordion__item\" data-transition=\"slide\">\n\n<button class=\"gb-button gb-button-55aacc31 gb-accordion__toggle\" id=\"gb-accordion-toggle-55aacc31\"><span class=\"gb-icon\"><svg xmlns=\"http:\/\/www.w3.org\/2000\/svg\" class=\"gb-accordion__icon\" fill=\"none\" viewBox=\"0 0 33 33\" height=\"25\" width=\"24\"> <path fill=\"#FD893A\" d=\"M12 4.80713C12.5523 4.80713 13 5.25484 13 5.80713V11.8071H19C19.5523 11.8071 20 12.2548 20 12.8071C20 13.3594 19.5523 13.8071 19 13.8071H13V19.8071C13 20.3594 12.5523 20.8071 12 20.8071C11.4477 20.8071 11 20.3594 11 19.8071V13.8071H5C4.44772 13.8071 4 13.3594 4 12.8071C4 12.2548 4.44772 11.8071 5 11.8071H11V5.80713C11 5.25484 11.4477 4.80713 12 4.80713Z\" clip-rule=\"evenodd\" fill-rule=\"evenodd\"><\/path>  <\/svg>  <svg xmlns=\"http:\/\/www.w3.org\/2000\/svg\" class=\"gb-accordion__icon-open\" fill=\"none\" viewBox=\"0 0 33 33\" height=\"25\" width=\"24\">  <path fill=\"#FD893A\" d=\"M5.29289 6.10002C5.68342 5.7095 6.31658 5.7095 6.70711 6.10002L12 11.3929L17.2929 6.10002C17.6834 5.7095 18.3166 5.7095 18.7071 6.10002C19.0976 6.49055 19.0976 7.12371 18.7071 7.51424L13.4142 12.8071L18.7071 18.1C19.0976 18.4905 19.0976 19.1237 18.7071 19.5142C18.3166 19.9048 17.6834 19.9048 17.2929 19.5142L12 14.2213L6.70711 19.5142C6.31658 19.9048 5.68342 19.9048 5.29289 19.5142C4.90237 19.1237 4.90237 18.4905 5.29289 18.1L10.5858 12.8071L5.29289 7.51424C4.90237 7.12371 4.90237 6.49055 5.29289 6.10002Z\" clip-rule=\"evenodd\" fill-rule=\"evenodd\"><\/path><\/svg><\/span><span class=\"gb-button-text\">STEL Assistant me r\u00e9pondra-t-il par texte ou par voix ?<\/span><\/button>\n\n\n<div id=\"gb-accordion-content-868558aa\" class=\"gb-accordion__content\"><div class=\"gb-container gb-container-868558aa\">\n\n<p>Bien que STEL Assistant soit capable de te parler via un message audio, l\u2019IA r\u00e9pondra principalement par \u00e9crit, afin que tu puisses acc\u00e9der plus facilement, directement et de fa\u00e7on consultable aux informations, et y revenir chaque fois que tu en as besoin. De plus, tu auras acc\u00e8s \u00e0 un historique o\u00f9 seront enregistr\u00e9es tes pr\u00e9c\u00e9dentes questions. <\/p>\n\n<\/div><\/div>\n<\/div>\n\n<div class=\"gb-container gb-container-eeaeab99 gb-accordion__item\" data-transition=\"slide\">\n\n<button class=\"gb-button gb-button-14ed4841 gb-accordion__toggle\" id=\"gb-accordion-toggle-14ed4841\"><span class=\"gb-icon\"><svg xmlns=\"http:\/\/www.w3.org\/2000\/svg\" class=\"gb-accordion__icon\" fill=\"none\" viewBox=\"0 0 33 33\" height=\"25\" width=\"24\"> <path fill=\"#FD893A\" d=\"M12 4.80713C12.5523 4.80713 13 5.25484 13 5.80713V11.8071H19C19.5523 11.8071 20 12.2548 20 12.8071C20 13.3594 19.5523 13.8071 19 13.8071H13V19.8071C13 20.3594 12.5523 20.8071 12 20.8071C11.4477 20.8071 11 20.3594 11 19.8071V13.8071H5C4.44772 13.8071 4 13.3594 4 12.8071C4 12.2548 4.44772 11.8071 5 11.8071H11V5.80713C11 5.25484 11.4477 4.80713 12 4.80713Z\" clip-rule=\"evenodd\" fill-rule=\"evenodd\"><\/path>  <\/svg>  <svg xmlns=\"http:\/\/www.w3.org\/2000\/svg\" class=\"gb-accordion__icon-open\" fill=\"none\" viewBox=\"0 0 33 33\" height=\"25\" width=\"24\">  <path fill=\"#FD893A\" d=\"M5.29289 6.10002C5.68342 5.7095 6.31658 5.7095 6.70711 6.10002L12 11.3929L17.2929 6.10002C17.6834 5.7095 18.3166 5.7095 18.7071 6.10002C19.0976 6.49055 19.0976 7.12371 18.7071 7.51424L13.4142 12.8071L18.7071 18.1C19.0976 18.4905 19.0976 19.1237 18.7071 19.5142C18.3166 19.9048 17.6834 19.9048 17.2929 19.5142L12 14.2213L6.70711 19.5142C6.31658 19.9048 5.68342 19.9048 5.29289 19.5142C4.90237 19.1237 4.90237 18.4905 5.29289 18.1L10.5858 12.8071L5.29289 7.51424C4.90237 7.12371 4.90237 6.49055 5.29289 6.10002Z\" clip-rule=\"evenodd\" fill-rule=\"evenodd\"><\/path><\/svg><\/span><span class=\"gb-button-text\">Puis-je cr\u00e9er des interventions ?<\/span><\/button>\n\n\n<div id=\"gb-accordion-content-e092d9c1\" class=\"gb-accordion__content\"><div class=\"gb-container gb-container-e092d9c1\">\n\n<p>Oui, tout comme tu peux cr\u00e9er des factures ou des devis, tu peux demander \u00e0 ton STEL Assistant de g\u00e9n\u00e9rer des interventions et de les attribuer \u00e0 des techniciens.<\/p>\n\n<\/div><\/div>\n<\/div>\n<\/div>\n<\/div>\n<\/div>","protected":false},"excerpt":{"rendered":"<p>STEL Assistant Intelligence Artificielle de STEL Order Cr\u00e9e des factures, des devis, des clients et des \u00e9v\u00e9nements sur simple demande. Voici l\u2019IA qui rendra ton &#8230; <a title=\"Intelligence Artificielle\" class=\"read-more\" href=\"https:\/\/www-stg.stelorder.com\/fr\/intelligence-artificielle\/\" aria-label=\"Read more about Intelligence Artificielle\">Leer<\/a><\/p>\n","protected":false},"author":4,"featured_media":72690,"parent":0,"menu_order":0,"comment_status":"closed","ping_status":"closed","template":"","meta":{"_acf_changed":false,"inline_featured_image":false,"footnotes":""},"class_list":{"0":"post-63611","1":"page","2":"type-page","3":"status-publish","4":"has-post-thumbnail","6":"no-featured-image-padding"},"acf":[],"_links":{"self":[{"href":"https:\/\/www-stg.stelorder.com\/fr\/wp-json\/wp\/v2\/pages\/63611","targetHints":{"allow":["GET"]}}],"collection":[{"href":"https:\/\/www-stg.stelorder.com\/fr\/wp-json\/wp\/v2\/pages"}],"about":[{"href":"https:\/\/www-stg.stelorder.com\/fr\/wp-json\/wp\/v2\/types\/page"}],"author":[{"embeddable":true,"href":"https:\/\/www-stg.stelorder.com\/fr\/wp-json\/wp\/v2\/users\/4"}],"replies":[{"embeddable":true,"href":"https:\/\/www-stg.stelorder.com\/fr\/wp-json\/wp\/v2\/comments?post=63611"}],"version-history":[{"count":0,"href":"https:\/\/www-stg.stelorder.com\/fr\/wp-json\/wp\/v2\/pages\/63611\/revisions"}],"wp:featuredmedia":[{"embeddable":true,"href":"https:\/\/www-stg.stelorder.com\/fr\/wp-json\/wp\/v2\/media\/72690"}],"wp:attachment":[{"href":"https:\/\/www-stg.stelorder.com\/fr\/wp-json\/wp\/v2\/media?parent=63611"}],"curies":[{"name":"wp","href":"https:\/\/api.w.org\/{rel}","templated":true}]}}