{"id":36817,"date":"2023-12-04T15:33:19","date_gmt":"2023-12-04T14:33:19","guid":{"rendered":"https:\/\/www-stg.stelorder.com\/erp\/bancos\/"},"modified":"2023-12-13T12:45:20","modified_gmt":"2023-12-13T11:45:20","slug":"banques","status":"publish","type":"page","link":"https:\/\/www-stg.stelorder.com\/fr\/erp\/banques\/","title":{"rendered":"Banques"},"content":{"rendered":"<div class=\"gb-container gb-container-f25fd381\" id=\"hero\">\n<div class=\"gb-container gb-container-a484aece\">\n<div class=\"gb-container gb-container-84d3d45a\">\n\n<figure class=\"gb-block-image gb-block-image-f9ffba17\"><img decoding=\"async\" width=\"95\" height=\"95\" class=\"gb-image gb-image-f9ffba17\" src=\"https:\/\/www-stg.stelorder.com\/wp-content\/uploads\/2023\/12\/icono-conciliacion-nw.svg\" alt=\"\" title=\"icono-conciliacion-nw\"><\/figure>\n\n\n\n<h1 class=\"gb-headline gb-headline-67de83cf gb-headline-text cl-h2\">Vos banques dans votre STEL Order<\/h1>\n\n\n\n<p class=\"gb-headline gb-headline-67096691 gb-headline-text cl-h10\">Rapprochez vos encaissements et vos paiements avec une connexion s\u00e9curis\u00e9e \u00e0 vos banques depuis STEL Order<\/p>\n\n\n<div class=\"gb-button-wrapper gb-button-wrapper-62553c37\">\n\n<a class=\"gb-button gb-button-318cd016 gb-button-text cl-btn-base\" href=\"#formulario\">Demandez-le maintenant<\/a>\n\n<\/div>\n<\/div>\n\n<div class=\"gb-container gb-container-bcf540ae\">\n\n<figure class=\"gb-block-image gb-block-image-8a44a335\"><img decoding=\"async\" class=\"gb-image gb-image-8a44a335\" src=\"https:\/\/www-stg.stelorder.com\/wp-content\/uploads\/2023\/12\/hero-conc-bancaria-verde-fr.svg\" alt=\"\" title=\"hero-conciliacion-bancaria-green\"><\/figure>\n\n\n\n<figure class=\"gb-block-image gb-block-image-730c7417\"><img decoding=\"async\" class=\"gb-image gb-image-730c7417\" src=\"https:\/\/www-stg.stelorder.com\/wp-content\/uploads\/2023\/12\/hero-conciliacion-bancaria-mobile-2-150x150.png\" alt=\"\" title=\"hero-conciliacion bancaria-mobile-nw\"><\/figure>\n\n<\/div>\n<\/div>\n<\/div><div class=\"gb-container gb-container-8ef4d746\">\n<div class=\"gb-container gb-container-7c1361cb\" id=\"descubre-stel-order\">\n\n<p class=\"gb-headline gb-headline-87b35939 gb-headline-text\">D\u00e9couvrez STEL Order en 2 minutes<\/p>\n\n\n\n<figure class=\"wp-block-image size-full\"><a data-fslightbox=\"\" href=\"https:\/\/www.youtube.com\/watch?v=EPFCxPMBGP8?autoplay=1&#038;rel=0&#038;autohide=1&#038;showinfo=0\" rel=\"nofollow noopener\" target=\"_blank\"><img decoding=\"async\" width=\"1000\" height=\"562\" src=\"https:\/\/www-stg.stelorder.com\/wp-content\/uploads\/2023\/11\/video-descubre-stel-order-2.png\" alt=\"\" class=\"wp-image-36021\" srcset=\"https:\/\/www-stg.stelorder.com\/wp-content\/uploads\/2023\/11\/video-descubre-stel-order-2.png 1000w, https:\/\/www-stg.stelorder.com\/wp-content\/uploads\/2023\/11\/video-descubre-stel-order-2-300x169.png 300w, https:\/\/www-stg.stelorder.com\/wp-content\/uploads\/2023\/11\/video-descubre-stel-order-2-768x432.png 768w, https:\/\/www-stg.stelorder.com\/wp-content\/uploads\/2023\/11\/video-descubre-stel-order-2-150x84.png 150w\" sizes=\"(max-width: 1000px) 100vw, 1000px\" \/><\/a><\/figure>\n\n\n<div class=\"gb-button-wrapper gb-button-wrapper-47e09f7e\">\n\n<span class=\"gb-button gb-button-e80a0ad2 gb-button-text cl-btn-try\" target=\"_blank\" rel=\"noopener noreferrer\">Essai GRATUIT<\/span>\n\n<\/div>\n\n\n<p class=\"gb-headline gb-headline-64ee0141 gb-headline-text\">Essai gratuit de 15 jours. Sans engagement. Sans saisir votre carte.  <\/p>\n\n<\/div>\n\n<div class=\"gb-container gb-container-ae6ef785\" id=\"conecta\">\n<div class=\"gb-container gb-container-3adb13f5\">\n\n<figure class=\"gb-block-image gb-block-image-23fd4573\"><img decoding=\"async\" class=\"gb-image gb-image-23fd4573\" src=\"https:\/\/www-stg.stelorder.com\/wp-content\/uploads\/2023\/11\/ilustracion-conecta-cuentas-2.png\" alt=\"\" title=\"ilustracion-conecta cuentas\"><\/figure>\n\n<\/div>\n\n<div class=\"gb-container gb-container-e63875fc\">\n\n<h2 class=\"gb-headline gb-headline-84c5fab3 gb-headline-text cl-h3\">Connectez autant de comptes bancaires que n\u00e9cessaire<\/h2>\n\n\n\n<p class=\"gb-headline gb-headline-95832764 gb-headline-text\">Ajoutez tous les comptes bancaires que vous g\u00e9rez au quotidien pour importer les transactions dans votre STEL Order et les concilier avec les factures \u00e9mises et re\u00e7ues.<\/p>\n\n\n<div class=\"gb-button-wrapper gb-button-wrapper-939d00a5\">\n\n<a class=\"gb-button gb-button-262cc78a gb-button-text cl-btn-base\" href=\"#formulario\">Demandez-le maintenant<\/a>\n\n<\/div>\n<\/div>\n<\/div>\n\n<div class=\"gb-container gb-container-63f43013\" id=\"saldo\">\n<div class=\"gb-container gb-container-39522c67\">\n\n<h3 class=\"gb-headline gb-headline-bcf7ab1d gb-headline-text cl-h4\">De plus, vous verrez en un coup d&rsquo;\u0153il le solde, les revenus et les d\u00e9penses du mois en cours par rapport au mois pr\u00e9c\u00e9dent.<\/h3>\n\n\n<div class=\"gb-button-wrapper gb-button-wrapper-77023e06\">\n\n<a class=\"gb-button gb-button-50f3d709 gb-button-text cl-btn-base\" href=\"#formulario\">Demandez-le maintenant<\/a>\n\n<\/div>\n<\/div>\n\n<div class=\"gb-container gb-container-6fef550d\">\n\n<figure class=\"gb-block-image gb-block-image-72352bb9\"><img decoding=\"async\" class=\"gb-image gb-image-72352bb9\" src=\"https:\/\/www-stg.stelorder.com\/wp-content\/uploads\/2023\/11\/ilustracion-5.png\" alt=\"\" title=\"ilustracion-vistazo-saldo\"><\/figure>\n\n<\/div>\n<\/div>\n\n<div class=\"gb-container gb-container-0de7b570\" id=\"conciliacion-bancaria\">\n<div class=\"gb-container gb-container-c00450d7\">\n\n<figure class=\"gb-block-image gb-block-image-4e1175ae\"><img decoding=\"async\" class=\"gb-image gb-image-4e1175ae\" src=\"https:\/\/www-stg.stelorder.com\/wp-content\/uploads\/2023\/11\/ilustracion-6.png\" alt=\"\" title=\"Ilustracion-conciliacion-facturas (1)\"><\/figure>\n\n\n\n<figure class=\"gb-block-image gb-block-image-e296e968\"><img decoding=\"async\" class=\"gb-image gb-image-e296e968\" src=\"https:\/\/www-stg.stelorder.com\/wp-content\/uploads\/2023\/11\/ilustracion-conecta-cuentas-concilia-facturas-3.png\" alt=\"\" title=\"ilustracion-conecta cuentas-concilia facturas (1)\"><\/figure>\n\n<\/div>\n\n<div class=\"gb-container gb-container-07087924\">\n\n<h2 class=\"gb-headline gb-headline-48e680b1 gb-headline-text cl-h3\">Rapprochement bancaire avec vos factures de STEL Order.<\/h2>\n\n\n\n<p class=\"gb-headline gb-headline-70e5f220 gb-headline-text\">STEL Order d\u00e9tecte automatiquement s&rsquo;il y a des transactions bancaires correspondant \u00e0 des factures que vous avez cr\u00e9\u00e9es auparavant et les associe automatiquement, de sorte que vous n&rsquo;ayez qu&rsquo;\u00e0 confirmer le montant.<\/p>\n\n\n<div class=\"gb-button-wrapper gb-button-wrapper-528647fc\">\n\n<a class=\"gb-button gb-button-ebe79bd0 gb-button-text cl-btn-base\" href=\"#formulario\">Demandez-le maintenant<\/a>\n\n<\/div>\n<\/div>\n<\/div>\n\n<div class=\"gb-container gb-container-17c11425\" id=\"facturas-pendientes\">\n<div class=\"gb-container gb-container-0d64e2f4\">\n\n<h3 class=\"gb-headline gb-headline-02e89359 gb-headline-text cl-h4\">Marquez vos factures impay\u00e9es comme pay\u00e9es ou partiellement pay\u00e9es en un clic.<\/h3>\n\n\n<div class=\"gb-button-wrapper gb-button-wrapper-64f4b761\">\n\n<a class=\"gb-button gb-button-2d19d1a9 gb-button-text cl-btn-base\" href=\"#formulario\">Demandez-le maintenant<\/a>\n\n<\/div>\n<\/div>\n\n<div class=\"gb-container gb-container-14f45064\">\n\n<figure class=\"gb-block-image gb-block-image-08760794\"><img decoding=\"async\" class=\"gb-image gb-image-08760794\" src=\"https:\/\/www-stg.stelorder.com\/wp-content\/uploads\/2023\/12\/ilustracion-facturas-pendientes-fr.svg\" alt=\"\" title=\"ilustracion-facturas-pendientes-sec\"><\/figure>\n\n<\/div>\n<\/div>\n\n<div class=\"gb-container gb-container-117f3fb5\" id=\"conciliacion-bancaria\">\n<div class=\"gb-container gb-container-036cdd27\">\n\n<figure class=\"gb-block-image gb-block-image-23600268\"><img decoding=\"async\" class=\"gb-image gb-image-23600268\" src=\"https:\/\/www-stg.stelorder.com\/wp-content\/uploads\/2023\/11\/ilustracion-4-1.png\" alt=\"\" title=\"ilustracion-gestiona-acceso\"><\/figure>\n\n<\/div>\n\n<div class=\"gb-container gb-container-d156b1e2\">\n\n<h2 class=\"gb-headline gb-headline-19be1c24 gb-headline-text cl-h3\">G\u00e9rez l&rsquo;acc\u00e8s \u00e0 vos comptes bancaires<\/h2>\n\n\n\n<p class=\"gb-headline gb-headline-e1a0f722 gb-headline-text\">D\u00e9finissez qui a acc\u00e8s \u00e0 la fonctionnalit\u00e9 et sp\u00e9cifiez quelle compte bancaire chaque utilisateur peut g\u00e9rer.<\/p>\n\n\n<div class=\"gb-button-wrapper gb-button-wrapper-d58b47bd\">\n\n<a class=\"gb-button gb-button-94ed80ad gb-button-text cl-btn-base\" href=\"#formulario\">Demandez-le maintenant<\/a>\n\n<\/div>\n<\/div>\n<\/div>\n<\/div><div class=\"gb-container gb-container-3e858b75\" id=\"formulario\">\n<div class=\"gb-container gb-container-c560af27\">\n\n<h2 class=\"gb-headline gb-headline-53aea36f gb-headline-text cl-h2\">Demande d&rsquo;acc\u00e8s \u00e0 l&#8217;embauche<br>Vos banques dans votre STEL Order<\/h2>\n\n\n\n<p class=\"gb-headline gb-headline-d4db7e04 gb-headline-text\">Disponible uniquement pour les pays de l&rsquo;Union europ\u00e9enne<\/p>\n\n\n<div class=\"gb-container gb-container-827c2e96 gb-tabs\" data-opened-tab=\"1\">\n<div class=\"gb-container gb-container-0fb1bc64 gb-tabs__buttons\">\n\n<button class=\"gb-button gb-button-89a80d89 gb-button-text gb-tabs__button gb-block-is-current\">Mensuel<\/button>\n\n\n\n<button class=\"gb-button gb-button-ee6a8a72 gb-button-text gb-tabs__button\">Annuel<\/button>\n\n<\/div>\n\n<div class=\"gb-container gb-container-2b5e660e gb-tabs__items\">\n<div class=\"gb-container gb-container-4da8f02e gb-tabs__item gb-tabs__item-open\">\n<div class=\"gb-container gb-container-e49b4ae4\">\n<div class=\"gb-container gb-container-b202868f\">\n\n<p class=\"gb-headline gb-headline-e4db5406 gb-headline-text\">PRIX R\u00c9DUIT<\/p>\n\n\n<div class=\"gb-container gb-container-333dc7ad\">\n\n<div class=\"gb-headline gb-headline-ea3c541c gb-headline-text\">3,00 \u20ac<\/div>\n\n\n\n<p class=\"gb-headline gb-headline-b8e5c404 gb-headline-text\">\/mois<\/p>\n\n<\/div>\n\n\n<p class=\"gb-headline gb-headline-7b941d12 gb-headline-text\">*Par compte bancaire<\/p>\n\n<\/div>\n\n<div class=\"gb-container gb-container-763a228d\">\n\n<p class=\"gb-headline gb-headline-8e6e7448 gb-headline-text\">PRIX<\/p>\n\n\n<div class=\"gb-container gb-container-2e484a4c\">\n\n<div class=\"gb-headline gb-headline-6b7d6e94 gb-headline-text\">3,60 \u20ac<\/div>\n\n\n\n<p class=\"gb-headline gb-headline-3a18619b gb-headline-text\">\/mois<\/p>\n\n<\/div>\n\n\n<p class=\"gb-headline gb-headline-6670995f gb-headline-text\">*Par compte bancaire<\/p>\n\n<\/div>\n<\/div>\n<\/div>\n\n<div class=\"gb-container gb-container-e969a2c4 gb-tabs__item\">\n<div class=\"gb-container gb-container-ba73556a\">\n<div class=\"gb-container gb-container-972bf4f9\">\n<div class=\"gb-container gb-container-ed9c74c9\">\n\n<p class=\"gb-headline gb-headline-297255d7 gb-headline-text\">PRIX R\u00c9DUIT<\/p>\n\n\n<div class=\"gb-container gb-container-229073a6\">\n\n<div class=\"gb-headline gb-headline-b9e1d2a7 gb-headline-text\">2,50 \u20ac<\/div>\n\n\n\n<p class=\"gb-headline gb-headline-3a22af56 gb-headline-text\">\/mois<\/p>\n\n<\/div>\n\n\n<p class=\"gb-headline gb-headline-eb66ebd9 gb-headline-text\">*Par compte bancaire<\/p>\n\n<\/div>\n\n<div class=\"gb-container gb-container-eabd954e\">\n\n<p class=\"gb-headline gb-headline-8e7f6ca6 gb-headline-text\">PRIX<\/p>\n\n\n<div class=\"gb-container gb-container-97e2e89c\">\n\n<div class=\"gb-headline gb-headline-21fab4d0 gb-headline-text\">3,00 \u20ac<\/div>\n\n\n\n<p class=\"gb-headline gb-headline-b0c59314 gb-headline-text\">\/mois<\/p>\n\n<\/div>\n\n\n<p class=\"gb-headline gb-headline-7a02e886 gb-headline-text\">*Par compte bancaire<\/p>\n\n<\/div>\n<\/div>\n<\/div>\n<\/div>\n<\/div>\n<\/div>\n\n<div class=\"gb-container gb-container-f62bd421 gb-tabs\" data-opened-tab=\"1\">\n<div class=\"gb-container gb-container-708ec7d3 gb-tabs__buttons\">\n\n<button class=\"gb-button gb-button-cbc25371 gb-button-text gb-tabs__button gb-block-is-current\">Mensuel<\/button>\n\n\n\n<button class=\"gb-button gb-button-395979e6 gb-button-text gb-tabs__button\">Annuel<\/button>\n\n<\/div>\n\n<div class=\"gb-container gb-container-a2bba188 gb-tabs__items\">\n<div class=\"gb-container gb-container-593bf3e4 gb-tabs__item gb-tabs__item-open\">\n<div class=\"gb-container gb-container-5affcfc3\">\n<div class=\"gb-container gb-container-700a56c7\">\n\n<p class=\"gb-headline gb-headline-879047b5 gb-headline-text\">PRIX<\/p>\n\n\n<div class=\"gb-container gb-container-674076e4\">\n\n<div class=\"gb-headline gb-headline-e8718a24 gb-headline-text\">3,60 \u20ac<\/div>\n\n\n\n<p class=\"gb-headline gb-headline-8427f482 gb-headline-text\">\/mois<\/p>\n\n<\/div>\n\n\n<p class=\"gb-headline gb-headline-7efac5cc gb-headline-text\">*Par compte bancaire<\/p>\n\n<\/div>\n<\/div>\n<\/div>\n\n<div class=\"gb-container gb-container-a6a2fdcb gb-tabs__item\">\n<div class=\"gb-container gb-container-f69601b7\">\n<div class=\"gb-container gb-container-ff874411\">\n<div class=\"gb-container gb-container-4b969e09\">\n\n<p class=\"gb-headline gb-headline-f7490c47 gb-headline-text\">PRIX<\/p>\n\n\n<div class=\"gb-container gb-container-9751b4b8\">\n\n<div class=\"gb-headline gb-headline-ada56f46 gb-headline-text\">3,00 \u20ac<\/div>\n\n\n\n<p class=\"gb-headline gb-headline-f9c24db2 gb-headline-text\">\/mois<\/p>\n\n<\/div>\n\n\n<p class=\"gb-headline gb-headline-61ab9614 gb-headline-text\">*Par compte bancaire<\/p>\n\n<\/div>\n<\/div>\n<\/div>\n<\/div>\n<\/div>\n<\/div>\n<\/div>\n<\/div><div class=\"gb-container gb-container-185a7dec\">\n<div class=\"gb-container gb-container-b3034c51\" id=\"faqs\">\n<div class=\"gb-container gb-container-9954d20f\">\n\n<h2 class=\"gb-headline gb-headline-e3d687c4 gb-headline-text\">Questions fr\u00e9quemment pos\u00e9es sur Vos banques dans votre STEL Order<\/h2>\n\n\n<div class=\"gb-container gb-container-b884054a gb-accordion\">\n<div class=\"gb-container gb-container-fc93ae5c gb-accordion__item gb-accordion__item-open\" data-transition=\"slide\">\n\n<button class=\"gb-button gb-button-1507470d gb-accordion__toggle gb-block-is-current\"><span class=\"gb-icon\"><svg xmlns=\"http:\/\/www.w3.org\/2000\/svg\" width=\"33\" height=\"33\" viewbox=\"0 0 33 33\" fill=\"none\" class=\"gb-accordion__icon\"> <path fill-rule=\"evenodd\" clip-rule=\"evenodd\" d=\"M16.5 1C25.0604 1 32 7.93959 32 16.5C32 25.0604 25.0604 32 16.5 32C7.93959 32 1 25.0604 1 16.5C1 7.93959 7.93959 1 16.5 1ZM16.5 0C25.6127 0 33 7.3873 33 16.5C33 25.6127 25.6127 33 16.5 33C7.3873 33 0 25.6127 0 16.5C0 7.3873 7.3873 0 16.5 0Z\" fill=\"#FD893A\"><\/path> <rect x=\"10\" y=\"15.5\" width=\"13\" height=\"2\" rx=\"1\" fill=\"#2E2E2E\"><\/rect> <rect x=\"17.5\" y=\"10\" width=\"13\" height=\"2\" rx=\"1\" transform=\"rotate(90 17.5 10)\" fill=\"#2E2E2E\"><\/rect> <\/svg> <svg xmlns=\"http:\/\/www.w3.org\/2000\/svg\" width=\"33\" height=\"33\" viewbox=\"0 0 33 33\" fill=\"none\" class=\"gb-accordion__icon-open\"> <path fill-rule=\"evenodd\" clip-rule=\"evenodd\" d=\"M16.5 1C25.0604 1 32 7.93959 32 16.5C32 25.0604 25.0604 32 16.5 32C7.93959 32 1 25.0604 1 16.5C1 7.93959 7.93959 1 16.5 1ZM16.5 0C25.6127 0 33 7.3873 33 16.5C33 25.6127 25.6127 33 16.5 33C7.3873 33 0 25.6127 0 16.5C0 7.3873 7.3873 0 16.5 0Z\" fill=\"#FD893A\"><\/path> <path d=\"M10 17C10 16.4477 10.4477 16 11 16H22C22.5523 16 23 16.4477 23 17V17C23 17.5523 22.5523 18 22 18H11C10.4477 18 10 17.5523 10 17V17Z\" fill=\"#3D3D3D\"><\/path> <\/svg><\/span><span class=\"gb-button-text\">Comment ma comptabilit\u00e9 s&rsquo;am\u00e9liorera-t-elle en utilisant Vos banques dans votre STEL Order?<\/span><\/button>\n\n\n<div class=\"gb-accordion__content\"><div class=\"gb-container gb-container-60a01ba9\">\n\n<p>Vos banques dans votre STEL Order centralise tout sur une m\u00eame plateforme, vous permettant ainsi un meilleur acc\u00e8s aux documents de votre entreprise et d&rsquo;automatiser les t\u00e2ches r\u00e9p\u00e9titives, ce qui rend la conciliation bancaire beaucoup plus efficace. Il d\u00e9tecte automatiquement s&rsquo;il y a des mouvements bancaires correspondant \u00e0 des factures ou des tickets que vous avez cr\u00e9\u00e9s pr\u00e9c\u00e9demment, et les assortit imm\u00e9diatement, vous permettant ainsi d&rsquo;\u00e9conomiser du temps et de r\u00e9duire les erreurs li\u00e9es \u00e0 une intervention manuelle.<\/p>\n\n<\/div><\/div>\n<\/div>\n\n<div class=\"gb-container gb-container-334da2d6 gb-accordion__item\" data-transition=\"slide\">\n\n<button class=\"gb-button gb-button-fb43aad0 gb-accordion__toggle\"><span class=\"gb-icon\"><svg xmlns=\"http:\/\/www.w3.org\/2000\/svg\" width=\"33\" height=\"33\" viewbox=\"0 0 33 33\" fill=\"none\" class=\"gb-accordion__icon\"> <path fill-rule=\"evenodd\" clip-rule=\"evenodd\" d=\"M16.5 1C25.0604 1 32 7.93959 32 16.5C32 25.0604 25.0604 32 16.5 32C7.93959 32 1 25.0604 1 16.5C1 7.93959 7.93959 1 16.5 1ZM16.5 0C25.6127 0 33 7.3873 33 16.5C33 25.6127 25.6127 33 16.5 33C7.3873 33 0 25.6127 0 16.5C0 7.3873 7.3873 0 16.5 0Z\" fill=\"#FD893A\"><\/path> <rect x=\"10\" y=\"15.5\" width=\"13\" height=\"2\" rx=\"1\" fill=\"#2E2E2E\"><\/rect> <rect x=\"17.5\" y=\"10\" width=\"13\" height=\"2\" rx=\"1\" transform=\"rotate(90 17.5 10)\" fill=\"#2E2E2E\"><\/rect> <\/svg> <svg xmlns=\"http:\/\/www.w3.org\/2000\/svg\" width=\"33\" height=\"33\" viewbox=\"0 0 33 33\" fill=\"none\" class=\"gb-accordion__icon-open\"> <path fill-rule=\"evenodd\" clip-rule=\"evenodd\" d=\"M16.5 1C25.0604 1 32 7.93959 32 16.5C32 25.0604 25.0604 32 16.5 32C7.93959 32 1 25.0604 1 16.5C1 7.93959 7.93959 1 16.5 1ZM16.5 0C25.6127 0 33 7.3873 33 16.5C33 25.6127 25.6127 33 16.5 33C7.3873 33 0 25.6127 0 16.5C0 7.3873 7.3873 0 16.5 0Z\" fill=\"#FD893A\"><\/path> <path d=\"M10 17C10 16.4477 10.4477 16 11 16H22C22.5523 16 23 16.4477 23 17V17C23 17.5523 22.5523 18 22 18H11C10.4477 18 10 17.5523 10 17V17Z\" fill=\"#3D3D3D\"><\/path> <\/svg><\/span><span class=\"gb-button-text\">Est-ce que je peux synchroniser plusieurs comptes bancaires? <\/span><\/button>\n\n\n<div class=\"gb-accordion__content\"><div class=\"gb-container gb-container-4ddcc3d6\">\n\n<p>Bien s\u00fbr! Ajoutez tous les comptes bancaires que vous g\u00e9rez au quotidien et effectuez une conciliation bancaire compl\u00e8te de votre entreprise. <\/p>\n\n<\/div><\/div>\n<\/div>\n\n<div class=\"gb-container gb-container-021180b3 gb-accordion__item\" data-transition=\"slide\">\n\n<button class=\"gb-button gb-button-a413d1aa gb-accordion__toggle\"><span class=\"gb-icon\"><svg xmlns=\"http:\/\/www.w3.org\/2000\/svg\" width=\"33\" height=\"33\" viewbox=\"0 0 33 33\" fill=\"none\" class=\"gb-accordion__icon\"> <path fill-rule=\"evenodd\" clip-rule=\"evenodd\" d=\"M16.5 1C25.0604 1 32 7.93959 32 16.5C32 25.0604 25.0604 32 16.5 32C7.93959 32 1 25.0604 1 16.5C1 7.93959 7.93959 1 16.5 1ZM16.5 0C25.6127 0 33 7.3873 33 16.5C33 25.6127 25.6127 33 16.5 33C7.3873 33 0 25.6127 0 16.5C0 7.3873 7.3873 0 16.5 0Z\" fill=\"#FD893A\"><\/path> <rect x=\"10\" y=\"15.5\" width=\"13\" height=\"2\" rx=\"1\" fill=\"#2E2E2E\"><\/rect> <rect x=\"17.5\" y=\"10\" width=\"13\" height=\"2\" rx=\"1\" transform=\"rotate(90 17.5 10)\" fill=\"#2E2E2E\"><\/rect> <\/svg> <svg xmlns=\"http:\/\/www.w3.org\/2000\/svg\" width=\"33\" height=\"33\" viewbox=\"0 0 33 33\" fill=\"none\" class=\"gb-accordion__icon-open\"> <path fill-rule=\"evenodd\" clip-rule=\"evenodd\" d=\"M16.5 1C25.0604 1 32 7.93959 32 16.5C32 25.0604 25.0604 32 16.5 32C7.93959 32 1 25.0604 1 16.5C1 7.93959 7.93959 1 16.5 1ZM16.5 0C25.6127 0 33 7.3873 33 16.5C33 25.6127 25.6127 33 16.5 33C7.3873 33 0 25.6127 0 16.5C0 7.3873 7.3873 0 16.5 0Z\" fill=\"#FD893A\"><\/path> <path d=\"M10 17C10 16.4477 10.4477 16 11 16H22C22.5523 16 23 16.4477 23 17V17C23 17.5523 22.5523 18 22 18H11C10.4477 18 10 17.5523 10 17V17Z\" fill=\"#3D3D3D\"><\/path> <\/svg><\/span><span class=\"gb-button-text\">Quels avantages offre la conciliation bancaire pour la comptabilit\u00e9 de mon entreprise?<\/span><\/button>\n\n\n\n<button class=\"gb-button gb-button-138fc710 gb-accordion__toggle\"><span class=\"gb-icon\"><svg xmlns=\"http:\/\/www.w3.org\/2000\/svg\" width=\"33\" height=\"33\" viewbox=\"0 0 33 33\" fill=\"none\" class=\"gb-accordion__icon\"> <path fill-rule=\"evenodd\" clip-rule=\"evenodd\" d=\"M16.5 1C25.0604 1 32 7.93959 32 16.5C32 25.0604 25.0604 32 16.5 32C7.93959 32 1 25.0604 1 16.5C1 7.93959 7.93959 1 16.5 1ZM16.5 0C25.6127 0 33 7.3873 33 16.5C33 25.6127 25.6127 33 16.5 33C7.3873 33 0 25.6127 0 16.5C0 7.3873 7.3873 0 16.5 0Z\" fill=\"#FD893A\"><\/path> <rect x=\"10\" y=\"15.5\" width=\"13\" height=\"2\" rx=\"1\" fill=\"#2E2E2E\"><\/rect> <rect x=\"17.5\" y=\"10\" width=\"13\" height=\"2\" rx=\"1\" transform=\"rotate(90 17.5 10)\" fill=\"#2E2E2E\"><\/rect> <\/svg> <svg xmlns=\"http:\/\/www.w3.org\/2000\/svg\" width=\"33\" height=\"33\" viewbox=\"0 0 33 33\" fill=\"none\" class=\"gb-accordion__icon-open\"> <path fill-rule=\"evenodd\" clip-rule=\"evenodd\" d=\"M16.5 1C25.0604 1 32 7.93959 32 16.5C32 25.0604 25.0604 32 16.5 32C7.93959 32 1 25.0604 1 16.5C1 7.93959 7.93959 1 16.5 1ZM16.5 0C25.6127 0 33 7.3873 33 16.5C33 25.6127 25.6127 33 16.5 33C7.3873 33 0 25.6127 0 16.5C0 7.3873 7.3873 0 16.5 0Z\" fill=\"#FD893A\"><\/path> <path d=\"M10 17C10 16.4477 10.4477 16 11 16H22C22.5523 16 23 16.4477 23 17V17C23 17.5523 22.5523 18 22 18H11C10.4477 18 10 17.5523 10 17V17Z\" fill=\"#3D3D3D\"><\/path> <\/svg><\/span><span class=\"gb-button-text\">STEL Order lie-t-il automatiquement une op\u00e9ration bancaire \u00e0 son document correspondant?<\/span><\/button>\n\n\n<div class=\"gb-accordion__content\"><div class=\"gb-container gb-container-aeec6e29\">\n\n<p>Oui, tant que le document a \u00e9t\u00e9 cr\u00e9\u00e9 au pr\u00e9alable dans STEL Order, vous n&rsquo;aurez qu&rsquo;\u00e0 confirmer le montant d&rsquo;un simple clic. En tout cas, vous pouvez cr\u00e9er votre facture, ticket ou document commercial \u00e0 tout moment. De plus, les op\u00e9rations bancaires qui n&rsquo;ont pas de document associ\u00e9 appara\u00eetront en rouge pour que vous puissiez les rep\u00e9rer rapidement en un coup d&rsquo;\u0153il, afin de ne rien manquer. <\/p>\n\n<\/div><\/div>\n<\/div>\n<\/div>\n<\/div>\n<\/div>\n<\/div>","protected":false},"excerpt":{"rendered":"<p>Vos banques dans votre STEL Order Rapprochez vos encaissements et vos paiements avec une connexion s\u00e9curis\u00e9e \u00e0 vos banques depuis STEL Order D\u00e9couvrez STEL Order &#8230; <a title=\"Banques\" class=\"read-more\" href=\"https:\/\/www-stg.stelorder.com\/fr\/erp\/banques\/\" aria-label=\"Read more about Banques\">Leer<\/a><\/p>\n","protected":false},"author":4,"featured_media":27974,"parent":1263,"menu_order":0,"comment_status":"closed","ping_status":"closed","template":"","meta":{"_acf_changed":false,"inline_featured_image":false,"footnotes":""},"class_list":{"0":"post-36817","1":"page","2":"type-page","3":"status-publish","4":"has-post-thumbnail","6":"no-featured-image-padding"},"acf":[],"_links":{"self":[{"href":"https:\/\/www-stg.stelorder.com\/fr\/wp-json\/wp\/v2\/pages\/36817","targetHints":{"allow":["GET"]}}],"collection":[{"href":"https:\/\/www-stg.stelorder.com\/fr\/wp-json\/wp\/v2\/pages"}],"about":[{"href":"https:\/\/www-stg.stelorder.com\/fr\/wp-json\/wp\/v2\/types\/page"}],"author":[{"embeddable":true,"href":"https:\/\/www-stg.stelorder.com\/fr\/wp-json\/wp\/v2\/users\/4"}],"replies":[{"embeddable":true,"href":"https:\/\/www-stg.stelorder.com\/fr\/wp-json\/wp\/v2\/comments?post=36817"}],"version-history":[{"count":0,"href":"https:\/\/www-stg.stelorder.com\/fr\/wp-json\/wp\/v2\/pages\/36817\/revisions"}],"up":[{"embeddable":true,"href":"https:\/\/www-stg.stelorder.com\/fr\/wp-json\/wp\/v2\/pages\/1263"}],"wp:featuredmedia":[{"embeddable":true,"href":"https:\/\/www-stg.stelorder.com\/fr\/wp-json\/wp\/v2\/media\/27974"}],"wp:attachment":[{"href":"https:\/\/www-stg.stelorder.com\/fr\/wp-json\/wp\/v2\/media?parent=36817"}],"curies":[{"name":"wp","href":"https:\/\/api.w.org\/{rel}","templated":true}]}}