{"id":36470,"date":"2023-11-30T12:22:43","date_gmt":"2023-11-30T11:22:43","guid":{"rendered":"https:\/\/www-stg.stelorder.com\/acceso-asesor\/"},"modified":"2023-12-18T16:57:10","modified_gmt":"2023-12-18T15:57:10","slug":"conseillers","status":"publish","type":"page","link":"https:\/\/www-stg.stelorder.com\/fr\/conseillers\/","title":{"rendered":"Acc\u00e8s aux conseillers"},"content":{"rendered":"<div class=\"gb-container gb-container-8ef4d746\">\n<div class=\"gb-container gb-container-58d83ced\">\n<div class=\"gb-container gb-container-ff55e9b5\">\n\n<h1 class=\"gb-headline gb-headline-4393bd96 gb-headline-text cl-h2\">Acc\u00e8s aux conseillers<\/h1>\n\n\n\n<p class=\"gb-headline gb-headline-99f26056 gb-headline-text cl-h10\">Travaillez de mani\u00e8re totalement simultan\u00e9e avec votre conseiller dans STEL Order, sans frais suppl\u00e9mentaires pour vous ni pour votre conseiller.<\/p>\n\n\n\n<p class=\"gb-headline gb-headline-3d5403f4 gb-headline-text\"><a href=\"https:\/\/www-stg.stelorder.com\/fr\/soliciter-une-demonstration\/\" data-type=\"page\" data-id=\"175\">Demandez une d\u00e9monstration personnalis\u00e9e gratuite -&gt;<\/a><\/p>\n\n\n<div class=\"gb-button-wrapper gb-button-wrapper-62553c37\">\n\n<span class=\"gb-button gb-button-318cd016 gb-button-text cl-btn-try cl-btn-try-green\" target=\"_blank\" rel=\"noopener noreferrer\">Essai GRATUIT<\/span>\n\n<\/div>\n\n\n<p><br\/><\/p>\n\n<\/div>\n\n<div class=\"gb-container gb-container-41fd5e3b\">\n\n<figure class=\"gb-block-image gb-block-image-edd1c18b\"><img decoding=\"async\" class=\"gb-image gb-image-edd1c18b\" src=\"https:\/\/www-stg.stelorder.com\/wp-content\/uploads\/2023\/11\/asesor-hero-ilustration-1.png\" alt=\"\" title=\"acceso asesor ilustracion\"><\/figure>\n\n<\/div>\n<\/div>\n\n<div class=\"gb-container gb-container-a197d714\">\n<div class=\"gb-container gb-container-34bb824b\">\n<div class=\"gb-container gb-container-b6f95a23\">\n\n<p class=\"gb-headline gb-headline-d4b33e0f cl-h6\"><span class=\"gb-icon\"><svg xmlns=\"http:\/\/www.w3.org\/2000\/svg\" fill=\"none\" viewbox=\"0 0 26 25\" height=\"25\" width=\"26\"> <path fill=\"#39B29B\" d=\"M20.5384 7.30409C21.1068 7.85122 21.1241 8.75558 20.577 9.32403L11.9832 18.2526C11.7139 18.5324 11.3423 18.6905 10.954 18.6905C10.5656 18.6905 10.194 18.5324 9.9247 18.2526L6.01845 14.1942C5.47132 13.6257 5.4886 12.7214 6.05704 12.1742C6.62549 11.6271 7.52985 11.6444 8.07698 12.2128L10.954 15.2019L18.5184 7.34269C19.0656 6.77424 19.9699 6.75696 20.5384 7.30409Z\" clip-rule=\"evenodd\" fill-rule=\"evenodd\"><\/path> <\/svg><\/span><span class=\"gb-headline-text\">Invitez votre conseiller<\/span><\/p>\n\n\n\n<p class=\"gb-headline gb-headline-998a8617 gb-headline-text\">Invitez votre conseiller \u00e0 rejoindre STEL Order en un seul clic, afin qu&rsquo;il puisse acc\u00e9der aux informations que vous choisissez et que vous puissiez travailler de mani\u00e8re plus efficace.<\/p>\n\n<\/div>\n\n<div class=\"gb-container gb-container-0869e7bc\">\n\n<p class=\"gb-headline gb-headline-e3860730 cl-h6\"><span class=\"gb-icon\"><svg xmlns=\"http:\/\/www.w3.org\/2000\/svg\" fill=\"none\" viewbox=\"0 0 26 25\" height=\"25\" width=\"26\"> <path fill=\"#39B29B\" d=\"M20.5384 7.30409C21.1068 7.85122 21.1241 8.75558 20.577 9.32403L11.9832 18.2526C11.7139 18.5324 11.3423 18.6905 10.954 18.6905C10.5656 18.6905 10.194 18.5324 9.9247 18.2526L6.01845 14.1942C5.47132 13.6257 5.4886 12.7214 6.05704 12.1742C6.62549 11.6271 7.52985 11.6444 8.07698 12.2128L10.954 15.2019L18.5184 7.34269C19.0656 6.77424 19.9699 6.75696 20.5384 7.30409Z\" clip-rule=\"evenodd\" fill-rule=\"evenodd\"><\/path> <\/svg><\/span><span class=\"gb-headline-text\">Une communication efficace et rapide<\/span><\/p>\n\n\n\n<p class=\"gb-headline gb-headline-ce8f1c99 gb-headline-text\">Collaboration en temps r\u00e9el avec votre conseiller, permettant un \u00e9change d&rsquo;informations efficace et \u00e9vitant les n\u00e9gligences et les erreurs.<\/p>\n\n<\/div>\n\n<div class=\"gb-container gb-container-3efdcdc3\">\n\n<p class=\"gb-headline gb-headline-b04a8a0b cl-h6\"><span class=\"gb-icon\"><svg xmlns=\"http:\/\/www.w3.org\/2000\/svg\" fill=\"none\" viewbox=\"0 0 26 25\" height=\"25\" width=\"26\"> <path fill=\"#39B29B\" d=\"M20.5384 7.30409C21.1068 7.85122 21.1241 8.75558 20.577 9.32403L11.9832 18.2526C11.7139 18.5324 11.3423 18.6905 10.954 18.6905C10.5656 18.6905 10.194 18.5324 9.9247 18.2526L6.01845 14.1942C5.47132 13.6257 5.4886 12.7214 6.05704 12.1742C6.62549 11.6271 7.52985 11.6444 8.07698 12.2128L10.954 15.2019L18.5184 7.34269C19.0656 6.77424 19.9699 6.75696 20.5384 7.30409Z\" clip-rule=\"evenodd\" fill-rule=\"evenodd\"><\/path> <\/svg><\/span><span class=\"gb-headline-text\">Gestion des autorisations.<\/span><\/p>\n\n\n\n<p class=\"gb-headline gb-headline-69b37540 gb-headline-text\">Surveillez et r\u00e9gulez les acc\u00e8s du r\u00f4le de conseiller dans votre STEL Order, n&rsquo;octroyant que les autorisations que vous souhaitez.<\/p>\n\n<\/div>\n\n<div class=\"gb-container gb-container-ecdbcd32\">\n\n<p class=\"gb-headline gb-headline-b92846c9 cl-h6\"><span class=\"gb-icon\"><svg xmlns=\"http:\/\/www.w3.org\/2000\/svg\" fill=\"none\" viewbox=\"0 0 26 25\" height=\"25\" width=\"26\"> <path fill=\"#39B29B\" d=\"M20.5384 7.30409C21.1068 7.85122 21.1241 8.75558 20.577 9.32403L11.9832 18.2526C11.7139 18.5324 11.3423 18.6905 10.954 18.6905C10.5656 18.6905 10.194 18.5324 9.9247 18.2526L6.01845 14.1942C5.47132 13.6257 5.4886 12.7214 6.05704 12.1742C6.62549 11.6271 7.52985 11.6444 8.07698 12.2128L10.954 15.2019L18.5184 7.34269C19.0656 6.77424 19.9699 6.75696 20.5384 7.30409Z\" clip-rule=\"evenodd\" fill-rule=\"evenodd\"><\/path> <\/svg><\/span><span class=\"gb-headline-text\">T\u00e9l\u00e9chargement de documents.<\/span><\/p>\n\n\n\n<p class=\"gb-headline gb-headline-a66fbfed gb-headline-text\">Accordez \u00e0 votre conseiller l&rsquo;acc\u00e8s pour t\u00e9l\u00e9charger ce dont il a besoin afin d&rsquo;effectuer votre comptabilit\u00e9. Vous pouvez choisir \u00e0 quoi donner acc\u00e8s et \u00e0 quoi ne pas donner acc\u00e8s.<\/p>\n\n<\/div>\n\n<div class=\"gb-container gb-container-d429d7f7\">\n\n<p class=\"gb-headline gb-headline-8895387f cl-h6\"><span class=\"gb-icon\"><svg xmlns=\"http:\/\/www.w3.org\/2000\/svg\" fill=\"none\" viewbox=\"0 0 26 25\" height=\"25\" width=\"26\"> <path fill=\"#39B29B\" d=\"M20.5384 7.30409C21.1068 7.85122 21.1241 8.75558 20.577 9.32403L11.9832 18.2526C11.7139 18.5324 11.3423 18.6905 10.954 18.6905C10.5656 18.6905 10.194 18.5324 9.9247 18.2526L6.01845 14.1942C5.47132 13.6257 5.4886 12.7214 6.05704 12.1742C6.62549 11.6271 7.52985 11.6444 8.07698 12.2128L10.954 15.2019L18.5184 7.34269C19.0656 6.77424 19.9699 6.75696 20.5384 7.30409Z\" clip-rule=\"evenodd\" fill-rule=\"evenodd\"><\/path> <\/svg><\/span><span class=\"gb-headline-text\">Transferts comptables.<\/span><\/p>\n\n\n\n<p class=\"gb-headline gb-headline-3632adaa gb-headline-text\">Si vous avez besoin de transferts comptables, votre conseiller peut les g\u00e9rer de mani\u00e8re efficace en utilisant STEL Order.<\/p>\n\n<\/div>\n\n<div class=\"gb-container gb-container-3090e4ed\">\n\n<p class=\"gb-headline gb-headline-2e5b5e62 cl-h6\"><span class=\"gb-icon\"><svg xmlns=\"http:\/\/www.w3.org\/2000\/svg\" fill=\"none\" viewbox=\"0 0 26 25\" height=\"25\" width=\"26\"> <path fill=\"#39B29B\" d=\"M20.5384 7.30409C21.1068 7.85122 21.1241 8.75558 20.577 9.32403L11.9832 18.2526C11.7139 18.5324 11.3423 18.6905 10.954 18.6905C10.5656 18.6905 10.194 18.5324 9.9247 18.2526L6.01845 14.1942C5.47132 13.6257 5.4886 12.7214 6.05704 12.1742C6.62549 11.6271 7.52985 11.6444 8.07698 12.2128L10.954 15.2019L18.5184 7.34269C19.0656 6.77424 19.9699 6.75696 20.5384 7.30409Z\" clip-rule=\"evenodd\" fill-rule=\"evenodd\"><\/path> <\/svg><\/span><span class=\"gb-headline-text\">Support Premium<\/span><\/p>\n\n\n\n<p class=\"gb-headline gb-headline-a93c9233 gb-headline-text\">Vous disposez toujours d&rsquo;une \u00e9quipe de professionnels pour vous aider par t\u00e9l\u00e9phone, chat ou courrier \u00e9lectronique.<\/p>\n\n<\/div>\n<\/div>\n<\/div>\n\n<div class=\"gb-container gb-container-ed5d9368\" id=\"soporte-premium\">\n<div class=\"gb-container gb-container-b38a6104\">\n\n<p class=\"gb-headline gb-headline-84d34082 gb-headline-text cl-h3\">\u00bfQu\u00e9 significa Soporte Premium?<\/p>\n\n\n\n<p class=\"gb-headline gb-headline-302b06c3 gb-headline-text\">Una gran experiencia antes, durante y despu\u00e9s de la compra<\/p>\n\n<\/div>\n\n<div class=\"gb-container gb-container-2e4cb917\">\n<div class=\"gb-container gb-container-18ab87e1\">\n\n<figure class=\"gb-block-image gb-block-image-e60fd998\"><img decoding=\"async\" width=\"1176\" height=\"877\" class=\"gb-image gb-image-e60fd998\" src=\"https:\/\/www-stg.stelorder.com\/wp-content\/uploads\/2023\/11\/soporte-premium-ayuda.png\" alt=\"\" title=\"soporte premium - ayuda\" srcset=\"https:\/\/www-stg.stelorder.com\/wp-content\/uploads\/2023\/11\/soporte-premium-ayuda.png 1176w, https:\/\/www-stg.stelorder.com\/wp-content\/uploads\/2023\/11\/soporte-premium-ayuda-300x224.png 300w, https:\/\/www-stg.stelorder.com\/wp-content\/uploads\/2023\/11\/soporte-premium-ayuda-1024x764.png 1024w, https:\/\/www-stg.stelorder.com\/wp-content\/uploads\/2023\/11\/soporte-premium-ayuda-768x573.png 768w, https:\/\/www-stg.stelorder.com\/wp-content\/uploads\/2023\/11\/soporte-premium-ayuda-150x112.png 150w\" sizes=\"(max-width: 1176px) 100vw, 1176px\" \/><\/figure>\n\n<\/div>\n\n<div class=\"gb-container gb-container-69b27a8f\">\n<div class=\"gb-container gb-container-f500ffed\">\n\n<p class=\"gb-headline gb-headline-3a0d4ffc gb-headline-text cl-h4\">Mar\u00eda Jos\u00e9 Blasco<\/p>\n\n\n\n<figure class=\"gb-block-image gb-block-image-7b232810\"><img decoding=\"async\" width=\"176\" height=\"29\" class=\"gb-image gb-image-7b232810\" src=\"https:\/\/www-stg.stelorder.com\/wp-content\/uploads\/2023\/05\/Estrellas-5.svg\" alt=\"\" title=\"Estrellas-5\"\/><\/figure>\n\n\n\n<p class=\"gb-headline gb-headline-dec0984c gb-headline-text\">\u00ab\u00a0El soporte t\u00e9cnico es muy eficiente, muy atentos y muy resolutivos. Una ayuda inestimable. Recomendable 100%\u00a0\u00bb<\/p>\n\n\n\n<p class=\"gb-headline gb-headline-017495df gb-headline-text\">Con m\u00e1s de 1625 rese\u00f1as reales en <em><strong>Google Play<\/strong><\/em> y <em><strong>App Store<\/strong><\/em><\/p>\n\n<\/div>\n\n<div class=\"gb-container gb-container-ad94cac9\">\n<div class=\"gb-container gb-container-55d31d53\">\n\n<p class=\"gb-headline gb-headline-18fc3569\"><span class=\"gb-icon\"><svg xmlns=\"http:\/\/www.w3.org\/2000\/svg\" fill=\"none\" viewBox=\"0 0 35 35\" height=\"35\" width=\"35\"> <rect fill=\"#39B29B\" rx=\"7\" height=\"35\" width=\"35\"><\/rect> <path fill=\"white\" d=\"M28.0536 10.2257C28.8495 10.9916 28.8736 12.2577 28.1077 13.0536L16.0764 25.5536C15.6994 25.9453 15.1791 26.1666 14.6354 26.1666C14.0918 26.1666 13.5715 25.9453 13.1945 25.5536L7.72572 19.8717C6.95973 19.0759 6.98392 17.8098 7.77975 17.0438C8.57558 16.2779 9.84168 16.302 10.6077 17.0979L14.6354 21.2826L25.2257 10.2797C25.9917 9.48386 27.2578 9.45967 28.0536 10.2257Z\" clip-rule=\"evenodd\" fill-rule=\"evenodd\"><\/path> <\/svg><\/span><span class=\"gb-headline-text\">Equipo de profesionales<\/span><\/p>\n\n\n\n<p class=\"gb-headline gb-headline-7fc071fc\"><span class=\"gb-icon\"><svg xmlns=\"http:\/\/www.w3.org\/2000\/svg\" fill=\"none\" viewBox=\"0 0 35 35\" height=\"35\" width=\"35\"> <rect fill=\"#39B29B\" rx=\"7\" height=\"35\" width=\"35\"><\/rect> <path fill=\"white\" d=\"M28.0536 10.2257C28.8495 10.9916 28.8736 12.2577 28.1077 13.0536L16.0764 25.5536C15.6994 25.9453 15.1791 26.1666 14.6354 26.1666C14.0918 26.1666 13.5715 25.9453 13.1945 25.5536L7.72572 19.8717C6.95973 19.0759 6.98392 17.8098 7.77975 17.0438C8.57558 16.2779 9.84168 16.302 10.6077 17.0979L14.6354 21.2826L25.2257 10.2797C25.9917 9.48386 27.2578 9.45967 28.0536 10.2257Z\" clip-rule=\"evenodd\" fill-rule=\"evenodd\"><\/path> <\/svg><\/span><span class=\"gb-headline-text\">Chat con personales reales<\/span><\/p>\n\n\n\n<p class=\"gb-headline gb-headline-630951de\"><span class=\"gb-icon\"><svg xmlns=\"http:\/\/www.w3.org\/2000\/svg\" fill=\"none\" viewBox=\"0 0 35 35\" height=\"35\" width=\"35\"> <rect fill=\"#39B29B\" rx=\"7\" height=\"35\" width=\"35\"><\/rect> <path fill=\"white\" d=\"M28.0536 10.2257C28.8495 10.9916 28.8736 12.2577 28.1077 13.0536L16.0764 25.5536C15.6994 25.9453 15.1791 26.1666 14.6354 26.1666C14.0918 26.1666 13.5715 25.9453 13.1945 25.5536L7.72572 19.8717C6.95973 19.0759 6.98392 17.8098 7.77975 17.0438C8.57558 16.2779 9.84168 16.302 10.6077 17.0979L14.6354 21.2826L25.2257 10.2797C25.9917 9.48386 27.2578 9.45967 28.0536 10.2257Z\" clip-rule=\"evenodd\" fill-rule=\"evenodd\"><\/path> <\/svg><\/span><span class=\"gb-headline-text\">Resoluci\u00f3n de tickets 7 d\u00edas a la semana<\/span><\/p>\n\n<\/div>\n\n<div class=\"gb-container gb-container-2ab1745d\">\n\n<p class=\"gb-headline gb-headline-6c24cfda\"><span class=\"gb-icon\"><svg xmlns=\"http:\/\/www.w3.org\/2000\/svg\" fill=\"none\" viewBox=\"0 0 35 35\" height=\"35\" width=\"35\"> <rect fill=\"#39B29B\" rx=\"7\" height=\"35\" width=\"35\"><\/rect> <path fill=\"white\" d=\"M28.0536 10.2257C28.8495 10.9916 28.8736 12.2577 28.1077 13.0536L16.0764 25.5536C15.6994 25.9453 15.1791 26.1666 14.6354 26.1666C14.0918 26.1666 13.5715 25.9453 13.1945 25.5536L7.72572 19.8717C6.95973 19.0759 6.98392 17.8098 7.77975 17.0438C8.57558 16.2779 9.84168 16.302 10.6077 17.0979L14.6354 21.2826L25.2257 10.2797C25.9917 9.48386 27.2578 9.45967 28.0536 10.2257Z\" clip-rule=\"evenodd\" fill-rule=\"evenodd\"><\/path> <\/svg><\/span><span class=\"gb-headline-text\">Soporte telef\u00f3nico<\/span><\/p>\n\n\n\n<p class=\"gb-headline gb-headline-fe51d2be\"><span class=\"gb-icon\"><svg xmlns=\"http:\/\/www.w3.org\/2000\/svg\" fill=\"none\" viewBox=\"0 0 35 35\" height=\"35\" width=\"35\"> <rect fill=\"#39B29B\" rx=\"7\" height=\"35\" width=\"35\"><\/rect> <path fill=\"white\" d=\"M28.0536 10.2257C28.8495 10.9916 28.8736 12.2577 28.1077 13.0536L16.0764 25.5536C15.6994 25.9453 15.1791 26.1666 14.6354 26.1666C14.0918 26.1666 13.5715 25.9453 13.1945 25.5536L7.72572 19.8717C6.95973 19.0759 6.98392 17.8098 7.77975 17.0438C8.57558 16.2779 9.84168 16.302 10.6077 17.0979L14.6354 21.2826L25.2257 10.2797C25.9917 9.48386 27.2578 9.45967 28.0536 10.2257Z\" clip-rule=\"evenodd\" fill-rule=\"evenodd\"><\/path> <\/svg><\/span><span class=\"gb-headline-text\">Experiencia personalizada<\/span><\/p>\n\n<\/div>\n<\/div>\n<\/div>\n<\/div>\n\n<div class=\"gb-container gb-container-b38a6104\">\n\n<p class=\"gb-headline gb-headline-302b06c3 gb-headline-text cl-h10\">\u00bfNecesitas m\u00e1s informaci\u00f3n sobre STEL Order?<\/p>\n\n\n\n<a class=\"gb-button gb-button-8443bc8a gb-button-text\" href=\"https:\/\/www-stg.stelorder.com\/solicitar-demostracion\/\">SOLICITA UNA DEMO<\/a>\n\n<\/div>\n<\/div>\n\n<div class=\"gb-container gb-container-ced785d7\" id=\"faqs\">\n<div class=\"gb-container gb-container-2e06f3cb\">\n\n<h2 class=\"gb-headline gb-headline-e3bc5a03 gb-headline-text\">Foire aux questions sur l&rsquo;acc\u00e8s conseiller.<\/h2>\n\n\n<div class=\"gb-container gb-container-cf7c09fc gb-accordion\">\n<div class=\"gb-container gb-container-f3578176 gb-accordion__item gb-accordion__item-open\" data-transition=\"slide\">\n\n<button class=\"gb-button gb-button-44b42c35 gb-accordion__toggle gb-block-is-current\"><span class=\"gb-button-text\">Quels avantages offre la collaboration en temps r\u00e9el avec un conseiller dans STEL Order?<\/span><span class=\"gb-icon\"><svg xmlns=\"http:\/\/www.w3.org\/2000\/svg\" viewbox=\"0 0 448 512\" width=\"1em\" height=\"1em\" ariahidden=\"true\" role=\"img\" class=\"gb-accordion__icon\"><path d=\"M416 208H272V64c0-17.67-14.33-32-32-32h-32c-17.67 0-32 14.33-32 32v144H32c-17.67 0-32 14.33-32 32v32c0 17.67 14.33 32 32 32h144v144c0 17.67 14.33 32 32 32h32c17.67 0 32-14.33 32-32V304h144c17.67 0 32-14.33 32-32v-32c0-17.67-14.33-32-32-32z\" fill=\"currentColor\"><\/path><\/svg><svg xmlns=\"http:\/\/www.w3.org\/2000\/svg\" viewbox=\"0 0 448 512\" width=\"1em\" height=\"1em\" ariahidden=\"true\" role=\"img\" class=\"gb-accordion__icon-open\"><path d=\"M416 208H32c-17.67 0-32 14.33-32 32v32c0 17.67 14.33 32 32 32h384c17.67 0 32-14.33 32-32v-32c0-17.67-14.33-32-32-32z\" fill=\"currentColor\"><\/path><\/svg><\/span><\/button>\n\n\n<div class=\"gb-accordion__content\"><div class=\"gb-container gb-container-1f8a86d4\">\n\n<p>Il facilite une communication efficace et rapide avec votre conseiller, contribuant \u00e0 \u00e9viter les n\u00e9gligences et les erreurs, tout en am\u00e9liorant la gestion comptable et administrative. Vous n&rsquo;avez pas \u00e0 jouer le r\u00f4le d&rsquo;interm\u00e9diaire entre votre documentation et le conseiller, assurant ainsi une plus grande rapidit\u00e9 et efficacit\u00e9.<\/p>\n\n<\/div><\/div>\n<\/div>\n\n<div class=\"gb-container gb-container-d2e735f3 gb-accordion__item\" data-transition=\"slide\">\n\n<button class=\"gb-button gb-button-45ba2667 gb-accordion__toggle\"><span class=\"gb-button-text\">Oui, il est possible que le conseiller t\u00e9l\u00e9charge des documents et g\u00e8re des transferts comptables dans STEL Order.<\/span><span class=\"gb-icon\"><svg xmlns=\"http:\/\/www.w3.org\/2000\/svg\" viewbox=\"0 0 448 512\" width=\"1em\" height=\"1em\" ariahidden=\"true\" role=\"img\" class=\"gb-accordion__icon\"><path d=\"M416 208H272V64c0-17.67-14.33-32-32-32h-32c-17.67 0-32 14.33-32 32v144H32c-17.67 0-32 14.33-32 32v32c0 17.67 14.33 32 32 32h144v144c0 17.67 14.33 32 32 32h32c17.67 0 32-14.33 32-32V304h144c17.67 0 32-14.33 32-32v-32c0-17.67-14.33-32-32-32z\" fill=\"currentColor\"><\/path><\/svg><svg xmlns=\"http:\/\/www.w3.org\/2000\/svg\" viewbox=\"0 0 448 512\" width=\"1em\" height=\"1em\" ariahidden=\"true\" role=\"img\" class=\"gb-accordion__icon-open\"><path d=\"M416 208H32c-17.67 0-32 14.33-32 32v32c0 17.67 14.33 32 32 32h384c17.67 0 32-14.33 32-32v-32c0-17.67-14.33-32-32-32z\" fill=\"currentColor\"><\/path><\/svg><\/span><\/button>\n\n\n<div class=\"gb-accordion__content\"><div class=\"gb-container gb-container-0a73729c\">\n\n<p>Oui, si les autorisations n\u00e9cessaires sont accord\u00e9es, le conseiller peut t\u00e9l\u00e9charger des documents et g\u00e9rer efficacement les transferts comptables dans STEL Order, facilitant ainsi la comptabilit\u00e9 et l&rsquo;administration financi\u00e8re.<\/p>\n\n<\/div><\/div>\n<\/div>\n\n<div class=\"gb-container gb-container-8e3fbc21 gb-accordion__item\" data-transition=\"slide\">\n\n<button class=\"gb-button gb-button-0546d305 gb-accordion__toggle\"><span class=\"gb-button-text\">Oui, il est possible de r\u00e9aliser des transferts comptables et des exportations de donn\u00e9es facilement avec cette fonctionnalit\u00e9.<\/span><span class=\"gb-icon\"><svg xmlns=\"http:\/\/www.w3.org\/2000\/svg\" viewbox=\"0 0 448 512\" width=\"1em\" height=\"1em\" ariahidden=\"true\" role=\"img\" class=\"gb-accordion__icon\"><path d=\"M416 208H272V64c0-17.67-14.33-32-32-32h-32c-17.67 0-32 14.33-32 32v144H32c-17.67 0-32 14.33-32 32v32c0 17.67 14.33 32 32 32h144v144c0 17.67 14.33 32 32 32h32c17.67 0 32-14.33 32-32V304h144c17.67 0 32-14.33 32-32v-32c0-17.67-14.33-32-32-32z\" fill=\"currentColor\"><\/path><\/svg><svg xmlns=\"http:\/\/www.w3.org\/2000\/svg\" viewbox=\"0 0 448 512\" width=\"1em\" height=\"1em\" ariahidden=\"true\" role=\"img\" class=\"gb-accordion__icon-open\"><path d=\"M416 208H32c-17.67 0-32 14.33-32 32v32c0 17.67 14.33 32 32 32h384c17.67 0 32-14.33 32-32v-32c0-17.67-14.33-32-32-32z\" fill=\"currentColor\"><\/path><\/svg><\/span><\/button>\n\n\n<div class=\"gb-accordion__content\"><div class=\"gb-container gb-container-c520e35f\">\n\n<p>Oui, les conseillers peuvent effectuer des transferts comptables et des exportations de donn\u00e9es (telles que les livres de factures \u00e9mises et re\u00e7ues) vers leur propre logiciel comptable en quelques clics, facilitant ainsi la gestion comptable et la g\u00e9n\u00e9ration de rapports.<\/p>\n\n<\/div><\/div>\n<\/div>\n\n<div class=\"gb-container gb-container-678633c6 gb-accordion__item\" data-transition=\"slide\">\n\n<button class=\"gb-button gb-button-3016dd47 gb-accordion__toggle\"><span class=\"gb-button-text\">\u00ab\u00a0Qu&rsquo;est-ce que la gestion documentaire dans STEL Order et comment cela b\u00e9n\u00e9ficie-t-il aux utilisateurs et \u00e0 leurs conseillers ?\u00a0\u00bb<\/span><span class=\"gb-icon\"><svg xmlns=\"http:\/\/www.w3.org\/2000\/svg\" viewbox=\"0 0 448 512\" width=\"1em\" height=\"1em\" ariahidden=\"true\" role=\"img\" class=\"gb-accordion__icon\"><path d=\"M416 208H272V64c0-17.67-14.33-32-32-32h-32c-17.67 0-32 14.33-32 32v144H32c-17.67 0-32 14.33-32 32v32c0 17.67 14.33 32 32 32h144v144c0 17.67 14.33 32 32 32h32c17.67 0 32-14.33 32-32V304h144c17.67 0 32-14.33 32-32v-32c0-17.67-14.33-32-32-32z\" fill=\"currentColor\"><\/path><\/svg><svg xmlns=\"http:\/\/www.w3.org\/2000\/svg\" viewbox=\"0 0 448 512\" width=\"1em\" height=\"1em\" ariahidden=\"true\" role=\"img\" class=\"gb-accordion__icon-open\"><path d=\"M416 208H32c-17.67 0-32 14.33-32 32v32c0 17.67 14.33 32 32 32h384c17.67 0 32-14.33 32-32v-32c0-17.67-14.33-32-32-32z\" fill=\"currentColor\"><\/path><\/svg><\/span><\/button>\n\n\n<div class=\"gb-accordion__content\"><div class=\"gb-container gb-container-4cd5354a\">\n\n<p>La gestion documentaire est une fonctionnalit\u00e9 qui fournit un espace cloud partag\u00e9 entre le client et son conseiller, permettant un \u00e9change efficace de documents importants tels que des mod\u00e8les fiscaux, des actes de constitution, etc.<\/p>\n\n<\/div><\/div>\n<\/div>\n<\/div>\n<\/div>\n<\/div>\n<\/div>","protected":false},"excerpt":{"rendered":"<p>Acc\u00e8s aux conseillers Travaillez de mani\u00e8re totalement simultan\u00e9e avec votre conseiller dans STEL Order, sans frais suppl\u00e9mentaires pour vous ni pour votre conseiller. Invitez votre &#8230; <a title=\"Acc\u00e8s aux conseillers\" class=\"read-more\" href=\"https:\/\/www-stg.stelorder.com\/fr\/conseillers\/\" aria-label=\"Read more about Acc\u00e8s aux conseillers\">Leer<\/a><\/p>\n","protected":false},"author":4,"featured_media":27974,"parent":0,"menu_order":0,"comment_status":"closed","ping_status":"closed","template":"","meta":{"_acf_changed":false,"inline_featured_image":false,"footnotes":""},"class_list":{"0":"post-36470","1":"page","2":"type-page","3":"status-publish","4":"has-post-thumbnail","6":"no-featured-image-padding"},"acf":[],"_links":{"self":[{"href":"https:\/\/www-stg.stelorder.com\/fr\/wp-json\/wp\/v2\/pages\/36470","targetHints":{"allow":["GET"]}}],"collection":[{"href":"https:\/\/www-stg.stelorder.com\/fr\/wp-json\/wp\/v2\/pages"}],"about":[{"href":"https:\/\/www-stg.stelorder.com\/fr\/wp-json\/wp\/v2\/types\/page"}],"author":[{"embeddable":true,"href":"https:\/\/www-stg.stelorder.com\/fr\/wp-json\/wp\/v2\/users\/4"}],"replies":[{"embeddable":true,"href":"https:\/\/www-stg.stelorder.com\/fr\/wp-json\/wp\/v2\/comments?post=36470"}],"version-history":[{"count":0,"href":"https:\/\/www-stg.stelorder.com\/fr\/wp-json\/wp\/v2\/pages\/36470\/revisions"}],"wp:featuredmedia":[{"embeddable":true,"href":"https:\/\/www-stg.stelorder.com\/fr\/wp-json\/wp\/v2\/media\/27974"}],"wp:attachment":[{"href":"https:\/\/www-stg.stelorder.com\/fr\/wp-json\/wp\/v2\/media?parent=36470"}],"curies":[{"name":"wp","href":"https:\/\/api.w.org\/{rel}","templated":true}]}}