{"id":19971,"date":"2022-05-26T16:42:13","date_gmt":"2022-05-26T14:42:13","guid":{"rendered":"https:\/\/www-stg.stelorder.com\/politique-cookies\/"},"modified":"2022-05-26T16:43:26","modified_gmt":"2022-05-26T14:43:26","slug":"politique-cookies","status":"publish","type":"page","link":"https:\/\/www-stg.stelorder.com\/fr\/politique-cookies\/","title":{"rendered":"Politique de cookies"},"content":{"rendered":"\n<h2 class=\"gb-headline gb-headline-99cfee47 gb-headline-text\">Politique de cookies<\/h2>\n\n<h4 class=\"wp-block-heading\"><strong>A- QUE SONT LES COOKIES ?<\/strong><\/h4>\n\n<p>La plupart des informations que nous recueillons sur nos sites web sont des informations anonymes. Les cookies, comme d&rsquo;autres syst\u00e8mes similaires, sont un outil de stockage et de r\u00e9cup\u00e9ration de donn\u00e9es utilis\u00e9 par les serveurs web pour stocker et r\u00e9cup\u00e9rer des informations relatives aux utilisateurs.<\/p>\n\n<p>Ce ne sont rien d&rsquo;autre que de petits fichiers de donn\u00e9es que le navigateur stocke parfois sur votre disque dur et qui contiennent des informations sur ce qui est fait par la page, lesquelles peuvent \u00eatre utilis\u00e9es pour fournir des services sp\u00e9cifiques, pour servir la publicit\u00e9 ou comme base pour le d\u00e9veloppement d&rsquo;am\u00e9liorations ou de nouveaux produits et services, parfois gratuitement.<\/p>\n\n<h4 class=\"wp-block-heading\"><strong>B- \u00c0 QUOI SERVENT LES COOKIES ?<\/strong><\/h4>\n\n<p>Chez STEL SOLUTIONS, nous utilisons cet outil pour conna\u00eetre la fr\u00e9quence d&rsquo;utilisation de nos services et savoir lesquels sont les plus utilis\u00e9s et lesquels le sont moins, afin d&rsquo;am\u00e9liorer la navigation sur notre site web en fonction des mod\u00e8les statistiques du comportement de nos utilisateurs.<\/p>\n\n<p>Ces informations ne sont utilis\u00e9es qu&rsquo;en interne, afin d&rsquo;am\u00e9liorer notre compr\u00e9hension du comportement des utilisateurs sur le site, et constituent un outil tr\u00e8s important pour nous permettre d&rsquo;am\u00e9liorer la qualit\u00e9 de nos services et de notre contenu.<\/p>\n\n<h3 class=\"wp-block-heading\"><strong>C- PROPRES COOKIES,<\/strong><\/h3>\n\n<p>Les cookies que nous utilisons ont pour but de savoir de quel PARTENAIRE (le cas \u00e9ch\u00e9ant) provient l&rsquo;UTILISATEUR TEST ou le CLIENT de STEL ORDER ; de savoir de quel pays provient un UTILISATEUR TEST lors de son inscription, afin de pr\u00e9charger les donn\u00e9es relatives \u00e0 son pays d&rsquo;origine ; et de savoir de quelle campagne de m\u00e9dias num\u00e9riques (le cas \u00e9ch\u00e9ant) provient l&rsquo;UTILISATEUR TEST ou le CLIENT de STEL ORDER.<\/p>\n\n<p>En aucun cas, l&rsquo;utilisation de ces cookies n&rsquo;implique la collecte d&rsquo;informations personnelles.<\/p>\n\n<h4 class=\"wp-block-heading\"><strong>D- LES COOKIES DE TIERS,<\/strong><\/h4>\n\n<p>Les cookies tiers que nous utilisons sont ceux de Google Analytics, un service d&rsquo;analyse Web fourni par Google, Inc, une soci\u00e9t\u00e9 du Delaware dont le si\u00e8ge est situ\u00e9 au 1600 Amphitheatre Parkway, Mountain View (Californie), CA 94043, \u00c9tats-Unis (\u00a0\u00bb Google \u00ab\u00a0). Les informations g\u00e9n\u00e9r\u00e9es par les cookies concernant votre utilisation du site (y compris votre adresse IP) sont transmises \u00e0 un serveur de Google aux \u00c9tats-Unis et y sont stock\u00e9es. Google Inc. a mis en place des mesures de s\u00e9curit\u00e9 et de protection adapt\u00e9es aux exigences de l&rsquo;Union europ\u00e9enne, en se conformant \u00e0 l&rsquo;accord-cadre Privacy Shield entre les \u00c9tats-Unis et l&rsquo;Union europ\u00e9enne (vous pouvez le consulter ici) : <\/p>\n\n<p><a href=\"https:\/\/www.privacyshield.gov\/participant?id=a2zt000000001L5AAI\" rel=\"nofollow noopener\" target=\"_blank\">https:\/\/www.privacyshield.gov\/participant?id=a2zt000000001L5AAI<\/a><\/p>\n\n<p>Google utilisera ces informations en notre nom dans le but de suivre votre utilisation de www.stelorder.com, de compiler des rapports d&rsquo;activit\u00e9 et de fournir d&rsquo;autres services relatifs \u00e0 l&rsquo;activit\u00e9 de www.stelorder.com et \u00e0 l&rsquo;utilisation d&rsquo;Internet. Google peut \u00e9galement transmettre ces informations \u00e0 des tiers si la loi l&rsquo;exige ou si ces tiers traitent ces informations pour le compte de Google, mais n&rsquo;associera pas votre adresse IP \u00e0 d&rsquo;autres donn\u00e9es d\u00e9tenues par Google.<\/p>\n\n<h4 class=\"wp-block-heading\"><strong>E- CONSENTEMENT ET R\u00c9VOCATION DU CONSENTEMENT.<\/strong><\/h4>\n\n<p>En utilisant www.stelorder.com, vous consentez au traitement des donn\u00e9es vous concernant par Google de la mani\u00e8re et aux fins d\u00e9crites dans le pr\u00e9sent document. En tant qu&rsquo;utilisateur, vous pouvez configurer votre navigateur pour accepter ou rejeter tous les cookies par d\u00e9faut ou pour recevoir un avertissement \u00e0 l&rsquo;\u00e9cran de la r\u00e9ception de chaque cookie et d\u00e9cider \u00e0 ce moment-l\u00e0 de l&rsquo;installer ou non sur votre disque dur.<\/p>\n\n<p>Pour ce faire, nous vous sugg\u00e9rons de consulter la section d&rsquo;aide de votre navigateur et de trouver comment modifier la configuration. Vous pourrez naviguer sur notre site Web m\u00eame si vous configurez votre navigateur pour qu&rsquo;il rejette tous les cookies ou qu&rsquo;il rejette express\u00e9ment les cookies de STEL SOLUTIONS, S.L., mais vous ne pourrez pas profiter des fonctionnalit\u00e9s du site Web qui n\u00e9cessitent leur installation. Dans tous les cas, vous pouvez \u00e0 tout moment supprimer les cookies implant\u00e9s sur votre disque dur, en suivant la proc\u00e9dure \u00e9tablie par votre navigateur.<\/p>\n\n<h4 class=\"wp-block-heading\"><strong>F- ACCEPTATION DE LA POLITIQUE DE CONFIDENTIALIT\u00c9 ET DE COOKIES.<\/strong><\/h4>\n\n<p>Ind\u00e9pendamment de votre choix concernant l&rsquo;utilisation des cookies, l&rsquo;acceptation de cette politique de confidentialit\u00e9 implique que vous avez \u00e9t\u00e9 clairement et pleinement inform\u00e9 de l&rsquo;utilisation des dispositifs de stockage et de r\u00e9cup\u00e9ration de donn\u00e9es (cookies) et que STEL SOLUTIONS, S.L. a le consentement de l&rsquo;utilisateur pour les utiliser, comme l&rsquo;\u00e9tablit l&rsquo;article 22 de la loi 34\/2002, du 11 juillet, sur les services de la soci\u00e9t\u00e9 de l&rsquo;information et le commerce \u00e9lectronique (LSSI-CE).<\/p>\n\n<p><\/p>\n","protected":false},"excerpt":{"rendered":"<p>Politique de cookies A- QUE SONT LES COOKIES ? La plupart des informations que nous recueillons sur nos sites web sont des informations anonymes. Les &#8230; <a title=\"Politique de cookies\" class=\"read-more\" href=\"https:\/\/www-stg.stelorder.com\/fr\/politique-cookies\/\" aria-label=\"Read more about Politique de cookies\">Leer<\/a><\/p>\n","protected":false},"author":4,"featured_media":11659,"parent":0,"menu_order":0,"comment_status":"closed","ping_status":"closed","template":"","meta":{"_acf_changed":false,"inline_featured_image":false,"footnotes":""},"class_list":{"0":"post-19971","1":"page","2":"type-page","3":"status-publish","4":"has-post-thumbnail","6":"no-featured-image-padding"},"acf":[],"_links":{"self":[{"href":"https:\/\/www-stg.stelorder.com\/fr\/wp-json\/wp\/v2\/pages\/19971","targetHints":{"allow":["GET"]}}],"collection":[{"href":"https:\/\/www-stg.stelorder.com\/fr\/wp-json\/wp\/v2\/pages"}],"about":[{"href":"https:\/\/www-stg.stelorder.com\/fr\/wp-json\/wp\/v2\/types\/page"}],"author":[{"embeddable":true,"href":"https:\/\/www-stg.stelorder.com\/fr\/wp-json\/wp\/v2\/users\/4"}],"replies":[{"embeddable":true,"href":"https:\/\/www-stg.stelorder.com\/fr\/wp-json\/wp\/v2\/comments?post=19971"}],"version-history":[{"count":0,"href":"https:\/\/www-stg.stelorder.com\/fr\/wp-json\/wp\/v2\/pages\/19971\/revisions"}],"wp:featuredmedia":[{"embeddable":true,"href":"https:\/\/www-stg.stelorder.com\/fr\/wp-json\/wp\/v2\/media\/11659"}],"wp:attachment":[{"href":"https:\/\/www-stg.stelorder.com\/fr\/wp-json\/wp\/v2\/media?parent=19971"}],"curies":[{"name":"wp","href":"https:\/\/api.w.org\/{rel}","templated":true}]}}