{"id":19832,"date":"2022-05-24T16:17:28","date_gmt":"2022-05-24T14:17:28","guid":{"rendered":"https:\/\/www-stg.stelorder.com\/conditions-legales\/"},"modified":"2022-05-24T16:22:30","modified_gmt":"2022-05-24T14:22:30","slug":"conditions-legales","status":"publish","type":"page","link":"https:\/\/www-stg.stelorder.com\/fr\/conditions-legales\/","title":{"rendered":"Conditions l\u00e9gales"},"content":{"rendered":"<div class=\"gb-container gb-container-117d6446 cl-padding-normal\"><div class=\"gb-inside-container\">\n\n<p class=\"gb-headline gb-headline-00daac93 gb-headline-text cl-h2\">Conditions l\u00e9gales<\/p>\n\n\n\n<p>Le propri\u00e9taire du service, du site web www.stelorder.com et du logiciel STEL ORDER, est STEL SOLUTIONS, S.L.. (ci-apr\u00e8s \u00ab\u00a0STEL\u00a0\u00bb), avec le code d&rsquo;identification fiscale : B-73684292. Inscrite au Registre du Commerce de Murcie : Volume ; 2769, livre ; 0, Folio ; 118, Page ; MU-74026, Inscription ; et si\u00e8ge social : C\/ Mayor, 2, Puente Tocinos, 30006, Murcie.<\/p>\n\n\n\n<p class=\"gb-headline gb-headline-88289986 gb-headline-text\">Les termes et conditions suivants r\u00e9gissent la fourniture du service par STEL \u00e0 ses clients :<\/p>\n\n\n<div class=\"gb-container gb-container-35daed97\"><div class=\"gb-inside-container\">\n<div class=\"gb-grid-wrapper gb-grid-wrapper-39c8144a\">\n<div class=\"gb-grid-column gb-grid-column-e5a0eb23\"><div class=\"gb-container gb-container-e5a0eb23\"><div class=\"gb-inside-container\">\n\n<p><a href=\"https:\/\/www-stg.stelorder.com\/fr\/conditions-d-utilisation\/\">Conditions d&rsquo;utilisation de STEL ORDER<\/a><\/p>\n\n<\/div><\/div><\/div>\n\n<div class=\"gb-grid-column gb-grid-column-b494baaf\"><div class=\"gb-container gb-container-b494baaf\"><div class=\"gb-inside-container\">\n\n<p><a href=\"https:\/\/www-stg.stelorder.com\/fr\/termes-du-programme-partenaire\/\">Termes du programme des partenaires<\/a><\/p>\n\n<\/div><\/div><\/div>\n\n<div class=\"gb-grid-column gb-grid-column-e077ad3e\"><div class=\"gb-container gb-container-e077ad3e\"><div class=\"gb-inside-container\">\n\n<p><a href=\"https:\/\/www-stg.stelorder.com\/fr\/conditions-confidentialite-gdpr\/\">Politique de confidentialit\u00e9 et GDPR<\/a><\/p>\n\n<\/div><\/div><\/div>\n\n<div class=\"gb-grid-column gb-grid-column-89fa7230\"><div class=\"gb-container gb-container-89fa7230\"><div class=\"gb-inside-container\">\n\n<p><a href=\"https:\/\/www-stg.stelorder.com\/politica-cookies\/\">Politique de cookies<\/a><\/p>\n\n<\/div><\/div><\/div>\n<\/div>\n<\/div><\/div>\n<\/div><\/div>","protected":false},"excerpt":{"rendered":"<p>Conditions l\u00e9gales Le propri\u00e9taire du service, du site web www.stelorder.com et du logiciel STEL ORDER, est STEL SOLUTIONS, S.L.. (ci-apr\u00e8s \u00ab\u00a0STEL\u00a0\u00bb), avec le code d&rsquo;identification &#8230; <a title=\"Conditions l\u00e9gales\" class=\"read-more\" href=\"https:\/\/www-stg.stelorder.com\/fr\/conditions-legales\/\" aria-label=\"Read more about Conditions l\u00e9gales\">Leer<\/a><\/p>\n","protected":false},"author":4,"featured_media":11659,"parent":0,"menu_order":0,"comment_status":"closed","ping_status":"closed","template":"","meta":{"_acf_changed":false,"inline_featured_image":false,"footnotes":""},"class_list":{"0":"post-19832","1":"page","2":"type-page","3":"status-publish","4":"has-post-thumbnail","6":"no-featured-image-padding"},"acf":[],"_links":{"self":[{"href":"https:\/\/www-stg.stelorder.com\/fr\/wp-json\/wp\/v2\/pages\/19832","targetHints":{"allow":["GET"]}}],"collection":[{"href":"https:\/\/www-stg.stelorder.com\/fr\/wp-json\/wp\/v2\/pages"}],"about":[{"href":"https:\/\/www-stg.stelorder.com\/fr\/wp-json\/wp\/v2\/types\/page"}],"author":[{"embeddable":true,"href":"https:\/\/www-stg.stelorder.com\/fr\/wp-json\/wp\/v2\/users\/4"}],"replies":[{"embeddable":true,"href":"https:\/\/www-stg.stelorder.com\/fr\/wp-json\/wp\/v2\/comments?post=19832"}],"version-history":[{"count":0,"href":"https:\/\/www-stg.stelorder.com\/fr\/wp-json\/wp\/v2\/pages\/19832\/revisions"}],"wp:featuredmedia":[{"embeddable":true,"href":"https:\/\/www-stg.stelorder.com\/fr\/wp-json\/wp\/v2\/media\/11659"}],"wp:attachment":[{"href":"https:\/\/www-stg.stelorder.com\/fr\/wp-json\/wp\/v2\/media?parent=19832"}],"curies":[{"name":"wp","href":"https:\/\/api.w.org\/{rel}","templated":true}]}}