{"id":1455,"date":"2021-08-16T13:07:48","date_gmt":"2021-08-16T11:07:48","guid":{"rendered":"https:\/\/www-stg.stelorder.com\/termes-du-programme-partenaire\/"},"modified":"2021-10-13T02:24:00","modified_gmt":"2021-10-13T00:24:00","slug":"termes-du-programme-partenaire","status":"publish","type":"page","link":"https:\/\/www-stg.stelorder.com\/fr\/termes-du-programme-partenaire\/","title":{"rendered":"Termes du programme Partenaire"},"content":{"rendered":"<h2 style=\"text-align: justify;\"><span style=\"font-size: 16px;\"><strong>OBJET<\/strong><\/span><\/h2>\n<p style=\"text-align: justify;\">Le Partenaire s&rsquo;engage \u00e0 promouvoir et \u00e0 prescrire le Logiciel de STEL Order selon les termes et conditions pr\u00e9vus dans le pr\u00e9sent document. Ce document n&rsquo;implique aucune exclusivit\u00e9 pour les parties contractantes. Le partenaire ne peut en aucun cas \u00eatre consid\u00e9r\u00e9 comme un repr\u00e9sentant de STEL et ne peut agir ou s&rsquo;engager en son nom. Le partenaire agit \u00e0 tout moment en son propre nom et pour son propre compte.<\/p>\n<p>&nbsp;<\/p>\n<h2 style=\"text-align: justify;\"><span style=\"font-size: 16px;\"><strong>CONDITIONS G\u00c9N\u00c9RALES ET SP\u00c9CIFIQUES DE LA PRESTATION DE SERVICES<\/strong><\/span><\/h2>\n<p style=\"text-align: justify;\">Le partenaire garde confidentielles les informations qui lui sont fournies par STEL dans ou pour l&rsquo;ex\u00e9cution de son travail ou qui, par leur nature m\u00eame, doivent \u00eatre trait\u00e9es comme telles.<\/p>\n<p style=\"text-align: justify;\">STEL Order est responsable de la qualit\u00e9 du service STEL Order avec la diligence requise d&rsquo;une soci\u00e9t\u00e9 sp\u00e9cialis\u00e9e dans le d\u00e9veloppement et la commercialisation de logiciels.<\/p>\n<p style=\"text-align: justify;\">Le partenaire est responsable de tous les dommages qui peuvent survenir pour STEL et de toutes les r\u00e9clamations qui peuvent \u00eatre faites par un tiers, qui sont directement caus\u00e9s par des erreurs du partenaire, ou de son personnel, r\u00e9sultant d&rsquo;un manque de diligence.<\/p>\n<p style=\"text-align: justify;\">STEL sera responsable du support technique et le partenaire sera responsable du support commercial ax\u00e9 sur les ventes aux utilisateurs finaux, distributeurs et revendeurs.<\/p>\n<p style=\"text-align: justify;\">Le Partenaire forme ses employ\u00e9s ou ses vendeurs \u00e0 d\u00e9montrer et \u00e0 expliquer de mani\u00e8re ad\u00e9quate les avantages de STEL Order.<\/p>\n<p style=\"text-align: justify;\">La souscription au service de STEL Order sera effectu\u00e9e directement par le client par le biais de l&rsquo;application web accessible depuis stelorder.com.<\/p>\n<p style=\"text-align: justify;\">STEL fournit les moyens techniques n\u00e9cessaires pour identifier de mani\u00e8re unique les clients qui ont souscrit au STEL Order par l&rsquo;interm\u00e9diaire du Partenaire, via la section web personnelle du Partenaire accessible sur stelorder.com\/authorized-partner<\/p>\n<p style=\"text-align: justify;\">L&rsquo;identification du Partenaire et le paiement du service par le client r\u00e9f\u00e9r\u00e9 entra\u00eeneront pour le Partenaire une commission de 15% du chiffre d&rsquo;affaires net g\u00e9n\u00e9r\u00e9 par ses clients r\u00e9f\u00e9r\u00e9s, et portant sur toutes les facturations r\u00e9currentes faites \u00e0 ces clients, pour une dur\u00e9e maximale de 3 ans. <span>Le paiement de ces commissions sera r\u00e9gl\u00e9, apr\u00e8s que le partenaire ait \u00e9mis une facture \u00e0 STEL, dans la p\u00e9riode comprise entre la date de r\u00e9ception de la facture et 2 mois civils apr\u00e8s la date de r\u00e9ception de la facture.<\/span> Lorsque le partenaire a 100 clients actifs r\u00e9f\u00e9renc\u00e9s, il gagne une commission de 20 %&nbsp; du chiffre d&rsquo;affaires net g\u00e9n\u00e9r\u00e9 par ses clients r\u00e9f\u00e9r\u00e9s.<\/p>\n<p style=\"text-align: justify;\">Le Partenaire peut utiliser la marque, le nom commercial et les logos de STEL ORDER uniquement pour la promotion et la publicit\u00e9 du service www.stelorder.com, conform\u00e9ment \u00e0 la loi sur les marques 17\/2001 du 7 janvier 2001. Le partenaire ne dispose d&rsquo;aucun droit sur les marques, les noms commerciaux et les logos. Il doit \u00e0 tout moment pr\u00e9server les droits de STEL sur ceux-ci.<\/p>\n<p style=\"text-align: justify;\"><strong>LA DUR\u00c9E DE LA RELATION<\/strong><\/p>\n<p style=\"text-align: justify;\">La dur\u00e9e de la relation entre les parties est d&rsquo;un (1) an avec renouvellement automatique pour des p\u00e9riodes de m\u00eame dur\u00e9e \u00e0 partir de sa mise \u00e0 disposition. Les deux parties peuvent mettre fin aux relations suivantes en donnant un pr\u00e9avis \u00e9crit d&rsquo;au moins 15 jours.<\/p>\n<p style=\"text-align: justify;\">La commission du partenaire n&rsquo;est acquise que pour la dur\u00e9e de la relation.<\/p>\n<p><span>Le partenaire a le droit d&rsquo;avoir une port\u00e9e mondiale, sans limitation g\u00e9ographique.&nbsp;<\/span><\/p>\n<p><span><\/span><\/p>\n<h2 style=\"text-align: justify;\"><span style=\"font-size: 16px;\"><strong>REGIME JURIDIQUE<\/strong><\/span><\/h2>\n<p style=\"text-align: justify;\">Pour la r\u00e9solution de tous les litiges ou questions li\u00e9s \u00e0 la relation suivante, la l\u00e9gislation espagnole sera directement applicable, notamment le Code civil, le Code du commerce et toute autre l\u00e9gislation en vigueur applicable aux relations commerciales internationales entre entreprises, en renon\u00e7ant express\u00e9ment \u00e0 tout autre type de l\u00e9gislation applicable.<\/p>\n<p style=\"text-align: justify;\">De m\u00eame, les parties se soumettent \u00e0 la loi espagnole sur l&rsquo;arbitrage et s&rsquo;efforcent de r\u00e9soudre tout litige d&rsquo;un commun accord, en premier lieu par la n\u00e9gociation. Toutefois, les parties se soumettent express\u00e9ment aux Tribunaux de Murcie, renon\u00e7ant \u00e0 tout autre forum comp\u00e9tent.<\/p>\n","protected":false},"excerpt":{"rendered":"<p>OBJET Le Partenaire s&rsquo;engage \u00e0 promouvoir et \u00e0 prescrire le Logiciel de STEL Order selon les termes et conditions pr\u00e9vus dans le pr\u00e9sent document. Ce &#8230; <a title=\"Termes du programme Partenaire\" class=\"read-more\" href=\"https:\/\/www-stg.stelorder.com\/fr\/termes-du-programme-partenaire\/\" aria-label=\"Read more about Termes du programme Partenaire\">Leer<\/a><\/p>\n","protected":false},"author":4,"featured_media":11659,"parent":0,"menu_order":0,"comment_status":"closed","ping_status":"closed","template":"","meta":{"_acf_changed":false,"inline_featured_image":false,"footnotes":""},"class_list":{"0":"post-1455","1":"page","2":"type-page","3":"status-publish","4":"has-post-thumbnail","6":"no-featured-image-padding"},"acf":[],"_links":{"self":[{"href":"https:\/\/www-stg.stelorder.com\/fr\/wp-json\/wp\/v2\/pages\/1455","targetHints":{"allow":["GET"]}}],"collection":[{"href":"https:\/\/www-stg.stelorder.com\/fr\/wp-json\/wp\/v2\/pages"}],"about":[{"href":"https:\/\/www-stg.stelorder.com\/fr\/wp-json\/wp\/v2\/types\/page"}],"author":[{"embeddable":true,"href":"https:\/\/www-stg.stelorder.com\/fr\/wp-json\/wp\/v2\/users\/4"}],"replies":[{"embeddable":true,"href":"https:\/\/www-stg.stelorder.com\/fr\/wp-json\/wp\/v2\/comments?post=1455"}],"version-history":[{"count":0,"href":"https:\/\/www-stg.stelorder.com\/fr\/wp-json\/wp\/v2\/pages\/1455\/revisions"}],"wp:featuredmedia":[{"embeddable":true,"href":"https:\/\/www-stg.stelorder.com\/fr\/wp-json\/wp\/v2\/media\/11659"}],"wp:attachment":[{"href":"https:\/\/www-stg.stelorder.com\/fr\/wp-json\/wp\/v2\/media?parent=1455"}],"curies":[{"name":"wp","href":"https:\/\/api.w.org\/{rel}","templated":true}]}}