{"id":1447,"date":"2021-08-16T11:55:57","date_gmt":"2021-08-16T09:55:57","guid":{"rendered":"https:\/\/www-stg.stelorder.com\/erp\/inbox\/"},"modified":"2022-02-02T13:04:28","modified_gmt":"2022-02-02T12:04:28","slug":"inbox","status":"publish","type":"page","link":"https:\/\/www-stg.stelorder.com\/fr\/erp\/inbox\/","title":{"rendered":"Inbox"},"content":{"rendered":"<div class=\"gb-container gb-container-531f8a5b\"><div class=\"gb-inside-container\">\n<div class=\"gb-grid-wrapper gb-grid-wrapper-8efc654a\">\n<div class=\"gb-grid-column gb-grid-column-96c0c339\"><div class=\"gb-container gb-container-96c0c339\"><div class=\"gb-inside-container\">\n\n<h1 class=\"gb-headline gb-headline-a2c33d53 gb-headline-text\">Inbox<\/h1>\n\n\n\n<p>Streamline your company\u2019s workflow.<\/p>\n\n\n\n<p>Vous n\u2019avez plus \u00e0 v\u00e9rifier votre email pour savoir si vous avez demand\u00e9 un devis, <strong>vous le recevez directement sur votre mobile.<\/strong><\/p>\n\n\n\n<p>Recevoir <strong>notifications automatiques<\/strong> lorsqu\u2019un incident est g\u00e9n\u00e9r\u00e9 par un de vos clients.<\/p>\n\n\n<div class=\"gb-button-wrapper gb-button-wrapper-da59c35d\">\n\n<span class=\"gb-button gb-button-5b8ce442 gb-button-text cl-btn-try\">Essayez-le GRATUITEMENT<\/span>\n\n<\/div>\n<\/div><\/div><\/div>\n\n<div class=\"gb-grid-column gb-grid-column-b96027ad\"><div class=\"gb-container gb-container-b96027ad\"><div class=\"gb-inside-container\">\n\n<figure class=\"wp-block-image size-full\"><img decoding=\"async\" width=\"548\" height=\"546\" src=\"https:\/\/www-stg.stelorder.com\/wp-content\/uploads\/2021\/08\/inbox-2.png\" alt=\"\" class=\"wp-image-836\" srcset=\"https:\/\/www-stg.stelorder.com\/wp-content\/uploads\/2021\/08\/inbox-2.png 548w, https:\/\/www-stg.stelorder.com\/wp-content\/uploads\/2021\/08\/inbox-2-300x300.png 300w, https:\/\/www-stg.stelorder.com\/wp-content\/uploads\/2021\/08\/inbox-2-150x150.png 150w\" sizes=\"(max-width: 548px) 100vw, 548px\" \/><\/figure>\n<\/div><\/div><\/div>\n<\/div>\n<\/div><div class=\"gb-shapes\"><div class=\"gb-shape gb-shape-1\"><svg xmlns=\"http:\/\/www.w3.org\/2000\/svg\" viewBox=\"0 0 1200 211.2\" preserveAspectRatio=\"none\"><path d=\"M600 188.4C321.1 188.4 84.3 109.5 0 0v211.2h1200V0c-84.3 109.5-321.1 188.4-600 188.4z\"\/><\/svg><\/div><\/div><\/div>\n<h2 class=\"gb-headline gb-headline-eb4e31d2 gb-headline-text cl-h3\">Que pouvez-vous faire avec Inbox?<\/h2>\n<div class=\"gb-container gb-container-64cb1e87 cl-mobile-reverse\"><div class=\"gb-inside-container\">\n<div class=\"gb-grid-wrapper gb-grid-wrapper-dfc9e5bd\">\n<div class=\"gb-grid-column gb-grid-column-397b0bd2\"><div class=\"gb-container gb-container-397b0bd2\"><div class=\"gb-inside-container\">\n\n<figure class=\"wp-block-image size-full\"><img decoding=\"async\" width=\"631\" height=\"703\" src=\"https:\/\/www-stg.stelorder.com\/wp-content\/uploads\/2021\/08\/inbox-Gestion-des-incidents.png\" alt=\"\" class=\"wp-image-831\" srcset=\"https:\/\/www-stg.stelorder.com\/wp-content\/uploads\/2021\/08\/inbox-Gestion-des-incidents.png 631w, https:\/\/www-stg.stelorder.com\/wp-content\/uploads\/2021\/08\/inbox-Gestion-des-incidents-269x300.png 269w\" sizes=\"(max-width: 631px) 100vw, 631px\" \/><\/figure>\n<\/div><\/div><\/div>\n\n<div class=\"gb-grid-column gb-grid-column-3884f8b4\"><div class=\"gb-container gb-container-3884f8b4\"><div class=\"gb-inside-container\">\n\n<h3 class=\"gb-headline gb-headline-b4bab482 gb-headline-text cl-h6\"><strong><strong>Gestion des incidents<\/strong><\/strong><\/h3>\n\n\n\n<p>Transformez les e-mails de vos clients en incidents automatiques dans STEL Order.<\/p>\n\n\n\n<p>Lorsqu\u2019un client remplit le formulaire sur votre site web ou vous \u00e9crit un courriel, <strong>un incident est automatiquement cr\u00e9\u00e9 dans votre commande STEL<\/strong>, il est \u00e9galement attribu\u00e9 au travailleur que vous d\u00e9signez comme consultant pour ce client, recevant une notification instantan\u00e9e sur son appareil mobile.<\/p>\n\n\n\n<p>Une fois l\u2019incident g\u00e9n\u00e9r\u00e9, vos clients re\u00e7oivent automatiquement une notification de l\u2019incident re\u00e7u.<\/p>\n\n<\/div><\/div><\/div>\n<\/div>\n<\/div><\/div><div class=\"gb-container gb-container-dfe5fa10\"><div class=\"gb-inside-container\">\n<div class=\"gb-grid-wrapper gb-grid-wrapper-a3620ed1\">\n<div class=\"gb-grid-column gb-grid-column-3f7325cc\"><div class=\"gb-container gb-container-3f7325cc\"><div class=\"gb-inside-container\">\n\n<h3 class=\"gb-headline gb-headline-25b2bdf9 gb-headline-text cl-h6\"><strong>Du web \u00e0 votre STEL Order<\/strong><\/h3>\n\n\n\n<p>Configurez le formulaire de contact sur votre site web pour recevoir un devis ou un incident \u00e0 chaque fois qu\u2019ils le remplissent, m\u00eame <strong>avec les documents joints qu\u2019ils vous envoient<\/strong>.<\/p>\n\n\n\n<p>Unifiez toutes les ressources commerciales de votre entreprise, ce qui vous permettra de gagner du temps et d\u2019am\u00e9liorer la qualit\u00e9 du service \u00e0 la client\u00e8le de votre entreprise.<\/p>\n\n\n\n<p>R\u00e9duisez le temps de r\u00e9solution des incidents, g\u00e9n\u00e9rez depuis votre mobile, o\u00f9 que vous soyez, des budgets ou des factures \u00e0 partir des incidents re\u00e7us de votre site web et augmentez les chances de vente.<\/p>\n\n<\/div><\/div><\/div>\n\n<div class=\"gb-grid-column gb-grid-column-28b4584f\"><div class=\"gb-container gb-container-28b4584f\"><div class=\"gb-inside-container\">\n\n<figure class=\"wp-block-image size-full\"><img decoding=\"async\" width=\"553\" height=\"611\" src=\"https:\/\/www-stg.stelorder.com\/wp-content\/uploads\/2021\/08\/inbox-Du-web-a\u0300-votre-STEL-Order.png\" alt=\"\" class=\"wp-image-826\" srcset=\"https:\/\/www-stg.stelorder.com\/wp-content\/uploads\/2021\/08\/inbox-Du-web-a\u0300-votre-STEL-Order.png 553w, https:\/\/www-stg.stelorder.com\/wp-content\/uploads\/2021\/08\/inbox-Du-web-a\u0300-votre-STEL-Order-272x300.png 272w\" sizes=\"(max-width: 553px) 100vw, 553px\" \/><\/figure>\n<\/div><\/div><\/div>\n<\/div>\n<\/div><\/div><div class=\"gb-container gb-container-c6dcf370 cl-block-try-free cl-padding-normal\"><div class=\"gb-inside-container\">\n<div class=\"gb-grid-wrapper gb-grid-wrapper-70f51658 cl-gest-basico-avanzado\">\n<div class=\"gb-grid-column gb-grid-column-fed539a8\"><div class=\"gb-container gb-container-fed539a8\"><div class=\"gb-inside-container\">\n\n<p class=\"gb-headline gb-headline-16054b35 gb-headline-text cl-h3\">Simplifiez la gestion de votre entreprise avec <span class=\"cl-orange\">STEL Order<\/span><\/p>\n\n\n\n<p class=\"cl-h11 has-stel-pure-white-color has-text-color\">Si vous n&rsquo;aimez pas g\u00e9rer votre entreprise avec STEL Order, nous vous rendons votre argent.<\/p>\n\n\n<div class=\"gb-button-wrapper gb-button-wrapper-6baf7aa8\">\n\n<span class=\"gb-button gb-button-b237c663 gb-button-text cl-mobile-center cl-btn-try cl-btn-basica-completa\">Essai GRATUIT<\/span>\n\n<\/div>\n<\/div><\/div><\/div>\n\n<div class=\"gb-grid-column gb-grid-column-57052cff\"><div class=\"gb-container gb-container-57052cff cl-block-try-buttons\"><div class=\"gb-inside-container\">\n\n<figure class=\"wp-block-image aligncenter size-full\"><img decoding=\"async\" width=\"573\" height=\"192\" src=\"https:\/\/www-stg.stelorder.com\/wp-content\/uploads\/2022\/05\/base.complete-1.png\" alt=\"\" class=\"wp-image-19162\" srcset=\"https:\/\/www-stg.stelorder.com\/wp-content\/uploads\/2022\/05\/base.complete-1.png 573w, https:\/\/www-stg.stelorder.com\/wp-content\/uploads\/2022\/05\/base.complete-1-300x101.png 300w, https:\/\/www-stg.stelorder.com\/wp-content\/uploads\/2022\/05\/base.complete-1-150x50.png 150w\" sizes=\"(max-width: 573px) 100vw, 573px\" \/><\/figure>\n\n<\/div><\/div><\/div>\n<\/div>\n<\/div><\/div><div class=\"gb-container gb-container-b2b92f9d\"><div class=\"gb-inside-container\">\n\n<div class=\"wpcf7 no-js\" id=\"wpcf7-f11324-o1\" lang=\"fr-FR\" dir=\"ltr\" data-wpcf7-id=\"11324\">\n<div class=\"screen-reader-response\"><p role=\"status\" aria-live=\"polite\" aria-atomic=\"true\"><\/p> <ul><\/ul><\/div>\n<form action=\"\/fr\/wp-json\/wp\/v2\/pages\/1447\/#wpcf7-f11324-o1\" method=\"post\" class=\"wpcf7-form init\" aria-label=\"Formulaire de contact\" novalidate=\"novalidate\" data-status=\"init\">\n<fieldset class=\"hidden-fields-container\"><input type=\"hidden\" name=\"_wpcf7\" value=\"11324\" \/><input type=\"hidden\" name=\"_wpcf7_version\" value=\"6.1.5\" \/><input type=\"hidden\" name=\"_wpcf7_locale\" value=\"fr_FR\" \/><input type=\"hidden\" name=\"_wpcf7_unit_tag\" value=\"wpcf7-f11324-o1\" \/><input type=\"hidden\" name=\"_wpcf7_container_post\" value=\"0\" \/><input type=\"hidden\" name=\"_wpcf7_posted_data_hash\" value=\"\" \/><input type=\"hidden\" name=\"_wpcf7dtx_version\" value=\"5.0.5\" \/>\n<\/fieldset>\n<div class=\"wpcf7-turnstile cf-turnstile\" data-sitekey=\"0x4AAAAAACrqrOw4fzjPUf6L\" data-response-field-name=\"_wpcf7_turnstile_response\"><\/div>\n\n<div class=\"cl-cf7-demo\">\n\t<p class=\"cl-h5\">Demander une <span class=\"cl-orange\">d\u00e9monstration<\/span>de STEL Order\n\t<\/p>\n\t<p class=\"cl-text-cf7-bold\">Un expert ERP vous \u00e9coutera et r\u00e9pondra \u00e0 vos questions,<br \/>\net vous montrer comment l'appliquer \u00e0 votre entreprise.\n\t<\/p>\n\t<p><label> <span class=\"cl-cf7-label\">Nom<\/span><br \/>\n<span class=\"wpcf7-form-control-wrap\" data-name=\"nombre-contacto\"><input size=\"40\" maxlength=\"400\" class=\"wpcf7-form-control wpcf7-text wpcf7-validates-as-required\" aria-required=\"true\" aria-invalid=\"false\" placeholder=\"Nom\" value=\"\" type=\"text\" name=\"nombre-contacto\" \/><\/span> <\/label>\n\t<\/p>\n\t<p><span id=\"wpcf7-69db0320cc860-wrapper\" class=\"wpcf7-form-control-wrap website-url-567-wrap\" style=\"display:none !important; visibility:hidden !important;\"><input type=\"hidden\" name=\"website-url-567-time-start\" value=\"1775960864\"><input type=\"hidden\" name=\"website-url-567-time-check\" value=\"4\"><label for=\"wpcf7-69db0320cc860-field\" class=\"hp-message\">Veuillez laisser ce champ vide.<\/label><input id=\"wpcf7-69db0320cc860-field\"  placeholder=\"Url sitio web\"  class=\"wpcf7-form-control wpcf7-text\" type=\"text\" name=\"website-url-567\" value=\"\" size=\"40\" tabindex=\"-1\" autocomplete=\"new-password\" \/><\/span>\n\t<\/p>\n\t<p><label> <span class=\"cl-cf7-label\">T\u00e9l\u00e9phone<\/span><br \/>\n<span class=\"wpcf7-form-control-wrap\" data-name=\"tel-contacto\"><input size=\"40\" maxlength=\"400\" class=\"wpcf7-form-control wpcf7-tel wpcf7-text wpcf7-validates-as-tel\" aria-invalid=\"false\" placeholder=\"Tel\u00e9phone\" value=\"\" type=\"tel\" name=\"tel-contacto\" \/><\/span> <\/label>\n\t<\/p>\n\t<p><label> <span class=\"cl-cf7-label\">Email<\/span><br \/>\n<span class=\"wpcf7-form-control-wrap\" data-name=\"email-contacto\"><input size=\"40\" maxlength=\"400\" class=\"wpcf7-form-control wpcf7-email wpcf7-validates-as-required wpcf7-text wpcf7-validates-as-email\" aria-required=\"true\" aria-invalid=\"false\" placeholder=\"Email\" value=\"\" type=\"email\" name=\"email-contacto\" \/><\/span> <\/label>\n\t<\/p>\n\t<p><span class=\"wpcf7-form-control-wrap\" data-name=\"acceptance-159\"><span class=\"wpcf7-form-control wpcf7-acceptance\"><span class=\"wpcf7-list-item\"><label><input type=\"checkbox\" name=\"acceptance-159\" value=\"1\" aria-invalid=\"false\" \/><span class=\"wpcf7-list-item-label\">J'ai lu et j'accepte la <a href=\"\/fr\/conditions-confidentialite-gdpr\/\">politique de confidentialit\u00e9<\/a><\/span><\/label><\/span><\/span><\/span>\n\t<\/p>\n\t<p><input class=\"wpcf7-form-control wpcf7-submit has-spinner\" type=\"submit\" value=\"Envoyer\" \/>\n\t<\/p>\n<\/div><div class=\"wpcf7-response-output\" aria-hidden=\"true\"><\/div>\n<\/form>\n<\/div>\n\n\n<\/div><\/div>","protected":false},"excerpt":{"rendered":"<p>Que pouvez-vous faire avec Inbox?<\/p>\n","protected":false},"author":3,"featured_media":11659,"parent":1263,"menu_order":0,"comment_status":"closed","ping_status":"closed","template":"","meta":{"_acf_changed":false,"inline_featured_image":false,"footnotes":""},"class_list":{"0":"post-1447","1":"page","2":"type-page","3":"status-publish","4":"has-post-thumbnail","6":"no-featured-image-padding"},"acf":[],"_links":{"self":[{"href":"https:\/\/www-stg.stelorder.com\/fr\/wp-json\/wp\/v2\/pages\/1447","targetHints":{"allow":["GET"]}}],"collection":[{"href":"https:\/\/www-stg.stelorder.com\/fr\/wp-json\/wp\/v2\/pages"}],"about":[{"href":"https:\/\/www-stg.stelorder.com\/fr\/wp-json\/wp\/v2\/types\/page"}],"author":[{"embeddable":true,"href":"https:\/\/www-stg.stelorder.com\/fr\/wp-json\/wp\/v2\/users\/3"}],"replies":[{"embeddable":true,"href":"https:\/\/www-stg.stelorder.com\/fr\/wp-json\/wp\/v2\/comments?post=1447"}],"version-history":[{"count":0,"href":"https:\/\/www-stg.stelorder.com\/fr\/wp-json\/wp\/v2\/pages\/1447\/revisions"}],"up":[{"embeddable":true,"href":"https:\/\/www-stg.stelorder.com\/fr\/wp-json\/wp\/v2\/pages\/1263"}],"wp:featuredmedia":[{"embeddable":true,"href":"https:\/\/www-stg.stelorder.com\/fr\/wp-json\/wp\/v2\/media\/11659"}],"wp:attachment":[{"href":"https:\/\/www-stg.stelorder.com\/fr\/wp-json\/wp\/v2\/media?parent=1447"}],"curies":[{"name":"wp","href":"https:\/\/api.w.org\/{rel}","templated":true}]}}