{"id":1433,"date":"2021-08-16T11:14:18","date_gmt":"2021-08-16T09:14:18","guid":{"rendered":"https:\/\/www-stg.stelorder.com\/erp\/taches-automatiques\/"},"modified":"2022-02-02T13:22:46","modified_gmt":"2022-02-02T12:22:46","slug":"taches-automatiques","status":"publish","type":"page","link":"https:\/\/www-stg.stelorder.com\/fr\/erp\/taches-automatiques\/","title":{"rendered":"T\u00e2ches Automatiques"},"content":{"rendered":"<div class=\"gb-container gb-container-531f8a5b\"><div class=\"gb-inside-container\">\n<div class=\"gb-grid-wrapper gb-grid-wrapper-8efc654a\">\n<div class=\"gb-grid-column gb-grid-column-96c0c339\"><div class=\"gb-container gb-container-96c0c339\"><div class=\"gb-inside-container\">\n\n<h1 class=\"gb-headline gb-headline-a2c33d53 gb-headline-text\"><strong>T\u00e2ches Automatiques<\/strong><\/h1>\n\n\n\n<p>Cr\u00e9er et envoyer des milliers de factures de mani\u00e8re enti\u00e8rement automatique<\/p>\n\n\n\n<p>Optimisez la gestion de vos processus de <strong>facturation r\u00e9currente et la planification de la maintenance<\/strong>p\u00e9riodique avec les t\u00e2ches automatiques de STEL Order.<\/p>\n\n\n\n<p>G\u00e9n\u00e9rez tout document commercial de mani\u00e8re r\u00e9currente, en \u00e9conomisant du temps et des ressources commerciales.<\/p>\n\n\n<div class=\"gb-button-wrapper gb-button-wrapper-da59c35d\">\n\n<span class=\"gb-button gb-button-5b8ce442 gb-button-text cl-btn-try\">Essayez-le GRATUITEMENT<\/span>\n\n<\/div>\n<\/div><\/div><\/div>\n\n<div class=\"gb-grid-column gb-grid-column-b96027ad\"><div class=\"gb-container gb-container-b96027ad\"><div class=\"gb-inside-container\">\n\n<figure class=\"wp-block-image size-full\"><img decoding=\"async\" width=\"548\" height=\"546\" src=\"https:\/\/www-stg.stelorder.com\/wp-content\/uploads\/2021\/08\/tareas-automaticas.png\" alt=\"\" class=\"wp-image-816\" srcset=\"https:\/\/www-stg.stelorder.com\/wp-content\/uploads\/2021\/08\/tareas-automaticas.png 548w, https:\/\/www-stg.stelorder.com\/wp-content\/uploads\/2021\/08\/tareas-automaticas-300x300.png 300w, https:\/\/www-stg.stelorder.com\/wp-content\/uploads\/2021\/08\/tareas-automaticas-150x150.png 150w\" sizes=\"(max-width: 548px) 100vw, 548px\" \/><\/figure>\n<\/div><\/div><\/div>\n<\/div>\n<\/div><div class=\"gb-shapes\"><div class=\"gb-shape gb-shape-1\"><svg xmlns=\"http:\/\/www.w3.org\/2000\/svg\" viewBox=\"0 0 1200 211.2\" preserveAspectRatio=\"none\"><path d=\"M600 188.4C321.1 188.4 84.3 109.5 0 0v211.2h1200V0c-84.3 109.5-321.1 188.4-600 188.4z\"\/><\/svg><\/div><\/div><\/div>\n<h2 class=\"gb-headline gb-headline-eb4e31d2 gb-headline-text cl-h3\">Que pouvez-vous faire avec les t\u00e2ches automatiques?<\/h2>\n<div class=\"gb-container gb-container-64cb1e87 cl-mobile-reverse\"><div class=\"gb-inside-container\">\n<div class=\"gb-grid-wrapper gb-grid-wrapper-dfc9e5bd\">\n<div class=\"gb-grid-column gb-grid-column-397b0bd2\"><div class=\"gb-container gb-container-397b0bd2\"><div class=\"gb-inside-container\">\n\n<figure class=\"wp-block-image size-full\"><img decoding=\"async\" width=\"565\" height=\"588\" src=\"https:\/\/www-stg.stelorder.com\/wp-content\/uploads\/2021\/08\/Recurring-Invoicing.png\" alt=\"\" class=\"wp-image-801\" srcset=\"https:\/\/www-stg.stelorder.com\/wp-content\/uploads\/2021\/08\/Recurring-Invoicing.png 565w, https:\/\/www-stg.stelorder.com\/wp-content\/uploads\/2021\/08\/Recurring-Invoicing-288x300.png 288w\" sizes=\"(max-width: 565px) 100vw, 565px\" \/><\/figure>\n<\/div><\/div><\/div>\n\n<div class=\"gb-grid-column gb-grid-column-3884f8b4\"><div class=\"gb-container gb-container-3884f8b4\"><div class=\"gb-inside-container\">\n\n<h3 class=\"gb-headline gb-headline-fcc1e23e gb-headline-text cl-h6\"><strong><strong>Recurring Invoicing<\/strong><\/strong><\/h3>\n\n\n\n<p>Mettez en place une seule t\u00e2che, <strong>de sorte que factures ou documents soient automatiquement cr\u00e9\u00e9s et envoy\u00e9s<\/strong> \u00e0 tous les clients qui sont abonn\u00e9s \u00e0 vos plans de facturation r\u00e9currente, m\u00eame en fonction de leurs tarifs.<\/p>\n\n\n\n<p>D\u00e9finir les prix, les modes de paiement ou mettre \u00e0 jour les prix automatiquement, vous pouvez <strong>\u00e9galement lire les \u00e9quipements install\u00e9s de chaque client dans leur facture correspondante.<\/strong><\/p>\n\n<\/div><\/div><\/div>\n<\/div>\n<\/div><\/div><div class=\"gb-container gb-container-3b7835ea\"><div class=\"gb-inside-container\">\n<div class=\"gb-grid-wrapper gb-grid-wrapper-39a67452\">\n<div class=\"gb-grid-column gb-grid-column-39b7f160\"><div class=\"gb-container gb-container-39b7f160\"><div class=\"gb-inside-container\">\n\n<h3 class=\"gb-headline gb-headline-4eca6e78 gb-headline-text cl-h6\"><strong><strong>Entretien pr\u00e9ventif<\/strong><\/strong><\/h3>\n\n\n\n<p><strong>Plan et g\u00e9rer la maintenance pr\u00e9ventive<\/strong> de votre entreprise de services techniques et de maintenance de mani\u00e8re simple.<\/p>\n\n\n\n<p>G\u00e9n\u00e9rez des bons de travail, cr\u00e9ez des horaires de travail et partagez-les avec vos techniciens. Cr\u00e9ez des \u00e9v\u00e9nements assign\u00e9s \u00e0 l\u2019\u00e9quipement de vos clients pour <strong>recevoir des rappels de leur expiration ou de la maintenance pr\u00e9ventive.<\/strong><\/p>\n\n<\/div><\/div><\/div>\n\n<div class=\"gb-grid-column gb-grid-column-0ab48574\"><div class=\"gb-container gb-container-0ab48574\"><div class=\"gb-inside-container\">\n\n<figure class=\"wp-block-image size-full\"><img decoding=\"async\" width=\"547\" height=\"551\" src=\"https:\/\/www-stg.stelorder.com\/wp-content\/uploads\/2021\/08\/Entretien-pre\u0301ventif.png\" alt=\"\" class=\"wp-image-811\" srcset=\"https:\/\/www-stg.stelorder.com\/wp-content\/uploads\/2021\/08\/Entretien-pre\u0301ventif.png 547w, https:\/\/www-stg.stelorder.com\/wp-content\/uploads\/2021\/08\/Entretien-pre\u0301ventif-298x300.png 298w, https:\/\/www-stg.stelorder.com\/wp-content\/uploads\/2021\/08\/Entretien-pre\u0301ventif-150x150.png 150w\" sizes=\"(max-width: 547px) 100vw, 547px\" \/><\/figure>\n<\/div><\/div><\/div>\n<\/div>\n<\/div><\/div><div class=\"gb-container gb-container-0b4c2f16 cl-mobile-reverse\"><div class=\"gb-inside-container\">\n<div class=\"gb-grid-wrapper gb-grid-wrapper-acb91086\">\n<div class=\"gb-grid-column gb-grid-column-11aeb631\"><div class=\"gb-container gb-container-11aeb631\"><div class=\"gb-inside-container\">\n\n<figure class=\"wp-block-image size-full\"><img decoding=\"async\" width=\"622\" height=\"585\" src=\"https:\/\/www-stg.stelorder.com\/wp-content\/uploads\/2021\/08\/Factures-du-vendeur.png\" alt=\"\" class=\"wp-image-806\" srcset=\"https:\/\/www-stg.stelorder.com\/wp-content\/uploads\/2021\/08\/Factures-du-vendeur.png 622w, https:\/\/www-stg.stelorder.com\/wp-content\/uploads\/2021\/08\/Factures-du-vendeur-300x282.png 300w\" sizes=\"(max-width: 622px) 100vw, 622px\" \/><\/figure>\n<\/div><\/div><\/div>\n\n<div class=\"gb-grid-column gb-grid-column-340ab181\"><div class=\"gb-container gb-container-340ab181\"><div class=\"gb-inside-container\">\n\n<h3 class=\"gb-headline gb-headline-f0d2b61c gb-headline-text cl-h6\"><strong>Factures du vendeur<\/strong><\/h3>\n\n\n\n<p>Avez-vous des fournisseurs qui vous offrent des services mensuels de fa\u00e7on r\u00e9currente?<\/p>\n\n\n\n<p>Enregistrez toutes les factures de vos fournisseurs pour les fournitures, locations ou conseils aussi souvent que vous en avez besoin pour.<\/p>\n\n\n\n<p><strong>Gagnez du temps avec la facturation de vos fournisseurs<\/strong>, car vous n\u2019aurez pas \u00e0 cr\u00e9er manuellement les m\u00eames factures chaque mois.<\/p>\n\n<\/div><\/div><\/div>\n<\/div>\n<\/div><\/div><div class=\"gb-container gb-container-c6dcf370 cl-block-try-free cl-padding-normal\"><div class=\"gb-inside-container\">\n<div class=\"gb-grid-wrapper gb-grid-wrapper-70f51658 cl-gest-basico-avanzado\">\n<div class=\"gb-grid-column gb-grid-column-fed539a8\"><div class=\"gb-container gb-container-fed539a8\"><div class=\"gb-inside-container\">\n\n<p class=\"gb-headline gb-headline-16054b35 gb-headline-text cl-h3\">Simplifiez la gestion de votre entreprise avec <span class=\"cl-orange\">STEL Order<\/span><\/p>\n\n\n\n<p class=\"cl-h11 has-stel-pure-white-color has-text-color\">Si vous n&rsquo;aimez pas g\u00e9rer votre entreprise avec STEL Order, nous vous rendons votre argent.<\/p>\n\n\n<div class=\"gb-button-wrapper gb-button-wrapper-6baf7aa8\">\n\n<span class=\"gb-button gb-button-b237c663 gb-button-text cl-mobile-center cl-btn-try cl-btn-basica-completa\">Essai GRATUIT<\/span>\n\n<\/div>\n<\/div><\/div><\/div>\n\n<div class=\"gb-grid-column gb-grid-column-57052cff\"><div class=\"gb-container gb-container-57052cff cl-block-try-buttons\"><div class=\"gb-inside-container\">\n\n<figure class=\"wp-block-image aligncenter size-full\"><img decoding=\"async\" width=\"573\" height=\"192\" src=\"https:\/\/www-stg.stelorder.com\/wp-content\/uploads\/2022\/05\/base.complete-1.png\" alt=\"\" class=\"wp-image-19162\" srcset=\"https:\/\/www-stg.stelorder.com\/wp-content\/uploads\/2022\/05\/base.complete-1.png 573w, https:\/\/www-stg.stelorder.com\/wp-content\/uploads\/2022\/05\/base.complete-1-300x101.png 300w, https:\/\/www-stg.stelorder.com\/wp-content\/uploads\/2022\/05\/base.complete-1-150x50.png 150w\" sizes=\"(max-width: 573px) 100vw, 573px\" \/><\/figure>\n\n<\/div><\/div><\/div>\n<\/div>\n<\/div><\/div><div class=\"gb-container gb-container-a74c9faf\"><div class=\"gb-inside-container\">\n\n<div class=\"wpcf7 no-js\" id=\"wpcf7-f11324-o1\" lang=\"fr-FR\" dir=\"ltr\" data-wpcf7-id=\"11324\">\n<div class=\"screen-reader-response\"><p role=\"status\" aria-live=\"polite\" aria-atomic=\"true\"><\/p> <ul><\/ul><\/div>\n<form action=\"\/fr\/wp-json\/wp\/v2\/pages\/1433\/#wpcf7-f11324-o1\" method=\"post\" class=\"wpcf7-form init\" aria-label=\"Formulaire de contact\" novalidate=\"novalidate\" data-status=\"init\">\n<fieldset class=\"hidden-fields-container\"><input type=\"hidden\" name=\"_wpcf7\" value=\"11324\" \/><input type=\"hidden\" name=\"_wpcf7_version\" value=\"6.1.5\" \/><input type=\"hidden\" name=\"_wpcf7_locale\" value=\"fr_FR\" \/><input type=\"hidden\" name=\"_wpcf7_unit_tag\" value=\"wpcf7-f11324-o1\" \/><input type=\"hidden\" name=\"_wpcf7_container_post\" value=\"0\" \/><input type=\"hidden\" name=\"_wpcf7_posted_data_hash\" value=\"\" \/><input type=\"hidden\" name=\"_wpcf7dtx_version\" value=\"5.0.5\" \/>\n<\/fieldset>\n<div class=\"wpcf7-turnstile cf-turnstile\" data-sitekey=\"0x4AAAAAACrqrOw4fzjPUf6L\" data-response-field-name=\"_wpcf7_turnstile_response\"><\/div>\n\n<div class=\"cl-cf7-demo\">\n\t<p class=\"cl-h5\">Demander une <span class=\"cl-orange\">d\u00e9monstration<\/span>de STEL Order\n\t<\/p>\n\t<p class=\"cl-text-cf7-bold\">Un expert ERP vous \u00e9coutera et r\u00e9pondra \u00e0 vos questions,<br \/>\net vous montrer comment l'appliquer \u00e0 votre entreprise.\n\t<\/p>\n\t<p><label> <span class=\"cl-cf7-label\">Nom<\/span><br \/>\n<span class=\"wpcf7-form-control-wrap\" data-name=\"nombre-contacto\"><input size=\"40\" maxlength=\"400\" class=\"wpcf7-form-control wpcf7-text wpcf7-validates-as-required\" aria-required=\"true\" aria-invalid=\"false\" placeholder=\"Nom\" value=\"\" type=\"text\" name=\"nombre-contacto\" \/><\/span> <\/label>\n\t<\/p>\n\t<p><span id=\"wpcf7-69d45dcd51fb8-wrapper\" class=\"wpcf7-form-control-wrap website-url-567-wrap\" style=\"display:none !important; visibility:hidden !important;\"><input type=\"hidden\" name=\"website-url-567-time-start\" value=\"1775525325\"><input type=\"hidden\" name=\"website-url-567-time-check\" value=\"4\"><label for=\"wpcf7-69d45dcd51fb8-field\" class=\"hp-message\">Veuillez laisser ce champ vide.<\/label><input id=\"wpcf7-69d45dcd51fb8-field\"  placeholder=\"Url sitio web\"  class=\"wpcf7-form-control wpcf7-text\" type=\"text\" name=\"website-url-567\" value=\"\" size=\"40\" tabindex=\"-1\" autocomplete=\"new-password\" \/><\/span>\n\t<\/p>\n\t<p><label> <span class=\"cl-cf7-label\">T\u00e9l\u00e9phone<\/span><br \/>\n<span class=\"wpcf7-form-control-wrap\" data-name=\"tel-contacto\"><input size=\"40\" maxlength=\"400\" class=\"wpcf7-form-control wpcf7-tel wpcf7-text wpcf7-validates-as-tel\" aria-invalid=\"false\" placeholder=\"Tel\u00e9phone\" value=\"\" type=\"tel\" name=\"tel-contacto\" \/><\/span> <\/label>\n\t<\/p>\n\t<p><label> <span class=\"cl-cf7-label\">Email<\/span><br \/>\n<span class=\"wpcf7-form-control-wrap\" data-name=\"email-contacto\"><input size=\"40\" maxlength=\"400\" class=\"wpcf7-form-control wpcf7-email wpcf7-validates-as-required wpcf7-text wpcf7-validates-as-email\" aria-required=\"true\" aria-invalid=\"false\" placeholder=\"Email\" value=\"\" type=\"email\" name=\"email-contacto\" \/><\/span> <\/label>\n\t<\/p>\n\t<p><span class=\"wpcf7-form-control-wrap\" data-name=\"acceptance-159\"><span class=\"wpcf7-form-control wpcf7-acceptance\"><span class=\"wpcf7-list-item\"><label><input type=\"checkbox\" name=\"acceptance-159\" value=\"1\" aria-invalid=\"false\" \/><span class=\"wpcf7-list-item-label\">J'ai lu et j'accepte la <a href=\"\/fr\/conditions-confidentialite-gdpr\/\">politique de confidentialit\u00e9<\/a><\/span><\/label><\/span><\/span><\/span>\n\t<\/p>\n\t<p><input class=\"wpcf7-form-control wpcf7-submit has-spinner\" type=\"submit\" value=\"Envoyer\" \/>\n\t<\/p>\n<\/div><div class=\"wpcf7-response-output\" aria-hidden=\"true\"><\/div>\n<\/form>\n<\/div>\n\n\n<\/div><\/div>","protected":false},"excerpt":{"rendered":"<p>Que pouvez-vous faire avec les t\u00e2ches automatiques?<\/p>\n","protected":false},"author":3,"featured_media":11659,"parent":1263,"menu_order":0,"comment_status":"closed","ping_status":"closed","template":"","meta":{"_acf_changed":false,"inline_featured_image":false,"footnotes":""},"class_list":{"0":"post-1433","1":"page","2":"type-page","3":"status-publish","4":"has-post-thumbnail","6":"no-featured-image-padding"},"acf":[],"_links":{"self":[{"href":"https:\/\/www-stg.stelorder.com\/fr\/wp-json\/wp\/v2\/pages\/1433","targetHints":{"allow":["GET"]}}],"collection":[{"href":"https:\/\/www-stg.stelorder.com\/fr\/wp-json\/wp\/v2\/pages"}],"about":[{"href":"https:\/\/www-stg.stelorder.com\/fr\/wp-json\/wp\/v2\/types\/page"}],"author":[{"embeddable":true,"href":"https:\/\/www-stg.stelorder.com\/fr\/wp-json\/wp\/v2\/users\/3"}],"replies":[{"embeddable":true,"href":"https:\/\/www-stg.stelorder.com\/fr\/wp-json\/wp\/v2\/comments?post=1433"}],"version-history":[{"count":0,"href":"https:\/\/www-stg.stelorder.com\/fr\/wp-json\/wp\/v2\/pages\/1433\/revisions"}],"up":[{"embeddable":true,"href":"https:\/\/www-stg.stelorder.com\/fr\/wp-json\/wp\/v2\/pages\/1263"}],"wp:featuredmedia":[{"embeddable":true,"href":"https:\/\/www-stg.stelorder.com\/fr\/wp-json\/wp\/v2\/media\/11659"}],"wp:attachment":[{"href":"https:\/\/www-stg.stelorder.com\/fr\/wp-json\/wp\/v2\/media?parent=1433"}],"curies":[{"name":"wp","href":"https:\/\/api.w.org\/{rel}","templated":true}]}}