{"id":1311,"date":"2021-08-09T18:34:57","date_gmt":"2021-08-09T16:34:57","guid":{"rendered":"https:\/\/www-stg.stelorder.com\/erp\/api\/"},"modified":"2022-02-02T13:04:59","modified_gmt":"2022-02-02T12:04:59","slug":"api","status":"publish","type":"page","link":"https:\/\/www-stg.stelorder.com\/fr\/erp\/api\/","title":{"rendered":"API"},"content":{"rendered":"<div class=\"gb-container gb-container-c355625c\"><div class=\"gb-inside-container\">\n<div class=\"gb-grid-wrapper gb-grid-wrapper-0bbd72a2\">\n<div class=\"gb-grid-column gb-grid-column-ea43b26f\"><div class=\"gb-container gb-container-ea43b26f\"><div class=\"gb-inside-container\">\n\n<h1 class=\"gb-headline gb-headline-8615aefa gb-headline-text\">API STEL Order<\/h1>\n\n\n\n<p>G\u00e9n\u00e9rer des incidents automatiques \u00e0 partir des courriels que vos clients vous adressent.<\/p>\n\n\n\n<p>Reliez l&rsquo;ERP \u00e0 votre boutique en ligne et \u00e0 vos applications pr\u00e9f\u00e9r\u00e9es. \u00c9tendez les fronti\u00e8res de votre entreprise et supprimez toutes les barri\u00e8res.<\/p>\n\n\n<div class=\"gb-button-wrapper gb-button-wrapper-5bdc9941\">\n\n<span class=\"gb-button gb-button-5f1ba1a1 gb-button-text cl-btn-try\">Essayez-le GRATUITEMENT<\/span>\n\n<\/div>\n<\/div><\/div><\/div>\n\n<div class=\"gb-grid-column gb-grid-column-17b8c24f\"><div class=\"gb-container gb-container-17b8c24f\"><div class=\"gb-inside-container\">\n\n<figure class=\"wp-block-image size-full\"><img decoding=\"async\" width=\"548\" height=\"546\" src=\"https:\/\/www-stg.stelorder.com\/wp-content\/uploads\/2021\/08\/api-fr-hero.png\" alt=\"\" class=\"wp-image-1078\" srcset=\"https:\/\/www-stg.stelorder.com\/wp-content\/uploads\/2021\/08\/api-fr-hero.png 548w, https:\/\/www-stg.stelorder.com\/wp-content\/uploads\/2021\/08\/api-fr-hero-300x300.png 300w, https:\/\/www-stg.stelorder.com\/wp-content\/uploads\/2021\/08\/api-fr-hero-150x150.png 150w\" sizes=\"(max-width: 548px) 100vw, 548px\" \/><\/figure>\n<\/div><\/div><\/div>\n<\/div>\n<\/div><div class=\"gb-shapes\"><div class=\"gb-shape gb-shape-1\"><svg xmlns=\"http:\/\/www.w3.org\/2000\/svg\" viewBox=\"0 0 1200 211.2\" preserveAspectRatio=\"none\"><path d=\"M600 188.4C321.1 188.4 84.3 109.5 0 0v211.2h1200V0c-84.3 109.5-321.1 188.4-600 188.4z\"\/><\/svg><\/div><\/div><\/div>\n<h2 class=\"gb-headline gb-headline-0d0a70f9 gb-headline-text cl-h3\">Que pouvez-vous faire avec l&rsquo;API du STEL Order?<\/h2>\n<div class=\"gb-container gb-container-3366d855 cl-mobile-reverse\"><div class=\"gb-inside-container\">\n<div class=\"gb-grid-wrapper gb-grid-wrapper-9df05ebb\">\n<div class=\"gb-grid-column gb-grid-column-5cd00ed2\"><div class=\"gb-container gb-container-5cd00ed2\"><div class=\"gb-inside-container\">\n\n<figure class=\"wp-block-image size-full\"><img decoding=\"async\" width=\"643\" height=\"521\" src=\"https:\/\/www-stg.stelorder.com\/wp-content\/uploads\/2021\/08\/api-fr-api-1.png\" alt=\"\" class=\"wp-image-1073\" srcset=\"https:\/\/www-stg.stelorder.com\/wp-content\/uploads\/2021\/08\/api-fr-api-1.png 643w, https:\/\/www-stg.stelorder.com\/wp-content\/uploads\/2021\/08\/api-fr-api-1-300x243.png 300w\" sizes=\"(max-width: 643px) 100vw, 643px\" \/><\/figure>\n<\/div><\/div><\/div>\n\n<div class=\"gb-grid-column gb-grid-column-f9766737\"><div class=\"gb-container gb-container-f9766737\"><div class=\"gb-inside-container\">\n\n<h3 class=\"gb-headline gb-headline-a862e919 gb-headline-text cl-h6\"><strong>Int\u00e9gration avec d&rsquo;autres logiciels<\/strong><\/h3>\n\n\n\n<p>Le meilleur logiciel ERP est encore meilleur lorsqu&rsquo;il peut \u00eatre int\u00e9gr\u00e9 \u00e0 d&rsquo;autres applications commerciales.<\/p>\n\n\n\n<p>Avec l&rsquo;API de la commande STEL et des comp\u00e9tences en programmation, vous pouvez lire, cr\u00e9er, modifier et supprimer des informations de votre STEL Order.<\/p>\n\n\n\n<p>Nous avons d\u00e9velopp\u00e9 l&rsquo;API publique de STEL Order, afin que les d\u00e9veloppeurs du monde entier puissent int\u00e9grer STEL Order \u00e0 des plateformes telles que <strong>Ecommerce<\/strong> o des <strong>boutiques en ligne<\/strong>, avec d&rsquo;autres ERP ou CRM, avec des applications de marketing par courrier \u00e9lectronique, avec des plateformes de veille strat\u00e9gique, avec des applications de ressources humaines, avec des applications d&rsquo;automatisation du marketing, avec des <strong>applications personnalis\u00e9es<\/strong> et bien plus encore.<\/p>\n\n<\/div><\/div><\/div>\n<\/div>\n<\/div><\/div><div class=\"gb-container gb-container-c6dcf370 cl-block-try-free cl-padding-normal\"><div class=\"gb-inside-container\">\n<div class=\"gb-grid-wrapper gb-grid-wrapper-70f51658 cl-gest-basico-avanzado\">\n<div class=\"gb-grid-column gb-grid-column-fed539a8\"><div class=\"gb-container gb-container-fed539a8\"><div class=\"gb-inside-container\">\n\n<p class=\"gb-headline gb-headline-16054b35 gb-headline-text cl-h3\">Simplifiez la gestion de votre entreprise avec <span class=\"cl-orange\">STEL Order<\/span><\/p>\n\n\n\n<p class=\"cl-h11 has-stel-pure-white-color has-text-color\">Si vous n&rsquo;aimez pas g\u00e9rer votre entreprise avec STEL Order, nous vous rendons votre argent.<\/p>\n\n\n<div class=\"gb-button-wrapper gb-button-wrapper-6baf7aa8\">\n\n<span class=\"gb-button gb-button-b237c663 gb-button-text cl-mobile-center cl-btn-try cl-btn-basica-completa\">Essai GRATUIT<\/span>\n\n<\/div>\n<\/div><\/div><\/div>\n\n<div class=\"gb-grid-column gb-grid-column-57052cff\"><div class=\"gb-container gb-container-57052cff cl-block-try-buttons\"><div class=\"gb-inside-container\">\n\n<figure class=\"wp-block-image aligncenter size-full\"><img decoding=\"async\" width=\"573\" height=\"192\" src=\"https:\/\/www-stg.stelorder.com\/wp-content\/uploads\/2022\/05\/base.complete-1.png\" alt=\"\" class=\"wp-image-19162\" srcset=\"https:\/\/www-stg.stelorder.com\/wp-content\/uploads\/2022\/05\/base.complete-1.png 573w, https:\/\/www-stg.stelorder.com\/wp-content\/uploads\/2022\/05\/base.complete-1-300x101.png 300w, https:\/\/www-stg.stelorder.com\/wp-content\/uploads\/2022\/05\/base.complete-1-150x50.png 150w\" sizes=\"(max-width: 573px) 100vw, 573px\" \/><\/figure>\n\n<\/div><\/div><\/div>\n<\/div>\n<\/div><\/div><div class=\"gb-container gb-container-85c6163c\"><div class=\"gb-inside-container\">\n\n<div class=\"wpcf7 no-js\" id=\"wpcf7-f11324-o1\" lang=\"fr-FR\" dir=\"ltr\" data-wpcf7-id=\"11324\">\n<div class=\"screen-reader-response\"><p role=\"status\" aria-live=\"polite\" aria-atomic=\"true\"><\/p> <ul><\/ul><\/div>\n<form action=\"\/fr\/wp-json\/wp\/v2\/pages\/1311\/#wpcf7-f11324-o1\" method=\"post\" class=\"wpcf7-form init\" aria-label=\"Formulaire de contact\" novalidate=\"novalidate\" data-status=\"init\">\n<fieldset class=\"hidden-fields-container\"><input type=\"hidden\" name=\"_wpcf7\" value=\"11324\" \/><input type=\"hidden\" name=\"_wpcf7_version\" value=\"6.1.5\" \/><input type=\"hidden\" name=\"_wpcf7_locale\" value=\"fr_FR\" \/><input type=\"hidden\" name=\"_wpcf7_unit_tag\" value=\"wpcf7-f11324-o1\" \/><input type=\"hidden\" name=\"_wpcf7_container_post\" value=\"0\" \/><input type=\"hidden\" name=\"_wpcf7_posted_data_hash\" value=\"\" \/><input type=\"hidden\" name=\"_wpcf7dtx_version\" value=\"5.0.5\" \/>\n<\/fieldset>\n<div class=\"wpcf7-turnstile cf-turnstile\" data-sitekey=\"0x4AAAAAACrqrOw4fzjPUf6L\" data-response-field-name=\"_wpcf7_turnstile_response\"><\/div>\n\n<div class=\"cl-cf7-demo\">\n\t<p class=\"cl-h5\">Demander une <span class=\"cl-orange\">d\u00e9monstration<\/span>de STEL Order\n\t<\/p>\n\t<p class=\"cl-text-cf7-bold\">Un expert ERP vous \u00e9coutera et r\u00e9pondra \u00e0 vos questions,<br \/>\net vous montrer comment l'appliquer \u00e0 votre entreprise.\n\t<\/p>\n\t<p><label> <span class=\"cl-cf7-label\">Nom<\/span><br \/>\n<span class=\"wpcf7-form-control-wrap\" data-name=\"nombre-contacto\"><input size=\"40\" maxlength=\"400\" class=\"wpcf7-form-control wpcf7-text wpcf7-validates-as-required\" aria-required=\"true\" aria-invalid=\"false\" placeholder=\"Nom\" value=\"\" type=\"text\" name=\"nombre-contacto\" \/><\/span> <\/label>\n\t<\/p>\n\t<p><span id=\"wpcf7-69d45ac90d7b6-wrapper\" class=\"wpcf7-form-control-wrap website-url-567-wrap\" style=\"display:none !important; visibility:hidden !important;\"><input type=\"hidden\" name=\"website-url-567-time-start\" value=\"1775524553\"><input type=\"hidden\" name=\"website-url-567-time-check\" value=\"4\"><label for=\"wpcf7-69d45ac90d7b6-field\" class=\"hp-message\">Veuillez laisser ce champ vide.<\/label><input id=\"wpcf7-69d45ac90d7b6-field\"  placeholder=\"Url sitio web\"  class=\"wpcf7-form-control wpcf7-text\" type=\"text\" name=\"website-url-567\" value=\"\" size=\"40\" tabindex=\"-1\" autocomplete=\"new-password\" \/><\/span>\n\t<\/p>\n\t<p><label> <span class=\"cl-cf7-label\">T\u00e9l\u00e9phone<\/span><br \/>\n<span class=\"wpcf7-form-control-wrap\" data-name=\"tel-contacto\"><input size=\"40\" maxlength=\"400\" class=\"wpcf7-form-control wpcf7-tel wpcf7-text wpcf7-validates-as-tel\" aria-invalid=\"false\" placeholder=\"Tel\u00e9phone\" value=\"\" type=\"tel\" name=\"tel-contacto\" \/><\/span> <\/label>\n\t<\/p>\n\t<p><label> <span class=\"cl-cf7-label\">Email<\/span><br \/>\n<span class=\"wpcf7-form-control-wrap\" data-name=\"email-contacto\"><input size=\"40\" maxlength=\"400\" class=\"wpcf7-form-control wpcf7-email wpcf7-validates-as-required wpcf7-text wpcf7-validates-as-email\" aria-required=\"true\" aria-invalid=\"false\" placeholder=\"Email\" value=\"\" type=\"email\" name=\"email-contacto\" \/><\/span> <\/label>\n\t<\/p>\n\t<p><span class=\"wpcf7-form-control-wrap\" data-name=\"acceptance-159\"><span class=\"wpcf7-form-control wpcf7-acceptance\"><span class=\"wpcf7-list-item\"><label><input type=\"checkbox\" name=\"acceptance-159\" value=\"1\" aria-invalid=\"false\" \/><span class=\"wpcf7-list-item-label\">J'ai lu et j'accepte la <a href=\"\/fr\/conditions-confidentialite-gdpr\/\">politique de confidentialit\u00e9<\/a><\/span><\/label><\/span><\/span><\/span>\n\t<\/p>\n\t<p><input class=\"wpcf7-form-control wpcf7-submit has-spinner\" type=\"submit\" value=\"Envoyer\" \/>\n\t<\/p>\n<\/div><div class=\"wpcf7-response-output\" aria-hidden=\"true\"><\/div>\n<\/form>\n<\/div>\n\n\n<\/div><\/div>","protected":false},"excerpt":{"rendered":"<p>Que pouvez-vous faire avec l&rsquo;API du STEL Order?<\/p>\n","protected":false},"author":4,"featured_media":11659,"parent":1263,"menu_order":0,"comment_status":"closed","ping_status":"closed","template":"","meta":{"_acf_changed":false,"inline_featured_image":false,"footnotes":""},"class_list":{"0":"post-1311","1":"page","2":"type-page","3":"status-publish","4":"has-post-thumbnail","6":"no-featured-image-padding"},"acf":[],"_links":{"self":[{"href":"https:\/\/www-stg.stelorder.com\/fr\/wp-json\/wp\/v2\/pages\/1311","targetHints":{"allow":["GET"]}}],"collection":[{"href":"https:\/\/www-stg.stelorder.com\/fr\/wp-json\/wp\/v2\/pages"}],"about":[{"href":"https:\/\/www-stg.stelorder.com\/fr\/wp-json\/wp\/v2\/types\/page"}],"author":[{"embeddable":true,"href":"https:\/\/www-stg.stelorder.com\/fr\/wp-json\/wp\/v2\/users\/4"}],"replies":[{"embeddable":true,"href":"https:\/\/www-stg.stelorder.com\/fr\/wp-json\/wp\/v2\/comments?post=1311"}],"version-history":[{"count":0,"href":"https:\/\/www-stg.stelorder.com\/fr\/wp-json\/wp\/v2\/pages\/1311\/revisions"}],"up":[{"embeddable":true,"href":"https:\/\/www-stg.stelorder.com\/fr\/wp-json\/wp\/v2\/pages\/1263"}],"wp:featuredmedia":[{"embeddable":true,"href":"https:\/\/www-stg.stelorder.com\/fr\/wp-json\/wp\/v2\/media\/11659"}],"wp:attachment":[{"href":"https:\/\/www-stg.stelorder.com\/fr\/wp-json\/wp\/v2\/media?parent=1311"}],"curies":[{"name":"wp","href":"https:\/\/api.w.org\/{rel}","templated":true}]}}