{"id":11441,"date":"2022-01-11T12:19:13","date_gmt":"2022-01-11T11:19:13","guid":{"rendered":"https:\/\/www-stg.stelorder.com\/suggestions\/"},"modified":"2022-01-11T12:19:15","modified_gmt":"2022-01-11T11:19:15","slug":"suggestions","status":"publish","type":"page","link":"https:\/\/www-stg.stelorder.com\/fr\/suggestions\/","title":{"rendered":"Suggestions"},"content":{"rendered":"<div class=\"gb-container gb-container-d94f97c0\" id=\"formtester\"><div class=\"gb-inside-container\">\n\n<h3 class=\"gb-headline gb-headline-4990533f gb-headline-text\">Envoyez-nous vos suggestions pour nous aider \u00e0 am\u00e9liorer nos logiciels.<\/h3>\n\n\n\n<p class=\"has-text-align-center\">Nous \u00e9valuons p\u00e9riodiquement toutes les candidatures re\u00e7ues afin de d\u00e9mocratiser le processus d&rsquo;\u00e9volution de STEL Order.<\/p>\n\n\n\n<div style=\"height:100px\" aria-hidden=\"true\" class=\"wp-block-spacer\"><\/div>\n\n\n\n<div class=\"wpcf7 no-js\" id=\"wpcf7-f11413-o1\" lang=\"fr-FR\" dir=\"ltr\" data-wpcf7-id=\"11413\">\n<div class=\"screen-reader-response\"><p role=\"status\" aria-live=\"polite\" aria-atomic=\"true\"><\/p> <ul><\/ul><\/div>\n<form action=\"\/fr\/wp-json\/wp\/v2\/pages\/11441\/#wpcf7-f11413-o1\" method=\"post\" class=\"wpcf7-form init\" aria-label=\"Formulaire de contact\" novalidate=\"novalidate\" data-status=\"init\">\n<fieldset class=\"hidden-fields-container\"><input type=\"hidden\" name=\"_wpcf7\" value=\"11413\" \/><input type=\"hidden\" name=\"_wpcf7_version\" value=\"6.1.5\" \/><input type=\"hidden\" name=\"_wpcf7_locale\" value=\"fr_FR\" \/><input type=\"hidden\" name=\"_wpcf7_unit_tag\" value=\"wpcf7-f11413-o1\" \/><input type=\"hidden\" name=\"_wpcf7_container_post\" value=\"0\" \/><input type=\"hidden\" name=\"_wpcf7_posted_data_hash\" value=\"\" \/><input type=\"hidden\" name=\"_wpcf7dtx_version\" value=\"5.0.5\" \/>\n<\/fieldset>\n<div class=\"wpcf7-turnstile cf-turnstile\" data-sitekey=\"0x4AAAAAACrqrOw4fzjPUf6L\" data-response-field-name=\"_wpcf7_turnstile_response\"><\/div>\n\n<div class=\"cl-cf7-general\">\n\t<div class=\"cl_cf7_2_col\">\n\t\t<p><label> <span class=\"cl-cf7-label\">Nom<\/span><br \/>\n<span class=\"wpcf7-form-control-wrap\" data-name=\"input-nombre\"><input size=\"40\" maxlength=\"400\" class=\"wpcf7-form-control wpcf7-text wpcf7-validates-as-required contact-form-7-half-1\" id=\"cf7-input-nombre\" aria-required=\"true\" aria-invalid=\"false\" placeholder=\"Nom\" value=\"\" type=\"text\" name=\"input-nombre\" \/><\/span><\/label><br \/>\n<label> <span class=\"cl-cf7-label\">Entreprise<\/span><br \/>\n<span class=\"wpcf7-form-control-wrap\" data-name=\"input-nombreEmpresa\"><input size=\"40\" maxlength=\"400\" class=\"wpcf7-form-control wpcf7-text wpcf7-validates-as-required contact-form-7-input contact-form-7-half-2\" id=\"cf7-input-nombreEmpresa\" aria-required=\"true\" aria-invalid=\"false\" placeholder=\"Entreprise\" value=\"\" type=\"text\" name=\"input-nombreEmpresa\" \/><\/span><\/label>\n\t\t<\/p>\n\t<\/div>\n\t<div class=\"cl_cf7_2_col\">\n\t\t<p><label> <span class=\"cl-cf7-label\">T\u00e9l\u00e9phone<\/span><br \/>\n<span class=\"wpcf7-form-control-wrap\" data-name=\"input-telefono\"><input size=\"40\" maxlength=\"400\" class=\"wpcf7-form-control wpcf7-tel wpcf7-validates-as-required wpcf7-text wpcf7-validates-as-tel contact-form-7-input contact-form-7-half-1\" id=\"cf7-input-telefono\" aria-required=\"true\" aria-invalid=\"false\" placeholder=\"T\u00e9l\u00e9phone\" value=\"\" type=\"tel\" name=\"input-telefono\" \/><\/span><\/label><br \/>\n<label> <span class=\"cl-cf7-label\">Email<\/span><br \/>\n<span class=\"wpcf7-form-control-wrap\" data-name=\"input-email\"><input size=\"40\" maxlength=\"400\" class=\"wpcf7-form-control wpcf7-email wpcf7-validates-as-required wpcf7-text wpcf7-validates-as-email contact-form-7-input contact-form-7-half-2\" id=\"cf7-input-email\" aria-required=\"true\" aria-invalid=\"false\" placeholder=\"Email\" value=\"\" type=\"email\" name=\"input-email\" \/><\/span><\/label>\n\t\t<\/p>\n\t<\/div>\n\t<p><span id=\"wpcf7-69daf19284a61-wrapper\" class=\"wpcf7-form-control-wrap website-url-568-wrap\" style=\"display:none !important; visibility:hidden !important;\"><input type=\"hidden\" name=\"website-url-568-time-start\" value=\"1775956370\"><input type=\"hidden\" name=\"website-url-568-time-check\" value=\"4\"><label for=\"wpcf7-69daf19284a61-field\" class=\"hp-message\">Veuillez laisser ce champ vide.<\/label><input id=\"wpcf7-69daf19284a61-field\"  placeholder=\"Url sitio web\"  class=\"wpcf7-form-control wpcf7-text\" type=\"text\" name=\"website-url-568\" value=\"\" size=\"40\" tabindex=\"-1\" autocomplete=\"new-password\" \/><\/span>\n\t<\/p>\n\t<div class=\"cl_cf7_2_col\">\n\t\t<p><label> <span class=\"cl-cf7-label\">Pays<\/span><br \/>\n<span class=\"wpcf7-form-control-wrap\" data-name=\"input-pais\"><input size=\"40\" maxlength=\"400\" class=\"wpcf7-form-control wpcf7-text contact-form-7-input contact-form-7-half-1 contact-form-7-hiden\" id=\"cf7-input-pais\" aria-invalid=\"false\" placeholder=\"Pays\" value=\"\" type=\"text\" name=\"input-pais\" \/><\/span><\/label><br \/>\n<label> <span class=\"cl-cf7-label\">Langue<\/span><br \/>\n<span class=\"wpcf7-form-control-wrap\" data-name=\"input-idioma\"><input size=\"40\" maxlength=\"400\" class=\"wpcf7-form-control wpcf7-text contact-form-7-input contact-form-7-half-2 contact-form-7-hiden\" id=\"cf7-input-idioma\" aria-invalid=\"false\" placeholder=\"Langue\" value=\"\" type=\"text\" name=\"input-idioma\" \/><\/span><\/label>\n\t\t<\/p>\n\t<\/div>\n\t<p><label> <span class=\"cl-cf7-label\">URL<\/span><br \/>\n<span class=\"wpcf7-form-control-wrap\" data-name=\"input-url\"><input size=\"40\" maxlength=\"400\" class=\"wpcf7-form-control wpcf7-text contact-form-7-input contact-form-7-half-1 contact-form-7-hiden\" id=\"cf7-input-url\" aria-invalid=\"false\" placeholder=\"URL\" value=\"\" type=\"text\" name=\"input-url\" \/><\/span><\/label>\n\t<\/p>\n\t<p><label> <span class=\"cl-cf7-label\">Suggestions<\/span><br \/>\n<span class=\"wpcf7-form-control-wrap\" data-name=\"textarea-mensaje\"><textarea cols=\"40\" rows=\"10\" maxlength=\"2000\" class=\"wpcf7-form-control wpcf7-textarea wpcf7-validates-as-required contact-form-7-textarea\" id=\"cf7-input-mensaje\" aria-required=\"true\" aria-invalid=\"false\" placeholder=\"Suggestions\" name=\"textarea-mensaje\"><\/textarea><\/span><\/label>\n\t<\/p>\n\t<p><span class=\"wpcf7-form-control-wrap\" data-name=\"acceptance-159\"><span class=\"wpcf7-form-control wpcf7-acceptance\"><span class=\"wpcf7-list-item\"><label><input type=\"checkbox\" name=\"acceptance-159\" value=\"1\" aria-invalid=\"false\" \/><span class=\"wpcf7-list-item-label\">J'ai lu et j'accepte la <a href=\"\/fr\/conditions-confidentialite-gdpr\/\">politique de confidentialit\u00e9<\/a><\/span><\/label><\/span><\/span><\/span>\n\t<\/p>\n\t<p><input class=\"wpcf7-form-control wpcf7-submit has-spinner\" type=\"submit\" value=\"Envoyer\" \/>\n\t<\/p>\n<\/div><div class=\"wpcf7-response-output\" aria-hidden=\"true\"><\/div>\n<\/form>\n<\/div>\n\n\n<\/div><\/div>\n<p><\/p>\n","protected":false},"excerpt":{"rendered":"<p>Envoyez-nous vos suggestions pour nous aider \u00e0 am\u00e9liorer nos logiciels. Nous \u00e9valuons p\u00e9riodiquement toutes les candidatures re\u00e7ues afin de d\u00e9mocratiser le processus d&rsquo;\u00e9volution de STEL &#8230; <a title=\"Suggestions\" class=\"read-more\" href=\"https:\/\/www-stg.stelorder.com\/fr\/suggestions\/\" aria-label=\"Read more about Suggestions\">Leer<\/a><\/p>\n","protected":false},"author":4,"featured_media":11659,"parent":0,"menu_order":0,"comment_status":"closed","ping_status":"closed","template":"","meta":{"_acf_changed":false,"inline_featured_image":false,"footnotes":""},"class_list":{"0":"post-11441","1":"page","2":"type-page","3":"status-publish","4":"has-post-thumbnail","6":"no-featured-image-padding"},"acf":[],"_links":{"self":[{"href":"https:\/\/www-stg.stelorder.com\/fr\/wp-json\/wp\/v2\/pages\/11441","targetHints":{"allow":["GET"]}}],"collection":[{"href":"https:\/\/www-stg.stelorder.com\/fr\/wp-json\/wp\/v2\/pages"}],"about":[{"href":"https:\/\/www-stg.stelorder.com\/fr\/wp-json\/wp\/v2\/types\/page"}],"author":[{"embeddable":true,"href":"https:\/\/www-stg.stelorder.com\/fr\/wp-json\/wp\/v2\/users\/4"}],"replies":[{"embeddable":true,"href":"https:\/\/www-stg.stelorder.com\/fr\/wp-json\/wp\/v2\/comments?post=11441"}],"version-history":[{"count":0,"href":"https:\/\/www-stg.stelorder.com\/fr\/wp-json\/wp\/v2\/pages\/11441\/revisions"}],"wp:featuredmedia":[{"embeddable":true,"href":"https:\/\/www-stg.stelorder.com\/fr\/wp-json\/wp\/v2\/media\/11659"}],"wp:attachment":[{"href":"https:\/\/www-stg.stelorder.com\/fr\/wp-json\/wp\/v2\/media?parent=11441"}],"curies":[{"name":"wp","href":"https:\/\/api.w.org\/{rel}","templated":true}]}}