{"id":11432,"date":"2022-01-11T12:16:40","date_gmt":"2022-01-11T11:16:40","guid":{"rendered":"https:\/\/www-stg.stelorder.com\/developpeurs\/"},"modified":"2024-01-23T16:37:41","modified_gmt":"2024-01-23T15:37:41","slug":"developpeurs","status":"publish","type":"page","link":"https:\/\/www-stg.stelorder.com\/fr\/developpeurs\/","title":{"rendered":"D\u00e9veloppeurs"},"content":{"rendered":"<div class=\"gb-container gb-container-aed350b1 cl-padding-hero\"><div class=\"gb-inside-container\">\n\n<h2 class=\"gb-headline gb-headline-3b6e6398 gb-headline-text\">Cr\u00e9ez des logiciels qui aident vos clients ou des milliers de clients de STEL Order.<\/h2>\n\n\n<div class=\"gb-button-wrapper gb-button-wrapper-b7652c07\">\n\n<a class=\"gb-button gb-button-7c94aea3 gb-button-text\" href=\"#formtester\">\u00danete al programa de desarrolladores<\/a>\n\n<\/div>\n<\/div><\/div><div class=\"gb-container gb-container-ba25d095\"><div class=\"gb-inside-container\">\n\n<h2 class=\"gb-headline gb-headline-831a0e14 gb-headline-text cl-h5\">Une API REST que vous allez adorer<\/h2>\n\n\n\n<p class=\"has-text-align-center\">Nous vous fournissons une API REST robuste avec de nombreuses fonctionnalit\u00e9s pour vous aider \u00e0 connecter STEL Order avec d&rsquo;autres logiciels. Sur la page de documentation, vous pouvez acc\u00e9der aux informations dont vous avez besoin et g\u00e9n\u00e9rer des exemples de code de mani\u00e8re interactive.<\/p>\n\n\n\n<p class=\"has-text-align-center\">Vous pouvez g\u00e9rer autant de <em>cl\u00e9s API<\/em> que n\u00e9cessaire en vous connectant \u00e0 votre compte sous <strong>Configuration&gt; Fonctionnalit\u00e9s&gt; API<\/strong>.<\/p>\n\n\n<div class=\"gb-button-wrapper gb-button-wrapper-111fe7c5\">\n\n<a class=\"gb-button gb-button-2931b9c6 gb-button-text\" href=\"https:\/\/app.stelorder.com\/app\/indexapi.html\" rel=\"nofollow noopener\" target=\"_blank\">Documentation de l&rsquo;API de STEL Order<\/a>\n\n<\/div>\n<\/div><\/div><div class=\"gb-container gb-container-d94f97c0\" id=\"formtester\"><div class=\"gb-inside-container\">\n\n<h3 class=\"gb-headline gb-headline-4990533f gb-headline-text\">Inscr\u00edbete en el programa de desarrolladores de STEL Order<\/h3>\n\n\n\n<div class=\"wpcf7 no-js\" id=\"wpcf7-f11411-o1\" lang=\"fr-FR\" dir=\"ltr\" data-wpcf7-id=\"11411\">\n<div class=\"screen-reader-response\"><p role=\"status\" aria-live=\"polite\" aria-atomic=\"true\"><\/p> <ul><\/ul><\/div>\n<form action=\"\/fr\/wp-json\/wp\/v2\/pages\/11432\/#wpcf7-f11411-o1\" method=\"post\" class=\"wpcf7-form init\" aria-label=\"Formulaire de contact\" novalidate=\"novalidate\" data-status=\"init\">\n<fieldset class=\"hidden-fields-container\"><input type=\"hidden\" name=\"_wpcf7\" value=\"11411\" \/><input type=\"hidden\" name=\"_wpcf7_version\" value=\"6.1.5\" \/><input type=\"hidden\" name=\"_wpcf7_locale\" value=\"fr_FR\" \/><input type=\"hidden\" name=\"_wpcf7_unit_tag\" value=\"wpcf7-f11411-o1\" \/><input type=\"hidden\" name=\"_wpcf7_container_post\" value=\"0\" \/><input type=\"hidden\" name=\"_wpcf7_posted_data_hash\" value=\"\" \/><input type=\"hidden\" name=\"_wpcf7dtx_version\" value=\"5.0.5\" \/>\n<\/fieldset>\n<div class=\"wpcf7-turnstile cf-turnstile\" data-sitekey=\"0x4AAAAAACrqrOw4fzjPUf6L\" data-response-field-name=\"_wpcf7_turnstile_response\"><\/div>\n\n<div class=\"cl-cf7-general\">\n\t<div class=\"cl_cf7_2_col\">\n\t\t<p><label> <span class=\"cl-cf7-label\">Nom<\/span><br \/>\n<span class=\"wpcf7-form-control-wrap\" data-name=\"input-nombre\"><input size=\"40\" maxlength=\"400\" class=\"wpcf7-form-control wpcf7-text wpcf7-validates-as-required contact-form-7-half-1\" id=\"cf7-input-nombre\" aria-required=\"true\" aria-invalid=\"false\" placeholder=\"Nom\" value=\"\" type=\"text\" name=\"input-nombre\" \/><\/span><\/label><br \/>\n<label> <span class=\"cl-cf7-label\">Entreprise<\/span><br \/>\n<span class=\"wpcf7-form-control-wrap\" data-name=\"input-nombreEmpresa\"><input size=\"40\" maxlength=\"400\" class=\"wpcf7-form-control wpcf7-text wpcf7-validates-as-required contact-form-7-input contact-form-7-half-2\" id=\"cf7-input-nombreEmpresa\" aria-required=\"true\" aria-invalid=\"false\" placeholder=\"Entrepise\" value=\"\" type=\"text\" name=\"input-nombreEmpresa\" \/><\/span><\/label>\n\t\t<\/p>\n\t<\/div>\n\t<p><label> <span class=\"cl-cf7-label\">Email<\/span><br \/>\n<span class=\"wpcf7-form-control-wrap\" data-name=\"input-email\"><input size=\"40\" maxlength=\"400\" class=\"wpcf7-form-control wpcf7-email wpcf7-validates-as-required wpcf7-text wpcf7-validates-as-email contact-form-7-input contact-form-7\" id=\"cf7-input-email\" aria-required=\"true\" aria-invalid=\"false\" placeholder=\"Email\" value=\"\" type=\"email\" name=\"input-email\" \/><\/span><\/label>\n\t<\/p>\n\t<p><label> <span class=\"cl-cf7-label\">Email<\/span><br \/>\n<span class=\"wpcf7-form-control-wrap\" data-name=\"input-emailSTELOrder\"><input size=\"40\" maxlength=\"400\" class=\"wpcf7-form-control wpcf7-email wpcf7-validates-as-required wpcf7-text wpcf7-validates-as-email contact-form-7-input contact-form-7\" aria-required=\"true\" aria-invalid=\"false\" placeholder=\"Email de STEL Order\" value=\"\" type=\"email\" name=\"input-emailSTELOrder\" \/><\/span><\/label>\n\t<\/p>\n\t<p><span id=\"wpcf7-69daee3bbd6a7-wrapper\" class=\"wpcf7-form-control-wrap website-url-568-wrap\" style=\"display:none !important; visibility:hidden !important;\"><input type=\"hidden\" name=\"website-url-568-time-start\" value=\"1775955515\"><input type=\"hidden\" name=\"website-url-568-time-check\" value=\"4\"><label for=\"wpcf7-69daee3bbd6a7-field\" class=\"hp-message\">Veuillez laisser ce champ vide.<\/label><input id=\"wpcf7-69daee3bbd6a7-field\"  placeholder=\"Url sitio web\"  class=\"wpcf7-form-control wpcf7-text\" type=\"text\" name=\"website-url-568\" value=\"\" size=\"40\" tabindex=\"-1\" autocomplete=\"new-password\" \/><\/span>\n\t<\/p>\n\t<p><label> <span class=\"cl-cf7-label\">T\u00e9l\u00e9phone<\/span><br \/>\n<span class=\"wpcf7-form-control-wrap\" data-name=\"input-telefono\"><input size=\"40\" maxlength=\"400\" class=\"wpcf7-form-control wpcf7-tel wpcf7-validates-as-required wpcf7-text wpcf7-validates-as-tel contact-form-7-input contact-form-7\" id=\"cf7-input-telefono\" aria-required=\"true\" aria-invalid=\"false\" placeholder=\"Tel\u00e9fono\" value=\"\" type=\"tel\" name=\"input-telefono\" \/><\/span><\/label>\n\t<\/p>\n\t<p><label> <span class=\"cl-cf7-label\">Qu'est-ce qui d\u00e9finit le mieux votre int\u00e9r\u00eat ?<\/span><br \/>\n<span class=\"wpcf7-form-control-wrap\" data-name=\"input-seccion\"><select class=\"wpcf7-form-control wpcf7-select wpcf7-validates-as-required contact-form-7-input\" aria-required=\"true\" aria-invalid=\"false\" name=\"input-seccion\"><option value=\"Qu&#039;est-ce qui d\u00e9finit le mieux votre int\u00e9r\u00eat ?\">Qu&#039;est-ce qui d\u00e9finit le mieux votre int\u00e9r\u00eat ?<\/option><option value=\"D\u00e9velopper un logiciel pour moi ou pour un client commun li\u00e9 au commerce \u00e9lectronique\">D\u00e9velopper un logiciel pour moi ou pour un client commun li\u00e9 au commerce \u00e9lectronique<\/option><option value=\"D\u00e9velopper un logiciel pour moi ou pour un client commun en rapport avec la Business Intelligence\">D\u00e9velopper un logiciel pour moi ou pour un client commun en rapport avec la Business Intelligence<\/option><option value=\"D\u00e9velopper des plugins de qualit\u00e9 qui pourront \u00eatre propos\u00e9s aux clients de STEL Order\">D\u00e9velopper des plugins de qualit\u00e9 qui pourront \u00eatre propos\u00e9s aux clients de STEL Order<\/option><\/select><\/span><\/label>\n\t<\/p>\n\t<p><label> <span class=\"cl-cf7-label\">Dites-nous en plus sur ce que vous voulez d\u00e9velopper<\/span><br \/>\n<span class=\"wpcf7-form-control-wrap\" data-name=\"textarea-mensaje\"><textarea cols=\"40\" rows=\"10\" maxlength=\"2000\" class=\"wpcf7-form-control wpcf7-textarea wpcf7-validates-as-required contact-form-7-textarea\" id=\"cf7-input-mensaje\" aria-required=\"true\" aria-invalid=\"false\" placeholder=\"Racontez-nous ce que vous voulez d\u00e9velopper...\" name=\"textarea-mensaje\"><\/textarea><\/span><\/label>\n\t<\/p>\n\t<p><span class=\"wpcf7-form-control-wrap\" data-name=\"acceptance-159\"><span class=\"wpcf7-form-control wpcf7-acceptance\"><span class=\"wpcf7-list-item\"><label><input type=\"checkbox\" name=\"acceptance-159\" value=\"1\" aria-invalid=\"false\" \/><span class=\"wpcf7-list-item-label\">J'ai lu et j'accepte la <a href=\"\/fr\/conditions-confidentialite-gdpr\/\">politique de confidentialit\u00e9<\/a><\/span><\/label><\/span><\/span><\/span>\n\t<\/p>\n\t<div class=\"cl-bottom-1rem\">\n\t\t<p>[recaptcha]\n\t\t<\/p>\n\t<\/div>\n\t<p><input class=\"wpcf7-form-control wpcf7-submit has-spinner\" type=\"submit\" value=\"Demander une invitation\" \/>\n\t<\/p>\n<\/div><div class=\"wpcf7-response-output\" aria-hidden=\"true\"><\/div>\n<\/form>\n<\/div>\n\n\n<\/div><\/div>\n<hr class=\"wp-block-separator has-text-color has-stel-orange-color has-css-opacity has-stel-orange-background-color has-background is-style-wide\"\/>\n<div class=\"gb-container gb-container-648d6677\" id=\"feedback\"><div class=\"gb-inside-container\">\n\n<h3 class=\"gb-headline gb-headline-c290066c gb-headline-text\">Nous vous invitons \u00e0 nous faire part de vos commentaires<\/h3>\n\n\n\n<div class=\"wpcf7 no-js\" id=\"wpcf7-f11405-o2\" lang=\"fr-FR\" dir=\"ltr\" data-wpcf7-id=\"11405\">\n<div class=\"screen-reader-response\"><p role=\"status\" aria-live=\"polite\" aria-atomic=\"true\"><\/p> <ul><\/ul><\/div>\n<form action=\"\/fr\/wp-json\/wp\/v2\/pages\/11432\/#wpcf7-f11405-o2\" method=\"post\" class=\"wpcf7-form init\" aria-label=\"Formulaire de contact\" novalidate=\"novalidate\" data-status=\"init\">\n<fieldset class=\"hidden-fields-container\"><input type=\"hidden\" name=\"_wpcf7\" value=\"11405\" \/><input type=\"hidden\" name=\"_wpcf7_version\" value=\"6.1.5\" \/><input type=\"hidden\" name=\"_wpcf7_locale\" value=\"fr_FR\" \/><input type=\"hidden\" name=\"_wpcf7_unit_tag\" value=\"wpcf7-f11405-o2\" \/><input type=\"hidden\" name=\"_wpcf7_container_post\" value=\"0\" \/><input type=\"hidden\" name=\"_wpcf7_posted_data_hash\" value=\"\" \/><input type=\"hidden\" name=\"_wpcf7dtx_version\" value=\"5.0.5\" \/>\n<\/fieldset>\n<div class=\"wpcf7-turnstile cf-turnstile\" data-sitekey=\"0x4AAAAAACrqrOw4fzjPUf6L\" data-response-field-name=\"_wpcf7_turnstile_response\"><\/div>\n\n<div class=\"cl-cf7-general\">\n\t<div class=\"cl_cf7_2_col\">\n\t\t<p><label> <span class=\"cl-cf7-label\">Nom<\/span><br \/>\n<span class=\"wpcf7-form-control-wrap\" data-name=\"input-nombre\"><input size=\"40\" maxlength=\"400\" class=\"wpcf7-form-control wpcf7-text wpcf7-validates-as-required contact-form-7-half-1\" aria-required=\"true\" aria-invalid=\"false\" placeholder=\"Nom\" value=\"\" type=\"text\" name=\"input-nombre\" \/><\/span><\/label><br \/>\n<label> <span class=\"cl-cf7-label\">Nom de l'entreprise<\/span><br \/>\n<span class=\"wpcf7-form-control-wrap\" data-name=\"input-nombreempresa\"><input size=\"40\" maxlength=\"400\" class=\"wpcf7-form-control wpcf7-text wpcf7-validates-as-required contact-form-7-half-2\" id=\"cf7-input-nombreempresa\" aria-required=\"true\" aria-invalid=\"false\" placeholder=\"Nom de l&#039;entreprise\" value=\"\" type=\"text\" name=\"input-nombreempresa\" \/><\/span><\/label>\n\t\t<\/p>\n\t<\/div>\n\t<p><label> <span class=\"cl-cf7-label\">Courriel de connexion \u00e0 STEL Order<\/span><br \/>\n<span class=\"wpcf7-form-control-wrap\" data-name=\"input-emailSTELOrder\"><input size=\"40\" maxlength=\"400\" class=\"wpcf7-form-control wpcf7-email wpcf7-validates-as-required wpcf7-text wpcf7-validates-as-email contact-form-7-input contact-form-7\" aria-required=\"true\" aria-invalid=\"false\" placeholder=\"Courriel de connexion \u00e0 STEL Order\" value=\"\" type=\"email\" name=\"input-emailSTELOrder\" \/><\/span><\/label>\n\t<\/p>\n\t<p><span id=\"wpcf7-69daee3bce20e-wrapper\" class=\"wpcf7-form-control-wrap website-url-568-wrap\" style=\"display:none !important; visibility:hidden !important;\"><input type=\"hidden\" name=\"website-url-568-time-start\" value=\"1775955515\"><input type=\"hidden\" name=\"website-url-568-time-check\" value=\"4\"><label for=\"wpcf7-69daee3bce20e-field\" class=\"hp-message\">Veuillez laisser ce champ vide.<\/label><input id=\"wpcf7-69daee3bce20e-field\"  placeholder=\"Url sitio web\"  class=\"wpcf7-form-control wpcf7-text\" type=\"text\" name=\"website-url-568\" value=\"\" size=\"40\" tabindex=\"-1\" autocomplete=\"new-password\" \/><\/span>\n\t<\/p>\n\t<p><label> <span class=\"cl-cf7-label\">Qu'est-ce qui d\u00e9finit le mieux votre activit\u00e9 ?<\/span><br \/>\n<span class=\"wpcf7-form-control-wrap\" data-name=\"input-que\"><select class=\"wpcf7-form-control wpcf7-select wpcf7-validates-as-required contact-form-7-input\" aria-required=\"true\" aria-invalid=\"false\" name=\"input-que\"><option value=\"Qu&#039;est-ce qui d\u00e9finit le mieux votre activit\u00e9?\">Qu&#039;est-ce qui d\u00e9finit le mieux votre activit\u00e9?<\/option><option value=\"SAV et maintenance\">SAV et maintenance<\/option><option value=\"Force de vente et distribution\">Force de vente et distribution<\/option><option value=\"Informatique\">Informatique<\/option><option value=\"Autres secteurs\">Autres secteurs<\/option><\/select><\/span><\/label>\n\t<\/p>\n\t<p><label> <span class=\"cl-cf7-label\">Qu'est-ce qui d\u00e9finit le mieux votre activit\u00e9 ?<\/span><br \/>\n<span class=\"wpcf7-form-control-wrap\" data-name=\"input-dispositivo\"><select class=\"wpcf7-form-control wpcf7-select wpcf7-validates-as-required contact-form-7-input\" aria-required=\"true\" aria-invalid=\"false\" name=\"input-dispositivo\"><option value=\"Comment nous avez-vous rencontr\u00e9 ?\">Comment nous avez-vous rencontr\u00e9 ?<\/option><option value=\"Recherche sur Google\">Recherche sur Google<\/option><option value=\"Recherche sur Google Play\">Recherche sur Google Play<\/option><option value=\"Recherche sur Google AppStore\">Recherche sur Google AppStore<\/option><option value=\"Par le biais d&#039;un partenaire de STEL Order\">Par le biais d&#039;un partenaire de STEL Order<\/option><option value=\"Quelqu&#039;un a recommand\u00e9 STEL Order\">Quelqu&#039;un a recommand\u00e9 STEL Order<\/option><\/select><\/span><\/label>\n\t<\/p>\n\t<p><label> <span class=\"cl-cf7-label\">Comment \u00e9valuez-vous le logiciel ?<\/span><br \/>\n<span class=\"wpcf7-form-control-wrap\" data-name=\"input-val1\"><select class=\"wpcf7-form-control wpcf7-select wpcf7-validates-as-required contact-form-7-input\" aria-required=\"true\" aria-invalid=\"false\" name=\"input-val1\"><option value=\"Comment noteriez-vous le logiciel ?\">Comment noteriez-vous le logiciel ?<\/option><option value=\"1\">1<\/option><option value=\"2\">2<\/option><option value=\"3\">3<\/option><option value=\"4\">4<\/option><option value=\"5\">5<\/option><\/select><\/span><\/label>\n\t<\/p>\n\t<p><label> <span class=\"cl-cf7-label\">Comment \u00e9valuez-vous le service \u00e0 la client\u00e8le ?<\/span><br \/>\n<span class=\"wpcf7-form-control-wrap\" data-name=\"input-val2\"><select class=\"wpcf7-form-control wpcf7-select wpcf7-validates-as-required contact-form-7-input\" aria-required=\"true\" aria-invalid=\"false\" name=\"input-val2\"><option value=\"Comment noteriez-vous notre service client ?\">Comment noteriez-vous notre service client ?<\/option><option value=\"1\">1<\/option><option value=\"2\">2<\/option><option value=\"3\">3<\/option><option value=\"4\">4<\/option><option value=\"5\">5<\/option><\/select><\/span><\/label>\n\t<\/p>\n\t<p><label> <span class=\"cl-cf7-label\">Avez-vous test\u00e9 l'application STEL Order sur Google Play ou Appstore ?<\/span><br \/>\n<span class=\"wpcf7-form-control-wrap\" data-name=\"input-val3\"><select class=\"wpcf7-form-control wpcf7-select wpcf7-validates-as-required contact-form-7-input\" aria-required=\"true\" aria-invalid=\"false\" name=\"input-val3\"><option value=\"Avez-vous laissez votre avis dans l&#039;application STEL Order sur Google Play ou AppStore ?\">Avez-vous laissez votre avis dans l&#039;application STEL Order sur Google Play ou AppStore ?<\/option><option value=\"Oui\">Oui<\/option><option value=\"Non, pas encore\">Non, pas encore<\/option><\/select><\/span><\/label>\n\t<\/p>\n\t<p><label> <span class=\"cl-cf7-label\">Connaissez-vous l'initiative \"Partager et gagner\" ?<\/span><br \/>\n<span class=\"wpcf7-form-control-wrap\" data-name=\"input-comparte\"><select class=\"wpcf7-form-control wpcf7-select wpcf7-validates-as-required contact-form-7-input\" aria-required=\"true\" aria-invalid=\"false\" name=\"input-comparte\"><option value=\"Connaissez-vous le programme partenaire ?\">Connaissez-vous le programme partenaire ?<\/option><option value=\"Non\">Non<\/option><option value=\"Oui, et je l&#039;utilise\">Oui, et je l&#039;utilise<\/option><option value=\"Oui et je ne l&#039;utilise pas\">Oui et je ne l&#039;utilise pas<\/option><\/select><\/span><\/label>\n\t<\/p>\n\t<p><label> <span class=\"cl-cf7-label\">Qu'est-ce qui d\u00e9finit le mieux votre activit\u00e9 ?<\/span><br \/>\n[select* input-embajador class:contact-form-7-input \"Voulez-vous nous aider \u00e0 distribuer la STEL Order ?\" \"No\" \"Oui\/label>\n\n[acceptance acceptance-159] J'ai lu et j'accepte la <a href=\"\/fr\/conditions-confidentialite-gdpr\/\">politique de confidentialit\u00e9<\/a> [\/acceptance]<br \/>\n<input class=\"wpcf7-form-control wpcf7-submit has-spinner\" type=\"submit\" value=\"Envoyer\" \/><br \/>\n<\/label>\n\t<\/p>\n<\/div><div class=\"wpcf7-response-output\" aria-hidden=\"true\"><\/div>\n<\/form>\n<\/div>\n\n\n<\/div><\/div><div class=\"gb-container gb-container-8cf77813 cl-padding-normal\"><div class=\"gb-inside-container\">\n\n<h3 class=\"gb-headline gb-headline-592db702 gb-headline-text\">Aidez-nous \u00e0 am\u00e9liorer STEL Order<\/h3>\n\n\n<div class=\"gb-grid-wrapper gb-grid-wrapper-4c5ae73d\">\n<div class=\"gb-grid-column gb-grid-column-643e5867\"><div class=\"gb-container gb-container-643e5867\"><div class=\"gb-inside-container\">\n\n<p><strong><a href=\"https:\/\/www-stg.stelorder.com\/beta-shop\/\" data-type=\"page\" data-id=\"12947\">Beta STEL Shop<\/a><\/strong><\/p>\n\n<\/div><\/div><\/div>\n\n<div class=\"gb-grid-column gb-grid-column-0c42cd06\"><div class=\"gb-container gb-container-0c42cd06\"><div class=\"gb-inside-container\">\n\n<p class=\"has-text-align-center\"><a href=\"https:\/\/www-stg.stelorder.com\/fr\/suggestions\/\"><strong>Envoyez-nous vos suggestions en utilisant ce formulaire<\/strong><\/a><\/p>\n\n<\/div><\/div><\/div>\n<\/div>\n\n\n<p><\/p>\n\n<\/div><\/div>","protected":false},"excerpt":{"rendered":"<p>Cr\u00e9ez des logiciels qui aident vos clients ou des milliers de clients de STEL Order. Une API REST que vous allez adorer Nous vous fournissons &#8230; <a title=\"D\u00e9veloppeurs\" class=\"read-more\" href=\"https:\/\/www-stg.stelorder.com\/fr\/developpeurs\/\" aria-label=\"Read more about D\u00e9veloppeurs\">Leer<\/a><\/p>\n","protected":false},"author":4,"featured_media":27974,"parent":0,"menu_order":0,"comment_status":"closed","ping_status":"closed","template":"","meta":{"_acf_changed":false,"inline_featured_image":false,"footnotes":""},"class_list":{"0":"post-11432","1":"page","2":"type-page","3":"status-publish","4":"has-post-thumbnail","6":"no-featured-image-padding"},"acf":[],"_links":{"self":[{"href":"https:\/\/www-stg.stelorder.com\/fr\/wp-json\/wp\/v2\/pages\/11432","targetHints":{"allow":["GET"]}}],"collection":[{"href":"https:\/\/www-stg.stelorder.com\/fr\/wp-json\/wp\/v2\/pages"}],"about":[{"href":"https:\/\/www-stg.stelorder.com\/fr\/wp-json\/wp\/v2\/types\/page"}],"author":[{"embeddable":true,"href":"https:\/\/www-stg.stelorder.com\/fr\/wp-json\/wp\/v2\/users\/4"}],"replies":[{"embeddable":true,"href":"https:\/\/www-stg.stelorder.com\/fr\/wp-json\/wp\/v2\/comments?post=11432"}],"version-history":[{"count":0,"href":"https:\/\/www-stg.stelorder.com\/fr\/wp-json\/wp\/v2\/pages\/11432\/revisions"}],"wp:featuredmedia":[{"embeddable":true,"href":"https:\/\/www-stg.stelorder.com\/fr\/wp-json\/wp\/v2\/media\/27974"}],"wp:attachment":[{"href":"https:\/\/www-stg.stelorder.com\/fr\/wp-json\/wp\/v2\/media?parent=11432"}],"curies":[{"name":"wp","href":"https:\/\/api.w.org\/{rel}","templated":true}]}}