{"id":11417,"date":"2022-01-11T11:59:48","date_gmt":"2022-01-11T10:59:48","guid":{"rendered":"https:\/\/www-stg.stelorder.com\/beta-tester-android\/"},"modified":"2022-07-18T10:24:25","modified_gmt":"2022-07-18T08:24:25","slug":"beta-tester","status":"publish","type":"page","link":"https:\/\/www-stg.stelorder.com\/fr\/beta-tester\/","title":{"rendered":"Beta Tester"},"content":{"rendered":"<div class=\"gb-container gb-container-baa1ebb7 cl-padding-hero\"><div class=\"gb-inside-container\">\n<div class=\"gb-grid-wrapper gb-grid-wrapper-20c60cfd\">\n<div class=\"gb-grid-column gb-grid-column-0c6d767b\"><div class=\"gb-container gb-container-0c6d767b\"><div class=\"gb-inside-container\">\n\n<p class=\"gb-headline gb-headline-c9d062d0 gb-headline-text cl-h2\">Profitez des nouvelles fonctionnalit\u00e9s de <mark style=\"background-color:rgba(0, 0, 0, 0)\" class=\"has-inline-color has-stel-orange-color\">STEL Order<\/mark> avant tout le monde.<\/p>\n\n\n\n<p class=\"gb-headline gb-headline-ec82ebd9 gb-headline-text cl-h10\">Et aidez-nous \u00e0 am\u00e9liorer le logiciel que vous utilisez.<\/p>\n\n\n<div class=\"gb-button-wrapper gb-button-wrapper-62553c37\">\n\n<a class=\"gb-button gb-button-318cd016 gb-button-text cl-btn-base\" href=\"#formulario\">Je veux \u00eatre b\u00eata-testeur<\/a>\n\n<\/div>\n<\/div><\/div><\/div>\n\n<div class=\"gb-grid-column gb-grid-column-403d7f1a\"><div class=\"gb-container gb-container-403d7f1a\"><div class=\"gb-inside-container\">\n\n<figure class=\"wp-block-image aligncenter size-full\"><img decoding=\"async\" width=\"695\" height=\"564\" src=\"https:\/\/www-stg.stelorder.com\/wp-content\/uploads\/2022\/06\/ilustracion-beta-tester-cabecera.png\" alt=\"\" class=\"wp-image-20892\" srcset=\"https:\/\/www-stg.stelorder.com\/wp-content\/uploads\/2022\/06\/ilustracion-beta-tester-cabecera.png 695w, https:\/\/www-stg.stelorder.com\/wp-content\/uploads\/2022\/06\/ilustracion-beta-tester-cabecera-300x243.png 300w, https:\/\/www-stg.stelorder.com\/wp-content\/uploads\/2022\/06\/ilustracion-beta-tester-cabecera-150x122.png 150w\" sizes=\"(max-width: 695px) 100vw, 695px\" \/><\/figure>\n\n<\/div><\/div><\/div>\n<\/div>\n<\/div><div class=\"gb-shapes\"><div class=\"gb-shape gb-shape-1\"><svg xmlns=\"http:\/\/www.w3.org\/2000\/svg\" viewBox=\"0 0 1200 137.6\" preserveAspectRatio=\"none\"><path d=\"M0 137.6h1200V21.9l-66.7 26.7c-66.7 26.7-200 80-333.3 66.7S533.3 21.9 400 4.2C266.7-13.9 133.3 31.1 66.7 53L0 75.3v62.3z\"\/><\/svg><\/div><\/div><\/div><div class=\"gb-container gb-container-9e149bbe cl-padding-normal\" id=\"formulario\"><div class=\"gb-inside-container\">\n<div class=\"gb-grid-wrapper gb-grid-wrapper-4393e5f2\">\n<div class=\"gb-grid-column gb-grid-column-3a584e5e\"><div class=\"gb-container gb-container-3a584e5e\"><div class=\"gb-inside-container\">\n\n<figure class=\"wp-block-image aligncenter size-full\"><img decoding=\"async\" width=\"363\" height=\"553\" src=\"https:\/\/www-stg.stelorder.com\/wp-content\/uploads\/2022\/06\/mejor-beta-tester.png\" alt=\"\" class=\"wp-image-20499\" srcset=\"https:\/\/www-stg.stelorder.com\/wp-content\/uploads\/2022\/06\/mejor-beta-tester.png 363w, https:\/\/www-stg.stelorder.com\/wp-content\/uploads\/2022\/06\/mejor-beta-tester-197x300.png 197w, https:\/\/www-stg.stelorder.com\/wp-content\/uploads\/2022\/06\/mejor-beta-tester-150x229.png 150w\" sizes=\"(max-width: 363px) 100vw, 363px\" \/><\/figure>\n\n<\/div><\/div><\/div>\n\n<div class=\"gb-grid-column gb-grid-column-69d5211d\"><div class=\"gb-container gb-container-69d5211d\" id=\"formtester\"><div class=\"gb-inside-container\">\n\n<h3 class=\"gb-headline gb-headline-abe44996 gb-headline-text\">Inscrivez-vous au programme de b\u00eata-testeurs de STEL Order<\/h3>\n\n\n\n<div class=\"wpcf7 no-js\" id=\"wpcf7-f22756-o1\" lang=\"fr-FR\" dir=\"ltr\" data-wpcf7-id=\"22756\">\n<div class=\"screen-reader-response\"><p role=\"status\" aria-live=\"polite\" aria-atomic=\"true\"><\/p> <ul><\/ul><\/div>\n<form action=\"\/fr\/wp-json\/wp\/v2\/pages\/11417\/#wpcf7-f22756-o1\" method=\"post\" class=\"wpcf7-form init\" aria-label=\"Formulaire de contact\" novalidate=\"novalidate\" data-status=\"init\">\n<fieldset class=\"hidden-fields-container\"><input type=\"hidden\" name=\"_wpcf7\" value=\"22756\" \/><input type=\"hidden\" name=\"_wpcf7_version\" value=\"6.1.5\" \/><input type=\"hidden\" name=\"_wpcf7_locale\" value=\"fr_FR\" \/><input type=\"hidden\" name=\"_wpcf7_unit_tag\" value=\"wpcf7-f22756-o1\" \/><input type=\"hidden\" name=\"_wpcf7_container_post\" value=\"0\" \/><input type=\"hidden\" name=\"_wpcf7_posted_data_hash\" value=\"\" \/><input type=\"hidden\" name=\"_wpcf7dtx_version\" value=\"5.0.5\" \/>\n<\/fieldset>\n<div class=\"wpcf7-turnstile cf-turnstile\" data-sitekey=\"0x4AAAAAACrqrOw4fzjPUf6L\" data-response-field-name=\"_wpcf7_turnstile_response\"><\/div>\n\n<div class=\"cl-cf7-general\">\n\t<div class=\"cl_cf7_2_col\">\n\t\t<p><label> <span class=\"cl-cf7-label\">Nom<\/span><br \/>\n<span class=\"wpcf7-form-control-wrap\" data-name=\"input-nombre\"><input size=\"40\" maxlength=\"400\" class=\"wpcf7-form-control wpcf7-text wpcf7-validates-as-required contact-form-7-half-1\" id=\"cf7-input-nombre\" aria-required=\"true\" aria-invalid=\"false\" placeholder=\"Nom\" value=\"\" type=\"text\" name=\"input-nombre\" \/><\/span><\/label><br \/>\n<label> <span class=\"cl-cf7-label\">Entreprise<\/span><br \/>\n<span class=\"wpcf7-form-control-wrap\" data-name=\"input-nombreEmpresa\"><input size=\"40\" maxlength=\"400\" class=\"wpcf7-form-control wpcf7-text wpcf7-validates-as-required contact-form-7-input contact-form-7-half-2\" id=\"cf7-input-nombreEmpresa\" aria-required=\"true\" aria-invalid=\"false\" placeholder=\"Entreprise\" value=\"\" type=\"text\" name=\"input-nombreEmpresa\" \/><\/span><\/label>\n\t\t<\/p>\n\t<\/div>\n\t<p><label> <span class=\"cl-cf7-label\">Email<\/span><br \/>\n<span class=\"wpcf7-form-control-wrap\" data-name=\"input-emailSTELOrder\"><input size=\"40\" maxlength=\"400\" class=\"wpcf7-form-control wpcf7-email wpcf7-validates-as-required wpcf7-text wpcf7-validates-as-email contact-form-7-input contact-form-7\" id=\"cf7-input-email\" aria-required=\"true\" aria-invalid=\"false\" placeholder=\"Email du STEL Order\" value=\"\" type=\"email\" name=\"input-emailSTELOrder\" \/><\/span><\/label>\n\t<\/p>\n\t<p><span id=\"wpcf7-69daf1d1bf3f9-wrapper\" class=\"wpcf7-form-control-wrap website-url-568-wrap\" style=\"display:none !important; visibility:hidden !important;\"><input type=\"hidden\" name=\"website-url-568-time-start\" value=\"1775956433\"><input type=\"hidden\" name=\"website-url-568-time-check\" value=\"4\"><label for=\"wpcf7-69daf1d1bf3f9-field\" class=\"hp-message\">Veuillez laisser ce champ vide.<\/label><input id=\"wpcf7-69daf1d1bf3f9-field\"  placeholder=\"Url sitio web\"  class=\"wpcf7-form-control wpcf7-text\" type=\"text\" name=\"website-url-568\" value=\"\" size=\"40\" tabindex=\"-1\" autocomplete=\"new-password\" \/><\/span>\n\t<\/p>\n\t<p><label> <span class=\"cl-cf7-label\">T\u00e9l\u00e9phone<\/span><br \/>\n<span class=\"wpcf7-form-control-wrap\" data-name=\"input-telefono\"><input size=\"40\" maxlength=\"400\" class=\"wpcf7-form-control wpcf7-tel wpcf7-validates-as-required wpcf7-text wpcf7-validates-as-tel contact-form-7-input contact-form-7\" id=\"cf7-input-telefono\" aria-required=\"true\" aria-invalid=\"false\" placeholder=\"Tel\u00e9phone\" value=\"\" type=\"tel\" name=\"input-telefono\" \/><\/span><\/label>\n\t<\/p>\n\t<p><label> <span class=\"cl-cf7-label\">Choisissez votre plateforme<\/span><br \/>\n<span class=\"wpcf7-form-control-wrap\" data-name=\"input-plataforma\"><select class=\"wpcf7-form-control wpcf7-select wpcf7-validates-as-required contact-form-7-input\" aria-required=\"true\" aria-invalid=\"false\" name=\"input-plataforma\"><option value=\"Choisissez votre plateforme\">Choisissez votre plateforme<\/option><option value=\"Android\">Android<\/option><option value=\"iOS\">iOS<\/option><\/select><\/span><\/label>\n\t<\/p>\n\t<p><label> <span class=\"cl-cf7-label\">Qu'est-ce qui d\u00e9finit le mieux votre activit\u00e9 ?<\/span><br \/>\n<span class=\"wpcf7-form-control-wrap\" data-name=\"input-sector\"><select class=\"wpcf7-form-control wpcf7-select wpcf7-validates-as-required contact-form-7-input\" aria-required=\"true\" aria-invalid=\"false\" name=\"input-sector\"><option value=\"Qu&#039;est-ce qui d\u00e9finit le mieux votre activit\u00e9?\">Qu&#039;est-ce qui d\u00e9finit le mieux votre activit\u00e9?<\/option><option value=\"SAV et maintenance\">SAV et maintenance<\/option><option value=\"Force de vente et distribution\">Force de vente et distribution<\/option><option value=\"Informatique\">Informatique<\/option><option value=\"Autres secteurs\">Autres secteurs<\/option><\/select><\/span><\/label>\n\t<\/p>\n\t<p><label> <span class=\"cl-cf7-label\">Dites-nous en plus...<\/span><br \/>\n<span class=\"wpcf7-form-control-wrap\" data-name=\"textarea-mensaje\"><textarea cols=\"40\" rows=\"10\" maxlength=\"2000\" class=\"wpcf7-form-control wpcf7-textarea wpcf7-validates-as-required contact-form-7-textarea\" id=\"cf7-input-mensaje\" aria-required=\"true\" aria-invalid=\"false\" placeholder=\"Racontez-nous en plus...\" name=\"textarea-mensaje\"><\/textarea><\/span><\/label>\n\t<\/p>\n\t<p><span class=\"wpcf7-form-control-wrap\" data-name=\"acceptance-159\"><span class=\"wpcf7-form-control wpcf7-acceptance\"><span class=\"wpcf7-list-item\"><label><input type=\"checkbox\" name=\"acceptance-159\" value=\"1\" aria-invalid=\"false\" \/><span class=\"wpcf7-list-item-label\">J'ai lu et j'accepte la <a href=\"\/fr\/conditions-confidentialite-gdpr\/\">politique de confidentialit\u00e9<\/a><\/span><\/label><\/span><\/span><\/span>\n\t<\/p>\n\t<div class=\"cl-bottom-1rem\">\n\t\t<p>[recaptcha]\n\t\t<\/p>\n\t<\/div>\n\t<p><input class=\"wpcf7-form-control wpcf7-submit has-spinner\" type=\"submit\" value=\"Demander une invitation\" \/>\n\t<\/p>\n<\/div><div class=\"wpcf7-response-output\" aria-hidden=\"true\"><\/div>\n<\/form>\n<\/div>\n\n\n<\/div><\/div><\/div>\n<\/div>\n<\/div><\/div><div class=\"gb-container gb-container-cd9c25f6 cl-padding-normal\" id=\"descargas\"><div class=\"gb-inside-container\">\n\n<h3 class=\"gb-headline gb-headline-a3c7489c gb-headline-text cl-h3\">Gr\u00e2ce \u00e0 ce processus et \u00e0 votre aide, nous atteignons l&rsquo;excellence que vous m\u00e9ritez.<\/h3>\n\n\n\n<p class=\"gb-headline gb-headline-69568b0e gb-headline-text\">T\u00e9l\u00e9chargements -&gt;<\/p>\n\n\n<div class=\"gb-grid-wrapper gb-grid-wrapper-0cfba6f9 cl-partner\">\n<div class=\"gb-grid-column gb-grid-column-7c40acb9\"><div class=\"gb-container gb-container-7c40acb9\"><div class=\"gb-inside-container\">\n\n<figure class=\"wp-block-image size-full\"><img decoding=\"async\" width=\"69\" height=\"69\" src=\"https:\/\/www-stg.stelorder.com\/wp-content\/uploads\/2022\/06\/Icono-Alpha.png\" alt=\"\" class=\"wp-image-20428\"\/><\/figure>\n\n\n\n<p><\/p>\n\n\n\n<p class=\"has-text-align-left cl-h7\"><strong>Alpha<\/strong><\/p>\n\n\n\n<p class=\"has-text-align-left\">L&rsquo;\u00e9quipe de d\u00e9veloppement a d\u00e9cid\u00e9 qu&rsquo;un ensemble limit\u00e9 d&rsquo;utilisateurs peut utiliser cette version, qui peut \u00eatre instable.<\/p>\n\n\n\n<p>Contact avec nous<br\/><\/p>\n\n<\/div><\/div><\/div>\n\n<div class=\"gb-grid-column gb-grid-column-3c8ed2e2\"><div class=\"gb-container gb-container-3c8ed2e2\"><div class=\"gb-inside-container\">\n\n<figure class=\"wp-block-image size-full\"><img decoding=\"async\" width=\"69\" height=\"69\" src=\"https:\/\/www-stg.stelorder.com\/wp-content\/uploads\/2022\/06\/Icono-Beta.png\" alt=\"\" class=\"wp-image-20423\"\/><\/figure>\n\n\n\n<p class=\"has-text-align-left cl-h7\"><\/p>\n\n\n\n<p class=\"has-text-align-left cl-h7\"><strong>Beta<\/strong><\/p>\n\n\n\n<p class=\"has-text-align-left\">Il s&rsquo;agit d&rsquo;une version stable du logiciel qui inclut les derni\u00e8res am\u00e9liorations et corrections de <em>bogues<\/em>signal\u00e9es par les <em>testeurs<\/em>.<\/p>\n\n\n\n<p><a href=\"https:\/\/install.appcenter.ms\/orgs\/stel-order\/apps\/beta-stel-order\/distribution_groups\/beta%20-%20stel%20order\" rel=\"nofollow noopener\" target=\"_blank\">Beta: Android<\/a><\/p>\n\n<\/div><\/div><\/div>\n\n<div class=\"gb-grid-column gb-grid-column-628c1e61\"><div class=\"gb-container gb-container-628c1e61\"><div class=\"gb-inside-container\">\n\n<figure class=\"wp-block-image size-full\"><img decoding=\"async\" width=\"69\" height=\"69\" src=\"https:\/\/www-stg.stelorder.com\/wp-content\/uploads\/2022\/06\/Icono-RC.png\" alt=\"\" class=\"wp-image-20438\"\/><\/figure>\n\n\n\n<p class=\"has-text-align-left cl-h7\"><\/p>\n\n\n\n<p class=\"has-text-align-left cl-h7\"><strong>Release Candidate<\/strong><\/p>\n\n\n\n<p class=\"has-text-align-left\">Il s&rsquo;agit d&rsquo;une version stable du logiciel qui inclut les derni\u00e8res am\u00e9liorations et corrections de bogues signal\u00e9es par les testeurs. <\/p>\n\n\n\n<p class=\"has-text-align-left\"><a href=\"https:\/\/install.appcenter.ms\/orgs\/stel-order\/apps\/beta-stel-order\/distribution_groups\/beta%20-%20stel%20order\" rel=\"nofollow noopener\" target=\"_blank\">RC: Android<\/a><\/p>\n\n<\/div><\/div><\/div>\n\n<div class=\"gb-grid-column gb-grid-column-8c714f45\"><div class=\"gb-container gb-container-8c714f45\"><div class=\"gb-inside-container\">\n\n<figure class=\"wp-block-image size-full\"><img decoding=\"async\" width=\"69\" height=\"69\" src=\"https:\/\/www-stg.stelorder.com\/wp-content\/uploads\/2022\/06\/Icono-Release.png\" alt=\"\" class=\"wp-image-20433\"\/><\/figure>\n\n\n\n<p class=\"has-text-align-left cl-h7\"><\/p>\n\n\n\n<p class=\"has-text-align-left cl-h7\"><strong>Release<\/strong><\/p>\n\n\n\n<p class=\"has-text-align-left\">Acc\u00e9dez ou t\u00e9l\u00e9chargez la version publique de STEL Order pour profiter des meilleures performances et de la stabilit\u00e9.<\/p>\n\n\n\n<figure class=\"wp-block-image size-full\"><a href=\"https:\/\/play.google.com\/store\/apps\/details?id=com.stel.order&amp;hl=es&amp;gl=US\" rel=\"nofollow noopener\" target=\"_blank\"><img decoding=\"async\" width=\"165\" height=\"48\" src=\"https:\/\/www-stg.stelorder.com\/wp-content\/uploads\/2022\/06\/Icone-Google-Play-FR.png\" alt=\"T&#xE9;l&#xE9;charger STEL Order pour Android\" class=\"wp-image-20610\" srcset=\"https:\/\/www-stg.stelorder.com\/wp-content\/uploads\/2022\/06\/Icone-Google-Play-FR.png 165w, https:\/\/www-stg.stelorder.com\/wp-content\/uploads\/2022\/06\/Icone-Google-Play-FR-150x44.png 150w\" sizes=\"(max-width: 165px) 100vw, 165px\" \/><\/a><\/figure>\n\n\n\n<p><\/p>\n\n\n\n<figure class=\"wp-block-image size-full\"><a href=\"https:\/\/apps.apple.com\/es\/app\/stel-order-facturas-crm-erp\/id1234534324\" rel=\"nofollow noopener\" target=\"_blank\"><img decoding=\"async\" width=\"165\" height=\"48\" src=\"https:\/\/www-stg.stelorder.com\/wp-content\/uploads\/2022\/06\/Icone-App-Store-FR.png\" alt=\"T&#xE9;l&#xE9;charger STEL Order pour iOS\" class=\"wp-image-20615\" srcset=\"https:\/\/www-stg.stelorder.com\/wp-content\/uploads\/2022\/06\/Icone-App-Store-FR.png 165w, https:\/\/www-stg.stelorder.com\/wp-content\/uploads\/2022\/06\/Icone-App-Store-FR-150x44.png 150w\" sizes=\"(max-width: 165px) 100vw, 165px\" \/><\/a><\/figure>\n\n<\/div><\/div><\/div>\n<\/div>\n<\/div><\/div><div class=\"gb-container gb-container-648d6677 cl-padding-normal\" id=\"feedback\"><div class=\"gb-inside-container\">\n\n<h3 class=\"gb-headline gb-headline-c290066c gb-headline-text\">Nous appr\u00e9cions vos commentaires<\/h3>\n\n\n\n<div class=\"wpcf7 no-js\" id=\"wpcf7-f22830-o2\" lang=\"fr-FR\" dir=\"ltr\" data-wpcf7-id=\"22830\">\n<div class=\"screen-reader-response\"><p role=\"status\" aria-live=\"polite\" aria-atomic=\"true\"><\/p> <ul><\/ul><\/div>\n<form action=\"\/fr\/wp-json\/wp\/v2\/pages\/11417\/#wpcf7-f22830-o2\" method=\"post\" class=\"wpcf7-form init\" aria-label=\"Formulaire de contact\" novalidate=\"novalidate\" data-status=\"init\">\n<fieldset class=\"hidden-fields-container\"><input type=\"hidden\" name=\"_wpcf7\" value=\"22830\" \/><input type=\"hidden\" name=\"_wpcf7_version\" value=\"6.1.5\" \/><input type=\"hidden\" name=\"_wpcf7_locale\" value=\"fr_FR\" \/><input type=\"hidden\" name=\"_wpcf7_unit_tag\" value=\"wpcf7-f22830-o2\" \/><input type=\"hidden\" name=\"_wpcf7_container_post\" value=\"0\" \/><input type=\"hidden\" name=\"_wpcf7_posted_data_hash\" value=\"\" \/><input type=\"hidden\" name=\"_wpcf7dtx_version\" value=\"5.0.5\" \/>\n<\/fieldset>\n<div class=\"wpcf7-turnstile cf-turnstile\" data-sitekey=\"0x4AAAAAACrqrOw4fzjPUf6L\" data-response-field-name=\"_wpcf7_turnstile_response\"><\/div>\n\n<div class=\"cl-cf7-general\">\n\t<div class=\"cl_cf7_2_col\">\n\t\t<p><label> <span class=\"cl-cf7-label\">Nom<\/span><br \/>\n<span class=\"wpcf7-form-control-wrap\" data-name=\"input-nombre\"><input size=\"40\" maxlength=\"400\" class=\"wpcf7-form-control wpcf7-text wpcf7-validates-as-required contact-form-7-half-1\" aria-required=\"true\" aria-invalid=\"false\" placeholder=\"Nom\" value=\"\" type=\"text\" name=\"input-nombre\" \/><\/span><\/label><br \/>\n<label> <span class=\"cl-cf7-label\">Email<\/span><br \/>\n<span class=\"wpcf7-form-control-wrap\" data-name=\"input-emailSTELOrder\"><input size=\"40\" maxlength=\"400\" class=\"wpcf7-form-control wpcf7-email wpcf7-validates-as-required wpcf7-text wpcf7-validates-as-email contact-form-7-input contact-form-7\" aria-required=\"true\" aria-invalid=\"false\" placeholder=\"Email\" value=\"\" type=\"email\" name=\"input-emailSTELOrder\" \/><\/span><\/label>\n\t\t<\/p>\n\t<\/div>\n\t<p><span id=\"wpcf7-69daf1d1c3244-wrapper\" class=\"wpcf7-form-control-wrap website-url-568-wrap\" style=\"display:none !important; visibility:hidden !important;\"><input type=\"hidden\" name=\"website-url-568-time-start\" value=\"1775956433\"><input type=\"hidden\" name=\"website-url-568-time-check\" value=\"4\"><label for=\"wpcf7-69daf1d1c3244-field\" class=\"hp-message\">Veuillez laisser ce champ vide.<\/label><input id=\"wpcf7-69daf1d1c3244-field\"  placeholder=\"Url sitio web\"  class=\"wpcf7-form-control wpcf7-text\" type=\"text\" name=\"website-url-568\" value=\"\" size=\"40\" tabindex=\"-1\" autocomplete=\"new-password\" \/><\/span>\n\t<\/p>\n\t<p><label> <span class=\"cl-cf7-label\">De quoi s'agit-il ?<\/span><br \/>\n[select* input-que \"De quoi s'agit-il ?\" \"Quelque chose ne fonctionne pas correctement\" \"Manque de fonctionnalit\u00e9 disponible sur Android\" \"Li\u00e9 au design et \u00e0 l'interface\" \"Autre\".]<\/label>\n\t<\/p>\n\t<p><label> <span class=\"cl-cf7-label\">Choisissez votre plateforme<\/span><br \/>\n<span class=\"wpcf7-form-control-wrap\" data-name=\"input-plataforma\"><select class=\"wpcf7-form-control wpcf7-select wpcf7-validates-as-required contact-form-7-input\" aria-required=\"true\" aria-invalid=\"false\" name=\"input-plataforma\"><option value=\"Choisissez votre plateforme\">Choisissez votre plateforme<\/option><option value=\"Android\">Android<\/option><option value=\"iOS\">iOS<\/option><\/select><\/span><\/label>\n\t<\/p>\n\t<p><label> <span class=\"cl-cf7-label\">Quel est votre version du logiciel ?<\/span><br \/>\n<span class=\"wpcf7-form-control-wrap\" data-name=\"input-version-dispositivo\"><select class=\"wpcf7-form-control wpcf7-select wpcf7-validates-as-required contact-form-7-input\" aria-required=\"true\" aria-invalid=\"false\" name=\"input-version-dispositivo\"><option value=\"Quel est votre version du logiciel ?\">Quel est votre version du logiciel ?<\/option><option value=\"Android 8\">Android 8<\/option><option value=\"Android 9\">Android 9<\/option><option value=\"Android 10\">Android 10<\/option><option value=\"Android 11\">Android 11<\/option><option value=\"Android 12\">Android 12<\/option><option value=\"Android 13\">Android 13<\/option><option value=\"Ice Cream Sandwich: 4.0.3 \u2013 4.0.4\">Ice Cream Sandwich: 4.0.3 \u2013 4.0.4<\/option><option value=\"Jelly Bean: 4.1 \u2013 4.3\">Jelly Bean: 4.1 \u2013 4.3<\/option><option value=\"Kit Kat: 4.4\">Kit Kat: 4.4<\/option><option value=\"Lollipop: 5.0 \u2013 5.1\">Lollipop: 5.0 \u2013 5.1<\/option><option value=\"Marshmallow: 6.0\">Marshmallow: 6.0<\/option><option value=\"Nougat: 7.0\">Nougat: 7.0<\/option><option value=\"Oreo: 8.0\">Oreo: 8.0<\/option><option value=\"Oreo: 8.0\">Oreo: 8.0<\/option><option value=\"Pie: 9.0\">Pie: 9.0<\/option><option value=\"Android Q\">Android Q<\/option><option value=\"Otro\">Otro<\/option><\/select><\/span><\/label>\n\t<\/p>\n\t<p><label> <span class=\"cl-cf7-label\">Dans quelle section cela se produit-il ?<\/span><br \/>\n<span class=\"wpcf7-form-control-wrap\" data-name=\"input-seccion\"><select class=\"wpcf7-form-control wpcf7-select wpcf7-validates-as-required\" aria-required=\"true\" aria-invalid=\"false\" name=\"input-seccion\"><option value=\"Dans quelle section cela se produit-il ?\">Dans quelle section cela se produit-il ?<\/option><option value=\"Catalogue\">Catalogue<\/option><option value=\"Clients\">Clients<\/option><option value=\"Ventes\">Ventes<\/option><option value=\"SAT\">SAT<\/option><option value=\"Facturation\">Facturation<\/option><option value=\"Achats\">Achats<\/option><option value=\"Agenda\">Agenda<\/option><option value=\"Rapports\">Rapports<\/option><option value=\"Autres\">Autres<\/option><\/select><\/span><\/label>\n\t<\/p>\n\t<p><label> <span class=\"cl-cf7-label\">Dites-nous ce qui se passe, sur quel mod\u00e8le de t\u00e9l\u00e9phone mobile et expliquez-nous comment le reproduire...<\/span><br \/>\n<span class=\"wpcf7-form-control-wrap\" data-name=\"textarea-mensaje\"><textarea cols=\"40\" rows=\"10\" maxlength=\"2000\" class=\"wpcf7-form-control wpcf7-textarea wpcf7-validates-as-required\" aria-required=\"true\" aria-invalid=\"false\" placeholder=\"Dites-nous ce qui se passe, sur quel mod\u00e8le de t\u00e9l\u00e9phone mobile et expliquez-nous comment le reproduire...\" name=\"textarea-mensaje\"><\/textarea><\/span><\/label>\n\t<\/p>\n\t<p><span class=\"wpcf7-form-control-wrap\" data-name=\"acceptance-159\"><span class=\"wpcf7-form-control wpcf7-acceptance\"><span class=\"wpcf7-list-item\"><label><input type=\"checkbox\" name=\"acceptance-159\" value=\"1\" aria-invalid=\"false\" \/><span class=\"wpcf7-list-item-label\">J'ai lu et j'accepte la <a href=\"\/fr\/conditions-confidentialite-gdpr\/\">politique de confidentialit\u00e9<\/a><\/span><\/label><\/span><\/span><\/span>\n\t<\/p>\n\t<p><input class=\"wpcf7-form-control wpcf7-submit has-spinner\" type=\"submit\" value=\"Envoyer\" \/>\n\t<\/p>\n<\/div><div class=\"wpcf7-response-output\" aria-hidden=\"true\"><\/div>\n<\/form>\n<\/div>\n\n\n<\/div><\/div>","protected":false},"excerpt":{"rendered":"<p>Gr\u00e2ce \u00e0 ce processus et \u00e0 votre aide, nous atteignons l&rsquo;excellence que vous m\u00e9ritez. T\u00e9l\u00e9chargements -&gt; Nous appr\u00e9cions vos commentaires<\/p>\n","protected":false},"author":4,"featured_media":27974,"parent":0,"menu_order":0,"comment_status":"closed","ping_status":"closed","template":"","meta":{"_acf_changed":false,"inline_featured_image":false,"footnotes":""},"class_list":{"0":"post-11417","1":"page","2":"type-page","3":"status-publish","4":"has-post-thumbnail","6":"no-featured-image-padding"},"acf":[],"_links":{"self":[{"href":"https:\/\/www-stg.stelorder.com\/fr\/wp-json\/wp\/v2\/pages\/11417","targetHints":{"allow":["GET"]}}],"collection":[{"href":"https:\/\/www-stg.stelorder.com\/fr\/wp-json\/wp\/v2\/pages"}],"about":[{"href":"https:\/\/www-stg.stelorder.com\/fr\/wp-json\/wp\/v2\/types\/page"}],"author":[{"embeddable":true,"href":"https:\/\/www-stg.stelorder.com\/fr\/wp-json\/wp\/v2\/users\/4"}],"replies":[{"embeddable":true,"href":"https:\/\/www-stg.stelorder.com\/fr\/wp-json\/wp\/v2\/comments?post=11417"}],"version-history":[{"count":0,"href":"https:\/\/www-stg.stelorder.com\/fr\/wp-json\/wp\/v2\/pages\/11417\/revisions"}],"wp:featuredmedia":[{"embeddable":true,"href":"https:\/\/www-stg.stelorder.com\/fr\/wp-json\/wp\/v2\/media\/27974"}],"wp:attachment":[{"href":"https:\/\/www-stg.stelorder.com\/fr\/wp-json\/wp\/v2\/media?parent=11417"}],"curies":[{"name":"wp","href":"https:\/\/api.w.org\/{rel}","templated":true}]}}