{"id":10974,"date":"2021-10-25T12:33:42","date_gmt":"2021-10-25T10:33:42","guid":{"rendered":"https:\/\/www-stg.stelorder.com\/comptables\/"},"modified":"2022-07-28T17:38:38","modified_gmt":"2022-07-28T15:38:38","slug":"comptables","status":"publish","type":"page","link":"https:\/\/www-stg.stelorder.com\/fr\/comptables\/","title":{"rendered":"Comptables"},"content":{"rendered":"<div class=\"gb-container gb-container-737dfa3a cl-padding-hero\"><div class=\"gb-inside-container\">\n<div class=\"gb-grid-wrapper gb-grid-wrapper-624d7fb2\">\n<div class=\"gb-grid-column gb-grid-column-26ed6387\"><div class=\"gb-container gb-container-26ed6387\"><div class=\"gb-inside-container\">\n\n<h1 class=\"gb-headline gb-headline-bcac8d9b gb-headline-text cl-h8\">STEL Order pour les comptables<\/h1>\n\n\n\n<p class=\"cl-h2 cl-bottom-1rem\">Un bon ERP et un bon consultant sont meilleurs lorsqu&rsquo;ils travaillent ensemble.<\/p>\n\n\n\n<p class=\"cl-h10\">Optimisez votre force de vente en am\u00e9liorant votre gestion commerciale en cr\u00e9ant tous les documents commerciaux o\u00f9 que vous soyez<\/p>\n\n\n<div class=\"gb-button-wrapper gb-button-wrapper-4f8e4392\">\n\n<a class=\"gb-button gb-button-52bcc819 gb-button-text\" href=\"https:\/\/app.stelorder.com\/app#form=registroAsesor\" rel=\"nofollow noopener\" target=\"_blank\"><strong>Cr\u00e9ez votre compte comptable GRATUITEMENT<\/strong><\/a>\n\n<\/div>\n\n\n<p class=\"cl-session-start has-black-color has-text-color\"><strong><a href=\"https:\/\/app.stelorder.com\/app\" target=\"_blank\" rel=\"noreferrer noopener nofollow\">Connectez-vous &#8212;&gt;<\/a><\/strong><\/p>\n\n<\/div><\/div><\/div>\n\n<div class=\"gb-grid-column gb-grid-column-dc124461\"><div class=\"gb-container gb-container-dc124461\"><div class=\"gb-inside-container\">\n\n<figure class=\"wp-block-image aligncenter size-full\"><img decoding=\"async\" width=\"614\" height=\"518\" src=\"https:\/\/www-stg.stelorder.com\/wp-content\/uploads\/2022\/07\/hero-conseiller.png\" alt=\"\" class=\"wp-image-22408\" srcset=\"https:\/\/www-stg.stelorder.com\/wp-content\/uploads\/2022\/07\/hero-conseiller.png 614w, https:\/\/www-stg.stelorder.com\/wp-content\/uploads\/2022\/07\/hero-conseiller-300x253.png 300w, https:\/\/www-stg.stelorder.com\/wp-content\/uploads\/2022\/07\/hero-conseiller-150x127.png 150w\" sizes=\"(max-width: 614px) 100vw, 614px\" \/><\/figure>\n\n<\/div><\/div><\/div>\n<\/div>\n<\/div><div class=\"gb-shapes\"><div class=\"gb-shape gb-shape-1\"><svg xmlns=\"http:\/\/www.w3.org\/2000\/svg\" viewBox=\"0 0 1200 137.6\" preserveAspectRatio=\"none\"><path d=\"M0 137.6h1200V21.9l-66.7 26.7c-66.7 26.7-200 80-333.3 66.7S533.3 21.9 400 4.2C266.7-13.9 133.3 31.1 66.7 53L0 75.3v62.3z\"\/><\/svg><\/div><\/div><\/div><div class=\"gb-container gb-container-12d6c1cf cl-padding-normal\"><div class=\"gb-inside-container\">\n\n<figure class=\"wp-block-image aligncenter size-full cl-logo-asesor-partner\"><img decoding=\"async\" width=\"460\" height=\"98\" src=\"https:\/\/www-stg.stelorder.com\/wp-content\/uploads\/2022\/05\/Logo-Asesor-bn.png\" alt=\"\" class=\"wp-image-20030\" srcset=\"https:\/\/www-stg.stelorder.com\/wp-content\/uploads\/2022\/05\/Logo-Asesor-bn.png 460w, https:\/\/www-stg.stelorder.com\/wp-content\/uploads\/2022\/05\/Logo-Asesor-bn-300x64.png 300w, https:\/\/www-stg.stelorder.com\/wp-content\/uploads\/2022\/05\/Logo-Asesor-bn-150x32.png 150w\" sizes=\"(max-width: 460px) 100vw, 460px\" \/><\/figure>\n\n\n\n<p class=\"has-text-align-center cl-h5 cl-max-45-chars cl-text-align-center\">Recevez jusqu&rsquo;\u00e0 20 % de commission et aidez-nous \u00e0 faciliter le travail et la vie des entrepreneurs, des ind\u00e9pendants et des PME.<\/p>\n\n\n<div class=\"gb-grid-wrapper gb-grid-wrapper-0cfba6f9 cl-partner\">\n<div class=\"gb-grid-column gb-grid-column-7c40acb9\"><div class=\"gb-container gb-container-7c40acb9\"><div class=\"gb-inside-container\">\n\n<figure class=\"wp-block-image size-full\"><img decoding=\"async\" width=\"50\" height=\"50\" src=\"https:\/\/www-stg.stelorder.com\/wp-content\/uploads\/2022\/05\/Stroke-width4.png\" alt=\"\" class=\"wp-image-19567\"\/><\/figure>\n\n\n\n<p><\/p>\n\n\n\n<p class=\"has-text-align-left cl-h7\"><strong>1. Joindre<\/strong><\/p>\n\n\n\n<p class=\"has-text-align-left\">Inscrivez-vous maintenant et vous pourrez commencer \u00e0 partager STEL Order. Vous aurez un compte STEL Order gratuit \u00e0 partir duquel vous pourrez partager STEL Order, conna\u00eetre vos commissions, suivre vos parrainages et donner des d\u00e9monstrations \u00e0 qui vous voulez.<\/p>\n\n<\/div><\/div><\/div>\n\n<div class=\"gb-grid-column gb-grid-column-3c8ed2e2\"><div class=\"gb-container gb-container-3c8ed2e2\"><div class=\"gb-inside-container\">\n\n<figure class=\"wp-block-image size-full\"><img decoding=\"async\" width=\"50\" height=\"50\" src=\"https:\/\/www-stg.stelorder.com\/wp-content\/uploads\/2022\/05\/share-2.png\" alt=\"\" class=\"wp-image-19557\"\/><\/figure>\n\n\n\n<p><\/p>\n\n\n\n<p class=\"has-text-align-left cl-h7\"><strong>2. Partager<\/strong><\/p>\n\n\n\n<p class=\"has-text-align-left\">Vous obtiendrez une URL personnalis\u00e9e avec laquelle vous pourrez partager STEL Order sur les r\u00e9seaux sociaux, par e-mail, sur votre site web ou votre blog en un seul clic. Pour partager, vous devez vous connecter \u00e0 votre compte STELOrder gratuit et visiter la section \u00ab\u00a0Partager et gagner\u00a0\u00bb.<\/p>\n\n<\/div><\/div><\/div>\n\n<div class=\"gb-grid-column gb-grid-column-628c1e61\"><div class=\"gb-container gb-container-628c1e61\"><div class=\"gb-inside-container\">\n\n<figure class=\"wp-block-image size-full\"><img decoding=\"async\" width=\"50\" height=\"50\" src=\"https:\/\/www-stg.stelorder.com\/wp-content\/uploads\/2022\/05\/dollar-sign.png\" alt=\"\" class=\"wp-image-19562\"\/><\/figure>\n\n\n\n<p><\/p>\n\n\n\n<p class=\"has-text-align-left cl-h7\">3<strong>. Gagner<\/strong><\/p>\n\n\n\n<p class=\"has-text-align-left\">Vous recevrez une commission de 15 % sur tout ce que nous facturons \u00e0 vos clients r\u00e9f\u00e9r\u00e9s. Votre commission passe \u00e0 20 % si vous avez plus de 100 parrainages actifs. Vous pourrez suivre vos commissions et leur \u00e9tat de recouvrement.<\/p>\n\n<\/div><\/div><\/div>\n<\/div>\n<\/div><\/div><div class=\"gb-container gb-container-7ca547a2 cl-padding-normal\" id=\"formulario\"><div class=\"gb-inside-container\">\n<div class=\"gb-grid-wrapper gb-grid-wrapper-e88a301e\">\n<div class=\"gb-grid-column gb-grid-column-8edc1d88\"><div class=\"gb-container gb-container-8edc1d88\"><div class=\"gb-inside-container\">\n\n<div class=\"wpcf7 no-js\" id=\"wpcf7-f16784-o1\" lang=\"fr-FR\" dir=\"ltr\" data-wpcf7-id=\"16784\">\n<div class=\"screen-reader-response\"><p role=\"status\" aria-live=\"polite\" aria-atomic=\"true\"><\/p> <ul><\/ul><\/div>\n<form action=\"\/fr\/wp-json\/wp\/v2\/pages\/10974\/#wpcf7-f16784-o1\" method=\"post\" class=\"wpcf7-form init\" aria-label=\"Formulaire de contact\" novalidate=\"novalidate\" data-status=\"init\">\n<fieldset class=\"hidden-fields-container\"><input type=\"hidden\" name=\"_wpcf7\" value=\"16784\" \/><input type=\"hidden\" name=\"_wpcf7_version\" value=\"6.1.5\" \/><input type=\"hidden\" name=\"_wpcf7_locale\" value=\"fr_FR\" \/><input type=\"hidden\" name=\"_wpcf7_unit_tag\" value=\"wpcf7-f16784-o1\" \/><input type=\"hidden\" name=\"_wpcf7_container_post\" value=\"0\" \/><input type=\"hidden\" name=\"_wpcf7_posted_data_hash\" value=\"\" \/><input type=\"hidden\" name=\"_wpcf7dtx_version\" value=\"5.0.5\" \/>\n<\/fieldset>\n<div class=\"wpcf7-turnstile cf-turnstile\" data-sitekey=\"0x4AAAAAACrqrOw4fzjPUf6L\" data-response-field-name=\"_wpcf7_turnstile_response\"><\/div>\n\n<div class=\"cl-cf7-general\">\n\t<p class=\"cl-h3 cl-bottom-1rem\">Tout le support technique dont vous avez besoin avant et apr\u00e8s votre abonnement.\n\t<\/p>\n\t<p class=\"cl-h7 cl-bottom-1rem cl-max-35-chars\"><span class=\"cl-orange\">Les sp\u00e9cialistes de STEL Order sont pr\u00eats \u00e0 vous aider<\/span>\n\t<\/p>\n\t<p><label> <span class=\"cl-cf7-label\">Nom<\/span><br \/>\n<span class=\"wpcf7-form-control-wrap\" data-name=\"nombre-contacto\"><input size=\"40\" maxlength=\"400\" class=\"wpcf7-form-control wpcf7-text wpcf7-validates-as-required\" aria-required=\"true\" aria-invalid=\"false\" placeholder=\"Nom\" value=\"\" type=\"text\" name=\"nombre-contacto\" \/><\/span> <\/label>\n\t<\/p>\n\t<p><span id=\"wpcf7-69dada3903746-wrapper\" class=\"wpcf7-form-control-wrap website-url-567-wrap\" style=\"display:none !important; visibility:hidden !important;\"><input type=\"hidden\" name=\"website-url-567-time-start\" value=\"1775950393\"><input type=\"hidden\" name=\"website-url-567-time-check\" value=\"4\"><label for=\"wpcf7-69dada3903746-field\" class=\"hp-message\">Veuillez laisser ce champ vide.<\/label><input id=\"wpcf7-69dada3903746-field\"  placeholder=\"Url sitio web\"  class=\"wpcf7-form-control wpcf7-text\" type=\"text\" name=\"website-url-567\" value=\"\" size=\"40\" tabindex=\"-1\" autocomplete=\"new-password\" \/><\/span>\n\t<\/p>\n\t<p><label> <span class=\"cl-cf7-label\">T\u00e9l\u00e9phone<\/span><br \/>\n<span class=\"wpcf7-form-control-wrap\" data-name=\"tel-contacto\"><input size=\"40\" maxlength=\"400\" class=\"wpcf7-form-control wpcf7-tel wpcf7-text wpcf7-validates-as-tel\" aria-invalid=\"false\" placeholder=\"T\u00e9l\u00e9phone\" value=\"\" type=\"tel\" name=\"tel-contacto\" \/><\/span> <\/label>\n\t<\/p>\n\t<p><label> <span class=\"cl-cf7-label\">Email<\/span><br \/>\n<span class=\"wpcf7-form-control-wrap\" data-name=\"email-contacto\"><input size=\"40\" maxlength=\"400\" class=\"wpcf7-form-control wpcf7-email wpcf7-validates-as-required wpcf7-text wpcf7-validates-as-email\" aria-required=\"true\" aria-invalid=\"false\" placeholder=\"Email\" value=\"\" type=\"email\" name=\"email-contacto\" \/><\/span> <\/label>\n\t<\/p>\n\t<p><label> <span class=\"cl-cf7-label\">Vous \u00eates un client?<\/span><br \/>\n<span class=\"wpcf7-form-control-wrap\" data-name=\"input-cliente\"><select class=\"wpcf7-form-control wpcf7-select wpcf7-validates-as-required\" aria-required=\"true\" aria-invalid=\"false\" name=\"input-cliente\"><option value=\"Vous \u00eates un client?\">Vous \u00eates un client?<\/option><option value=\"Oui\">Oui<\/option><option value=\"Non\">Non<\/option><\/select><\/span><\/label>\n\t<\/p>\n\t<p><label> <span class=\"cl-cf7-label\">Quelle est la raison de votre demande?<\/span><br \/>\n<span class=\"wpcf7-form-control-wrap\" data-name=\"input-motivo-consulta\"><select class=\"wpcf7-form-control wpcf7-select wpcf7-validates-as-required\" aria-required=\"true\" aria-invalid=\"false\" name=\"input-motivo-consulta\"><option value=\"Quelle est la raison de votre demande?\">Quelle est la raison de votre demande?<\/option><option value=\"Je veux une d\u00e9monstration gratuite\">Je veux une d\u00e9monstration gratuite<\/option><option value=\"J&#039;ai besoin d&#039;aide\">J&#039;ai besoin d&#039;aide<\/option><\/select><\/span><\/label>\n\t<\/p>\n\t<p><span class=\"wpcf7-form-control-wrap\" data-name=\"acceptance-159\"><span class=\"wpcf7-form-control wpcf7-acceptance\"><span class=\"wpcf7-list-item\"><label><input type=\"checkbox\" name=\"acceptance-159\" value=\"1\" aria-invalid=\"false\" \/><span class=\"wpcf7-list-item-label\">J'ai lu et j'accepte la <a href=\"\/fr\/conditions-confidentialite-gdpr\/\">politique de confidentialit\u00e9<\/a><\/span><\/label><\/span><\/span><\/span>\n\t<\/p>\n\t<div class=\"cl-bottom-1rem\">\n\t\t<p>[recaptcha]\n\t\t<\/p>\n\t<\/div>\n\t<p><input class=\"wpcf7-form-control wpcf7-submit has-spinner cl-cf7-send\" type=\"submit\" value=\"Envoyer\" \/>\n\t<\/p>\n<\/div><div class=\"wpcf7-response-output\" aria-hidden=\"true\"><\/div>\n<\/form>\n<\/div>\n\n\n<\/div><\/div><\/div>\n\n<div class=\"gb-grid-column gb-grid-column-98dc94f7\"><div class=\"gb-container gb-container-98dc94f7\"><div class=\"gb-inside-container\">\n\n<figure class=\"wp-block-image aligncenter size-full\"><img decoding=\"async\" width=\"531\" height=\"434\" src=\"https:\/\/www-stg.stelorder.com\/wp-content\/uploads\/2022\/03\/Fotos-france\u0301s.png\" alt=\"\" class=\"wp-image-12741\" srcset=\"https:\/\/www-stg.stelorder.com\/wp-content\/uploads\/2022\/03\/Fotos-france\u0301s.png 531w, https:\/\/www-stg.stelorder.com\/wp-content\/uploads\/2022\/03\/Fotos-france\u0301s-300x245.png 300w, https:\/\/www-stg.stelorder.com\/wp-content\/uploads\/2022\/03\/Fotos-france\u0301s-150x123.png 150w\" sizes=\"(max-width: 531px) 100vw, 531px\" \/><\/figure>\n\n<\/div><\/div><\/div>\n<\/div>\n<\/div><\/div>","protected":false},"excerpt":{"rendered":"<p>Recevez jusqu&rsquo;\u00e0 20 % de commission et aidez-nous \u00e0 faciliter le travail et la vie des entrepreneurs, des ind\u00e9pendants et des PME.<\/p>\n","protected":false},"author":4,"featured_media":27974,"parent":0,"menu_order":0,"comment_status":"closed","ping_status":"closed","template":"","meta":{"_acf_changed":false,"inline_featured_image":false,"footnotes":""},"class_list":{"0":"post-10974","1":"page","2":"type-page","3":"status-publish","4":"has-post-thumbnail","6":"no-featured-image-padding"},"acf":[],"_links":{"self":[{"href":"https:\/\/www-stg.stelorder.com\/fr\/wp-json\/wp\/v2\/pages\/10974","targetHints":{"allow":["GET"]}}],"collection":[{"href":"https:\/\/www-stg.stelorder.com\/fr\/wp-json\/wp\/v2\/pages"}],"about":[{"href":"https:\/\/www-stg.stelorder.com\/fr\/wp-json\/wp\/v2\/types\/page"}],"author":[{"embeddable":true,"href":"https:\/\/www-stg.stelorder.com\/fr\/wp-json\/wp\/v2\/users\/4"}],"replies":[{"embeddable":true,"href":"https:\/\/www-stg.stelorder.com\/fr\/wp-json\/wp\/v2\/comments?post=10974"}],"version-history":[{"count":0,"href":"https:\/\/www-stg.stelorder.com\/fr\/wp-json\/wp\/v2\/pages\/10974\/revisions"}],"wp:featuredmedia":[{"embeddable":true,"href":"https:\/\/www-stg.stelorder.com\/fr\/wp-json\/wp\/v2\/media\/27974"}],"wp:attachment":[{"href":"https:\/\/www-stg.stelorder.com\/fr\/wp-json\/wp\/v2\/media?parent=10974"}],"curies":[{"name":"wp","href":"https:\/\/api.w.org\/{rel}","templated":true}]}}