{"id":10951,"date":"2021-10-25T11:17:46","date_gmt":"2021-10-25T09:17:46","guid":{"rendered":"https:\/\/www-stg.stelorder.com\/soliciter-une-demonstration\/"},"modified":"2023-06-01T12:01:32","modified_gmt":"2023-06-01T10:01:32","slug":"soliciter-une-demonstration","status":"publish","type":"page","link":"https:\/\/www-stg.stelorder.com\/fr\/soliciter-une-demonstration\/","title":{"rendered":"Demander une demo"},"content":{"rendered":"<div class=\"gb-container gb-container-9f3aced5\">\n<div class=\"gb-container gb-container-85117dae\">\n\n<figure class=\"gb-block-image gb-block-image-70bffa49\"><img decoding=\"async\" width=\"453\" height=\"100\" class=\"gb-image gb-image-70bffa49\" src=\"https:\/\/www-stg.stelorder.com\/wp-content\/uploads\/2023\/05\/consultores.png\" alt=\"\" title=\"consultores\" srcset=\"https:\/\/www-stg.stelorder.com\/wp-content\/uploads\/2023\/05\/consultores.png 453w, https:\/\/www-stg.stelorder.com\/wp-content\/uploads\/2023\/05\/consultores-300x66.png 300w\" sizes=\"(max-width: 453px) 100vw, 453px\" \/><\/figure>\n\n\n\n<p class=\"gb-headline gb-headline-1cb385de gb-headline-text\">Nous vous proposons une d\u00e9monstration adapt\u00e9e aux besoins de votre entreprise.<\/p>\n\n<\/div>\n\n<div class=\"gb-container gb-container-037b4a5e\">\n\n<!-- Principio del widget integrado de Calendly -->\n<div class=\"calendly-inline-widget\" data-url=\"https:\/\/calendly.com\/stel-order\/demander-demo?hide_event_type_details=1&#038;hide_gdpr_banner=1&#038;text_color=2e2e2e&#038;primary_color=FD893A\" style=\"min-width:320px;height:700px;\"><\/div>\n\n<script type=\"text\/javascript\" src=\"https:\/\/assets.calendly.com\/assets\/external\/widget.js\" async=\"\"><\/script>\n<!-- Final del widget integrado de Calendly -->\n\n<\/div>\n<\/div>\n\n<div class=\"gb-container gb-container-c7167592\">\n<div class=\"gb-container gb-container-193f35dc\">\n\n<p class=\"gb-headline gb-headline-2e42c381 gb-headline-text\"><strong>D\u00e9monstration personnalis\u00e9e<\/strong><\/p>\n\n\n<div class=\"gb-container gb-container-5d3f5bbb\">\n<div class=\"gb-container gb-container-fa473c3b\">\n\n<p class=\"gb-headline gb-headline-18fc3569\"><span class=\"gb-icon\"><svg xmlns=\"http:\/\/www.w3.org\/2000\/svg\" fill=\"none\" viewBox=\"0 0 35 35\" height=\"35\" width=\"35\"> <rect fill=\"#39B29B\" rx=\"7\" height=\"35\" width=\"35\"><\/rect> <path fill=\"white\" d=\"M28.0536 10.2257C28.8495 10.9916 28.8736 12.2577 28.1077 13.0536L16.0764 25.5536C15.6994 25.9453 15.1791 26.1666 14.6354 26.1666C14.0918 26.1666 13.5715 25.9453 13.1945 25.5536L7.72572 19.8717C6.95973 19.0759 6.98392 17.8098 7.77975 17.0438C8.57558 16.2779 9.84168 16.302 10.6077 17.0979L14.6354 21.2826L25.2257 10.2797C25.9917 9.48386 27.2578 9.45967 28.0536 10.2257Z\" clip-rule=\"evenodd\" fill-rule=\"evenodd\"><\/path> <\/svg><\/span><span class=\"gb-headline-text\">Id\u00e9al pour les ind\u00e9pendants et les entreprises<\/span><\/p>\n\n\n\n<p class=\"gb-headline gb-headline-e7b7f8a5\"><span class=\"gb-icon\"><svg xmlns=\"http:\/\/www.w3.org\/2000\/svg\" fill=\"none\" viewBox=\"0 0 35 35\" height=\"35\" width=\"35\"> <rect fill=\"#39B29B\" rx=\"7\" height=\"35\" width=\"35\"><\/rect> <path fill=\"white\" d=\"M28.0536 10.2257C28.8495 10.9916 28.8736 12.2577 28.1077 13.0536L16.0764 25.5536C15.6994 25.9453 15.1791 26.1666 14.6354 26.1666C14.0918 26.1666 13.5715 25.9453 13.1945 25.5536L7.72572 19.8717C6.95973 19.0759 6.98392 17.8098 7.77975 17.0438C8.57558 16.2779 9.84168 16.302 10.6077 17.0979L14.6354 21.2826L25.2257 10.2797C25.9917 9.48386 27.2578 9.45967 28.0536 10.2257Z\" clip-rule=\"evenodd\" fill-rule=\"evenodd\"><\/path> <\/svg><\/span><span class=\"gb-headline-text\">\u00c9conomise beaucoup de temps de gestion<\/span><\/p>\n\n\n\n<p class=\"gb-headline gb-headline-5c1cb92d\"><span class=\"gb-icon\"><svg xmlns=\"http:\/\/www.w3.org\/2000\/svg\" fill=\"none\" viewBox=\"0 0 35 35\" height=\"35\" width=\"35\"> <rect fill=\"#39B29B\" rx=\"7\" height=\"35\" width=\"35\"><\/rect> <path fill=\"white\" d=\"M28.0536 10.2257C28.8495 10.9916 28.8736 12.2577 28.1077 13.0536L16.0764 25.5536C15.6994 25.9453 15.1791 26.1666 14.6354 26.1666C14.0918 26.1666 13.5715 25.9453 13.1945 25.5536L7.72572 19.8717C6.95973 19.0759 6.98392 17.8098 7.77975 17.0438C8.57558 16.2779 9.84168 16.302 10.6077 17.0979L14.6354 21.2826L25.2257 10.2797C25.9917 9.48386 27.2578 9.45967 28.0536 10.2257Z\" clip-rule=\"evenodd\" fill-rule=\"evenodd\"><\/path> <\/svg><\/span><span class=\"gb-headline-text\">Vendez plus, o\u00f9 que vous soyez<\/span><\/p>\n\n<\/div>\n\n<div class=\"gb-container gb-container-18dc50c0\">\n\n<p class=\"gb-headline gb-headline-7d62277b\"><span class=\"gb-icon\"><svg xmlns=\"http:\/\/www.w3.org\/2000\/svg\" fill=\"none\" viewBox=\"0 0 35 35\" height=\"35\" width=\"35\"> <rect fill=\"#39B29B\" rx=\"7\" height=\"35\" width=\"35\"><\/rect> <path fill=\"white\" d=\"M28.0536 10.2257C28.8495 10.9916 28.8736 12.2577 28.1077 13.0536L16.0764 25.5536C15.6994 25.9453 15.1791 26.1666 14.6354 26.1666C14.0918 26.1666 13.5715 25.9453 13.1945 25.5536L7.72572 19.8717C6.95973 19.0759 6.98392 17.8098 7.77975 17.0438C8.57558 16.2779 9.84168 16.302 10.6077 17.0979L14.6354 21.2826L25.2257 10.2797C25.9917 9.48386 27.2578 9.45967 28.0536 10.2257Z\" clip-rule=\"evenodd\" fill-rule=\"evenodd\"><\/path> <\/svg><\/span><span class=\"gb-headline-text\">D\u00e9marrage imm\u00e9diat<\/span><\/p>\n\n\n\n<p class=\"gb-headline gb-headline-cdc25e82\"><span class=\"gb-icon\"><svg xmlns=\"http:\/\/www.w3.org\/2000\/svg\" fill=\"none\" viewBox=\"0 0 35 35\" height=\"35\" width=\"35\"> <rect fill=\"#39B29B\" rx=\"7\" height=\"35\" width=\"35\"><\/rect> <path fill=\"white\" d=\"M28.0536 10.2257C28.8495 10.9916 28.8736 12.2577 28.1077 13.0536L16.0764 25.5536C15.6994 25.9453 15.1791 26.1666 14.6354 26.1666C14.0918 26.1666 13.5715 25.9453 13.1945 25.5536L7.72572 19.8717C6.95973 19.0759 6.98392 17.8098 7.77975 17.0438C8.57558 16.2779 9.84168 16.302 10.6077 17.0979L14.6354 21.2826L25.2257 10.2797C25.9917 9.48386 27.2578 9.45967 28.0536 10.2257Z\" clip-rule=\"evenodd\" fill-rule=\"evenodd\"><\/path> <\/svg><\/span><span class=\"gb-headline-text\">Donn\u00e9es mises \u00e0 jour en temps r\u00e9el<\/span><\/p>\n\n<\/div>\n\n<div class=\"gb-container gb-container-e719b83a\">\n\n<p class=\"gb-headline gb-headline-db9ee2d8\"><span class=\"gb-icon\"><svg xmlns=\"http:\/\/www.w3.org\/2000\/svg\" fill=\"none\" viewBox=\"0 0 35 35\" height=\"35\" width=\"35\"> <rect fill=\"#39B29B\" rx=\"7\" height=\"35\" width=\"35\"><\/rect> <path fill=\"white\" d=\"M28.0536 10.2257C28.8495 10.9916 28.8736 12.2577 28.1077 13.0536L16.0764 25.5536C15.6994 25.9453 15.1791 26.1666 14.6354 26.1666C14.0918 26.1666 13.5715 25.9453 13.1945 25.5536L7.72572 19.8717C6.95973 19.0759 6.98392 17.8098 7.77975 17.0438C8.57558 16.2779 9.84168 16.302 10.6077 17.0979L14.6354 21.2826L25.2257 10.2797C25.9917 9.48386 27.2578 9.45967 28.0536 10.2257Z\" clip-rule=\"evenodd\" fill-rule=\"evenodd\"><\/path> <\/svg><\/span><span class=\"gb-headline-text\">Un service client personnalis\u00e9<\/span><\/p>\n\n\n\n<p class=\"gb-headline gb-headline-6e418250\"><span class=\"gb-icon\"><svg xmlns=\"http:\/\/www.w3.org\/2000\/svg\" fill=\"none\" viewBox=\"0 0 35 35\" height=\"35\" width=\"35\"> <rect fill=\"#39B29B\" rx=\"7\" height=\"35\" width=\"35\"><\/rect> <path fill=\"white\" d=\"M28.0536 10.2257C28.8495 10.9916 28.8736 12.2577 28.1077 13.0536L16.0764 25.5536C15.6994 25.9453 15.1791 26.1666 14.6354 26.1666C14.0918 26.1666 13.5715 25.9453 13.1945 25.5536L7.72572 19.8717C6.95973 19.0759 6.98392 17.8098 7.77975 17.0438C8.57558 16.2779 9.84168 16.302 10.6077 17.0979L14.6354 21.2826L25.2257 10.2797C25.9917 9.48386 27.2578 9.45967 28.0536 10.2257Z\" clip-rule=\"evenodd\" fill-rule=\"evenodd\"><\/path> <\/svg><\/span><span class=\"gb-headline-text\">Travailler avec ou sans acc\u00e8s \u00e0 l&rsquo;internet<\/span><\/p>\n\n<\/div>\n<\/div>\n<\/div>\n<\/div>\n\n<div class=\"gb-container gb-container-5394c223\">\n<div class=\"gb-container gb-container-55d63c77\">\n\n<figure class=\"gb-block-image gb-block-image-07e16fe7\"><img decoding=\"async\" width=\"177\" height=\"29\" class=\"gb-image gb-image-07e16fe7\" src=\"https:\/\/www-stg.stelorder.com\/wp-content\/uploads\/2023\/01\/Estrellas-475.svg\" alt=\"\" title=\"Estrellas-4,75\"\/><\/figure>\n\n\n\n<h2 class=\"gb-headline gb-headline-a7996d3c gb-headline-text\">Les logiciels de gestion les mieux not\u00e9s en Espagne<\/h2>\n\n\n<div class=\"gb-container gb-container-5b3c439f\">\n<div class=\"gb-container gb-container-55b6487e\">\n\n<p class=\"gb-headline gb-headline-d28d10e5 gb-headline-text\">Nous sommes not\u00e9s <strong class=\"cl-orange\" style=\"font-size:120%\">4.8\/5<\/strong> par nos clients, avec plus de 2000 commentaires r\u00e9els sur<\/p>\n\n\n<div class=\"gb-container gb-container-9c3c8105\">\n\n<figure class=\"gb-block-image gb-block-image-04c81972\"><a href=\"https:\/\/play.google.com\/store\/apps\/details?id=com.stel.order&#038;hl=fr\" target=\"_blank\" rel=\"noopener noreferrer nofollow\"><img decoding=\"async\" class=\"gb-image gb-image-04c81972\" src=\"https:\/\/www-stg.stelorder.com\/wp-content\/uploads\/2023\/12\/disponible-sur-Google-Play.svg\" alt=\"\" title=\"disponible en Google Play-2\"\/><\/a><\/figure>\n\n\n\n<figure class=\"gb-block-image gb-block-image-5dfd914e\"><a href=\"https:\/\/apps.apple.com\/fr\/app\/stel-order-pro-erp-facturas\/id6444916227\" rel=\"nofollow noopener\" target=\"_blank\"><img decoding=\"async\" class=\"gb-image gb-image-5dfd914e\" src=\"https:\/\/www-stg.stelorder.com\/wp-content\/uploads\/2024\/01\/disponible-sur-app-store-fr.svg\" alt=\"\" title=\"consiguelo-app-store-esp-n\"\/><\/a><\/figure>\n\n<\/div>\n<\/div>\n<\/div>\n<\/div>\n<\/div>","protected":false},"excerpt":{"rendered":"<p>Nous vous proposons une d\u00e9monstration adapt\u00e9e aux besoins de votre entreprise. D\u00e9monstration personnalis\u00e9e Id\u00e9al pour les ind\u00e9pendants et les entreprises \u00c9conomise beaucoup de temps de &#8230; <a title=\"Demander une demo\" class=\"read-more\" href=\"https:\/\/www-stg.stelorder.com\/fr\/soliciter-une-demonstration\/\" aria-label=\"Read more about Demander une demo\">Leer<\/a><\/p>\n","protected":false},"author":4,"featured_media":11659,"parent":0,"menu_order":0,"comment_status":"closed","ping_status":"closed","template":"","meta":{"_acf_changed":false,"inline_featured_image":false,"footnotes":""},"class_list":{"0":"post-10951","1":"page","2":"type-page","3":"status-publish","4":"has-post-thumbnail","6":"no-featured-image-padding"},"acf":[],"_links":{"self":[{"href":"https:\/\/www-stg.stelorder.com\/fr\/wp-json\/wp\/v2\/pages\/10951","targetHints":{"allow":["GET"]}}],"collection":[{"href":"https:\/\/www-stg.stelorder.com\/fr\/wp-json\/wp\/v2\/pages"}],"about":[{"href":"https:\/\/www-stg.stelorder.com\/fr\/wp-json\/wp\/v2\/types\/page"}],"author":[{"embeddable":true,"href":"https:\/\/www-stg.stelorder.com\/fr\/wp-json\/wp\/v2\/users\/4"}],"replies":[{"embeddable":true,"href":"https:\/\/www-stg.stelorder.com\/fr\/wp-json\/wp\/v2\/comments?post=10951"}],"version-history":[{"count":0,"href":"https:\/\/www-stg.stelorder.com\/fr\/wp-json\/wp\/v2\/pages\/10951\/revisions"}],"wp:featuredmedia":[{"embeddable":true,"href":"https:\/\/www-stg.stelorder.com\/fr\/wp-json\/wp\/v2\/media\/11659"}],"wp:attachment":[{"href":"https:\/\/www-stg.stelorder.com\/fr\/wp-json\/wp\/v2\/media?parent=10951"}],"curies":[{"name":"wp","href":"https:\/\/api.w.org\/{rel}","templated":true}]}}