{"id":10932,"date":"2021-10-25T10:59:29","date_gmt":"2021-10-25T08:59:29","guid":{"rendered":"https:\/\/www-stg.stelorder.com\/club-ami\/"},"modified":"2026-01-27T17:22:13","modified_gmt":"2026-01-27T16:22:13","slug":"carte-club","status":"publish","type":"page","link":"https:\/\/www-stg.stelorder.com\/fr\/carte-club\/","title":{"rendered":"Carte Club"},"content":{"rendered":"\n<div class=\"gb-element-e42f4f35\">\n<div class=\"gb-element-092b618e\">\n<p class=\"gb-text H3700 gb-text-6ec15c71\">Carte Club <\/p>\n\n\n\n<p class=\"gb-text H1500 gb-text-191fe815\">Gagne des r\u00e9ductions en facilitant la vie de tes amis<\/p>\n\n\n\n<p class=\"gb-text H3500 gb-text-cd98f528\">Recommande STEL Order \u00e0 tes amis et obtiens des r\u00e9ductions.<\/p>\n\n\n<div class=\"gb-container gb-container-6cbcf739\">\n<div class=\"gb-container gb-container-f30eebbe\">\n\n<figure class=\"gb-block-image gb-block-image-80b12271\"><img decoding=\"async\" width=\"80\" height=\"15\" class=\"gb-image gb-image-80b12271\" src=\"https:\/\/www-stg.stelorder.com\/wp-content\/uploads\/2024\/10\/Frame-4.svg\" alt=\"\" title=\"Frame 4\"><\/figure>\n\n\n\n<div class=\"gb-headline gb-headline-ff3ef2d1 gb-headline-text\">4,9\/5 avec plus de 3000 avis authentiques<\/div>\n\n<\/div>\n\n<div class=\"gb-container gb-container-1b5f063c\">\n<div class=\"gb-button-wrapper gb-button-wrapper-62553c37\">\n\n<span class=\"gb-button gb-button-318cd016 gb-button-text cl-href-try\" target=\"_blank\" rel=\"noopener noreferrer\">Essai GRATUIT<\/span>\n\n<\/div>\n<\/div>\n<\/div><\/div>\n\n\n\n<div class=\"gb-element-a23b5d98\">\n<img decoding=\"async\" width=\"1600\" height=\"899\" class=\"gb-media-a8fb24fd\" alt=\"\" src=\"https:\/\/www-stg.stelorder.com\/wp-content\/uploads\/2026\/01\/hero-5.png\" title=\"hero (5)\" srcset=\"https:\/\/www-stg.stelorder.com\/wp-content\/uploads\/2026\/01\/hero-5.png 1600w, https:\/\/www-stg.stelorder.com\/wp-content\/uploads\/2026\/01\/hero-5-300x169.png 300w, https:\/\/www-stg.stelorder.com\/wp-content\/uploads\/2026\/01\/hero-5-1024x575.png 1024w, https:\/\/www-stg.stelorder.com\/wp-content\/uploads\/2026\/01\/hero-5-768x432.png 768w, https:\/\/www-stg.stelorder.com\/wp-content\/uploads\/2026\/01\/hero-5-1536x863.png 1536w\" sizes=\"(max-width: 1600px) 100vw, 1600px\" \/>\n<\/div>\n<\/div>\n\n<div class=\"gb-element-21cb1b7d\">\n<div class=\"gb-element-b5463dd5\">\n<p class=\"gb-text H2600 gb-text-ac6a001d\">Nous avons am\u00e9lior\u00e9 la Carte Club<\/p>\n\n\n\n<p class=\"gb-text Body400 gb-text-dafd523f\">Tu peux d\u00e9sormais obtenir jusqu\u2019\u00e0 100 % de r\u00e9duction sur tes factures.<br>Si tu n\u2019y crois pas, jette un \u0153il \u00e0 cette vid\u00e9o et commence \u00e0 \u00e9conomiser avec STEL Order. <\/p>\n\n\n\n<figure class=\"wp-block-image aligncenter size-full\"><a data-fslightbox=\"\" href=\"https:\/\/www.youtube.com\/watch?v=IqMxHC0Kzis\" rel=\"nofollow noopener\" target=\"_blank\"><img decoding=\"async\" src=\"https:\/\/www-stg.stelorder.com\/wp-content\/uploads\/2026\/01\/portada_usuarios-1-2-scaled.png\"\/><\/a><\/figure>\n<\/div>\n<\/div>\n\n<div class=\"gb-element-aabee10d\">\n<div class=\"gb-element-eb7d9e77\">\n<p class=\"gb-text H2600 gb-text-8c4494a3\">Tu n\u2019auras rien \u00e0 faire.<\/p>\n\n\n\n<p class=\"gb-text H3500 gb-text-5e03986d\">Partage avec nous les coordonn\u00e9es de tes amis int\u00e9ress\u00e9s par STEL Order et nous les contacterons.<\/p>\n<\/div>\n\n\n\n<div class=\"gb-element-5516c681\">\n<img decoding=\"async\" class=\"gb-media-a078f65c\" alt=\"\" src=\"https:\/\/www-stg.stelorder.com\/wp-content\/uploads\/2026\/01\/contaco-1.png\" title=\"image 106\">\n<\/div>\n<\/div>\n\n<div class=\"gb-element-f33b0d40\">\n<div class=\"gb-element-b405be0c\">\n<div class=\"gb-element-6263dedf\">\n<p class=\"gb-text gb-text-7d38f081\">Carte Club STEL Order<\/p>\n\n\n\n<p class=\"gb-text gb-text-616bcad3\">Pour chaque ami qui souscrit \u00e0 STEL Order, tu obtiendras des r\u00e9ductions directes sur tes factures.<br>De plus, si tes employ\u00e9s recommandent \u00e9galement STEL Order, ils gagneront des cartes-cadeaux et toi, tu continueras \u00e0 cumuler encore plus de r\u00e9ductions !<\/p>\n<\/div>\n\n\n\n<div class=\"gb-element-398d7865\">\n<img decoding=\"async\" class=\"gb-media-26753546\" alt=\"\" src=\"https:\/\/www-stg.stelorder.com\/wp-content\/uploads\/2026\/02\/txt-3.png\" title=\"txt\">\n<\/div>\n\n\n\n<div class=\"gb-element-cc1bac89\">\n<div class=\"gb-element-90da87c5\">\n<img decoding=\"async\" width=\"554\" height=\"1\" src=\"https:\/\/www-stg.stelorder.com\/wp-content\/uploads\/2026\/01\/Vector-139.svg\" alt=\"\">\n<\/div>\n\n\n\n<div class=\"gb-element-334cbdc8\">\n<p class=\"gb-text Body700 gb-text-f80ae087\">Si tu es administrateur\u2026<\/p>\n<\/div>\n\n\n\n<div class=\"gb-element-4f0f2ade\">\n<img decoding=\"async\" width=\"554\" height=\"1\" src=\"https:\/\/www-stg.stelorder.com\/wp-content\/uploads\/2026\/01\/Vector-139.svg\" alt=\"\">\n<\/div>\n<\/div>\n\n\n\n<div class=\"gb-element-3d979547\">\n<div class=\"gb-element-b09b5dc3\">\n<p class=\"gb-text H2600 gb-text-5933ee92\">20 % pour toi et 10 % pour ton ami. STEL Order peut te revenir gratuitement ! <\/p>\n\n\n\n<p class=\"gb-text Body400 gb-text-68ea8d39\">Cumule 20 % de la premi\u00e8re facture de chaque ami qui souscrit \u00e0 STEL Order.<\/p>\n<\/div>\n\n\n\n<div class=\"gb-element-5f1d89f9\">\n<img decoding=\"async\" class=\"gb-media-a3a6c3ad\" src=\"https:\/\/www-stg.stelorder.com\/wp-content\/uploads\/2026\/01\/ahorro-1024x777.png\" alt=\"\">\n<\/div>\n<\/div>\n\n\n\n<div class=\"gb-element-54a1177e\">\n<div class=\"gb-element-cc6b6c76\">\n<p class=\"gb-text H3700 gb-text-fb7852fd\">Carte Club <\/p>\n\n\n\n<p class=\"gb-text H2600 gb-text-c6822128\">Et maintenant, tes employ\u00e9s aussi !<\/p>\n\n\n\n<p class=\"gb-text Body400 gb-text-df5972f7\">Si tes employ\u00e9s recommandent STEL Order, ils pourront obtenir des cartes-cadeaux Amazon et toi, tu pourras continuer \u00e0 cumuler davantage de r\u00e9ductions sur tes factures.<\/p>\n<\/div>\n\n\n\n<div class=\"gb-element-81a6c178\">\n<figure class=\"wp-block-image size-large\"><img decoding=\"async\" src=\"https:\/\/www-stg.stelorder.com\/wp-content\/uploads\/2026\/01\/seleccion-2-1024x644.png\" alt=\"\" class=\"wp-image-68677\"\/><\/figure>\n<\/div>\n<\/div>\n\n\n\n<div class=\"gb-element-91e10ccb\">\n<div class=\"gb-element-45d4a36b\">\n<p class=\"gb-text H2600 gb-text-dd744004\">Obtiens jusqu\u2019\u00e0 100 % de r\u00e9duction<\/p>\n\n\n\n<p class=\"gb-text Body400 gb-text-6846d09f\">Consulte ton solde cumul\u00e9 et d\u00e9couvre combien il te manque pour obtenir 100 % de r\u00e9duction sur ta prochaine facture.<\/p>\n<\/div>\n\n\n\n<div class=\"gb-element-50f33e03\">\n<img decoding=\"async\" width=\"1024\" height=\"777\" class=\"gb-media-a79f2647\" src=\"https:\/\/www-stg.stelorder.com\/wp-content\/uploads\/2025\/11\/salgo-1-1024x777.png\" alt=\"\" srcset=\"https:\/\/www-stg.stelorder.com\/wp-content\/uploads\/2025\/11\/salgo-1-1024x777.png 1024w, https:\/\/www-stg.stelorder.com\/wp-content\/uploads\/2025\/11\/salgo-1-300x228.png 300w, https:\/\/www-stg.stelorder.com\/wp-content\/uploads\/2025\/11\/salgo-1-768x583.png 768w, https:\/\/www-stg.stelorder.com\/wp-content\/uploads\/2025\/11\/salgo-1.png 1144w\" sizes=\"(max-width: 1024px) 100vw, 1024px\" \/>\n<\/div>\n<\/div>\n\n\n\n<div class=\"gb-element-0c6ee4dd\">\n<p class=\"gb-text Body700 gb-text-28f7ad01\">Si tu es employ\u00e9\u2026<\/p>\n<\/div>\n\n\n\n<div class=\"gb-element-144f16d8\">\n<figure class=\"wp-block-image size-large\"><img decoding=\"async\" src=\"https:\/\/www-stg.stelorder.com\/wp-content\/uploads\/2026\/02\/txt-2-1.png\" alt=\"\" class=\"wp-image-68690\"\/><\/figure>\n<\/div>\n\n\n\n<div class=\"gb-element-3b6321a2\">\n<div class=\"gb-element-35231b69\">\n<p class=\"gb-text H2600 gb-text-0f1e9966\">Recommander STEL Order a une r\u00e9compense<\/p>\n\n\n\n<p class=\"gb-text Body400 gb-text-359ab6f0\">Si tes amis souscrivent \u00e0 STEL Order pendant un an ou plus, tu obtiendras des cartes-cadeaux d\u2019une valeur allant jusqu\u2019\u00e0 50 \u20ac pour chacun que tu parraines.<\/p>\n<\/div>\n\n\n\n<div class=\"gb-element-067cc687\">\n<img decoding=\"async\" class=\"gb-media-709c08f3\" src=\"https:\/\/www-stg.stelorder.com\/wp-content\/uploads\/2026\/01\/suscripciones-1-1024x662.png\" alt=\"\">\n<\/div>\n<\/div>\n\n\n\n<div class=\"gb-element-5b00feeb\">\n<div class=\"gb-element-03e3a252\">\n<p class=\"gb-text H2600 gb-text-cd47a2e8\">Consulte ton solde cumul\u00e9 en temps r\u00e9el<\/p>\n\n\n\n<p class=\"gb-text Body400 gb-text-1020a326\">Consulte ton solde total \u00e0 tout moment et retire-le quand tu le souhaites sous forme de carte-cadeau.<\/p>\n<\/div>\n\n\n\n<div class=\"gb-element-ff2434b7\">\n<img decoding=\"async\" class=\"gb-media-4bc90cdc\" src=\"https:\/\/www-stg.stelorder.com\/wp-content\/uploads\/2026\/01\/saldo-3-1024x938.png\" alt=\"\">\n<\/div>\n<\/div>\n<\/div>\n<\/div>\n<div class=\"gb-container gb-container-8f68eddb\" id=\"faq\">\n<div class=\"gb-container gb-container-0f0cc7dd\">\n\n<h2 class=\"gb-headline gb-headline-a06345a2 gb-headline-text\">Foire aux questions<\/h2>\n\n\n<div class=\"gb-container gb-container-937b5517 gb-accordion\">\n<div class=\"gb-container gb-container-1197361e gb-accordion__item gb-accordion__item-open\" data-transition=\"slide\">\n\n<button class=\"gb-button gb-button-44443896 gb-accordion__toggle gb-block-is-current\" id=\"gb-accordion-toggle-44443896\"><span class=\"gb-icon\"><svg xmlns=\"http:\/\/www.w3.org\/2000\/svg\" class=\"gb-accordion__icon\" fill=\"none\" viewbox=\"0 0 33 33\" height=\"25\" width=\"24\"> <path fill=\"#FD893A\" d=\"M12 4.80713C12.5523 4.80713 13 5.25484 13 5.80713V11.8071H19C19.5523 11.8071 20 12.2548 20 12.8071C20 13.3594 19.5523 13.8071 19 13.8071H13V19.8071C13 20.3594 12.5523 20.8071 12 20.8071C11.4477 20.8071 11 20.3594 11 19.8071V13.8071H5C4.44772 13.8071 4 13.3594 4 12.8071C4 12.2548 4.44772 11.8071 5 11.8071H11V5.80713C11 5.25484 11.4477 4.80713 12 4.80713Z\" clip-rule=\"evenodd\" fill-rule=\"evenodd\"><\/path>  <\/svg>  <svg xmlns=\"http:\/\/www.w3.org\/2000\/svg\" class=\"gb-accordion__icon-open\" fill=\"none\" viewbox=\"0 0 33 33\" height=\"25\" width=\"24\">  <path fill=\"#FD893A\" d=\"M5.29289 6.10002C5.68342 5.7095 6.31658 5.7095 6.70711 6.10002L12 11.3929L17.2929 6.10002C17.6834 5.7095 18.3166 5.7095 18.7071 6.10002C19.0976 6.49055 19.0976 7.12371 18.7071 7.51424L13.4142 12.8071L18.7071 18.1C19.0976 18.4905 19.0976 19.1237 18.7071 19.5142C18.3166 19.9048 17.6834 19.9048 17.2929 19.5142L12 14.2213L6.70711 19.5142C6.31658 19.9048 5.68342 19.9048 5.29289 19.5142C4.90237 19.1237 4.90237 18.4905 5.29289 18.1L10.5858 12.8071L5.29289 7.51424C4.90237 7.12371 4.90237 6.49055 5.29289 6.10002Z\" clip-rule=\"evenodd\" fill-rule=\"evenodd\"><\/path><\/svg><\/span><span class=\"gb-button-text\">\u00c0 qui s&rsquo;adresse la STEL Order ?<\/span><\/button>\n\n\n<div id=\"gb-accordion-content-2d9cc6f6\" class=\"gb-accordion__content\"><div class=\"gb-container gb-container-2d9cc6f6\">\n\n<p>STEL Order est con\u00e7u pour aider les ind\u00e9pendants et les petites et moyennes entreprises \u00e0 faciliter leur activit\u00e9 et leur vie, en optimisant leurs ressources et en rationalisant leurs processus, dans tous les domaines requis : ventes, achats, achats. et des op\u00e9rations.<\/p>\n\n<\/div><\/div>\n<\/div>\n\n<div class=\"gb-container gb-container-a84c4a2a gb-accordion__item\" data-transition=\"slide\">\n\n<button class=\"gb-button gb-button-d5396aee gb-accordion__toggle\" id=\"gb-accordion-toggle-d5396aee\"><span class=\"gb-icon\"><svg xmlns=\"http:\/\/www.w3.org\/2000\/svg\" class=\"gb-accordion__icon\" fill=\"none\" viewbox=\"0 0 33 33\" height=\"25\" width=\"24\"> <path fill=\"#FD893A\" d=\"M12 4.80713C12.5523 4.80713 13 5.25484 13 5.80713V11.8071H19C19.5523 11.8071 20 12.2548 20 12.8071C20 13.3594 19.5523 13.8071 19 13.8071H13V19.8071C13 20.3594 12.5523 20.8071 12 20.8071C11.4477 20.8071 11 20.3594 11 19.8071V13.8071H5C4.44772 13.8071 4 13.3594 4 12.8071C4 12.2548 4.44772 11.8071 5 11.8071H11V5.80713C11 5.25484 11.4477 4.80713 12 4.80713Z\" clip-rule=\"evenodd\" fill-rule=\"evenodd\"><\/path>  <\/svg>  <svg xmlns=\"http:\/\/www.w3.org\/2000\/svg\" class=\"gb-accordion__icon-open\" fill=\"none\" viewbox=\"0 0 33 33\" height=\"25\" width=\"24\">  <path fill=\"#FD893A\" d=\"M5.29289 6.10002C5.68342 5.7095 6.31658 5.7095 6.70711 6.10002L12 11.3929L17.2929 6.10002C17.6834 5.7095 18.3166 5.7095 18.7071 6.10002C19.0976 6.49055 19.0976 7.12371 18.7071 7.51424L13.4142 12.8071L18.7071 18.1C19.0976 18.4905 19.0976 19.1237 18.7071 19.5142C18.3166 19.9048 17.6834 19.9048 17.2929 19.5142L12 14.2213L6.70711 19.5142C6.31658 19.9048 5.68342 19.9048 5.29289 19.5142C4.90237 19.1237 4.90237 18.4905 5.29289 18.1L10.5858 12.8071L5.29289 7.51424C4.90237 7.12371 4.90237 6.49055 5.29289 6.10002Z\" clip-rule=\"evenodd\" fill-rule=\"evenodd\"><\/path><\/svg><\/span><span class=\"gb-button-text\">Puis-je essayer la STEL Order sans payer ?<\/span><\/button>\n\n\n<div id=\"gb-accordion-content-17ae6cba\" class=\"gb-accordion__content\"><div class=\"gb-container gb-container-17ae6cba\">\n\n<p style=\"padding-right:var(--wp--preset--spacing--20);padding-left:var(--wp--preset--spacing--20)\">STEL Order dispose d&rsquo;une p\u00e9riode d&rsquo;essai prolong\u00e9e de 15 jours afin que vous puissiez tester tout son potentiel et ses modules. De plus, vous pourrez assister \u00e0 des d\u00e9monstrations de l&rsquo;utilisation de STEL Order dans vos activit\u00e9s quotidiennes par votre consultant.<\/p>\n\n<\/div><\/div>\n<\/div>\n\n<div class=\"gb-container gb-container-f1ff2754 gb-accordion__item\" data-transition=\"slide\">\n\n<button class=\"gb-button gb-button-ef3af420 gb-accordion__toggle\" id=\"gb-accordion-toggle-ef3af420\"><span class=\"gb-icon\"><svg xmlns=\"http:\/\/www.w3.org\/2000\/svg\" class=\"gb-accordion__icon\" fill=\"none\" viewbox=\"0 0 33 33\" height=\"25\" width=\"24\"> <path fill=\"#FD893A\" d=\"M12 4.80713C12.5523 4.80713 13 5.25484 13 5.80713V11.8071H19C19.5523 11.8071 20 12.2548 20 12.8071C20 13.3594 19.5523 13.8071 19 13.8071H13V19.8071C13 20.3594 12.5523 20.8071 12 20.8071C11.4477 20.8071 11 20.3594 11 19.8071V13.8071H5C4.44772 13.8071 4 13.3594 4 12.8071C4 12.2548 4.44772 11.8071 5 11.8071H11V5.80713C11 5.25484 11.4477 4.80713 12 4.80713Z\" clip-rule=\"evenodd\" fill-rule=\"evenodd\"><\/path>  <\/svg>  <svg xmlns=\"http:\/\/www.w3.org\/2000\/svg\" class=\"gb-accordion__icon-open\" fill=\"none\" viewbox=\"0 0 33 33\" height=\"25\" width=\"24\">  <path fill=\"#FD893A\" d=\"M5.29289 6.10002C5.68342 5.7095 6.31658 5.7095 6.70711 6.10002L12 11.3929L17.2929 6.10002C17.6834 5.7095 18.3166 5.7095 18.7071 6.10002C19.0976 6.49055 19.0976 7.12371 18.7071 7.51424L13.4142 12.8071L18.7071 18.1C19.0976 18.4905 19.0976 19.1237 18.7071 19.5142C18.3166 19.9048 17.6834 19.9048 17.2929 19.5142L12 14.2213L6.70711 19.5142C6.31658 19.9048 5.68342 19.9048 5.29289 19.5142C4.90237 19.1237 4.90237 18.4905 5.29289 18.1L10.5858 12.8071L5.29289 7.51424C4.90237 7.12371 4.90237 6.49055 5.29289 6.10002Z\" clip-rule=\"evenodd\" fill-rule=\"evenodd\"><\/path><\/svg><\/span><span class=\"gb-button-text\">Puis-je r\u00e9silier mon abonnement \u00e0 tout moment ?<\/span><\/button>\n\n\n<div id=\"gb-accordion-content-149074ec\" class=\"gb-accordion__content\"><div class=\"gb-container gb-container-149074ec\">\n\n<p style=\"padding-right:var(--wp--preset--spacing--20);padding-left:var(--wp--preset--spacing--20)\">Vous pouvez quitter le service \u00e0 tout moment et emporter vos donn\u00e9es avec vous. Si vous avez souscrit un plan annuel, nous respecterons le contrat et vous b\u00e9n\u00e9ficierez de sa validit\u00e9 jusqu&rsquo;\u00e0 son expiration.<\/p>\n\n<\/div><\/div>\n<\/div>\n\n<div class=\"gb-container gb-container-ec281391 gb-accordion__item\" id=\"gb-accordion-content-a014f1fc\" data-transition=\"slide\">\n\n<button class=\"gb-button gb-button-bc43855b gb-accordion__toggle\" id=\"gb-accordion-toggle-bc43855b\"><span class=\"gb-icon\"><svg xmlns=\"http:\/\/www.w3.org\/2000\/svg\" class=\"gb-accordion__icon\" fill=\"none\" viewbox=\"0 0 33 33\" height=\"25\" width=\"24\"> <path fill=\"#FD893A\" d=\"M12 4.80713C12.5523 4.80713 13 5.25484 13 5.80713V11.8071H19C19.5523 11.8071 20 12.2548 20 12.8071C20 13.3594 19.5523 13.8071 19 13.8071H13V19.8071C13 20.3594 12.5523 20.8071 12 20.8071C11.4477 20.8071 11 20.3594 11 19.8071V13.8071H5C4.44772 13.8071 4 13.3594 4 12.8071C4 12.2548 4.44772 11.8071 5 11.8071H11V5.80713C11 5.25484 11.4477 4.80713 12 4.80713Z\" clip-rule=\"evenodd\" fill-rule=\"evenodd\"><\/path>  <\/svg>  <svg xmlns=\"http:\/\/www.w3.org\/2000\/svg\" class=\"gb-accordion__icon-open\" fill=\"none\" viewbox=\"0 0 33 33\" height=\"25\" width=\"24\">  <path fill=\"#FD893A\" d=\"M5.29289 6.10002C5.68342 5.7095 6.31658 5.7095 6.70711 6.10002L12 11.3929L17.2929 6.10002C17.6834 5.7095 18.3166 5.7095 18.7071 6.10002C19.0976 6.49055 19.0976 7.12371 18.7071 7.51424L13.4142 12.8071L18.7071 18.1C19.0976 18.4905 19.0976 19.1237 18.7071 19.5142C18.3166 19.9048 17.6834 19.9048 17.2929 19.5142L12 14.2213L6.70711 19.5142C6.31658 19.9048 5.68342 19.9048 5.29289 19.5142C4.90237 19.1237 4.90237 18.4905 5.29289 18.1L10.5858 12.8071L5.29289 7.51424C4.90237 7.12371 4.90237 6.49055 5.29289 6.10002Z\" clip-rule=\"evenodd\" fill-rule=\"evenodd\"><\/path><\/svg><\/span><span class=\"gb-button-text\">Les informations que je saisis dans STEL Order sont-elles confidentielles ? Mes donn\u00e9es sont-elles s\u00e9curis\u00e9es ?<\/span><\/button>\n\n\n<div id=\"gb-accordion-content-e3349643\" class=\"gb-accordion__content\"><div class=\"gb-container gb-container-e3349643\">\n\n<p>Les informations saisies dans STEL Order sont confidentielles. Nous travaillons dans le respect des normes les plus strictes en mati\u00e8re de protection des donn\u00e9es, en nous conformant \u00e0 la r\u00e9glementation europ\u00e9enne et en enregistrant tous les fichiers aupr\u00e8s de l&rsquo;AEPD (Agence espagnole de protection des donn\u00e9es). En outre, tous nos employ\u00e9s signent un accord de confidentialit\u00e9 afin de garantir que l&rsquo;acc\u00e8s aux donn\u00e9es n&rsquo;est utilis\u00e9 que dans le but de fournir l&rsquo;assistance requise par nos clients.<\/p>\n\n<\/div><\/div>\n<\/div>\n\n<div class=\"gb-container gb-container-fe301101 gb-accordion__item\" id=\"gb-accordion-content-a014f1fc\" data-transition=\"slide\">\n\n<button class=\"gb-button gb-button-8c2a327c gb-accordion__toggle\" id=\"gb-accordion-toggle-8c2a327c\"><span class=\"gb-icon\"><svg xmlns=\"http:\/\/www.w3.org\/2000\/svg\" class=\"gb-accordion__icon\" fill=\"none\" viewbox=\"0 0 33 33\" height=\"25\" width=\"24\"> <path fill=\"#FD893A\" d=\"M12 4.80713C12.5523 4.80713 13 5.25484 13 5.80713V11.8071H19C19.5523 11.8071 20 12.2548 20 12.8071C20 13.3594 19.5523 13.8071 19 13.8071H13V19.8071C13 20.3594 12.5523 20.8071 12 20.8071C11.4477 20.8071 11 20.3594 11 19.8071V13.8071H5C4.44772 13.8071 4 13.3594 4 12.8071C4 12.2548 4.44772 11.8071 5 11.8071H11V5.80713C11 5.25484 11.4477 4.80713 12 4.80713Z\" clip-rule=\"evenodd\" fill-rule=\"evenodd\"><\/path>  <\/svg>  <svg xmlns=\"http:\/\/www.w3.org\/2000\/svg\" class=\"gb-accordion__icon-open\" fill=\"none\" viewbox=\"0 0 33 33\" height=\"25\" width=\"24\">  <path fill=\"#FD893A\" d=\"M5.29289 6.10002C5.68342 5.7095 6.31658 5.7095 6.70711 6.10002L12 11.3929L17.2929 6.10002C17.6834 5.7095 18.3166 5.7095 18.7071 6.10002C19.0976 6.49055 19.0976 7.12371 18.7071 7.51424L13.4142 12.8071L18.7071 18.1C19.0976 18.4905 19.0976 19.1237 18.7071 19.5142C18.3166 19.9048 17.6834 19.9048 17.2929 19.5142L12 14.2213L6.70711 19.5142C6.31658 19.9048 5.68342 19.9048 5.29289 19.5142C4.90237 19.1237 4.90237 18.4905 5.29289 18.1L10.5858 12.8071L5.29289 7.51424C4.90237 7.12371 4.90237 6.49055 5.29289 6.10002Z\" clip-rule=\"evenodd\" fill-rule=\"evenodd\"><\/path><\/svg><\/span><span class=\"gb-button-text\">Puis-je importer mes donn\u00e9es d&rsquo;un autre programme ?<\/span><\/button>\n\n\n<div id=\"gb-accordion-content-3e805ce3\" class=\"gb-accordion__content\"><div class=\"gb-container gb-container-3e805ce3\">\n\n<p>Avec une garantie et une s\u00e9curit\u00e9 totales. Votre commande STEL est pr\u00e9par\u00e9e pour rendre l&rsquo;importation et l&rsquo;exportation de donn\u00e9es aussi simples que possible. Incluant, la compatibilit\u00e9 et l&rsquo;int\u00e9gration d&rsquo;une multitude de programmes. Vous n&rsquo;aurez \u00e0 vous soucier de rien.<\/p>\n\n<\/div><\/div>\n<\/div>\n<\/div>\n<\/div>\n<\/div>","protected":false},"excerpt":{"rendered":"<p>Carte Club Gagne des r\u00e9ductions en facilitant la vie de tes amis Recommande STEL Order \u00e0 tes amis et obtiens des r\u00e9ductions. 4,9\/5 avec plus &#8230; <a title=\"Carte Club\" class=\"read-more\" href=\"https:\/\/www-stg.stelorder.com\/fr\/carte-club\/\" aria-label=\"Read more about Carte Club\">Leer<\/a><\/p>\n","protected":false},"author":20,"featured_media":27974,"parent":0,"menu_order":0,"comment_status":"closed","ping_status":"closed","template":"","meta":{"_acf_changed":false,"inline_featured_image":false,"footnotes":""},"class_list":{"0":"post-10932","1":"page","2":"type-page","3":"status-publish","4":"has-post-thumbnail","6":"no-featured-image-padding"},"acf":[],"_links":{"self":[{"href":"https:\/\/www-stg.stelorder.com\/fr\/wp-json\/wp\/v2\/pages\/10932","targetHints":{"allow":["GET"]}}],"collection":[{"href":"https:\/\/www-stg.stelorder.com\/fr\/wp-json\/wp\/v2\/pages"}],"about":[{"href":"https:\/\/www-stg.stelorder.com\/fr\/wp-json\/wp\/v2\/types\/page"}],"author":[{"embeddable":true,"href":"https:\/\/www-stg.stelorder.com\/fr\/wp-json\/wp\/v2\/users\/20"}],"replies":[{"embeddable":true,"href":"https:\/\/www-stg.stelorder.com\/fr\/wp-json\/wp\/v2\/comments?post=10932"}],"version-history":[{"count":2,"href":"https:\/\/www-stg.stelorder.com\/fr\/wp-json\/wp\/v2\/pages\/10932\/revisions"}],"predecessor-version":[{"id":70476,"href":"https:\/\/www-stg.stelorder.com\/fr\/wp-json\/wp\/v2\/pages\/10932\/revisions\/70476"}],"wp:featuredmedia":[{"embeddable":true,"href":"https:\/\/www-stg.stelorder.com\/fr\/wp-json\/wp\/v2\/media\/27974"}],"wp:attachment":[{"href":"https:\/\/www-stg.stelorder.com\/fr\/wp-json\/wp\/v2\/media?parent=10932"}],"curies":[{"name":"wp","href":"https:\/\/api.w.org\/{rel}","templated":true}]}}