{"id":69802,"date":"2025-12-17T15:11:57","date_gmt":"2025-12-17T14:11:57","guid":{"rendered":"https:\/\/www-stg.stelorder.com\/integraciones\/shopify\/"},"modified":"2025-12-17T15:12:06","modified_gmt":"2025-12-17T14:12:06","slug":"shopify","status":"publish","type":"page","link":"https:\/\/www-stg.stelorder.com\/chile\/integraciones\/shopify\/","title":{"rendered":"shopify"},"content":{"rendered":"\n<div class=\"gb-element-418b3018\">\n<div class=\"gb-element-b1524f8e\">\n<p class=\"gb-text Body500 gb-text-24b4dd8e\">Integraci\u00f3n STEL Order x Shopify<\/p>\n\n\n\n<img decoding=\"async\" width=\"135\" height=\"59\" class=\"gb-media-95143b7b\" alt=\"\" src=\"https:\/\/www-stg.stelorder.com\/wp-content\/uploads\/2025\/10\/Frame-19657.svg\" title=\"Frame 19657\">\n\n\n\n<h2 class=\"gb-text H1500 gb-text-1ffd32bd\">Conecta tu tienda Shopify y gestiona todo desde un solo lugar<\/h2>\n\n\n\n<p class=\"gb-text small400 gb-text-99fbb56e\">Automatiza la gesti\u00f3n de pedidos y de facturaci\u00f3n para dedicar m\u00e1s tiempo a hacer crecer tu negocio.<\/p>\n\n\n\n<div class=\"gb-element-9bf94dbc\">\n<a class=\"gb-button gb-button-8e23ed31 gb-button-text Body500\" href=\"#form\">Solicita acceso<\/a>\n<\/div>\n\n\n\n<img decoding=\"async\" width=\"1591\" height=\"796\" class=\"gb-media-71ca4c42\" alt=\"\" src=\"https:\/\/www-stg.stelorder.com\/wp-content\/uploads\/2025\/10\/Frame-19540.png\" title=\"Frame 19540\" srcset=\"https:\/\/www-stg.stelorder.com\/wp-content\/uploads\/2025\/10\/Frame-19540.png 1591w, https:\/\/www-stg.stelorder.com\/wp-content\/uploads\/2025\/10\/Frame-19540-300x150.png 300w, https:\/\/www-stg.stelorder.com\/wp-content\/uploads\/2025\/10\/Frame-19540-1024x512.png 1024w, https:\/\/www-stg.stelorder.com\/wp-content\/uploads\/2025\/10\/Frame-19540-768x384.png 768w, https:\/\/www-stg.stelorder.com\/wp-content\/uploads\/2025\/10\/Frame-19540-1536x768.png 1536w\" sizes=\"(max-width: 1591px) 100vw, 1591px\" \/>\n<\/div>\n<\/div>\n\n<div class=\"gb-element-9929c30d\">\n<div class=\"gb-element-84bcb2f3\">\n<div class=\"gb-element-eceff60b\">\n<p class=\"H2600 gb-text-7006b922\"><span class=\"gb-shape\">\n\n\n<\/span><span class=\"gb-text\">Automatiza tu facturaci\u00f3n desde Shopify<\/span><\/p>\n\n\n\n<p class=\"gb-text Body400 gb-text-2df4fb37\">Cumple con la normativa sin complicaciones. <\/p>\n<\/div>\n\n\n\n<div class=\"gb-element-9345ea10\">\n<p class=\"H2600 gb-text-5cbec524\"><span class=\"gb-shape\">\n\n\n<\/span><span class=\"gb-text\">Crea y gestiona todos tus documentos comerciales<\/span><\/p>\n\n\n\n<p class=\"gb-text Body400 gb-text-666035cb\">Centraliza toda tu facturaci\u00f3n en un solo lugar f\u00e1cil, r\u00e1pido y siempre accesible.<\/p>\n<\/div>\n<\/div>\n\n\n\n<div class=\"gb-element-40381be6\">\n<img decoding=\"async\" width=\"1070\" height=\"988\" class=\"gb-media-8db59b05\" alt=\"\" src=\"https:\/\/www-stg.stelorder.com\/wp-content\/uploads\/2025\/10\/Group-25.png\" title=\"Group 25\" srcset=\"https:\/\/www-stg.stelorder.com\/wp-content\/uploads\/2025\/10\/Group-25.png 1070w, https:\/\/www-stg.stelorder.com\/wp-content\/uploads\/2025\/10\/Group-25-300x277.png 300w, https:\/\/www-stg.stelorder.com\/wp-content\/uploads\/2025\/10\/Group-25-1024x946.png 1024w, https:\/\/www-stg.stelorder.com\/wp-content\/uploads\/2025\/10\/Group-25-768x709.png 768w\" sizes=\"(max-width: 1070px) 100vw, 1070px\" \/>\n<\/div>\n<\/div>\n\n<div class=\"gb-element-625e8229\">\n<div class=\"gb-element-1edf7d8d\">\n<p class=\"gb-text H2600 gb-text-aed4d13b\">Facturaci\u00f3n profesional<\/p>\n\n\n\n<p class=\"gb-text Body400 gb-text-817d2ef3\">Descubre c\u00f3mo STEL Order simplifica la gesti\u00f3n de tus facturas Shopify.<\/p>\n<\/div>\n\n\n\n<div class=\"gb-element-c3435e04\">\n<div class=\"gb-element-ec771d79\">\n<p class=\"H3500 gb-text-585278e5\"><span class=\"gb-shape\">\n\n\n\n<\/span><span class=\"gb-text\"><strong>Formato estructurado<\/strong><\/span><\/p>\n\n\n\n<p class=\"gb-text gb-text-1ae147e3\">Cumplimiento autom\u00e1tico con la normativa, sin cambios en tu flujo de trabajo.<\/p>\n<\/div>\n\n\n\n<div class=\"gb-element-2fb8be64\">\n<p class=\"H3500 gb-text-952f1dd2\"><span class=\"gb-shape\">\n\n\n\n\n\n\n<\/span><span class=\"gb-text\"><strong>F\u00e1cil de instalar y configurar<\/strong><\/span><\/p>\n\n\n\n<p class=\"gb-text gb-text-e8523bd8\">No necesitas conocimientos t\u00e9cnicos. En pocos clics tu web estar\u00e1 preparada para emitir facturas electr\u00f3nicas. <\/p>\n<\/div>\n\n\n\n<div class=\"gb-element-e276b77c\">\n<p class=\"H3500 gb-text-6af85524\"><span class=\"gb-shape\">\n\n\n\n\n<\/span><span class=\"gb-text\"><strong>Integraci\u00f3n con Shopify<\/strong><\/span><\/p>\n\n\n\n<p class=\"gb-text gb-text-42f20f18\">Int\u00e9gralo f\u00e1cilmente con Shopify y automatiza todo el proceso.<\/p>\n<\/div>\n\n\n\n<div class=\"gb-element-4aead586\">\n<p class=\"H3500 gb-text-e8c38c06\"><span class=\"gb-shape\">\n\n\n\n\n\n<\/span><span class=\"gb-text\"><strong>Exportaci\u00f3n m\u00faltiple<\/strong><\/span><\/p>\n\n\n\n<p class=\"gb-text gb-text-60813283\">Exporta tus facturas en los formatos PDF y XML requeridos por organismos p\u00fablicos y empresas.<\/p>\n<\/div>\n\n\n\n<div class=\"gb-element-1cc68aa1\">\n<p class=\"H3500 gb-text-79dcb034\"><span class=\"gb-shape\">\n\n\n\n\n\n\n\n\n\n<\/span><span class=\"gb-text\"><strong>Automatizaci\u00f3n total<\/strong><\/span><\/p>\n\n\n\n<p class=\"gb-text gb-text-87073e19\">Al enviar una factura a STEL Order, el sistema actualiza en tiempo real pedidos, facturas, clientes y productos.<\/p>\n<\/div>\n\n\n\n<div class=\"gb-element-35e2f53d\">\n<p class=\"H3500 gb-text-e31ce298\"><span class=\"gb-shape\">\n\n\n\n<\/span><span class=\"gb-text\"><strong>Cumplimiento normativo<\/strong><\/span><\/p>\n\n\n\n<p class=\"gb-text\">Gestiona los registros de facturaci\u00f3n seg\u00fan la normativa Verifactu o No Verifactu.<\/p>\n<\/div>\n<\/div>\n<\/div>\n\n<div class=\"gb-element-94fafde7\" id=\"form\">\n<div class=\"gb-element-051332c5\">\n<p class=\"gb-text H2600\">Solicita acceso para participar en el proceso de desarrollo<\/p>\n\n\n\n<p class=\"gb-text Body500 gb-text-69ce17d6\">Rellena el formulario y ay\u00fadanos en el desarrollo de la integraci\u00f3n. Te daremos acceso a las primeras versiones beta. <\/p>\n<\/div>\n\n\n\n<div class=\"gb-element-8ab3a400\">\n<div class=\"wpcf7 no-js\" id=\"wpcf7-f69711-o1\" lang=\"es-CL\" dir=\"ltr\" data-wpcf7-id=\"69711\">\n<div class=\"screen-reader-response\"><p role=\"status\" aria-live=\"polite\" aria-atomic=\"true\"><\/p> <ul><\/ul><\/div>\n<form action=\"\/chile\/wp-json\/wp\/v2\/pages\/69802\/#wpcf7-f69711-o1\" method=\"post\" class=\"wpcf7-form init\" aria-label=\"Contact form\" novalidate=\"novalidate\" data-status=\"init\">\n<fieldset class=\"hidden-fields-container\"><input type=\"hidden\" name=\"_wpcf7\" value=\"69711\" \/><input type=\"hidden\" name=\"_wpcf7_version\" value=\"6.1.5\" \/><input type=\"hidden\" name=\"_wpcf7_locale\" value=\"es_CL\" \/><input type=\"hidden\" name=\"_wpcf7_unit_tag\" value=\"wpcf7-f69711-o1\" \/><input type=\"hidden\" name=\"_wpcf7_container_post\" value=\"0\" \/><input type=\"hidden\" name=\"_wpcf7_posted_data_hash\" value=\"\" \/><input type=\"hidden\" name=\"_wpcf7dtx_version\" value=\"5.0.5\" \/>\n<\/fieldset>\n<div class=\"wpcf7-turnstile cf-turnstile\" data-sitekey=\"0x4AAAAAACrqrOw4fzjPUf6L\" data-response-field-name=\"_wpcf7_turnstile_response\"><\/div>\n\n<div class=\"new-forms\">\n\t<p><label> <span class=\"newform-label\">Nombre<\/span><br \/>\n<span class=\"wpcf7-form-control-wrap\" data-name=\"nombre-contacto\"><input size=\"40\" maxlength=\"400\" class=\"wpcf7-form-control wpcf7-text wpcf7-validates-as-required\" aria-required=\"true\" aria-invalid=\"false\" placeholder=\"Escribe tu Nombre\" value=\"\" type=\"text\" name=\"nombre-contacto\" \/><\/span><\/label>\n\t<\/p>\n\t<p><span id=\"wpcf7-69db03128edef-wrapper\" class=\"wpcf7-form-control-wrap website-url-567-wrap\" style=\"display:none !important; visibility:hidden !important;\"><input type=\"hidden\" name=\"website-url-567-time-start\" value=\"1775960850\"><input type=\"hidden\" name=\"website-url-567-time-check\" value=\"4\"><label for=\"wpcf7-69db03128edef-field\" class=\"hp-message\">Please leave this field empty.<\/label><input id=\"wpcf7-69db03128edef-field\"  placeholder=\"Url sitio web\"  class=\"wpcf7-form-control wpcf7-text\" type=\"text\" name=\"website-url-567\" value=\"\" size=\"40\" tabindex=\"-1\" autocomplete=\"new-password\" \/><\/span>\n\t<\/p>\n\t<p><label> <span class=\"newform-label\">Email de Empresa<\/span><br \/>\n<span class=\"wpcf7-form-control-wrap\" data-name=\"email-contacto\"><input size=\"40\" maxlength=\"400\" class=\"wpcf7-form-control wpcf7-email wpcf7-validates-as-required wpcf7-text wpcf7-validates-as-email\" aria-required=\"true\" aria-invalid=\"false\" placeholder=\"Email de Empresa\" value=\"\" type=\"email\" name=\"email-contacto\" \/><\/span> <\/label>\n\t<\/p>\n\t<p><label> <span class=\"newform-label\">Tel\u00e9fono<\/span><br \/>\n<span class=\"wpcf7-form-control-wrap\" data-name=\"tel-844\"><input size=\"40\" maxlength=\"400\" class=\"wpcf7-form-control wpcf7-tel wpcf7-text wpcf7-validates-as-tel\" aria-invalid=\"false\" value=\"+56\" type=\"tel\" name=\"tel-844\" \/><\/span><\/label>\n\t<\/p>\n\t<p><label><span class=\"newform-label\">\u00bfEres cliente?<\/span><span class=\"wpcf7-form-control-wrap\" data-name=\"cliente\"><select class=\"wpcf7-form-control wpcf7-select\" aria-invalid=\"false\" name=\"cliente\"><option value=\"Si \/ No\">Si \/ No<\/option><option value=\"Si\">Si<\/option><option value=\"No\">No<\/option><\/select><\/span><\/label>\n\t<\/p>\n\t<div class=\"newform-acceptance\">\n\t\t<p><span class=\"wpcf7-form-control-wrap\" data-name=\"acceptance-775\"><span class=\"wpcf7-form-control wpcf7-acceptance\"><span class=\"wpcf7-list-item\"><label><input type=\"checkbox\" name=\"acceptance-775\" value=\"1\" aria-invalid=\"false\" \/><span class=\"wpcf7-list-item-label\">He le\u00eddo y acepto la<a href=\"\/politica-de-privacidad-stel-order\"> pol\u00edtica de privacidad<\/a><\/span><\/label><\/span><\/span><\/span>\n\t\t<\/p>\n\t<\/div>\n\t<p><input class=\"wpcf7-form-control wpcf7-submit has-spinner newform-send\" type=\"submit\" value=\"Enviar\" \/>\n\t<\/p>\n<\/div><div class=\"wpcf7-response-output\" aria-hidden=\"true\"><\/div>\n<\/form>\n<\/div>\n\n<\/div>\n<\/div>\n","protected":false},"excerpt":{"rendered":"<p>Integraci\u00f3n STEL Order x Shopify Conecta tu tienda Shopify y gestiona todo desde un solo lugar Automatiza la gesti\u00f3n de pedidos y de facturaci\u00f3n para &#8230; <a title=\"shopify\" class=\"read-more\" href=\"https:\/\/www-stg.stelorder.com\/chile\/integraciones\/shopify\/\" aria-label=\"Read more about shopify\">Leer<\/a><\/p>\n","protected":false},"author":20,"featured_media":27975,"parent":69771,"menu_order":0,"comment_status":"closed","ping_status":"closed","template":"","meta":{"_acf_changed":false,"inline_featured_image":false,"footnotes":""},"class_list":{"0":"post-69802","1":"page","2":"type-page","3":"status-publish","4":"has-post-thumbnail","6":"no-featured-image-padding"},"acf":[],"_links":{"self":[{"href":"https:\/\/www-stg.stelorder.com\/chile\/wp-json\/wp\/v2\/pages\/69802","targetHints":{"allow":["GET"]}}],"collection":[{"href":"https:\/\/www-stg.stelorder.com\/chile\/wp-json\/wp\/v2\/pages"}],"about":[{"href":"https:\/\/www-stg.stelorder.com\/chile\/wp-json\/wp\/v2\/types\/page"}],"author":[{"embeddable":true,"href":"https:\/\/www-stg.stelorder.com\/chile\/wp-json\/wp\/v2\/users\/20"}],"replies":[{"embeddable":true,"href":"https:\/\/www-stg.stelorder.com\/chile\/wp-json\/wp\/v2\/comments?post=69802"}],"version-history":[{"count":2,"href":"https:\/\/www-stg.stelorder.com\/chile\/wp-json\/wp\/v2\/pages\/69802\/revisions"}],"predecessor-version":[{"id":69804,"href":"https:\/\/www-stg.stelorder.com\/chile\/wp-json\/wp\/v2\/pages\/69802\/revisions\/69804"}],"up":[{"embeddable":true,"href":"https:\/\/www-stg.stelorder.com\/chile\/wp-json\/wp\/v2\/pages\/69771"}],"wp:featuredmedia":[{"embeddable":true,"href":"https:\/\/www-stg.stelorder.com\/chile\/wp-json\/wp\/v2\/media\/27975"}],"wp:attachment":[{"href":"https:\/\/www-stg.stelorder.com\/chile\/wp-json\/wp\/v2\/media?parent=69802"}],"curies":[{"name":"wp","href":"https:\/\/api.w.org\/{rel}","templated":true}]}}