{"id":36466,"date":"2023-11-30T12:12:23","date_gmt":"2023-11-30T11:12:23","guid":{"rendered":"https:\/\/www-stg.stelorder.com\/acceso-asesor\/"},"modified":"2023-12-18T16:57:08","modified_gmt":"2023-12-18T15:57:08","slug":"acceso-asesor","status":"publish","type":"page","link":"https:\/\/www-stg.stelorder.com\/chile\/acceso-asesor\/","title":{"rendered":"Acceso Contador"},"content":{"rendered":"<div class=\"gb-container gb-container-8ef4d746\">\n<div class=\"gb-container gb-container-58d83ced\">\n<div class=\"gb-container gb-container-ff55e9b5\">\n\n<h1 class=\"gb-headline gb-headline-4393bd96 gb-headline-text cl-h2\">Acceso Contador<\/h1>\n\n\n\n<p class=\"gb-headline gb-headline-99f26056 gb-headline-text cl-h10\">Trabaja de forma totalmente simult\u00e1nea con tu contador en STEL Order, sin costes extra para ti ni para tu contador.<\/p>\n\n\n\n<p class=\"gb-headline gb-headline-3d5403f4 gb-headline-text\"><a href=\"https:\/\/www-stg.stelorder.com\/chile\/solicitar-demostracion\/\" data-type=\"page\" data-id=\"175\">Solicita una demostraci\u00f3n personalizada gratuita -&gt;<\/a><\/p>\n\n\n<div class=\"gb-button-wrapper gb-button-wrapper-62553c37\">\n\n<span class=\"gb-button gb-button-318cd016 gb-button-text cl-btn-try cl-btn-try-green\" target=\"_blank\" rel=\"noopener noreferrer\">Pru\u00e9balo GRATIS<\/span>\n\n<\/div>\n\n\n<p><br\/><\/p>\n\n<\/div>\n\n<div class=\"gb-container gb-container-41fd5e3b\">\n\n<figure class=\"gb-block-image gb-block-image-edd1c18b\"><img decoding=\"async\" class=\"gb-image gb-image-edd1c18b\" src=\"https:\/\/www-stg.stelorder.com\/wp-content\/uploads\/2023\/12\/hero-ilustration-6.png\" alt=\"\" title=\"acceso asesor ilustracion\"><\/figure>\n\n<\/div>\n<\/div>\n\n<div class=\"gb-container gb-container-a197d714\">\n<div class=\"gb-container gb-container-34bb824b\">\n<div class=\"gb-container gb-container-b6f95a23\">\n\n<p class=\"gb-headline gb-headline-d4b33e0f cl-h6\"><span class=\"gb-icon\"><svg xmlns=\"http:\/\/www.w3.org\/2000\/svg\" fill=\"none\" viewbox=\"0 0 26 25\" height=\"25\" width=\"26\"> <path fill=\"#39B29B\" d=\"M20.5384 7.30409C21.1068 7.85122 21.1241 8.75558 20.577 9.32403L11.9832 18.2526C11.7139 18.5324 11.3423 18.6905 10.954 18.6905C10.5656 18.6905 10.194 18.5324 9.9247 18.2526L6.01845 14.1942C5.47132 13.6257 5.4886 12.7214 6.05704 12.1742C6.62549 11.6271 7.52985 11.6444 8.07698 12.2128L10.954 15.2019L18.5184 7.34269C19.0656 6.77424 19.9699 6.75696 20.5384 7.30409Z\" clip-rule=\"evenodd\" fill-rule=\"evenodd\"><\/path> <\/svg><\/span><span class=\"gb-headline-text\">Invita a tu contador<\/span><\/p>\n\n\n\n<p class=\"gb-headline gb-headline-998a8617 gb-headline-text\">Invita a tu contador a STEL Order con un solo clic, para que acceda a la informaci\u00f3n que elijas y trabaj\u00e9is de forma m\u00e1s eficiente.<\/p>\n\n<\/div>\n\n<div class=\"gb-container gb-container-0869e7bc\">\n\n<p class=\"gb-headline gb-headline-e3860730 cl-h6\"><span class=\"gb-icon\"><svg xmlns=\"http:\/\/www.w3.org\/2000\/svg\" fill=\"none\" viewbox=\"0 0 26 25\" height=\"25\" width=\"26\"> <path fill=\"#39B29B\" d=\"M20.5384 7.30409C21.1068 7.85122 21.1241 8.75558 20.577 9.32403L11.9832 18.2526C11.7139 18.5324 11.3423 18.6905 10.954 18.6905C10.5656 18.6905 10.194 18.5324 9.9247 18.2526L6.01845 14.1942C5.47132 13.6257 5.4886 12.7214 6.05704 12.1742C6.62549 11.6271 7.52985 11.6444 8.07698 12.2128L10.954 15.2019L18.5184 7.34269C19.0656 6.77424 19.9699 6.75696 20.5384 7.30409Z\" clip-rule=\"evenodd\" fill-rule=\"evenodd\"><\/path> <\/svg><\/span><span class=\"gb-headline-text\">Comunicaci\u00f3n eficaz y r\u00e1pida<\/span><\/p>\n\n\n\n<p class=\"gb-headline gb-headline-ce8f1c99 gb-headline-text\">Colaboraci\u00f3n en tiempo real con tu contador, permitiendo un intercambio de informaci\u00f3n eficaz y evitando descuidos y errores.<\/p>\n\n<\/div>\n\n<div class=\"gb-container gb-container-3efdcdc3\">\n\n<p class=\"gb-headline gb-headline-b04a8a0b cl-h6\"><span class=\"gb-icon\"><svg xmlns=\"http:\/\/www.w3.org\/2000\/svg\" fill=\"none\" viewbox=\"0 0 26 25\" height=\"25\" width=\"26\"> <path fill=\"#39B29B\" d=\"M20.5384 7.30409C21.1068 7.85122 21.1241 8.75558 20.577 9.32403L11.9832 18.2526C11.7139 18.5324 11.3423 18.6905 10.954 18.6905C10.5656 18.6905 10.194 18.5324 9.9247 18.2526L6.01845 14.1942C5.47132 13.6257 5.4886 12.7214 6.05704 12.1742C6.62549 11.6271 7.52985 11.6444 8.07698 12.2128L10.954 15.2019L18.5184 7.34269C19.0656 6.77424 19.9699 6.75696 20.5384 7.30409Z\" clip-rule=\"evenodd\" fill-rule=\"evenodd\"><\/path> <\/svg><\/span><span class=\"gb-headline-text\">Gesti\u00f3n de permisos<\/span><\/p>\n\n\n\n<p class=\"gb-headline gb-headline-69b37540 gb-headline-text\">Supervisa y regula los accesos del rol de contador en tu STEL Order, otorgando \u00fanicamente los permisos que desees.<\/p>\n\n<\/div>\n\n<div class=\"gb-container gb-container-ecdbcd32\">\n\n<p class=\"gb-headline gb-headline-b92846c9 cl-h6\"><span class=\"gb-icon\"><svg xmlns=\"http:\/\/www.w3.org\/2000\/svg\" fill=\"none\" viewbox=\"0 0 26 25\" height=\"25\" width=\"26\"> <path fill=\"#39B29B\" d=\"M20.5384 7.30409C21.1068 7.85122 21.1241 8.75558 20.577 9.32403L11.9832 18.2526C11.7139 18.5324 11.3423 18.6905 10.954 18.6905C10.5656 18.6905 10.194 18.5324 9.9247 18.2526L6.01845 14.1942C5.47132 13.6257 5.4886 12.7214 6.05704 12.1742C6.62549 11.6271 7.52985 11.6444 8.07698 12.2128L10.954 15.2019L18.5184 7.34269C19.0656 6.77424 19.9699 6.75696 20.5384 7.30409Z\" clip-rule=\"evenodd\" fill-rule=\"evenodd\"><\/path> <\/svg><\/span><span class=\"gb-headline-text\">Descarga documentos<\/span><\/p>\n\n\n\n<p class=\"gb-headline gb-headline-a66fbfed gb-headline-text\">Da acceso a tu contador a descargar aquello que necesite para realizar tu contabilidad. Puedes elegir a qu\u00e9 darle acceso y a qu\u00e9 no.<\/p>\n\n<\/div>\n\n<div class=\"gb-container gb-container-d429d7f7\">\n\n<p class=\"gb-headline gb-headline-8895387f cl-h6\"><span class=\"gb-icon\"><svg xmlns=\"http:\/\/www.w3.org\/2000\/svg\" fill=\"none\" viewbox=\"0 0 26 25\" height=\"25\" width=\"26\"> <path fill=\"#39B29B\" d=\"M20.5384 7.30409C21.1068 7.85122 21.1241 8.75558 20.577 9.32403L11.9832 18.2526C11.7139 18.5324 11.3423 18.6905 10.954 18.6905C10.5656 18.6905 10.194 18.5324 9.9247 18.2526L6.01845 14.1942C5.47132 13.6257 5.4886 12.7214 6.05704 12.1742C6.62549 11.6271 7.52985 11.6444 8.07698 12.2128L10.954 15.2019L18.5184 7.34269C19.0656 6.77424 19.9699 6.75696 20.5384 7.30409Z\" clip-rule=\"evenodd\" fill-rule=\"evenodd\"><\/path> <\/svg><\/span><span class=\"gb-headline-text\">Traspasos contables<\/span><\/p>\n\n\n\n<p class=\"gb-headline gb-headline-3632adaa gb-headline-text\">Si necesitas traspasos contables, tu contador puede gestionarlos de manera eficiente utilizando STEL Order.<\/p>\n\n<\/div>\n\n<div class=\"gb-container gb-container-3090e4ed\">\n\n<p class=\"gb-headline gb-headline-2e5b5e62 cl-h6\"><span class=\"gb-icon\"><svg xmlns=\"http:\/\/www.w3.org\/2000\/svg\" fill=\"none\" viewbox=\"0 0 26 25\" height=\"25\" width=\"26\"> <path fill=\"#39B29B\" d=\"M20.5384 7.30409C21.1068 7.85122 21.1241 8.75558 20.577 9.32403L11.9832 18.2526C11.7139 18.5324 11.3423 18.6905 10.954 18.6905C10.5656 18.6905 10.194 18.5324 9.9247 18.2526L6.01845 14.1942C5.47132 13.6257 5.4886 12.7214 6.05704 12.1742C6.62549 11.6271 7.52985 11.6444 8.07698 12.2128L10.954 15.2019L18.5184 7.34269C19.0656 6.77424 19.9699 6.75696 20.5384 7.30409Z\" clip-rule=\"evenodd\" fill-rule=\"evenodd\"><\/path> <\/svg><\/span><span class=\"gb-headline-text\">Soporte Premium<\/span><\/p>\n\n\n\n<p class=\"gb-headline gb-headline-a93c9233 gb-headline-text\">Siempre cuentas con un equipo de profesionales para ayudarte por tel\u00e9fono, chat o correo electr\u00f3nico.<\/p>\n\n<\/div>\n<\/div>\n<\/div>\n\n<div class=\"gb-container gb-container-ed5d9368\" id=\"soporte-premium\">\n<div class=\"gb-container gb-container-b38a6104\">\n\n<p class=\"gb-headline gb-headline-84d34082 gb-headline-text cl-h3\">\u00bfQu\u00e9 significa Soporte Premium?<\/p>\n\n\n\n<p class=\"gb-headline gb-headline-302b06c3 gb-headline-text\">Una gran experiencia antes, durante y despu\u00e9s de la compra<\/p>\n\n<\/div>\n\n<div class=\"gb-container gb-container-2e4cb917\">\n<div class=\"gb-container gb-container-18ab87e1\">\n\n<figure class=\"gb-block-image gb-block-image-e60fd998\"><img decoding=\"async\" width=\"1176\" height=\"877\" class=\"gb-image gb-image-e60fd998\" src=\"https:\/\/www-stg.stelorder.com\/wp-content\/uploads\/2023\/11\/soporte-premium-ayuda.png\" alt=\"\" title=\"soporte premium - ayuda\" srcset=\"https:\/\/www-stg.stelorder.com\/wp-content\/uploads\/2023\/11\/soporte-premium-ayuda.png 1176w, https:\/\/www-stg.stelorder.com\/wp-content\/uploads\/2023\/11\/soporte-premium-ayuda-300x224.png 300w, https:\/\/www-stg.stelorder.com\/wp-content\/uploads\/2023\/11\/soporte-premium-ayuda-1024x764.png 1024w, https:\/\/www-stg.stelorder.com\/wp-content\/uploads\/2023\/11\/soporte-premium-ayuda-768x573.png 768w, https:\/\/www-stg.stelorder.com\/wp-content\/uploads\/2023\/11\/soporte-premium-ayuda-150x112.png 150w\" sizes=\"(max-width: 1176px) 100vw, 1176px\" \/><\/figure>\n\n<\/div>\n\n<div class=\"gb-container gb-container-69b27a8f\">\n<div class=\"gb-container gb-container-f500ffed\">\n\n<p class=\"gb-headline gb-headline-3a0d4ffc gb-headline-text cl-h4\">Mar\u00eda Jos\u00e9 Blasco<\/p>\n\n\n\n<figure class=\"gb-block-image gb-block-image-7b232810\"><img decoding=\"async\" width=\"176\" height=\"29\" class=\"gb-image gb-image-7b232810\" src=\"https:\/\/www-stg.stelorder.com\/wp-content\/uploads\/2023\/05\/Estrellas-5.svg\" alt=\"\" title=\"Estrellas-5\"\/><\/figure>\n\n\n\n<p class=\"gb-headline gb-headline-dec0984c gb-headline-text\">&#8220;El soporte t\u00e9cnico es muy eficiente, muy atentos y muy resolutivos. Una ayuda inestimable. Recomendable 100%&#8221;<\/p>\n\n\n\n<p class=\"gb-headline gb-headline-017495df gb-headline-text\">Con m\u00e1s de 1625 rese\u00f1as reales en <em><strong>Google Play<\/strong><\/em> y <em><strong>App Store<\/strong><\/em><\/p>\n\n<\/div>\n\n<div class=\"gb-container gb-container-ad94cac9\">\n<div class=\"gb-container gb-container-55d31d53\">\n\n<p class=\"gb-headline gb-headline-18fc3569\"><span class=\"gb-icon\"><svg xmlns=\"http:\/\/www.w3.org\/2000\/svg\" fill=\"none\" viewBox=\"0 0 35 35\" height=\"35\" width=\"35\"> <rect fill=\"#39B29B\" rx=\"7\" height=\"35\" width=\"35\"><\/rect> <path fill=\"white\" d=\"M28.0536 10.2257C28.8495 10.9916 28.8736 12.2577 28.1077 13.0536L16.0764 25.5536C15.6994 25.9453 15.1791 26.1666 14.6354 26.1666C14.0918 26.1666 13.5715 25.9453 13.1945 25.5536L7.72572 19.8717C6.95973 19.0759 6.98392 17.8098 7.77975 17.0438C8.57558 16.2779 9.84168 16.302 10.6077 17.0979L14.6354 21.2826L25.2257 10.2797C25.9917 9.48386 27.2578 9.45967 28.0536 10.2257Z\" clip-rule=\"evenodd\" fill-rule=\"evenodd\"><\/path> <\/svg><\/span><span class=\"gb-headline-text\">Equipo de profesionales<\/span><\/p>\n\n\n\n<p class=\"gb-headline gb-headline-7fc071fc\"><span class=\"gb-icon\"><svg xmlns=\"http:\/\/www.w3.org\/2000\/svg\" fill=\"none\" viewBox=\"0 0 35 35\" height=\"35\" width=\"35\"> <rect fill=\"#39B29B\" rx=\"7\" height=\"35\" width=\"35\"><\/rect> <path fill=\"white\" d=\"M28.0536 10.2257C28.8495 10.9916 28.8736 12.2577 28.1077 13.0536L16.0764 25.5536C15.6994 25.9453 15.1791 26.1666 14.6354 26.1666C14.0918 26.1666 13.5715 25.9453 13.1945 25.5536L7.72572 19.8717C6.95973 19.0759 6.98392 17.8098 7.77975 17.0438C8.57558 16.2779 9.84168 16.302 10.6077 17.0979L14.6354 21.2826L25.2257 10.2797C25.9917 9.48386 27.2578 9.45967 28.0536 10.2257Z\" clip-rule=\"evenodd\" fill-rule=\"evenodd\"><\/path> <\/svg><\/span><span class=\"gb-headline-text\">Chat con personales reales<\/span><\/p>\n\n\n\n<p class=\"gb-headline gb-headline-630951de\"><span class=\"gb-icon\"><svg xmlns=\"http:\/\/www.w3.org\/2000\/svg\" fill=\"none\" viewBox=\"0 0 35 35\" height=\"35\" width=\"35\"> <rect fill=\"#39B29B\" rx=\"7\" height=\"35\" width=\"35\"><\/rect> <path fill=\"white\" d=\"M28.0536 10.2257C28.8495 10.9916 28.8736 12.2577 28.1077 13.0536L16.0764 25.5536C15.6994 25.9453 15.1791 26.1666 14.6354 26.1666C14.0918 26.1666 13.5715 25.9453 13.1945 25.5536L7.72572 19.8717C6.95973 19.0759 6.98392 17.8098 7.77975 17.0438C8.57558 16.2779 9.84168 16.302 10.6077 17.0979L14.6354 21.2826L25.2257 10.2797C25.9917 9.48386 27.2578 9.45967 28.0536 10.2257Z\" clip-rule=\"evenodd\" fill-rule=\"evenodd\"><\/path> <\/svg><\/span><span class=\"gb-headline-text\">Resoluci\u00f3n de tickets 7 d\u00edas a la semana<\/span><\/p>\n\n<\/div>\n\n<div class=\"gb-container gb-container-2ab1745d\">\n\n<p class=\"gb-headline gb-headline-6c24cfda\"><span class=\"gb-icon\"><svg xmlns=\"http:\/\/www.w3.org\/2000\/svg\" fill=\"none\" viewBox=\"0 0 35 35\" height=\"35\" width=\"35\"> <rect fill=\"#39B29B\" rx=\"7\" height=\"35\" width=\"35\"><\/rect> <path fill=\"white\" d=\"M28.0536 10.2257C28.8495 10.9916 28.8736 12.2577 28.1077 13.0536L16.0764 25.5536C15.6994 25.9453 15.1791 26.1666 14.6354 26.1666C14.0918 26.1666 13.5715 25.9453 13.1945 25.5536L7.72572 19.8717C6.95973 19.0759 6.98392 17.8098 7.77975 17.0438C8.57558 16.2779 9.84168 16.302 10.6077 17.0979L14.6354 21.2826L25.2257 10.2797C25.9917 9.48386 27.2578 9.45967 28.0536 10.2257Z\" clip-rule=\"evenodd\" fill-rule=\"evenodd\"><\/path> <\/svg><\/span><span class=\"gb-headline-text\">Soporte telef\u00f3nico<\/span><\/p>\n\n\n\n<p class=\"gb-headline gb-headline-fe51d2be\"><span class=\"gb-icon\"><svg xmlns=\"http:\/\/www.w3.org\/2000\/svg\" fill=\"none\" viewBox=\"0 0 35 35\" height=\"35\" width=\"35\"> <rect fill=\"#39B29B\" rx=\"7\" height=\"35\" width=\"35\"><\/rect> <path fill=\"white\" d=\"M28.0536 10.2257C28.8495 10.9916 28.8736 12.2577 28.1077 13.0536L16.0764 25.5536C15.6994 25.9453 15.1791 26.1666 14.6354 26.1666C14.0918 26.1666 13.5715 25.9453 13.1945 25.5536L7.72572 19.8717C6.95973 19.0759 6.98392 17.8098 7.77975 17.0438C8.57558 16.2779 9.84168 16.302 10.6077 17.0979L14.6354 21.2826L25.2257 10.2797C25.9917 9.48386 27.2578 9.45967 28.0536 10.2257Z\" clip-rule=\"evenodd\" fill-rule=\"evenodd\"><\/path> <\/svg><\/span><span class=\"gb-headline-text\">Experiencia personalizada<\/span><\/p>\n\n<\/div>\n<\/div>\n<\/div>\n<\/div>\n\n<div class=\"gb-container gb-container-b38a6104\">\n\n<p class=\"gb-headline gb-headline-302b06c3 gb-headline-text cl-h10\">\u00bfNecesitas m\u00e1s informaci\u00f3n sobre STEL Order?<\/p>\n\n\n\n<a class=\"gb-button gb-button-8443bc8a gb-button-text\" href=\"https:\/\/www-stg.stelorder.com\/solicitar-demostracion\/\">SOLICITA UNA DEMO<\/a>\n\n<\/div>\n<\/div>\n\n<div class=\"gb-container gb-container-ced785d7\" id=\"faqs\">\n<div class=\"gb-container gb-container-2e06f3cb\">\n\n<h2 class=\"gb-headline gb-headline-e3bc5a03 gb-headline-text\">Preguntas frecuentes sobre Acceso Contador<\/h2>\n\n\n<div class=\"gb-container gb-container-cf7c09fc gb-accordion\">\n<div class=\"gb-container gb-container-f3578176 gb-accordion__item gb-accordion__item-open\" data-transition=\"slide\">\n\n<button class=\"gb-button gb-button-44b42c35 gb-accordion__toggle gb-block-is-current\"><span class=\"gb-button-text\">\u00bfQu\u00e9 beneficios ofrece la colaboraci\u00f3n en tiempo real con un contador en STEL Order?<\/span><span class=\"gb-icon\"><svg xmlns=\"http:\/\/www.w3.org\/2000\/svg\" viewbox=\"0 0 448 512\" width=\"1em\" height=\"1em\" ariahidden=\"true\" role=\"img\" class=\"gb-accordion__icon\"><path d=\"M416 208H272V64c0-17.67-14.33-32-32-32h-32c-17.67 0-32 14.33-32 32v144H32c-17.67 0-32 14.33-32 32v32c0 17.67 14.33 32 32 32h144v144c0 17.67 14.33 32 32 32h32c17.67 0 32-14.33 32-32V304h144c17.67 0 32-14.33 32-32v-32c0-17.67-14.33-32-32-32z\" fill=\"currentColor\"><\/path><\/svg><svg xmlns=\"http:\/\/www.w3.org\/2000\/svg\" viewbox=\"0 0 448 512\" width=\"1em\" height=\"1em\" ariahidden=\"true\" role=\"img\" class=\"gb-accordion__icon-open\"><path d=\"M416 208H32c-17.67 0-32 14.33-32 32v32c0 17.67 14.33 32 32 32h384c17.67 0 32-14.33 32-32v-32c0-17.67-14.33-32-32-32z\" fill=\"currentColor\"><\/path><\/svg><\/span><\/button>\n\n\n<div class=\"gb-accordion__content\"><div class=\"gb-container gb-container-1f8a86d4\">\n\n<p>Te facilita una comunicaci\u00f3n eficaz y r\u00e1pida con tu contador, lo que ayuda a evitar descuidos y errores, y mejora la gesti\u00f3n contable y administrativa. No tienes que hacer de intermediario entre tu documentaci\u00f3n y el contador, asegur\u00e1ndote mayor rapidez y eficiencia.<\/p>\n\n<\/div><\/div>\n<\/div>\n\n<div class=\"gb-container gb-container-d2e735f3 gb-accordion__item\" data-transition=\"slide\">\n\n<button class=\"gb-button gb-button-45ba2667 gb-accordion__toggle\"><span class=\"gb-button-text\">\u00bfEs posible que el contador descargue documentos y gestione traspasos contables en STEL Order?<\/span><span class=\"gb-icon\"><svg xmlns=\"http:\/\/www.w3.org\/2000\/svg\" viewbox=\"0 0 448 512\" width=\"1em\" height=\"1em\" ariahidden=\"true\" role=\"img\" class=\"gb-accordion__icon\"><path d=\"M416 208H272V64c0-17.67-14.33-32-32-32h-32c-17.67 0-32 14.33-32 32v144H32c-17.67 0-32 14.33-32 32v32c0 17.67 14.33 32 32 32h144v144c0 17.67 14.33 32 32 32h32c17.67 0 32-14.33 32-32V304h144c17.67 0 32-14.33 32-32v-32c0-17.67-14.33-32-32-32z\" fill=\"currentColor\"><\/path><\/svg><svg xmlns=\"http:\/\/www.w3.org\/2000\/svg\" viewbox=\"0 0 448 512\" width=\"1em\" height=\"1em\" ariahidden=\"true\" role=\"img\" class=\"gb-accordion__icon-open\"><path d=\"M416 208H32c-17.67 0-32 14.33-32 32v32c0 17.67 14.33 32 32 32h384c17.67 0 32-14.33 32-32v-32c0-17.67-14.33-32-32-32z\" fill=\"currentColor\"><\/path><\/svg><\/span><\/button>\n\n\n<div class=\"gb-accordion__content\"><div class=\"gb-container gb-container-0a73729c\">\n\n<p>S\u00ed, si se otorgan los permisos necesarios, el contador puede descargar documentos y gestionar traspasos contables de manera eficiente en STEL Order, lo que facilita la contabilidad y la administraci\u00f3n financiera.<\/p>\n\n<\/div><\/div>\n<\/div>\n\n<div class=\"gb-container gb-container-8e3fbc21 gb-accordion__item\" data-transition=\"slide\">\n\n<button class=\"gb-button gb-button-0546d305 gb-accordion__toggle\"><span class=\"gb-button-text\">\u00bfEs posible realizar traspasos contables y exportaciones de datos f\u00e1cilmente con esta funcionalidad?<\/span><span class=\"gb-icon\"><svg xmlns=\"http:\/\/www.w3.org\/2000\/svg\" viewbox=\"0 0 448 512\" width=\"1em\" height=\"1em\" ariahidden=\"true\" role=\"img\" class=\"gb-accordion__icon\"><path d=\"M416 208H272V64c0-17.67-14.33-32-32-32h-32c-17.67 0-32 14.33-32 32v144H32c-17.67 0-32 14.33-32 32v32c0 17.67 14.33 32 32 32h144v144c0 17.67 14.33 32 32 32h32c17.67 0 32-14.33 32-32V304h144c17.67 0 32-14.33 32-32v-32c0-17.67-14.33-32-32-32z\" fill=\"currentColor\"><\/path><\/svg><svg xmlns=\"http:\/\/www.w3.org\/2000\/svg\" viewbox=\"0 0 448 512\" width=\"1em\" height=\"1em\" ariahidden=\"true\" role=\"img\" class=\"gb-accordion__icon-open\"><path d=\"M416 208H32c-17.67 0-32 14.33-32 32v32c0 17.67 14.33 32 32 32h384c17.67 0 32-14.33 32-32v-32c0-17.67-14.33-32-32-32z\" fill=\"currentColor\"><\/path><\/svg><\/span><\/button>\n\n\n<div class=\"gb-accordion__content\"><div class=\"gb-container gb-container-c520e35f\">\n\n<p>S\u00ed, los contadores pueden realizar traspasos contables y exportaciones de datos (como libros de facturas emitidas y recibidas) a su propio software contable con unos pocos clics, facilitando la gesti\u00f3n contable y la presentaci\u00f3n de reformes.<\/p>\n\n<\/div><\/div>\n<\/div>\n\n<div class=\"gb-container gb-container-678633c6 gb-accordion__item\" data-transition=\"slide\">\n\n<button class=\"gb-button gb-button-3016dd47 gb-accordion__toggle\"><span class=\"gb-button-text\">\u00bfQu\u00e9 es la gesti\u00f3n documental en STEL Order y c\u00f3mo beneficia a los usuarios y sus contadores?<\/span><span class=\"gb-icon\"><svg xmlns=\"http:\/\/www.w3.org\/2000\/svg\" viewbox=\"0 0 448 512\" width=\"1em\" height=\"1em\" ariahidden=\"true\" role=\"img\" class=\"gb-accordion__icon\"><path d=\"M416 208H272V64c0-17.67-14.33-32-32-32h-32c-17.67 0-32 14.33-32 32v144H32c-17.67 0-32 14.33-32 32v32c0 17.67 14.33 32 32 32h144v144c0 17.67 14.33 32 32 32h32c17.67 0 32-14.33 32-32V304h144c17.67 0 32-14.33 32-32v-32c0-17.67-14.33-32-32-32z\" fill=\"currentColor\"><\/path><\/svg><svg xmlns=\"http:\/\/www.w3.org\/2000\/svg\" viewbox=\"0 0 448 512\" width=\"1em\" height=\"1em\" ariahidden=\"true\" role=\"img\" class=\"gb-accordion__icon-open\"><path d=\"M416 208H32c-17.67 0-32 14.33-32 32v32c0 17.67 14.33 32 32 32h384c17.67 0 32-14.33 32-32v-32c0-17.67-14.33-32-32-32z\" fill=\"currentColor\"><\/path><\/svg><\/span><\/button>\n\n\n<div class=\"gb-accordion__content\"><div class=\"gb-container gb-container-4cd5354a\">\n\n<p>La gesti\u00f3n documental es una funcionalidad que proporciona un espacio en la nube compartido entre el cliente y su contador, permitiendo un intercambio eficiente de documentos importantes como modelos de impuestos, escrituras de constituci\u00f3n, etc.<\/p>\n\n<\/div><\/div>\n<\/div>\n<\/div>\n<\/div>\n<\/div>\n<\/div>","protected":false},"excerpt":{"rendered":"<p>Acceso Contador Trabaja de forma totalmente simult\u00e1nea con tu contador en STEL Order, sin costes extra para ti ni para tu contador. Invita a tu &#8230; <a title=\"Acceso Contador\" class=\"read-more\" href=\"https:\/\/www-stg.stelorder.com\/chile\/acceso-asesor\/\" aria-label=\"Read more about Acceso Contador\">Leer<\/a><\/p>\n","protected":false},"author":4,"featured_media":27975,"parent":0,"menu_order":0,"comment_status":"closed","ping_status":"closed","template":"","meta":{"_acf_changed":false,"inline_featured_image":false,"footnotes":""},"class_list":{"0":"post-36466","1":"page","2":"type-page","3":"status-publish","4":"has-post-thumbnail","6":"no-featured-image-padding"},"acf":[],"_links":{"self":[{"href":"https:\/\/www-stg.stelorder.com\/chile\/wp-json\/wp\/v2\/pages\/36466","targetHints":{"allow":["GET"]}}],"collection":[{"href":"https:\/\/www-stg.stelorder.com\/chile\/wp-json\/wp\/v2\/pages"}],"about":[{"href":"https:\/\/www-stg.stelorder.com\/chile\/wp-json\/wp\/v2\/types\/page"}],"author":[{"embeddable":true,"href":"https:\/\/www-stg.stelorder.com\/chile\/wp-json\/wp\/v2\/users\/4"}],"replies":[{"embeddable":true,"href":"https:\/\/www-stg.stelorder.com\/chile\/wp-json\/wp\/v2\/comments?post=36466"}],"version-history":[{"count":0,"href":"https:\/\/www-stg.stelorder.com\/chile\/wp-json\/wp\/v2\/pages\/36466\/revisions"}],"wp:featuredmedia":[{"embeddable":true,"href":"https:\/\/www-stg.stelorder.com\/chile\/wp-json\/wp\/v2\/media\/27975"}],"wp:attachment":[{"href":"https:\/\/www-stg.stelorder.com\/chile\/wp-json\/wp\/v2\/media?parent=36466"}],"curies":[{"name":"wp","href":"https:\/\/api.w.org\/{rel}","templated":true}]}}