{"id":36426,"date":"2023-11-30T11:31:18","date_gmt":"2023-11-30T10:31:18","guid":{"rendered":"https:\/\/www-stg.stelorder.com\/facturacion-electronica\/"},"modified":"2023-11-30T11:51:33","modified_gmt":"2023-11-30T10:51:33","slug":"facturacion-electronica","status":"publish","type":"page","link":"https:\/\/www-stg.stelorder.com\/chile\/facturacion-electronica\/","title":{"rendered":"Facturaci\u00f3n electr\u00f3nica DTE"},"content":{"rendered":"<div class=\"gb-container gb-container-ad804a4d\" id=\"hero\">\n<div class=\"gb-container gb-container-ab20f2e8\">\n<div class=\"gb-container gb-container-37542486\">\n<div class=\"gb-container gb-container-bd897e68\">\n\n<h1 class=\"gb-headline gb-headline-87990957 gb-headline-text cl-bottom-1rem\">Software de facturaci\u00f3n electr\u00f3nica DTE<\/h1>\n\n\n\n<p class=\"gb-headline gb-headline-830fa81e gb-headline-text cl-h2 cl-bottom-1rem\">Factura electr\u00f3nicamente con el mejor programa de gesti\u00f3n <\/p>\n\n\n\n<p class=\"gb-headline gb-headline-f6030618 gb-headline-text cl-h10\">Ahorra tiempos y automatiza el 90% de la facturaci\u00f3n electr\u00f3nica DTE de tu empresa con STEL Order<\/p>\n\n\n<div class=\"gb-button-wrapper gb-button-wrapper-cea3e33b\">\n\n<span class=\"gb-button gb-button-834c9b40 gb-button-text cl-btn-try cl-btn-try-green\"><strong>Empieza ahora<\/strong><\/span>\n\n<\/div>\n<\/div>\n\n<div class=\"gb-container gb-container-58a3fb72\">\n\n<figure class=\"gb-block-image gb-block-image-4582970b\"><img decoding=\"async\" width=\"691\" height=\"391\" class=\"gb-image gb-image-4582970b\" src=\"https:\/\/www-stg.stelorder.com\/wp-content\/uploads\/2023\/06\/hero-facturacion-electronica.png\" alt=\"\" title=\"hero-facturacion-electronica\" srcset=\"https:\/\/www-stg.stelorder.com\/wp-content\/uploads\/2023\/06\/hero-facturacion-electronica.png 691w, https:\/\/www-stg.stelorder.com\/wp-content\/uploads\/2023\/06\/hero-facturacion-electronica-300x170.png 300w\" sizes=\"(max-width: 691px) 100vw, 691px\" \/><\/figure>\n\n<\/div>\n<\/div>\n<\/div>\n<\/div>\n\n<div class=\"gb-container gb-container-7da84afe\">\n<div class=\"gb-container gb-container-cb32a7f5\">\n\n<figure class=\"gb-block-image gb-block-image-58d8f78a\"><img decoding=\"async\" width=\"176\" height=\"29\" class=\"gb-image gb-image-58d8f78a\" src=\"https:\/\/www-stg.stelorder.com\/wp-content\/uploads\/2023\/05\/Estrellas-5.svg\" alt=\"\" title=\"Estrellas-5\"\/><\/figure>\n\n\n\n<h2 class=\"gb-headline gb-headline-e3aa639c gb-headline-text\">El software de facturaci\u00f3n mejor valorado<\/h2>\n\n\n<div class=\"gb-container gb-container-5b3c439f\">\n<div class=\"gb-container gb-container-55b6487e\">\n\n<p class=\"gb-headline gb-headline-d28d10e5 gb-headline-text\">Nuestros clientes nos valoran <strong class=\"cl-orange\" style=\"font-size:120%\">4.8\/5<\/strong>, con m\u00e1s de 2000 rese\u00f1as reales en<\/p>\n\n\n<div class=\"gb-container gb-container-9c3c8105\">\n\n<figure class=\"gb-block-image gb-block-image-04c81972\"><a href=\"https:\/\/play.google.com\/store\/apps\/details?id=com.stel.order&#038;hl=cl&#038;gl=CL\" target=\"_blank\" rel=\"noopener noreferrer nofollow\"><img decoding=\"async\" width=\"157\" height=\"46\" class=\"gb-image gb-image-04c81972\" src=\"https:\/\/www-stg.stelorder.com\/wp-content\/uploads\/2023\/12\/disponible-en-Google-Play-2.svg\" alt=\"\" title=\"disponible en Google Play-2\"\/><\/a><\/figure>\n\n\n\n<figure class=\"gb-block-image gb-block-image-5dfd914e\"><a href=\"https:\/\/apps.apple.com\/cl\/app\/stel-order-pro-erp-facturas\/id6444916227\" rel=\"nofollow noopener\" target=\"_blank\"><img decoding=\"async\" width=\"165\" height=\"48\" class=\"gb-image gb-image-5dfd914e\" src=\"https:\/\/www-stg.stelorder.com\/wp-content\/uploads\/2024\/01\/consiguelo-app-store-esp-n.svg\" alt=\"\" title=\"consiguelo-app-store-esp-n\"><\/a><\/figure>\n\n<\/div>\n<\/div>\n<\/div>\n<\/div>\n\n<div class=\"gb-container gb-container-0264e1f6\">\n<div class=\"gb-container gb-container-ec91115c\">\n\n<figure class=\"gb-block-image gb-block-image-7840caf7\"><img decoding=\"async\" width=\"555\" height=\"385\" class=\"gb-image gb-image-7840caf7\" src=\"https:\/\/www-stg.stelorder.com\/wp-content\/uploads\/2023\/06\/ilustracion-ley-crea.png\" alt=\"\" title=\"ilustracion-ley-crea\" srcset=\"https:\/\/www-stg.stelorder.com\/wp-content\/uploads\/2023\/06\/ilustracion-ley-crea.png 555w, https:\/\/www-stg.stelorder.com\/wp-content\/uploads\/2023\/06\/ilustracion-ley-crea-300x208.png 300w\" sizes=\"(max-width: 555px) 100vw, 555px\" \/><\/figure>\n\n<\/div>\n\n<div class=\"gb-container gb-container-c4048ff3\">\n\n<h2 class=\"gb-headline gb-headline-1710c401 gb-headline-text cl-h3\">Ley N\u00ba 20.727.: Uso del Documento Tributario Electr\u00f3nico (DTE)<\/h2>\n\n\n\n<p class=\"gb-headline gb-headline-6fccacb4 gb-headline-text cl-h10\">Esta legislaci\u00f3n estableci\u00f3 la obligatoriedad del uso de la Factura Electr\u00f3nica en Chile desde su entrada en vigor el 31 de enero de 2014, marcando un cambio significativo en la forma en que las empresas chilenas manejan sus documentos tributarios. STEL Order esta preparado y adem\u00e1s contar\u00e1 con:<\/p>\n\n\n\n<p class=\"gb-headline gb-headline-18fc3569 cl-h10\"><span class=\"gb-icon\"><svg xmlns=\"http:\/\/www.w3.org\/2000\/svg\" fill=\"none\" viewBox=\"0 0 35 35\" height=\"35\" width=\"35\"> <rect fill=\"#39B29B\" rx=\"7\" height=\"35\" width=\"35\"><\/rect> <path fill=\"white\" d=\"M28.0536 10.2257C28.8495 10.9916 28.8736 12.2577 28.1077 13.0536L16.0764 25.5536C15.6994 25.9453 15.1791 26.1666 14.6354 26.1666C14.0918 26.1666 13.5715 25.9453 13.1945 25.5536L7.72572 19.8717C6.95973 19.0759 6.98392 17.8098 7.77975 17.0438C8.57558 16.2779 9.84168 16.302 10.6077 17.0979L14.6354 21.2826L25.2257 10.2797C25.9917 9.48386 27.2578 9.45967 28.0536 10.2257Z\" clip-rule=\"evenodd\" fill-rule=\"evenodd\"><\/path> <\/svg><\/span><span class=\"gb-headline-text\">CAF (C\u00f3digo de Autorizaci\u00f3n de Folios)<\/span><\/p>\n\n\n\n<p class=\"gb-headline gb-headline-e635e437 cl-h10\"><span class=\"gb-icon\"><svg xmlns=\"http:\/\/www.w3.org\/2000\/svg\" fill=\"none\" viewBox=\"0 0 35 35\" height=\"35\" width=\"35\"> <rect fill=\"#39B29B\" rx=\"7\" height=\"35\" width=\"35\"><\/rect> <path fill=\"white\" d=\"M28.0536 10.2257C28.8495 10.9916 28.8736 12.2577 28.1077 13.0536L16.0764 25.5536C15.6994 25.9453 15.1791 26.1666 14.6354 26.1666C14.0918 26.1666 13.5715 25.9453 13.1945 25.5536L7.72572 19.8717C6.95973 19.0759 6.98392 17.8098 7.77975 17.0438C8.57558 16.2779 9.84168 16.302 10.6077 17.0979L14.6354 21.2826L25.2257 10.2797C25.9917 9.48386 27.2578 9.45967 28.0536 10.2257Z\" clip-rule=\"evenodd\" fill-rule=\"evenodd\"><\/path> <\/svg><\/span><span class=\"gb-headline-text\">Recepci\u00f3n de facturas electr\u00f3nicas<\/span><\/p>\n\n<\/div>\n<\/div>\n\n<div class=\"gb-container gb-container-a7e6bf56\">\n<div class=\"gb-container gb-container-f78fc618\">\n\n<h2 class=\"gb-headline gb-headline-ed406ea9 gb-headline-text cl-h3\">Expertos en facturaci\u00f3n electr\u00f3nica<\/h2>\n\n\n\n<p class=\"gb-headline gb-headline-e5188eda gb-headline-text cl-h10\">Tenemos experiencia en este campo. Ya hemos adaptado la facturaci\u00f3n electr\u00f3nica del Gobierno de M\u00e9xico bajo las especificaciones del SAT y emitir CFDIs, las del Gobierno Chileno para emitir DTEs y en \u00faltima instancia las del Pa\u00eds Vasco con TicketBAI.<\/p>\n\n\n\n<p class=\"gb-headline gb-headline-15edefb8 cl-h10\"><span class=\"gb-icon\"><svg xmlns=\"http:\/\/www.w3.org\/2000\/svg\" fill=\"none\" viewBox=\"0 0 35 35\" height=\"35\" width=\"35\"> <rect fill=\"#39B29B\" rx=\"7\" height=\"35\" width=\"35\"><\/rect> <path fill=\"white\" d=\"M28.0536 10.2257C28.8495 10.9916 28.8736 12.2577 28.1077 13.0536L16.0764 25.5536C15.6994 25.9453 15.1791 26.1666 14.6354 26.1666C14.0918 26.1666 13.5715 25.9453 13.1945 25.5536L7.72572 19.8717C6.95973 19.0759 6.98392 17.8098 7.77975 17.0438C8.57558 16.2779 9.84168 16.302 10.6077 17.0979L14.6354 21.2826L25.2257 10.2797C25.9917 9.48386 27.2578 9.45967 28.0536 10.2257Z\" clip-rule=\"evenodd\" fill-rule=\"evenodd\"><\/path> <\/svg><\/span><span class=\"gb-headline-text\">DTE (Chile)<\/span><\/p>\n\n\n\n<p class=\"gb-headline gb-headline-8ea9ccc7 cl-h10\"><span class=\"gb-icon\"><svg xmlns=\"http:\/\/www.w3.org\/2000\/svg\" fill=\"none\" viewBox=\"0 0 35 35\" height=\"35\" width=\"35\"> <rect fill=\"#39B29B\" rx=\"7\" height=\"35\" width=\"35\"><\/rect> <path fill=\"white\" d=\"M28.0536 10.2257C28.8495 10.9916 28.8736 12.2577 28.1077 13.0536L16.0764 25.5536C15.6994 25.9453 15.1791 26.1666 14.6354 26.1666C14.0918 26.1666 13.5715 25.9453 13.1945 25.5536L7.72572 19.8717C6.95973 19.0759 6.98392 17.8098 7.77975 17.0438C8.57558 16.2779 9.84168 16.302 10.6077 17.0979L14.6354 21.2826L25.2257 10.2797C25.9917 9.48386 27.2578 9.45967 28.0536 10.2257Z\" clip-rule=\"evenodd\" fill-rule=\"evenodd\"><\/path> <\/svg><\/span><span class=\"gb-headline-text\">CFDI (M\u00e9xico)<\/span><\/p>\n\n\n\n<p class=\"gb-headline gb-headline-9ef43b24 cl-h10\"><span class=\"gb-icon\"><svg xmlns=\"http:\/\/www.w3.org\/2000\/svg\" fill=\"none\" viewBox=\"0 0 35 35\" height=\"35\" width=\"35\"> <rect fill=\"#39B29B\" rx=\"7\" height=\"35\" width=\"35\"><\/rect> <path fill=\"white\" d=\"M28.0536 10.2257C28.8495 10.9916 28.8736 12.2577 28.1077 13.0536L16.0764 25.5536C15.6994 25.9453 15.1791 26.1666 14.6354 26.1666C14.0918 26.1666 13.5715 25.9453 13.1945 25.5536L7.72572 19.8717C6.95973 19.0759 6.98392 17.8098 7.77975 17.0438C8.57558 16.2779 9.84168 16.302 10.6077 17.0979L14.6354 21.2826L25.2257 10.2797C25.9917 9.48386 27.2578 9.45967 28.0536 10.2257Z\" clip-rule=\"evenodd\" fill-rule=\"evenodd\"><\/path> <\/svg><\/span><span class=\"gb-headline-text\">TicketBAI (Pa\u00eds Vasco).<\/span><\/p>\n\n<\/div>\n\n<div class=\"gb-container gb-container-905e2478\">\n\n<figure class=\"gb-block-image gb-block-image-58f7544b\"><img decoding=\"async\" width=\"555\" height=\"384\" class=\"gb-image gb-image-58f7544b\" src=\"https:\/\/www-stg.stelorder.com\/wp-content\/uploads\/2023\/06\/ilustracion-expertos-facturacion.png\" alt=\"\" title=\"ilustracion-expertos-facturacion\" srcset=\"https:\/\/www-stg.stelorder.com\/wp-content\/uploads\/2023\/06\/ilustracion-expertos-facturacion.png 555w, https:\/\/www-stg.stelorder.com\/wp-content\/uploads\/2023\/06\/ilustracion-expertos-facturacion-300x208.png 300w\" sizes=\"(max-width: 555px) 100vw, 555px\" \/><\/figure>\n\n<\/div>\n<\/div>\n\n<div class=\"gb-container gb-container-a1f30d8e\">\n<div class=\"gb-container gb-container-87bae032\">\n\n<figure class=\"gb-block-image gb-block-image-c81bab64\"><img decoding=\"async\" width=\"555\" height=\"384\" class=\"gb-image gb-image-c81bab64\" src=\"https:\/\/www-stg.stelorder.com\/wp-content\/uploads\/2023\/06\/ilustracion-facturas-electronicas-erp.png\" alt=\"\" title=\"ilustracion-facturas-electronicas-erp\" srcset=\"https:\/\/www-stg.stelorder.com\/wp-content\/uploads\/2023\/06\/ilustracion-facturas-electronicas-erp.png 555w, https:\/\/www-stg.stelorder.com\/wp-content\/uploads\/2023\/06\/ilustracion-facturas-electronicas-erp-300x208.png 300w\" sizes=\"(max-width: 555px) 100vw, 555px\" \/><\/figure>\n\n<\/div>\n\n<div class=\"gb-container gb-container-48cacf2c\">\n\n<h2 class=\"gb-headline gb-headline-b0f7f174 gb-headline-text cl-h3\">Mucho m\u00e1s que facturas electr\u00f3nicas,<br>un ERP.<\/h2>\n\n\n\n<p class=\"gb-headline gb-headline-4a9c3af4 gb-headline-text cl-h10\">Adem\u00e1s de hacer facturas de forma f\u00e1cil y de cumplir con los requerimientos legales, STEL Order es el programa de gesti\u00f3n empresarial mejor valorado en Espa\u00f1a. Gestiona todos los aspectos de tu negocio desde la versi\u00f3n web o app.<\/p>\n\n\n<div class=\"gb-button-wrapper gb-button-wrapper-cb949440\">\n\n<span class=\"gb-button gb-button-41e4bdb6 gb-button-text cl-btn-try cl-btn-try-green\"><strong>Empieza ahora<\/strong><\/span>\n\n<\/div>\n<\/div>\n<\/div>\n\n<div class=\"gb-container gb-container-604f19b2\">\n\n<p class=\"gb-headline gb-headline-69f03c91 gb-headline-text\">\u00daltimos art\u00edculos publicados sobre Facturaci\u00f3n electr\u00f3nica-&gt;<\/p>\n\n\n\n<div class=\"wp-block-query is-layout-constrained wp-container-core-query-is-layout-586f749a wp-block-query-is-layout-constrained\"><\/div>\n\n<\/div>\n\n<div class=\"gb-container gb-container-ced785d7\" id=\"faqs\">\n<div class=\"gb-container gb-container-2e06f3cb\">\n\n<h2 class=\"gb-headline gb-headline-e3bc5a03 gb-headline-text\">Preguntas frecuentes sobre factura electr\u00f3nica<\/h2>\n\n\n<div class=\"gb-container gb-container-cf7c09fc gb-accordion\">\n<div class=\"gb-container gb-container-f3578176 gb-accordion__item gb-accordion__item-open\" data-transition=\"slide\">\n\n<button class=\"gb-button gb-button-44b42c35 gb-accordion__toggle gb-block-is-current\"><span class=\"gb-button-text\">\u00bfQu\u00e9 es una factura electr\u00f3nica?<\/span><span class=\"gb-icon\"><svg xmlns=\"http:\/\/www.w3.org\/2000\/svg\" viewBox=\"0 0 448 512\" width=\"1em\" height=\"1em\" ariahidden=\"true\" role=\"img\" class=\"gb-accordion__icon\"><path d=\"M416 208H272V64c0-17.67-14.33-32-32-32h-32c-17.67 0-32 14.33-32 32v144H32c-17.67 0-32 14.33-32 32v32c0 17.67 14.33 32 32 32h144v144c0 17.67 14.33 32 32 32h32c17.67 0 32-14.33 32-32V304h144c17.67 0 32-14.33 32-32v-32c0-17.67-14.33-32-32-32z\" fill=\"currentColor\"><\/path><\/svg><svg xmlns=\"http:\/\/www.w3.org\/2000\/svg\" viewBox=\"0 0 448 512\" width=\"1em\" height=\"1em\" ariahidden=\"true\" role=\"img\" class=\"gb-accordion__icon-open\"><path d=\"M416 208H32c-17.67 0-32 14.33-32 32v32c0 17.67 14.33 32 32 32h384c17.67 0 32-14.33 32-32v-32c0-17.67-14.33-32-32-32z\" fill=\"currentColor\"><\/path><\/svg><\/span><\/button>\n\n\n<div class=\"gb-accordion__content\"><div class=\"gb-container gb-container-1f8a86d4\">\n\n<p>Una factura electr\u00f3nica es como una factura normal pero en formato digital. Est\u00e1 firmada de manera electr\u00f3nica para asegurarse de que es aut\u00e9ntica y no ha sido modificada. Esto significa que quien la env\u00eda no puede negar haberla firmado, y tiene la misma validez legal que una firma hecha a mano.<\/p>\n\n<\/div><\/div>\n<\/div>\n\n<div class=\"gb-container gb-container-d2e735f3 gb-accordion__item\" data-transition=\"slide\">\n\n<button class=\"gb-button gb-button-45ba2667 gb-accordion__toggle\"><span class=\"gb-button-text\">\u00bf<strong>Qu\u00e9 es un DTE y por qu\u00e9 es importante para mi negocio<\/strong>?<\/span><span class=\"gb-icon\"><svg xmlns=\"http:\/\/www.w3.org\/2000\/svg\" viewBox=\"0 0 448 512\" width=\"1em\" height=\"1em\" ariahidden=\"true\" role=\"img\" class=\"gb-accordion__icon\"><path d=\"M416 208H272V64c0-17.67-14.33-32-32-32h-32c-17.67 0-32 14.33-32 32v144H32c-17.67 0-32 14.33-32 32v32c0 17.67 14.33 32 32 32h144v144c0 17.67 14.33 32 32 32h32c17.67 0 32-14.33 32-32V304h144c17.67 0 32-14.33 32-32v-32c0-17.67-14.33-32-32-32z\" fill=\"currentColor\"><\/path><\/svg><svg xmlns=\"http:\/\/www.w3.org\/2000\/svg\" viewBox=\"0 0 448 512\" width=\"1em\" height=\"1em\" ariahidden=\"true\" role=\"img\" class=\"gb-accordion__icon-open\"><path d=\"M416 208H32c-17.67 0-32 14.33-32 32v32c0 17.67 14.33 32 32 32h384c17.67 0 32-14.33 32-32v-32c0-17.67-14.33-32-32-32z\" fill=\"currentColor\"><\/path><\/svg><\/span><\/button>\n\n\n<div class=\"gb-accordion__content\"><div class=\"gb-container gb-container-0a73729c\">\n\n<p>Un DTE es un Documento Tributario Electr\u00f3nico en Chile que reemplaza los documentos tributarios en papel. Es importante para tu negocio porque asegura el cumplimiento de las normativas fiscales, mejora la eficiencia en la gesti\u00f3n de documentos y reduce los costos de almacenamiento y papel.<\/p>\n\n<\/div><\/div>\n<\/div>\n\n<div class=\"gb-container gb-container-8e3fbc21 gb-accordion__item\" data-transition=\"slide\">\n\n<button class=\"gb-button gb-button-0546d305 gb-accordion__toggle\"><span class=\"gb-button-text\">\u00bf<strong>Qu\u00e9 necesito para comenzar a emitir DTEs con STEL Order<\/strong>?<\/span><span class=\"gb-icon\"><svg xmlns=\"http:\/\/www.w3.org\/2000\/svg\" viewBox=\"0 0 448 512\" width=\"1em\" height=\"1em\" ariahidden=\"true\" role=\"img\" class=\"gb-accordion__icon\"><path d=\"M416 208H272V64c0-17.67-14.33-32-32-32h-32c-17.67 0-32 14.33-32 32v144H32c-17.67 0-32 14.33-32 32v32c0 17.67 14.33 32 32 32h144v144c0 17.67 14.33 32 32 32h32c17.67 0 32-14.33 32-32V304h144c17.67 0 32-14.33 32-32v-32c0-17.67-14.33-32-32-32z\" fill=\"currentColor\"><\/path><\/svg><svg xmlns=\"http:\/\/www.w3.org\/2000\/svg\" viewBox=\"0 0 448 512\" width=\"1em\" height=\"1em\" ariahidden=\"true\" role=\"img\" class=\"gb-accordion__icon-open\"><path d=\"M416 208H32c-17.67 0-32 14.33-32 32v32c0 17.67 14.33 32 32 32h384c17.67 0 32-14.33 32-32v-32c0-17.67-14.33-32-32-32z\" fill=\"currentColor\"><\/path><\/svg><\/span><\/button>\n\n\n<div class=\"gb-accordion__content\"><div class=\"gb-container gb-container-c520e35f\">\n\n<p>Necesitas un certificado digital y el fichero CAF (C\u00f3digo de Autorizaci\u00f3n de Folios) para cada tipo de documento tributario que desees emitir. Adem\u00e1s, debes configurar estos elementos en STEL Order antes de comenzar.<\/p>\n\n<\/div><\/div>\n<\/div>\n\n<div class=\"gb-container gb-container-678633c6 gb-accordion__item\" data-transition=\"slide\">\n\n<button class=\"gb-button gb-button-3016dd47 gb-accordion__toggle\"><span class=\"gb-button-text\">\u00bf<strong>Qu\u00e9 tipos de documentos tributarios puedo emitir con STEL Order<\/strong>?<\/span><span class=\"gb-icon\"><svg xmlns=\"http:\/\/www.w3.org\/2000\/svg\" viewBox=\"0 0 448 512\" width=\"1em\" height=\"1em\" ariahidden=\"true\" role=\"img\" class=\"gb-accordion__icon\"><path d=\"M416 208H272V64c0-17.67-14.33-32-32-32h-32c-17.67 0-32 14.33-32 32v144H32c-17.67 0-32 14.33-32 32v32c0 17.67 14.33 32 32 32h144v144c0 17.67 14.33 32 32 32h32c17.67 0 32-14.33 32-32V304h144c17.67 0 32-14.33 32-32v-32c0-17.67-14.33-32-32-32z\" fill=\"currentColor\"><\/path><\/svg><svg xmlns=\"http:\/\/www.w3.org\/2000\/svg\" viewBox=\"0 0 448 512\" width=\"1em\" height=\"1em\" ariahidden=\"true\" role=\"img\" class=\"gb-accordion__icon-open\"><path d=\"M416 208H32c-17.67 0-32 14.33-32 32v32c0 17.67 14.33 32 32 32h384c17.67 0 32-14.33 32-32v-32c0-17.67-14.33-32-32-32z\" fill=\"currentColor\"><\/path><\/svg><\/span><\/button>\n\n\n<div class=\"gb-accordion__content\"><div class=\"gb-container gb-container-4cd5354a\">\n\n<p>Puedes emitir varios tipos de DTEs, incluyendo facturas, facturas exentas, facturas de exportaci\u00f3n, notas de cr\u00e9dito, notas de d\u00e9bito y gu\u00edas de despacho.<\/p>\n\n<\/div><\/div>\n<\/div>\n\n<div class=\"gb-container gb-container-4826c4a2 gb-accordion__item\" data-transition=\"slide\">\n\n<button class=\"gb-button gb-button-bbe495ea gb-accordion__toggle\"><span class=\"gb-button-text\">\u00bf<strong>Puedo emitir DTEs de documentos creados previamente en STEL Order<\/strong>?<\/span><span class=\"gb-icon\"><svg xmlns=\"http:\/\/www.w3.org\/2000\/svg\" viewBox=\"0 0 448 512\" width=\"1em\" height=\"1em\" ariahidden=\"true\" role=\"img\" class=\"gb-accordion__icon\"><path d=\"M416 208H272V64c0-17.67-14.33-32-32-32h-32c-17.67 0-32 14.33-32 32v144H32c-17.67 0-32 14.33-32 32v32c0 17.67 14.33 32 32 32h144v144c0 17.67 14.33 32 32 32h32c17.67 0 32-14.33 32-32V304h144c17.67 0 32-14.33 32-32v-32c0-17.67-14.33-32-32-32z\" fill=\"currentColor\"><\/path><\/svg><svg xmlns=\"http:\/\/www.w3.org\/2000\/svg\" viewBox=\"0 0 448 512\" width=\"1em\" height=\"1em\" ariahidden=\"true\" role=\"img\" class=\"gb-accordion__icon-open\"><path d=\"M416 208H32c-17.67 0-32 14.33-32 32v32c0 17.67 14.33 32 32 32h384c17.67 0 32-14.33 32-32v-32c0-17.67-14.33-32-32-32z\" fill=\"currentColor\"><\/path><\/svg><\/span><\/button>\n\n\n<div class=\"gb-accordion__content\"><div class=\"gb-container gb-container-8e1ad38c\">\n\n<p>S\u00ed, puedes emitir DTEs de documentos previamente creados en STEL Order, siempre y cuando hayas configurado correctamente tu certificado digital y fichero CAF.<\/p>\n\n<\/div><\/div>\n<\/div>\n\n<div class=\"gb-container gb-container-e17f85e6 gb-accordion__item\" data-transition=\"slide\">\n\n<button class=\"gb-button gb-button-ab45a242 gb-accordion__toggle\"><span class=\"gb-button-text\">\u00bf<strong>Qu\u00e9 debo hacer si un DTE es rechazado por el SII<\/strong>?<\/span><span class=\"gb-icon\"><svg xmlns=\"http:\/\/www.w3.org\/2000\/svg\" viewBox=\"0 0 448 512\" width=\"1em\" height=\"1em\" ariahidden=\"true\" role=\"img\" class=\"gb-accordion__icon\"><path d=\"M416 208H272V64c0-17.67-14.33-32-32-32h-32c-17.67 0-32 14.33-32 32v144H32c-17.67 0-32 14.33-32 32v32c0 17.67 14.33 32 32 32h144v144c0 17.67 14.33 32 32 32h32c17.67 0 32-14.33 32-32V304h144c17.67 0 32-14.33 32-32v-32c0-17.67-14.33-32-32-32z\" fill=\"currentColor\"><\/path><\/svg><svg xmlns=\"http:\/\/www.w3.org\/2000\/svg\" viewBox=\"0 0 448 512\" width=\"1em\" height=\"1em\" ariahidden=\"true\" role=\"img\" class=\"gb-accordion__icon-open\"><path d=\"M416 208H32c-17.67 0-32 14.33-32 32v32c0 17.67 14.33 32 32 32h384c17.67 0 32-14.33 32-32v-32c0-17.67-14.33-32-32-32z\" fill=\"currentColor\"><\/path><\/svg><\/span><\/button>\n\n\n<div class=\"gb-accordion__content\"><div class=\"gb-container gb-container-b9bae128\">\n\n<p>Si un DTE es rechazado por el SII, debes revisar y corregir los errores indicados y volver a emitir el documento.<\/p>\n\n<\/div><\/div>\n<\/div>\n\n<div class=\"gb-container gb-container-42f3deb8 gb-accordion__item\" data-transition=\"slide\">\n\n<button class=\"gb-button gb-button-0dfd005b gb-accordion__toggle\"><span class=\"gb-button-text\">\u00bf<strong>Ofrece STEL Order soporte t\u00e9cnico para la emisi\u00f3n de DTEs<\/strong>?<\/span><span class=\"gb-icon\"><svg xmlns=\"http:\/\/www.w3.org\/2000\/svg\" viewBox=\"0 0 448 512\" width=\"1em\" height=\"1em\" ariahidden=\"true\" role=\"img\" class=\"gb-accordion__icon\"><path d=\"M416 208H272V64c0-17.67-14.33-32-32-32h-32c-17.67 0-32 14.33-32 32v144H32c-17.67 0-32 14.33-32 32v32c0 17.67 14.33 32 32 32h144v144c0 17.67 14.33 32 32 32h32c17.67 0 32-14.33 32-32V304h144c17.67 0 32-14.33 32-32v-32c0-17.67-14.33-32-32-32z\" fill=\"currentColor\"><\/path><\/svg><svg xmlns=\"http:\/\/www.w3.org\/2000\/svg\" viewBox=\"0 0 448 512\" width=\"1em\" height=\"1em\" ariahidden=\"true\" role=\"img\" class=\"gb-accordion__icon-open\"><path d=\"M416 208H32c-17.67 0-32 14.33-32 32v32c0 17.67 14.33 32 32 32h384c17.67 0 32-14.33 32-32v-32c0-17.67-14.33-32-32-32z\" fill=\"currentColor\"><\/path><\/svg><\/span><\/button>\n\n\n<div class=\"gb-accordion__content\"><div class=\"gb-container gb-container-a215bf7a\">\n\n<p>S\u00ed, STEL Order ofrece soporte t\u00e9cnico para ayudarte con cualquier duda o problema que puedas tener en la emisi\u00f3n de DTEs.<\/p>\n\n<\/div><\/div>\n<\/div>\n<\/div>\n<\/div>\n<\/div>\n<\/div>","protected":false},"excerpt":{"rendered":"<p>Software de facturaci\u00f3n electr\u00f3nica DTE Factura electr\u00f3nicamente con el mejor programa de gesti\u00f3n Ahorra tiempos y automatiza el 90% de la facturaci\u00f3n electr\u00f3nica DTE de &#8230; <a title=\"Facturaci\u00f3n electr\u00f3nica DTE\" class=\"read-more\" href=\"https:\/\/www-stg.stelorder.com\/chile\/facturacion-electronica\/\" aria-label=\"Read more about Facturaci\u00f3n electr\u00f3nica DTE\">Leer<\/a><\/p>\n","protected":false},"author":4,"featured_media":27975,"parent":0,"menu_order":0,"comment_status":"closed","ping_status":"closed","template":"","meta":{"_acf_changed":false,"inline_featured_image":false,"footnotes":""},"class_list":{"0":"post-36426","1":"page","2":"type-page","3":"status-publish","4":"has-post-thumbnail","6":"no-featured-image-padding"},"acf":[],"_links":{"self":[{"href":"https:\/\/www-stg.stelorder.com\/chile\/wp-json\/wp\/v2\/pages\/36426","targetHints":{"allow":["GET"]}}],"collection":[{"href":"https:\/\/www-stg.stelorder.com\/chile\/wp-json\/wp\/v2\/pages"}],"about":[{"href":"https:\/\/www-stg.stelorder.com\/chile\/wp-json\/wp\/v2\/types\/page"}],"author":[{"embeddable":true,"href":"https:\/\/www-stg.stelorder.com\/chile\/wp-json\/wp\/v2\/users\/4"}],"replies":[{"embeddable":true,"href":"https:\/\/www-stg.stelorder.com\/chile\/wp-json\/wp\/v2\/comments?post=36426"}],"version-history":[{"count":0,"href":"https:\/\/www-stg.stelorder.com\/chile\/wp-json\/wp\/v2\/pages\/36426\/revisions"}],"wp:featuredmedia":[{"embeddable":true,"href":"https:\/\/www-stg.stelorder.com\/chile\/wp-json\/wp\/v2\/media\/27975"}],"wp:attachment":[{"href":"https:\/\/www-stg.stelorder.com\/chile\/wp-json\/wp\/v2\/media?parent=36426"}],"curies":[{"name":"wp","href":"https:\/\/api.w.org\/{rel}","templated":true}]}}