{"id":18576,"date":"2022-04-22T17:15:56","date_gmt":"2022-04-22T15:15:56","guid":{"rendered":"https:\/\/www-stg.stelorder.com\/blog\/"},"modified":"2022-05-04T11:56:36","modified_gmt":"2022-05-04T09:56:36","slug":"blog","status":"publish","type":"page","link":"https:\/\/www-stg.stelorder.com\/chile\/blog\/","title":{"rendered":"Blog"},"content":{"rendered":"<div class=\"gb-container gb-container-fb1386fd cl-padding-hero\" id=\"top\"><div class=\"gb-inside-container\">\n\n<h1 class=\"gb-headline gb-headline-d5cb37fb gb-headline-text\">Blog STEL Order<\/h1>\n\n\n\n<p class=\"has-text-align-center has-stel-pure-black-color has-text-color\">Noticias, actualidad y consejos para gestionar empresas y negocios.<br\/>Contenidos para hacer tu negocio y tu vida m\u00e1s f\u00e1cil.<\/p>\n\n\n<div class=\"gb-button-wrapper gb-button-wrapper-e50b418e\">\n\n<span class=\"gb-button gb-button-4dbc6f9a gb-button-text cl-btn-try\">Prueba STEL Order<\/span>\n\n<\/div>\n\n\n<p class=\"gb-headline gb-headline-6c112104 gb-headline-text\">Elige una de nuestras categor\u00edas<\/p>\n\n\n\n<h3 class=\"gb-headline gb-headline-2b4fcd50 gb-headline-text cl-h5\"><mark style=\"background-color:rgba(0, 0, 0, 0)\" class=\"has-inline-color has-stel-orange-color\"><a href=\"#ultimos\">\u00daltimos publicados<\/a><\/mark> \/ <a href=\"#mas-leidos\">M\u00e1s le\u00eddos<\/a> \/ <a href=\"#autonomos-y-empresas\">Aut\u00f3nomos y Empresas<\/a> \/ <mark style=\"background-color:rgba(0, 0, 0, 0)\" class=\"has-inline-color has-stel-black-color\"><a href=\"#erp\">ERP<\/a><\/mark>\/ <a href=\"#crm\">CRM <\/a>\/ <a href=\"#glosario\">Glosario empresarial<\/a> \/ <a href=\"#tecnicos\">Servicios T\u00e9cnicos<\/a> \/ <a href=\"#facturacion\">Facturaci\u00f3n<\/a> \/ <a href=\"#stel-order\">Noticias de STEL ORDER <\/a> <\/h3>\n\n\n\n<p><\/p>\n\n\n<form role=\"search\" method=\"get\" action=\"https:\/\/www-stg.stelorder.com\/chile\/\" class=\"wp-block-search__no-button aligncenter wp-block-search\"    ><label class=\"wp-block-search__label screen-reader-text\" for=\"wp-block-search__input-1\" >Buscar<\/label><div class=\"wp-block-search__inside-wrapper\"  style=\"width: 25%\"><input class=\"wp-block-search__input\" id=\"wp-block-search__input-1\" placeholder=\"Buscar art\u00edculo...\" value=\"\" type=\"search\" name=\"s\" required \/><\/div><\/form>\n<\/div><\/div><div class=\"gb-container gb-container-d1558ce3 cl-padding-normal\" id=\"ultimos\"><div class=\"gb-inside-container\">\n\n<h2 class=\"gb-headline gb-headline-69f03c91 gb-headline-text\">\u00daltimos art\u00edculos publicados -&gt;<\/h2>\n\n\n\n<div class=\"wp-block-query is-layout-constrained wp-container-core-query-is-layout-586f749a wp-block-query-is-layout-constrained\"><ul class=\"is-flex-container columns-4 wp-block-post-template is-layout-flow wp-block-post-template-is-layout-flow\"><li class=\"wp-block-post post-58726 post type-post status-publish format-standard has-post-thumbnail hentry category-facturacion tag-boleta tag-factura tag-gestion tag-sat-2 tag-sii no-featured-image-padding\">\n<div class=\"gb-container gb-container-a3110d57\"><div class=\"gb-inside-container\">\n<figure style=\"width:250px;height:140px; margin-bottom:20px;\" class=\"wp-block-post-featured-image\"><img decoding=\"async\" width=\"800\" height=\"533\" src=\"https:\/\/www-stg.stelorder.com\/wp-content\/uploads\/2025\/04\/diferencia-boletas-1.jpg\" class=\"attachment-post-thumbnail size-post-thumbnail wp-post-image\" alt=\"\" style=\"height:140px;object-fit:cover;\" srcset=\"https:\/\/www-stg.stelorder.com\/wp-content\/uploads\/2025\/04\/diferencia-boletas-1.jpg 800w, https:\/\/www-stg.stelorder.com\/wp-content\/uploads\/2025\/04\/diferencia-boletas-1-300x200.jpg 300w, https:\/\/www-stg.stelorder.com\/wp-content\/uploads\/2025\/04\/diferencia-boletas-1-768x512.jpg 768w\" sizes=\"(max-width: 800px) 100vw, 800px\" \/><\/figure>\n\n<div class=\"taxonomy-category wp-block-post-terms\"><a href=\"https:\/\/www-stg.stelorder.com\/chile\/blog\/category\/facturacion\/\" rel=\"tag\">Facturaci\u00f3n<\/a><\/div>\n\n<h2 style=\"font-size:18px; margin-bottom:50px;margin-top:10px;margin-left:0px;\" class=\"cl-a-black wp-block-post-title\"><a href=\"https:\/\/www-stg.stelorder.com\/chile\/blog\/diferencia-boleta-afecta-boleta-exenta\/\" target=\"_self\" >Boleta afecta vs boleta exenta: la gu\u00eda completa para emitir sin errores en Chile<\/a><\/h2>\n<\/div><\/div>\n<\/li><li class=\"wp-block-post post-55374 post type-post status-publish format-standard has-post-thumbnail hentry category-facturacion tag-factura tag-guia-de-despacho no-featured-image-padding\">\n<div class=\"gb-container gb-container-a3110d57\"><div class=\"gb-inside-container\">\n<figure style=\"width:250px;height:140px; margin-bottom:20px;\" class=\"wp-block-post-featured-image\"><img decoding=\"async\" width=\"799\" height=\"533\" src=\"https:\/\/www-stg.stelorder.com\/wp-content\/uploads\/2025\/02\/guia_despacho-portada.jpg\" class=\"attachment-post-thumbnail size-post-thumbnail wp-post-image\" alt=\"guia-despacho-portada\" style=\"height:140px;object-fit:cover;\" srcset=\"https:\/\/www-stg.stelorder.com\/wp-content\/uploads\/2025\/02\/guia_despacho-portada.jpg 799w, https:\/\/www-stg.stelorder.com\/wp-content\/uploads\/2025\/02\/guia_despacho-portada-300x200.jpg 300w, https:\/\/www-stg.stelorder.com\/wp-content\/uploads\/2025\/02\/guia_despacho-portada-768x512.jpg 768w\" sizes=\"(max-width: 799px) 100vw, 799px\" \/><\/figure>\n\n<div class=\"taxonomy-category wp-block-post-terms\"><a href=\"https:\/\/www-stg.stelorder.com\/chile\/blog\/category\/facturacion\/\" rel=\"tag\">Facturaci\u00f3n<\/a><\/div>\n\n<h2 style=\"font-size:18px; margin-bottom:50px;margin-top:10px;margin-left:0px;\" class=\"cl-a-black wp-block-post-title\"><a href=\"https:\/\/www-stg.stelorder.com\/chile\/blog\/guia-despacho\/\" target=\"_self\" >Gu\u00eda de despacho: qu\u00e9 es y c\u00f3mo hacerla<\/a><\/h2>\n<\/div><\/div>\n<\/li><li class=\"wp-block-post post-50329 post type-post status-publish format-standard has-post-thumbnail hentry category-facturacion tag-boleta tag-factura tag-gestion tag-sii no-featured-image-padding\">\n<div class=\"gb-container gb-container-a3110d57\"><div class=\"gb-inside-container\">\n<figure style=\"width:250px;height:140px; margin-bottom:20px;\" class=\"wp-block-post-featured-image\"><img decoding=\"async\" width=\"800\" height=\"534\" src=\"https:\/\/www-stg.stelorder.com\/wp-content\/uploads\/2024\/10\/boleta-y-factura-electronica-diferencias.jpg\" class=\"attachment-post-thumbnail size-post-thumbnail wp-post-image\" alt=\"\" style=\"height:140px;object-fit:cover;\" srcset=\"https:\/\/www-stg.stelorder.com\/wp-content\/uploads\/2024\/10\/boleta-y-factura-electronica-diferencias.jpg 800w, https:\/\/www-stg.stelorder.com\/wp-content\/uploads\/2024\/10\/boleta-y-factura-electronica-diferencias-300x200.jpg 300w, https:\/\/www-stg.stelorder.com\/wp-content\/uploads\/2024\/10\/boleta-y-factura-electronica-diferencias-768x513.jpg 768w\" sizes=\"(max-width: 800px) 100vw, 800px\" \/><\/figure>\n\n<div class=\"taxonomy-category wp-block-post-terms\"><a href=\"https:\/\/www-stg.stelorder.com\/chile\/blog\/category\/facturacion\/\" rel=\"tag\">Facturaci\u00f3n<\/a><\/div>\n\n<h2 style=\"font-size:18px; margin-bottom:50px;margin-top:10px;margin-left:0px;\" class=\"cl-a-black wp-block-post-title\"><a href=\"https:\/\/www-stg.stelorder.com\/chile\/blog\/boleta-y-factura-electronica\/\" target=\"_self\" >Boleta y Factura Electr\u00f3nica: qu\u00e9 son y en qu\u00e9 se diferencian<\/a><\/h2>\n<\/div><\/div>\n<\/li><li class=\"wp-block-post post-47279 post type-post status-publish format-standard has-post-thumbnail hentry category-uncategorized-chile tag-calefon tag-gasfiter tag-mantenciones tag-mantenimientos-2 tag-sat-2 tag-servicio-tecnico no-featured-image-padding\">\n<div class=\"gb-container gb-container-a3110d57\"><div class=\"gb-inside-container\">\n<figure style=\"width:250px;height:140px; margin-bottom:20px;\" class=\"wp-block-post-featured-image\"><img decoding=\"async\" width=\"800\" height=\"533\" src=\"https:\/\/www-stg.stelorder.com\/wp-content\/uploads\/2024\/08\/gasfiter.jpg\" class=\"attachment-post-thumbnail size-post-thumbnail wp-post-image\" alt=\"\" style=\"height:140px;object-fit:cover;\" srcset=\"https:\/\/www-stg.stelorder.com\/wp-content\/uploads\/2024\/08\/gasfiter.jpg 800w, https:\/\/www-stg.stelorder.com\/wp-content\/uploads\/2024\/08\/gasfiter-300x200.jpg 300w, https:\/\/www-stg.stelorder.com\/wp-content\/uploads\/2024\/08\/gasfiter-768x512.jpg 768w\" sizes=\"(max-width: 800px) 100vw, 800px\" \/><\/figure>\n\n<div class=\"taxonomy-category wp-block-post-terms\"><a href=\"https:\/\/www-stg.stelorder.com\/chile\/blog\/category\/uncategorized-chile\/\" rel=\"tag\">Uncategorized @chile<\/a><\/div>\n\n<h2 style=\"font-size:18px; margin-bottom:50px;margin-top:10px;margin-left:0px;\" class=\"cl-a-black wp-block-post-title\"><a href=\"https:\/\/www-stg.stelorder.com\/chile\/blog\/gasfiter\/\" target=\"_self\" >Gasfiter: qu\u00e9 hace y cu\u00e1nto gana<\/a><\/h2>\n<\/div><\/div>\n<\/li><\/ul><\/div>\n\n\n\n<p class=\"has-text-align-center\"><a href=\"https:\/\/www-stg.stelorder.com\/entradas-blog\/page\/2\/\" data-type=\"page\">Ver m\u00e1s entradas<\/a><\/p>\n\n<\/div><\/div><div class=\"gb-container gb-container-a5f78b78 cl-padding-normal\" id=\"mas-leidos\"><div class=\"gb-inside-container\">\n\n<div class=\"wp-block-group is-layout-flow wp-block-group-is-layout-flow\">\n<h2 class=\"gb-headline gb-headline-a036ca8a gb-headline-text\">Art\u00edculos m\u00e1s le\u00eddos -&gt;<\/h2>\n\n\n<div class=\"gb-container gb-container-2fa029c3\"><div class=\"gb-inside-container\">\n\n<p class=\"has-stel-pure-white-color has-text-color\" style=\"font-size:16px\"><a href=\"#top\">Volver arriba<\/a><\/p>\n\n\n\n<p>Selecci\u00f3n de los art\u00edculos m\u00e1s le\u00eddos en nuestro blog por nuestros clientes.<br\/>Est\u00e1n presentes temas de todas las categor\u00edas distintas relacionadas con la gesti\u00f3n de un negocio en los que se ha mostrado especial inter\u00e9s.<\/p>\n\n<\/div><\/div><\/div>\n\n\n\n<div class=\"wp-block-query is-layout-flow wp-block-query-is-layout-flow\"><\/div>\n\n\n\n<p><\/p>\n\n\n\n<p class=\"has-text-align-center has-medium-font-size\"><a href=\"https:\/\/www-stg.stelorder.com\/blog\/category\/mas-leidos\/\">Ver todos los art\u00edculos m\u00e1s le\u00eddos de nuestro blog -&gt;<\/a><\/p>\n\n<\/div><\/div><div class=\"gb-container gb-container-0ddac561 cl-padding-normal\" id=\"autonomos-y-empresas\"><div class=\"gb-inside-container\">\n\n<div class=\"wp-block-group is-layout-flow wp-block-group-is-layout-flow\">\n<h2 class=\"gb-headline gb-headline-a689b68f gb-headline-text\">Aut\u00f3nomos y Empresas -&gt;<\/h2>\n\n\n<div class=\"gb-container gb-container-8810c284\"><div class=\"gb-inside-container\">\n\n<p class=\"has-stel-pure-white-color has-text-color\" style=\"font-size:16px\"><a href=\"#top\">Volver arriba<\/a><\/p>\n\n\n\n<p>Temas relacionados con la gesti\u00f3n del negocio para aut\u00f3nomos, empresas y pymes. Tambi\u00e9n a\u00f1adimos noticias de actualidad especialmente importantes para este colectivo.<\/p>\n\n<\/div><\/div><\/div>\n\n\n\n<div class=\"wp-block-query is-layout-flow wp-block-query-is-layout-flow\"><\/div>\n\n\n\n<p><\/p>\n\n\n\n<p class=\"has-text-align-center has-medium-font-size\"><a href=\"https:\/\/www-stg.stelorder.com\/blog\/category\/autonomos-empresas\/\">Ver m\u00e1s art\u00edculos de aut\u00f3nomos y empresas -&gt;<\/a><\/p>\n\n<\/div><\/div><div class=\"gb-container gb-container-701e5403 cl-padding-normal\" id=\"erp\"><div class=\"gb-inside-container\">\n\n<div class=\"wp-block-group is-layout-flow wp-block-group-is-layout-flow\">\n<h2 class=\"gb-headline gb-headline-cf7468d2 gb-headline-text\">ERP -&gt;<\/h2>\n\n\n<div class=\"gb-container gb-container-4e7e41bf\"><div class=\"gb-inside-container\">\n\n<p class=\"has-stel-pure-white-color has-text-color\" style=\"font-size:16px\"><a href=\"#top\">Volver arriba<\/a><\/p>\n\n\n\n<p>Varios estudios han demostrado que la implementaci\u00f3n de un ERP para gestionar un negocio aumenta la productividad de toda la organizaci\u00f3n, reduce costos y aumenta beneficios. En este listado de art\u00edculos sobre ERP ofrecemos informaci\u00f3n que facilite la elecci\u00f3n de un ERP a aut\u00f3nomos y pymes.<\/p>\n\n<\/div><\/div><\/div>\n\n\n\n<div class=\"wp-block-query is-layout-flow wp-block-query-is-layout-flow\"><\/div>\n\n\n\n<p><\/p>\n\n\n\n<p class=\"has-text-align-center has-medium-font-size\"><a href=\"https:\/\/www-stg.stelorder.com\/blog\/category\/erp\/\">Ver m\u00e1s art\u00edculos sobre ERP -&gt;<\/a><\/p>\n\n<\/div><\/div><div class=\"gb-container gb-container-e11cf8ab cl-padding-normal\" id=\"crm\"><div class=\"gb-inside-container\">\n\n<div class=\"wp-block-group is-layout-flow wp-block-group-is-layout-flow\">\n<h2 class=\"gb-headline gb-headline-283d7c8f gb-headline-text\">CRM -&gt;<\/h2>\n\n\n<div class=\"gb-container gb-container-90e0e5cc\"><div class=\"gb-inside-container\">\n\n<p class=\"has-stel-pure-white-color has-text-color\" style=\"font-size:16px\"><a href=\"#top\">Volver arriba<\/a><\/p>\n\n\n\n<p>La gesti\u00f3n de clientes y ventas es uno de los procesos m\u00e1s importantes dentro de la empresa, por lo que contar con un m\u00f3dulo dedicado a la gesti\u00f3n de clientes dentro del programa de gesti\u00f3n o ERP es de vital importancia. <\/p>\n\n<\/div><\/div><\/div>\n\n\n\n<div class=\"wp-block-query is-layout-flow wp-block-query-is-layout-flow\"><\/div>\n\n\n\n<p><\/p>\n\n\n\n<p class=\"has-text-align-center has-medium-font-size\"><a href=\"https:\/\/www-stg.stelorder.com\/blog\/category\/crm\/\">Ver m\u00e1s art\u00edculos sobre CRM-&gt;<\/a><\/p>\n\n<\/div><\/div><div class=\"gb-container gb-container-00b144d6 cl-padding-normal\" id=\"glosario\"><div class=\"gb-inside-container\">\n\n<div class=\"wp-block-group is-layout-flow wp-block-group-is-layout-flow\">\n<h2 class=\"gb-headline gb-headline-80e91454 gb-headline-text\">Glosario Empresarial -&gt;<\/h2>\n\n\n<div class=\"gb-container gb-container-05212c02\"><div class=\"gb-inside-container\">\n\n<p class=\"has-stel-pure-white-color has-text-color\" style=\"font-size:16px\"><a href=\"#top\">Volver arriba<\/a><\/p>\n\n\n\n<p>Listado de art\u00edculos de tem\u00e1tica general, asuntos relacionados con impuestos, t\u00e9rminos ec\u00f3nomicos en concreto, econom\u00eda en general y con la administraci\u00f3n Espa\u00f1ola.<br\/><\/p>\n\n<\/div><\/div><\/div>\n\n\n\n<div class=\"wp-block-query is-layout-flow wp-block-query-is-layout-flow\"><\/div>\n\n\n\n<p><\/p>\n\n\n\n<p class=\"has-text-align-center has-medium-font-size\"><a href=\"https:\/\/www-stg.stelorder.com\/blog\/category\/glosario-empresarial\/\">Ver m\u00e1s art\u00edculos sobre Glosario-&gt;<\/a><\/p>\n\n<\/div><\/div><div class=\"gb-container gb-container-754c4922 cl-padding-normal\" id=\"facturacion\"><div class=\"gb-inside-container\">\n\n<div class=\"wp-block-group is-layout-flow wp-block-group-is-layout-flow\">\n<h2 class=\"gb-headline gb-headline-dd5fcb21 gb-headline-text\">Facturaci\u00f3n -&gt;<\/h2>\n\n\n<div class=\"gb-container gb-container-c2acf1ed\"><div class=\"gb-inside-container\">\n\n<p class=\"has-stel-pure-white-color has-text-color\" style=\"font-size:16px\"><a href=\"#top\">Volver arriba<\/a><\/p>\n\n\n\n<p>La forma m\u00e1s r\u00e1pida de hacer facturas y presupuestos diariamente para miles de aut\u00f3nomos y pymes es STEL Order. Adem\u00e1s de ayudar con nuestro programa de facturaci\u00f3n, tambi\u00e9n te presentamos estos art\u00edculos de suma importancia para elegir un programa de facturaci\u00f3n acorde a tus necesidades y para resolver dudas sobre la facturaci\u00f3n en tu negocio.<\/p>\n\n<\/div><\/div><\/div>\n\n\n\n<div class=\"wp-block-query is-layout-flow wp-block-query-is-layout-flow\"><\/div>\n\n\n\n<p><\/p>\n\n\n\n<p class=\"has-text-align-center has-medium-font-size\"><a href=\"https:\/\/www-stg.stelorder.com\/blog\/category\/programa-facturacion\/\">Ver m\u00e1s art\u00edculos sobre Facturaci\u00f3n-&gt;<\/a><\/p>\n\n<\/div><\/div><div class=\"gb-container gb-container-602a496f cl-padding-normal\" id=\"tecnicos\"><div class=\"gb-inside-container\">\n\n<div class=\"wp-block-group is-layout-flow wp-block-group-is-layout-flow\">\n<h2 class=\"gb-headline gb-headline-09838776 gb-headline-text\">Servicios T\u00e9cnicos -&gt;<\/h2>\n\n\n<div class=\"gb-container gb-container-ed437fad\"><div class=\"gb-inside-container\">\n\n<p class=\"has-stel-pure-white-color has-text-color\" style=\"font-size:16px\"><a href=\"#top\">Volver arriba<\/a><\/p>\n\n\n\n<p>Miles de aut\u00f3nomos y pymes del sector de Servicios de Atenci\u00f3n T\u00e9cnica han elegido STEL Order para gestionar su negocio. Gracias al m\u00f3dulo de SAT, las empresas pueden gestionar mejor sus mantenimientos preventivos y correctivos. En estos art\u00edculos tratamos temas relacionados con los profesionales de este sector.<br\/><\/p>\n\n<\/div><\/div><\/div>\n\n\n\n<div class=\"wp-block-query is-layout-flow wp-block-query-is-layout-flow\"><\/div>\n\n\n\n<p><\/p>\n\n\n\n<p class=\"has-text-align-center has-medium-font-size\"><a href=\"https:\/\/www-stg.stelorder.com\/blog\/category\/servicios-tecnicos\/\">Ver m\u00e1s art\u00edculos sobre Servicios T\u00e9cnicos-&gt;<\/a><\/p>\n\n<\/div><\/div><div class=\"gb-container gb-container-3a3554bb cl-padding-normal\" id=\"stel-order\"><div class=\"gb-inside-container\">\n\n<div class=\"wp-block-group is-layout-flow wp-block-group-is-layout-flow\">\n<h2 class=\"gb-headline gb-headline-03876ef3 gb-headline-text\">Noticias de STEL Order -&gt;<\/h2>\n\n\n<div class=\"gb-container gb-container-0db1b676\"><div class=\"gb-inside-container\">\n\n<p class=\"has-stel-pure-white-color has-text-color\" style=\"font-size:16px\"><a href=\"#top\">Volver arriba<\/a><\/p>\n\n\n\n<p>Hace ya casi 10 a\u00f1os que comenzamos a desarrollar STEL Order con el objetivo de ayudar a miles de peque\u00f1os empresarios del mundo a hacer su negocio y su vida m\u00e1s f\u00e1cil. Lo cierto es que podemos afirmar que estamos consiguiendo ese objetivo. Aqu\u00ed hacemos una peque\u00f1a recolecci\u00f3n sobre las noticias relacionadas con STEL Order, como lanzamiento de nuevas funcionalidades y versiones.<br\/><\/p>\n\n<\/div><\/div><\/div>\n\n\n\n<div class=\"wp-block-query is-layout-flow wp-block-query-is-layout-flow\"><\/div>\n\n\n\n<p><\/p>\n\n\n\n<p class=\"has-text-align-center has-medium-font-size\"><a href=\"https:\/\/www-stg.stelorder.com\/blog\/category\/stel-order\/\">Ver todas las noticias de STEL Order<\/a> <a href=\"https:\/\/www-stg.stelorder.com\/blog\/category\/stel-order\/\">-&gt;<\/a><\/p>\n\n<\/div><\/div>","protected":false},"excerpt":{"rendered":"<p>Blog STEL Order Noticias, actualidad y consejos para gestionar empresas y negocios.Contenidos para hacer tu negocio y tu vida m\u00e1s f\u00e1cil. Elige una de nuestras &#8230; <a title=\"Blog\" class=\"read-more\" href=\"https:\/\/www-stg.stelorder.com\/chile\/blog\/\" aria-label=\"Read more about Blog\">Leer<\/a><\/p>\n","protected":false},"author":4,"featured_media":27975,"parent":0,"menu_order":0,"comment_status":"closed","ping_status":"closed","template":"","meta":{"_acf_changed":false,"inline_featured_image":false,"footnotes":""},"class_list":{"0":"post-18576","1":"page","2":"type-page","3":"status-publish","4":"has-post-thumbnail","6":"no-featured-image-padding"},"acf":[],"_links":{"self":[{"href":"https:\/\/www-stg.stelorder.com\/chile\/wp-json\/wp\/v2\/pages\/18576","targetHints":{"allow":["GET"]}}],"collection":[{"href":"https:\/\/www-stg.stelorder.com\/chile\/wp-json\/wp\/v2\/pages"}],"about":[{"href":"https:\/\/www-stg.stelorder.com\/chile\/wp-json\/wp\/v2\/types\/page"}],"author":[{"embeddable":true,"href":"https:\/\/www-stg.stelorder.com\/chile\/wp-json\/wp\/v2\/users\/4"}],"replies":[{"embeddable":true,"href":"https:\/\/www-stg.stelorder.com\/chile\/wp-json\/wp\/v2\/comments?post=18576"}],"version-history":[{"count":0,"href":"https:\/\/www-stg.stelorder.com\/chile\/wp-json\/wp\/v2\/pages\/18576\/revisions"}],"wp:featuredmedia":[{"embeddable":true,"href":"https:\/\/www-stg.stelorder.com\/chile\/wp-json\/wp\/v2\/media\/27975"}],"wp:attachment":[{"href":"https:\/\/www-stg.stelorder.com\/chile\/wp-json\/wp\/v2\/media?parent=18576"}],"curies":[{"name":"wp","href":"https:\/\/api.w.org\/{rel}","templated":true}]}}