{"id":10911,"date":"2021-10-25T10:23:18","date_gmt":"2021-10-25T08:23:18","guid":{"rendered":"https:\/\/www-stg.stelorder.com\/club-amigo\/"},"modified":"2026-01-27T17:23:26","modified_gmt":"2026-01-27T16:23:26","slug":"club-amigo","status":"publish","type":"page","link":"https:\/\/www-stg.stelorder.com\/chile\/club-amigo\/","title":{"rendered":"Club Amigo"},"content":{"rendered":"\n<div class=\"gb-element-e42f4f35\">\n<div class=\"gb-element-092b618e\">\n<p class=\"gb-text H3700 gb-text-6ec15c71\">Club Amigo <\/p>\n\n\n\n<p class=\"gb-text H1500 gb-text-191fe815\">Gana descuentos por hacer la vida de tus amigos m\u00e1s f\u00e1cil<\/p>\n\n\n\n<p class=\"gb-text H3500 gb-text-cd98f528\">Recomienda STEL Order a tus amigos y consigue descuentos.<\/p>\n\n\n<div class=\"gb-container gb-container-6cbcf739\">\n<div class=\"gb-container gb-container-f30eebbe\">\n\n<figure class=\"gb-block-image gb-block-image-80b12271\"><img decoding=\"async\" width=\"80\" height=\"15\" class=\"gb-image gb-image-80b12271\" src=\"https:\/\/www-stg.stelorder.com\/wp-content\/uploads\/2024\/10\/Frame-4.svg\" alt=\"\" title=\"Frame 4\"><\/figure>\n\n\n\n<div class=\"gb-headline gb-headline-ff3ef2d1 gb-headline-text\">4,9\/5 con m\u00e1s de 3000 rese\u00f1as reales<\/div>\n\n<\/div>\n\n<div class=\"gb-container gb-container-1b5f063c\">\n<div class=\"gb-button-wrapper gb-button-wrapper-62553c37\">\n\n<span class=\"gb-button gb-button-318cd016 gb-button-text cl-href-try\" target=\"_blank\" rel=\"noopener noreferrer\">Pru\u00e9balo GRATIS<\/span>\n\n<\/div>\n<\/div>\n<\/div><\/div>\n\n\n\n<div class=\"gb-element-a23b5d98\">\n<img decoding=\"async\" width=\"1600\" height=\"899\" class=\"gb-media-a8fb24fd\" alt=\"\" src=\"https:\/\/www-stg.stelorder.com\/wp-content\/uploads\/2026\/01\/hero-5.png\" title=\"hero (5)\" srcset=\"https:\/\/www-stg.stelorder.com\/wp-content\/uploads\/2026\/01\/hero-5.png 1600w, https:\/\/www-stg.stelorder.com\/wp-content\/uploads\/2026\/01\/hero-5-300x169.png 300w, https:\/\/www-stg.stelorder.com\/wp-content\/uploads\/2026\/01\/hero-5-1024x575.png 1024w, https:\/\/www-stg.stelorder.com\/wp-content\/uploads\/2026\/01\/hero-5-768x432.png 768w, https:\/\/www-stg.stelorder.com\/wp-content\/uploads\/2026\/01\/hero-5-1536x863.png 1536w\" sizes=\"(max-width: 1600px) 100vw, 1600px\" \/>\n<\/div>\n<\/div>\n\n<div class=\"gb-element-21cb1b7d\">\n<div class=\"gb-element-b5463dd5\">\n<p class=\"gb-text H2600 gb-text-ac6a001d\">Mejoramos el Club Amigo<\/p>\n\n\n\n<p class=\"gb-text Body400 gb-text-dafd523f\">Ahora podr\u00e1s conseguir hasta el 100% de descuento en tus facturas. Si no lo crees, echa un vistazo a este v\u00eddeo y comienza a ahorrar con STEL Order. <\/p>\n\n\n\n<figure class=\"wp-block-image aligncenter size-full\"><a data-fslightbox=\"\" href=\"https:\/\/www.youtube.com\/watch?v=IqMxHC0Kzis\" rel=\"nofollow noopener\" target=\"_blank\"><img decoding=\"async\" src=\"https:\/\/www-stg.stelorder.com\/wp-content\/uploads\/2026\/01\/image-14-1.png\"\/><\/a><\/figure>\n<\/div>\n<\/div>\n\n<div class=\"gb-element-aabee10d\">\n<div class=\"gb-element-eb7d9e77\">\n<p class=\"gb-text H2600 gb-text-8c4494a3\">T\u00fa no tendr\u00e1s que hacer nada<\/p>\n\n\n\n<p class=\"gb-text H3500 gb-text-5e03986d\">Comparte con nosotros los contactos de tus amigos interesados en contratar STEL Order y nosotros les llamamos.<\/p>\n<\/div>\n\n\n\n<div class=\"gb-element-5516c681\">\n<img decoding=\"async\" width=\"1600\" height=\"859\" class=\"gb-media-a078f65c\" alt=\"\" src=\"https:\/\/www-stg.stelorder.com\/wp-content\/uploads\/2025\/11\/image-106.png\" title=\"image 106\" srcset=\"https:\/\/www-stg.stelorder.com\/wp-content\/uploads\/2025\/11\/image-106.png 1600w, https:\/\/www-stg.stelorder.com\/wp-content\/uploads\/2025\/11\/image-106-300x161.png 300w, https:\/\/www-stg.stelorder.com\/wp-content\/uploads\/2025\/11\/image-106-1024x550.png 1024w, https:\/\/www-stg.stelorder.com\/wp-content\/uploads\/2025\/11\/image-106-768x413.png 768w, https:\/\/www-stg.stelorder.com\/wp-content\/uploads\/2025\/11\/image-106-1536x825.png 1536w\" sizes=\"(max-width: 1600px) 100vw, 1600px\" \/>\n<\/div>\n<\/div>\n\n<div class=\"gb-element-f33b0d40\">\n<div class=\"gb-element-b405be0c\">\n<div class=\"gb-element-6263dedf\">\n<p class=\"gb-text gb-text-7d38f081\">Club Amigo de STEL Order<\/p>\n\n\n\n<p class=\"gb-text gb-text-616bcad3\">Por cada uno de tus amigos que contrate STEL Order, obtendr\u00e1s descuentos directos en tus facturas.\u2028 Adem\u00e1s, si tus empleados tambi\u00e9n recomiendan STEL Order, ganar\u00e1n tarjetas regalo, \u00a1y t\u00fa seguir\u00e1s acumulando m\u00e1s descuentos!<\/p>\n<\/div>\n\n\n\n<div class=\"gb-element-398d7865\">\n<img decoding=\"async\" width=\"1400\" height=\"86\" class=\"gb-media-26753546\" alt=\"\" src=\"https:\/\/www-stg.stelorder.com\/wp-content\/uploads\/2025\/11\/txt.svg\" title=\"txt\">\n<\/div>\n\n\n\n<div class=\"gb-element-cc1bac89\">\n<div class=\"gb-element-90da87c5\">\n<img decoding=\"async\" width=\"554\" height=\"1\" src=\"https:\/\/www-stg.stelorder.com\/wp-content\/uploads\/2026\/01\/Vector-139.svg\" alt=\"\">\n<\/div>\n\n\n\n<div class=\"gb-element-334cbdc8\">\n<p class=\"gb-text Body700 gb-text-f80ae087\">Si eres administrador&#8230;<\/p>\n<\/div>\n\n\n\n<div class=\"gb-element-4f0f2ade\">\n<img decoding=\"async\" width=\"554\" height=\"1\" src=\"https:\/\/www-stg.stelorder.com\/wp-content\/uploads\/2026\/01\/Vector-139.svg\" alt=\"\">\n<\/div>\n<\/div>\n\n\n\n<div class=\"gb-element-3d979547\">\n<div class=\"gb-element-b09b5dc3\">\n<p class=\"gb-text H2600 gb-text-5933ee92\">20% para ti y 10% para tu amigo. \u00a1STEL Order puede salirte gratis! <\/p>\n\n\n\n<p class=\"gb-text Body400 gb-text-68ea8d39\">Acumula el 20% de la primera factura de cada amigo que contrate STEL Order.<\/p>\n<\/div>\n\n\n\n<div class=\"gb-element-5f1d89f9\">\n<img decoding=\"async\" width=\"1024\" height=\"777\" class=\"gb-media-a3a6c3ad\" src=\"https:\/\/www-stg.stelorder.com\/wp-content\/uploads\/2025\/11\/image-112-1024x777.png\" alt=\"\" srcset=\"https:\/\/www-stg.stelorder.com\/wp-content\/uploads\/2025\/11\/image-112-1024x777.png 1024w, https:\/\/www-stg.stelorder.com\/wp-content\/uploads\/2025\/11\/image-112-300x228.png 300w, https:\/\/www-stg.stelorder.com\/wp-content\/uploads\/2025\/11\/image-112-768x583.png 768w, https:\/\/www-stg.stelorder.com\/wp-content\/uploads\/2025\/11\/image-112.png 1144w\" sizes=\"(max-width: 1024px) 100vw, 1024px\" \/>\n<\/div>\n<\/div>\n\n\n\n<div class=\"gb-element-54a1177e\">\n<div class=\"gb-element-cc6b6c76\">\n<p class=\"gb-text H3700 gb-text-fb7852fd\">Club Amigo <\/p>\n\n\n\n<p class=\"gb-text H2600 gb-text-c6822128\">\u00a1Y ahora tus empleados tambi\u00e9n!<\/p>\n\n\n\n<p class=\"gb-text Body400 gb-text-df5972f7\">Si tus trabajadores recomiendan STEL Order, podr\u00e1n conseguir tarjetas regalo de Amazon y t\u00fa podr\u00e1s seguir acumulando m\u00e1s descuentos en tus facturas.<\/p>\n<\/div>\n\n\n\n<div class=\"gb-element-81a6c178\">\n<figure class=\"wp-block-image size-large\"><img decoding=\"async\" width=\"1024\" height=\"644\" src=\"https:\/\/www-stg.stelorder.com\/wp-content\/uploads\/2025\/11\/image-109-1024x644.png\" alt=\"\" class=\"wp-image-68677\" srcset=\"https:\/\/www-stg.stelorder.com\/wp-content\/uploads\/2025\/11\/image-109-1024x644.png 1024w, https:\/\/www-stg.stelorder.com\/wp-content\/uploads\/2025\/11\/image-109-300x189.png 300w, https:\/\/www-stg.stelorder.com\/wp-content\/uploads\/2025\/11\/image-109-768x483.png 768w, https:\/\/www-stg.stelorder.com\/wp-content\/uploads\/2025\/11\/image-109.png 1380w\" sizes=\"(max-width: 1024px) 100vw, 1024px\" \/><\/figure>\n<\/div>\n<\/div>\n\n\n\n<div class=\"gb-element-91e10ccb\">\n<div class=\"gb-element-45d4a36b\">\n<p class=\"gb-text H2600 gb-text-dd744004\">Consigue hasta un 100% de descuento<\/p>\n\n\n\n<p class=\"gb-text Body400 gb-text-6846d09f\">Consulta tu saldo acumulado y descubre cu\u00e1nto te falta para conseguir el 100% de descuento en tu pr\u00f3xima factura.<\/p>\n<\/div>\n\n\n\n<div class=\"gb-element-50f33e03\">\n<img decoding=\"async\" width=\"1024\" height=\"777\" class=\"gb-media-a79f2647\" src=\"https:\/\/www-stg.stelorder.com\/wp-content\/uploads\/2025\/11\/salgo-1-1024x777.png\" alt=\"\" srcset=\"https:\/\/www-stg.stelorder.com\/wp-content\/uploads\/2025\/11\/salgo-1-1024x777.png 1024w, https:\/\/www-stg.stelorder.com\/wp-content\/uploads\/2025\/11\/salgo-1-300x228.png 300w, https:\/\/www-stg.stelorder.com\/wp-content\/uploads\/2025\/11\/salgo-1-768x583.png 768w, https:\/\/www-stg.stelorder.com\/wp-content\/uploads\/2025\/11\/salgo-1.png 1144w\" sizes=\"(max-width: 1024px) 100vw, 1024px\" \/>\n<\/div>\n<\/div>\n\n\n\n<div class=\"gb-element-0c6ee4dd\">\n<p class=\"gb-text Body700 gb-text-28f7ad01\">Si eres empleado&#8230;<\/p>\n<\/div>\n\n\n\n<div class=\"gb-element-144f16d8\">\n<figure class=\"wp-block-image size-large\"><img decoding=\"async\" src=\"https:\/\/www-stg.stelorder.com\/wp-content\/uploads\/2025\/11\/txt-1.svg\" alt=\"\" class=\"wp-image-68690\"\/><\/figure>\n<\/div>\n\n\n\n<div class=\"gb-element-3b6321a2\">\n<div class=\"gb-element-35231b69\">\n<p class=\"gb-text H2600 gb-text-0f1e9966\">Recomendar STEL Order tiene premio<\/p>\n\n\n\n<p class=\"gb-text Body400 gb-text-359ab6f0\">Si tus amigos contratan STEL Order durante un a\u00f1o o m\u00e1s, conseguir\u00e1s tarjetas regalo de hasta 50 \u20ac por cada uno que traigas.<\/p>\n<\/div>\n\n\n\n<div class=\"gb-element-067cc687\">\n<img decoding=\"async\" width=\"1024\" height=\"662\" class=\"gb-media-709c08f3\" src=\"https:\/\/www-stg.stelorder.com\/wp-content\/uploads\/2025\/11\/suscripciones-1024x662.png\" alt=\"\" srcset=\"https:\/\/www-stg.stelorder.com\/wp-content\/uploads\/2025\/11\/suscripciones-1024x662.png 1024w, https:\/\/www-stg.stelorder.com\/wp-content\/uploads\/2025\/11\/suscripciones-300x194.png 300w, https:\/\/www-stg.stelorder.com\/wp-content\/uploads\/2025\/11\/suscripciones-768x497.png 768w, https:\/\/www-stg.stelorder.com\/wp-content\/uploads\/2025\/11\/suscripciones.png 1144w\" sizes=\"(max-width: 1024px) 100vw, 1024px\" \/>\n<\/div>\n<\/div>\n\n\n\n<div class=\"gb-element-5b00feeb\">\n<div class=\"gb-element-03e3a252\">\n<p class=\"gb-text H2600 gb-text-cd47a2e8\">Consulta tu saldo acumulado en tiempo real<\/p>\n\n\n\n<p class=\"gb-text Body400 gb-text-1020a326\">Revisa en cualquier momento tu saldo total y ret\u00edralo cuando quieras en forma de tarjeta regalo.<\/p>\n<\/div>\n\n\n\n<div class=\"gb-element-ff2434b7\">\n<img decoding=\"async\" width=\"1024\" height=\"938\" class=\"gb-media-4bc90cdc\" src=\"https:\/\/www-stg.stelorder.com\/wp-content\/uploads\/2025\/11\/saldo-1024x938.png\" alt=\"\" srcset=\"https:\/\/www-stg.stelorder.com\/wp-content\/uploads\/2025\/11\/saldo-1024x938.png 1024w, https:\/\/www-stg.stelorder.com\/wp-content\/uploads\/2025\/11\/saldo-300x275.png 300w, https:\/\/www-stg.stelorder.com\/wp-content\/uploads\/2025\/11\/saldo-768x704.png 768w, https:\/\/www-stg.stelorder.com\/wp-content\/uploads\/2025\/11\/saldo.png 1384w\" sizes=\"(max-width: 1024px) 100vw, 1024px\" \/>\n<\/div>\n<\/div>\n<\/div>\n<\/div>\n<div class=\"gb-container gb-container-8f68eddb\" id=\"faq\">\n<div class=\"gb-container gb-container-0f0cc7dd\">\n\n<h2 class=\"gb-headline gb-headline-a06345a2 gb-headline-text\">Preguntas frecuentes<\/h2>\n\n\n<div class=\"gb-container gb-container-937b5517 gb-accordion\">\n<div class=\"gb-container gb-container-1197361e gb-accordion__item gb-accordion__item-open\" data-transition=\"slide\">\n\n<button class=\"gb-button gb-button-44443896 gb-accordion__toggle gb-block-is-current\" id=\"gb-accordion-toggle-44443896\"><span class=\"gb-icon\"><svg xmlns=\"http:\/\/www.w3.org\/2000\/svg\" class=\"gb-accordion__icon\" fill=\"none\" viewbox=\"0 0 33 33\" height=\"25\" width=\"24\"> <path fill=\"#FD893A\" d=\"M12 4.80713C12.5523 4.80713 13 5.25484 13 5.80713V11.8071H19C19.5523 11.8071 20 12.2548 20 12.8071C20 13.3594 19.5523 13.8071 19 13.8071H13V19.8071C13 20.3594 12.5523 20.8071 12 20.8071C11.4477 20.8071 11 20.3594 11 19.8071V13.8071H5C4.44772 13.8071 4 13.3594 4 12.8071C4 12.2548 4.44772 11.8071 5 11.8071H11V5.80713C11 5.25484 11.4477 4.80713 12 4.80713Z\" clip-rule=\"evenodd\" fill-rule=\"evenodd\"><\/path>  <\/svg>  <svg xmlns=\"http:\/\/www.w3.org\/2000\/svg\" class=\"gb-accordion__icon-open\" fill=\"none\" viewbox=\"0 0 33 33\" height=\"25\" width=\"24\">  <path fill=\"#FD893A\" d=\"M5.29289 6.10002C5.68342 5.7095 6.31658 5.7095 6.70711 6.10002L12 11.3929L17.2929 6.10002C17.6834 5.7095 18.3166 5.7095 18.7071 6.10002C19.0976 6.49055 19.0976 7.12371 18.7071 7.51424L13.4142 12.8071L18.7071 18.1C19.0976 18.4905 19.0976 19.1237 18.7071 19.5142C18.3166 19.9048 17.6834 19.9048 17.2929 19.5142L12 14.2213L6.70711 19.5142C6.31658 19.9048 5.68342 19.9048 5.29289 19.5142C4.90237 19.1237 4.90237 18.4905 5.29289 18.1L10.5858 12.8071L5.29289 7.51424C4.90237 7.12371 4.90237 6.49055 5.29289 6.10002Z\" clip-rule=\"evenodd\" fill-rule=\"evenodd\"><\/path><\/svg><\/span><span class=\"gb-button-text\">\u00bfPara qui\u00e9n es STEL Order?<\/span><\/button>\n\n\n<div id=\"gb-accordion-content-2d9cc6f6\" class=\"gb-accordion__content\"><div class=\"gb-container gb-container-2d9cc6f6\">\n\n<p>STEL Order est\u00e1 dise\u00f1ado para ayudar a aut\u00f3nomos, peque\u00f1as y medianas empresas a hacer su negocio y su vida m\u00e1s f\u00e1cil, optimizando sus recursos y agilizando sus procesos, en todos los \u00e1mbitos requeridos: Ventas, Compras, Att. al cliente y Operaciones.<\/p>\n\n<\/div><\/div>\n<\/div>\n\n<div class=\"gb-container gb-container-a84c4a2a gb-accordion__item\" data-transition=\"slide\">\n\n<button class=\"gb-button gb-button-d5396aee gb-accordion__toggle\" id=\"gb-accordion-toggle-d5396aee\"><span class=\"gb-icon\"><svg xmlns=\"http:\/\/www.w3.org\/2000\/svg\" class=\"gb-accordion__icon\" fill=\"none\" viewbox=\"0 0 33 33\" height=\"25\" width=\"24\"> <path fill=\"#FD893A\" d=\"M12 4.80713C12.5523 4.80713 13 5.25484 13 5.80713V11.8071H19C19.5523 11.8071 20 12.2548 20 12.8071C20 13.3594 19.5523 13.8071 19 13.8071H13V19.8071C13 20.3594 12.5523 20.8071 12 20.8071C11.4477 20.8071 11 20.3594 11 19.8071V13.8071H5C4.44772 13.8071 4 13.3594 4 12.8071C4 12.2548 4.44772 11.8071 5 11.8071H11V5.80713C11 5.25484 11.4477 4.80713 12 4.80713Z\" clip-rule=\"evenodd\" fill-rule=\"evenodd\"><\/path>  <\/svg>  <svg xmlns=\"http:\/\/www.w3.org\/2000\/svg\" class=\"gb-accordion__icon-open\" fill=\"none\" viewbox=\"0 0 33 33\" height=\"25\" width=\"24\">  <path fill=\"#FD893A\" d=\"M5.29289 6.10002C5.68342 5.7095 6.31658 5.7095 6.70711 6.10002L12 11.3929L17.2929 6.10002C17.6834 5.7095 18.3166 5.7095 18.7071 6.10002C19.0976 6.49055 19.0976 7.12371 18.7071 7.51424L13.4142 12.8071L18.7071 18.1C19.0976 18.4905 19.0976 19.1237 18.7071 19.5142C18.3166 19.9048 17.6834 19.9048 17.2929 19.5142L12 14.2213L6.70711 19.5142C6.31658 19.9048 5.68342 19.9048 5.29289 19.5142C4.90237 19.1237 4.90237 18.4905 5.29289 18.1L10.5858 12.8071L5.29289 7.51424C4.90237 7.12371 4.90237 6.49055 5.29289 6.10002Z\" clip-rule=\"evenodd\" fill-rule=\"evenodd\"><\/path><\/svg><\/span><span class=\"gb-button-text\">\u00bfPuedo probar STEL Order sin pagar?<\/span><\/button>\n\n\n<div id=\"gb-accordion-content-17ae6cba\" class=\"gb-accordion__content\"><div class=\"gb-container gb-container-17ae6cba\">\n\n<p style=\"padding-right:var(--wp--preset--spacing--20);padding-left:var(--wp--preset--spacing--20)\">STEL Order cuenta con un per\u00edodo de prueba extenso de 15 d\u00edas para que puedas comprobar todo su potencial y m\u00f3dulos. Adem\u00e1s, podr\u00e1s ver demostraciones de c\u00f3mo usar STEL Order en tu d\u00eda a d\u00eda por tu consultor.<\/p>\n\n<\/div><\/div>\n<\/div>\n\n<div class=\"gb-container gb-container-f1ff2754 gb-accordion__item\" data-transition=\"slide\">\n\n<button class=\"gb-button gb-button-ef3af420 gb-accordion__toggle\" id=\"gb-accordion-toggle-ef3af420\"><span class=\"gb-icon\"><svg xmlns=\"http:\/\/www.w3.org\/2000\/svg\" class=\"gb-accordion__icon\" fill=\"none\" viewbox=\"0 0 33 33\" height=\"25\" width=\"24\"> <path fill=\"#FD893A\" d=\"M12 4.80713C12.5523 4.80713 13 5.25484 13 5.80713V11.8071H19C19.5523 11.8071 20 12.2548 20 12.8071C20 13.3594 19.5523 13.8071 19 13.8071H13V19.8071C13 20.3594 12.5523 20.8071 12 20.8071C11.4477 20.8071 11 20.3594 11 19.8071V13.8071H5C4.44772 13.8071 4 13.3594 4 12.8071C4 12.2548 4.44772 11.8071 5 11.8071H11V5.80713C11 5.25484 11.4477 4.80713 12 4.80713Z\" clip-rule=\"evenodd\" fill-rule=\"evenodd\"><\/path>  <\/svg>  <svg xmlns=\"http:\/\/www.w3.org\/2000\/svg\" class=\"gb-accordion__icon-open\" fill=\"none\" viewbox=\"0 0 33 33\" height=\"25\" width=\"24\">  <path fill=\"#FD893A\" d=\"M5.29289 6.10002C5.68342 5.7095 6.31658 5.7095 6.70711 6.10002L12 11.3929L17.2929 6.10002C17.6834 5.7095 18.3166 5.7095 18.7071 6.10002C19.0976 6.49055 19.0976 7.12371 18.7071 7.51424L13.4142 12.8071L18.7071 18.1C19.0976 18.4905 19.0976 19.1237 18.7071 19.5142C18.3166 19.9048 17.6834 19.9048 17.2929 19.5142L12 14.2213L6.70711 19.5142C6.31658 19.9048 5.68342 19.9048 5.29289 19.5142C4.90237 19.1237 4.90237 18.4905 5.29289 18.1L10.5858 12.8071L5.29289 7.51424C4.90237 7.12371 4.90237 6.49055 5.29289 6.10002Z\" clip-rule=\"evenodd\" fill-rule=\"evenodd\"><\/path><\/svg><\/span><span class=\"gb-button-text\">\u00bfPuedo cancelar mi suscripci\u00f3n cuando quiera?<\/span><\/button>\n\n\n<div id=\"gb-accordion-content-149074ec\" class=\"gb-accordion__content\"><div class=\"gb-container gb-container-149074ec\">\n\n<p style=\"padding-right:var(--wp--preset--spacing--20);padding-left:var(--wp--preset--spacing--20)\">Puedes dejar el servicio cuando quieras y llevarte tus datos contigo. En caso de haber contratado un plan anual, respetaremos la contrataci\u00f3n y disfrutar\u00e1s de su vigencia hasta su vencimiento.<\/p>\n\n<\/div><\/div>\n<\/div>\n\n<div class=\"gb-container gb-container-ec281391 gb-accordion__item\" id=\"gb-accordion-content-a014f1fc\" data-transition=\"slide\">\n\n<button class=\"gb-button gb-button-bc43855b gb-accordion__toggle\" id=\"gb-accordion-toggle-bc43855b\"><span class=\"gb-icon\"><svg xmlns=\"http:\/\/www.w3.org\/2000\/svg\" class=\"gb-accordion__icon\" fill=\"none\" viewbox=\"0 0 33 33\" height=\"25\" width=\"24\"> <path fill=\"#FD893A\" d=\"M12 4.80713C12.5523 4.80713 13 5.25484 13 5.80713V11.8071H19C19.5523 11.8071 20 12.2548 20 12.8071C20 13.3594 19.5523 13.8071 19 13.8071H13V19.8071C13 20.3594 12.5523 20.8071 12 20.8071C11.4477 20.8071 11 20.3594 11 19.8071V13.8071H5C4.44772 13.8071 4 13.3594 4 12.8071C4 12.2548 4.44772 11.8071 5 11.8071H11V5.80713C11 5.25484 11.4477 4.80713 12 4.80713Z\" clip-rule=\"evenodd\" fill-rule=\"evenodd\"><\/path>  <\/svg>  <svg xmlns=\"http:\/\/www.w3.org\/2000\/svg\" class=\"gb-accordion__icon-open\" fill=\"none\" viewbox=\"0 0 33 33\" height=\"25\" width=\"24\">  <path fill=\"#FD893A\" d=\"M5.29289 6.10002C5.68342 5.7095 6.31658 5.7095 6.70711 6.10002L12 11.3929L17.2929 6.10002C17.6834 5.7095 18.3166 5.7095 18.7071 6.10002C19.0976 6.49055 19.0976 7.12371 18.7071 7.51424L13.4142 12.8071L18.7071 18.1C19.0976 18.4905 19.0976 19.1237 18.7071 19.5142C18.3166 19.9048 17.6834 19.9048 17.2929 19.5142L12 14.2213L6.70711 19.5142C6.31658 19.9048 5.68342 19.9048 5.29289 19.5142C4.90237 19.1237 4.90237 18.4905 5.29289 18.1L10.5858 12.8071L5.29289 7.51424C4.90237 7.12371 4.90237 6.49055 5.29289 6.10002Z\" clip-rule=\"evenodd\" fill-rule=\"evenodd\"><\/path><\/svg><\/span><span class=\"gb-button-text\">\u00bfEs confidencial la informaci\u00f3n que introduzco en STEL Order?\u00bfEst\u00e1n seguros mis datos?<\/span><\/button>\n\n\n<div id=\"gb-accordion-content-e3349643\" class=\"gb-accordion__content\"><div class=\"gb-container gb-container-e3349643\">\n\n<p>La informaci\u00f3n introducida en STEL Order es confidencial. Trabajamos con los est\u00e1ndares m\u00e1s altos de protecci\u00f3n de datos, cumpliendo la normativa europea y disponiendo de todos los ficheros inscritos en la AEPD. Adem\u00e1s, todos nuestros trabajadores firman un contrato de confidencialidad, para garantizar que el acceso a los datos s\u00f3lo se utilice con el objetivo de ofrecer el soporte requerido por nuestros clientes.<\/p>\n\n<\/div><\/div>\n<\/div>\n\n<div class=\"gb-container gb-container-fe301101 gb-accordion__item\" id=\"gb-accordion-content-a014f1fc\" data-transition=\"slide\">\n\n<button class=\"gb-button gb-button-8c2a327c gb-accordion__toggle\" id=\"gb-accordion-toggle-8c2a327c\"><span class=\"gb-icon\"><svg xmlns=\"http:\/\/www.w3.org\/2000\/svg\" class=\"gb-accordion__icon\" fill=\"none\" viewbox=\"0 0 33 33\" height=\"25\" width=\"24\"> <path fill=\"#FD893A\" d=\"M12 4.80713C12.5523 4.80713 13 5.25484 13 5.80713V11.8071H19C19.5523 11.8071 20 12.2548 20 12.8071C20 13.3594 19.5523 13.8071 19 13.8071H13V19.8071C13 20.3594 12.5523 20.8071 12 20.8071C11.4477 20.8071 11 20.3594 11 19.8071V13.8071H5C4.44772 13.8071 4 13.3594 4 12.8071C4 12.2548 4.44772 11.8071 5 11.8071H11V5.80713C11 5.25484 11.4477 4.80713 12 4.80713Z\" clip-rule=\"evenodd\" fill-rule=\"evenodd\"><\/path>  <\/svg>  <svg xmlns=\"http:\/\/www.w3.org\/2000\/svg\" class=\"gb-accordion__icon-open\" fill=\"none\" viewbox=\"0 0 33 33\" height=\"25\" width=\"24\">  <path fill=\"#FD893A\" d=\"M5.29289 6.10002C5.68342 5.7095 6.31658 5.7095 6.70711 6.10002L12 11.3929L17.2929 6.10002C17.6834 5.7095 18.3166 5.7095 18.7071 6.10002C19.0976 6.49055 19.0976 7.12371 18.7071 7.51424L13.4142 12.8071L18.7071 18.1C19.0976 18.4905 19.0976 19.1237 18.7071 19.5142C18.3166 19.9048 17.6834 19.9048 17.2929 19.5142L12 14.2213L6.70711 19.5142C6.31658 19.9048 5.68342 19.9048 5.29289 19.5142C4.90237 19.1237 4.90237 18.4905 5.29289 18.1L10.5858 12.8071L5.29289 7.51424C4.90237 7.12371 4.90237 6.49055 5.29289 6.10002Z\" clip-rule=\"evenodd\" fill-rule=\"evenodd\"><\/path><\/svg><\/span><span class=\"gb-button-text\">\u00bfPuedo importar mis datos desde otro programa?<\/span><\/button>\n\n\n<div id=\"gb-accordion-content-3e805ce3\" class=\"gb-accordion__content\"><div class=\"gb-container gb-container-3e805ce3\">\n\n<p>Con total garant\u00eda y seguridad. Tu STEL Order est\u00e1 preparado para que la importaci\u00f3n y exportaci\u00f3n de datos, sea lo m\u00e1s simple posible. Incluyendo, la compatibilidad e integraci\u00f3n de una multitud de programas. No tendr\u00e1s que preocuparte por nada.<\/p>\n\n<\/div><\/div>\n<\/div>\n<\/div>\n<\/div>\n<\/div>","protected":false},"excerpt":{"rendered":"<p>Club Amigo Gana descuentos por hacer la vida de tus amigos m\u00e1s f\u00e1cil Recomienda STEL Order a tus amigos y consigue descuentos. 4,9\/5 con m\u00e1s &#8230; <a title=\"Club Amigo\" class=\"read-more\" href=\"https:\/\/www-stg.stelorder.com\/chile\/club-amigo\/\" aria-label=\"Read more about Club Amigo\">Leer<\/a><\/p>\n","protected":false},"author":20,"featured_media":27975,"parent":0,"menu_order":0,"comment_status":"closed","ping_status":"closed","template":"","meta":{"_acf_changed":false,"inline_featured_image":false,"footnotes":""},"class_list":{"0":"post-10911","1":"page","2":"type-page","3":"status-publish","4":"has-post-thumbnail","6":"no-featured-image-padding"},"acf":[],"_links":{"self":[{"href":"https:\/\/www-stg.stelorder.com\/chile\/wp-json\/wp\/v2\/pages\/10911","targetHints":{"allow":["GET"]}}],"collection":[{"href":"https:\/\/www-stg.stelorder.com\/chile\/wp-json\/wp\/v2\/pages"}],"about":[{"href":"https:\/\/www-stg.stelorder.com\/chile\/wp-json\/wp\/v2\/types\/page"}],"author":[{"embeddable":true,"href":"https:\/\/www-stg.stelorder.com\/chile\/wp-json\/wp\/v2\/users\/20"}],"replies":[{"embeddable":true,"href":"https:\/\/www-stg.stelorder.com\/chile\/wp-json\/wp\/v2\/comments?post=10911"}],"version-history":[{"count":2,"href":"https:\/\/www-stg.stelorder.com\/chile\/wp-json\/wp\/v2\/pages\/10911\/revisions"}],"predecessor-version":[{"id":70477,"href":"https:\/\/www-stg.stelorder.com\/chile\/wp-json\/wp\/v2\/pages\/10911\/revisions\/70477"}],"wp:featuredmedia":[{"embeddable":true,"href":"https:\/\/www-stg.stelorder.com\/chile\/wp-json\/wp\/v2\/media\/27975"}],"wp:attachment":[{"href":"https:\/\/www-stg.stelorder.com\/chile\/wp-json\/wp\/v2\/media?parent=10911"}],"curies":[{"name":"wp","href":"https:\/\/api.w.org\/{rel}","templated":true}]}}